{"id":482,"date":"2017-12-15T12:51:03","date_gmt":"2017-12-15T11:51:03","guid":{"rendered":"https:\/\/www.hsu-hh.de\/politiktheorie\/?page_id=482"},"modified":"2018-08-30T15:50:26","modified_gmt":"2018-08-30T13:50:26","slug":"dr-antonia-schmid","status":"publish","type":"page","link":"https:\/\/www.hsu-hh.de\/politiktheorie\/team\/dr-antonia-schmid","title":{"rendered":"Dr. Antonia Schmid"},"content":{"rendered":"<h3>Forschungsinteressen<\/h3>\n<p>Politische Theorie, Antisemitismusforschung und Erinnerungspolitik, Demokratie-, Emotions- und Migrationsforschung, transdisziplin\u00e4re Repr\u00e4sentationstheorie, Politische Kulturforschung, Visual Studies, Kritische Theorie, Qualitative Methodologien, Politische Ikonologie<\/p>\n<h3>Lebenslauf<\/h3>\n<p>Seit Dez. 2017<\/p>\n<p>Wissenschaftliche Mitarbeiterin am Lehrstuhl f\u00fcr Politikwissenschaft, insbesondere Politische Theorie, an der Helmut Schmidt-Universit\u00e4t der Bundeswehr Hamburg<\/p>\n<p>2016-2017<\/p>\n<p>Wissenschaftliche <abbr title=\"beziehungsweise\">bzw.<\/abbr> freie Mitarbeiterin bei Petra Pau, MdB, Vizepr\u00e4sidentin des Deutschen Bundestags, in den Bereichen Migrationsgesellschaft und Demokratief\u00f6rderung<\/p>\n<p>1. Februar 2016:<\/p>\n<p>Disputation und Abschluss der Promotion am Otto Suhr-Institut f\u00fcr Politikwissenschaft \u00a0der Freien Universit\u00e4t Berlin mit der Dissertation<br \/>\n\u201eIkonologie der \u201eVolksgemeinschaft\u201c. ,Deutsche\u2018, ,Juden\u2018 und ,J\u00fcdinnen\u2018 sowie andere ,Andere\u2018 im Film der Berliner Republik \u00fcber den Nationalsozialismus\u201c (summa cum laude)<\/p>\n<p>2015-2016<\/p>\n<p>Direktorin der 3rd Landmark International Parliamentary Conference der ICCA\/ Inter-parliamentary Coalition for Combating Antisemitism 13.-15. M\u00e4rz 2016 in Zusammenarbeit mit dem britischen House of Commons, dem Bundestag, der Senatskanzlei Berlin, dem BFMSFJ, dem Ausw\u00e4rtigen Amt und dem Bundeskanzleramt<\/p>\n<p>2015-2016<\/p>\n<p>Wissenschaftliche Mitarbeiterin im Bereich Border- und Gender Studies<br \/>\nam Institut f\u00fcr Kulturwissenschaft, Humboldt-Universit\u00e4t zu Berlin<\/p>\n<p>2015-2016<\/p>\n<p>Gew\u00e4hltes Mitglied des Vorstandsbeirats<br \/>\nder Deutschen Vereinigung f\u00fcr Politikwissenschaft (DVPW)<\/p>\n<p>2012-2013<\/p>\n<p>Fellow am Kantor Center\u00a0for the Study of Contemporary\u00a0 European Jewry,<br \/>\nTel Aviv University, Israel<\/p>\n<p>2011-2015<\/p>\n<p>Doktorandin und Stipendiatin am Walther Rathenau Kolleg Liberalismus und Demokratie, Moses Mendelssohn Zentrum Potsdam<\/p>\n<p>2011-2015<\/p>\n<p>Lehrbeauftragte im Fach Politikwissenschaft<br \/>\nan der Bergischen Universit\u00e4t Wuppertal<\/p>\n<p>2009-2010<\/p>\n<p>Wissenschaftliche Mitarbeiterin am Jean Monnet-Lehrstuhl f\u00fcr European Studies und Politische Theorie an der Bergischen Universit\u00e4t Wuppertal<\/p>\n<p>seit 2009<\/p>\n<p>Gr\u00fcndungsmitglied der AG Forschungswerkstatt Qualitative Methoden<br \/>\nan der Bergischen Universit\u00e4t Wuppertal<\/p>\n<p>2008-2009<\/p>\n<p>Wissenschaftliche Mitarbeiterin an der Bergischen Universit\u00e4t Wuppertal in einem Projekt zum Zusammenhang von Mehrsprachigkeit und Partizipation in Kooperation mit dem EU-Forschungsrahmenprojekt LINEE \u2013 Languages in a Network of European Excellence; Konzeption und eigenst\u00e4ndige Feldforschung in Kosice\/Slowakei<\/p>\n<p>2007-2008<\/p>\n<p>Wissenschaftliche Hilfskraft und Lehrbeauftragte<br \/>\nin der fakult\u00e4ts\u00fcbergreifenden Arbeitsgruppe Geschlechterforschung der Georg-August-Universit\u00e4t G\u00f6ttingen<\/p>\n<p>2007<\/p>\n<p>Abschluss mit Auszeichnung (1,0) als Magistra Artium in Medien- und<br \/>\nKommunikationswissenschaft, Geschlechterforschung und Soziologie<br \/>\nan der Georg-August-Universit\u00e4t G\u00f6ttingen<\/p>\n<p>2001-2002<\/p>\n<p>Coderin und Supervisorin am Institut f\u00fcr Medienforschung G\u00f6ttingen (IMG\u00d6) bei einem Projekt zur empirischen Inhaltsanalyse von Radioprogrammen in Niedersachsen sowie einem Projekt zur empirischen Inhaltsanalyse von Regionalzeitungen in Nordrhein-Westfalen<\/p>\n<p>2000-2007<\/p>\n<p>Studium der Medien- und Kommunikationswissenschaft, Politikwissenschaft, Geschlechterforschung und Soziologie an der Georg-August-Universit\u00e4t G\u00f6ttingen<\/p>\n<p>1997-2000<\/p>\n<p>Studium der Humanmedizin an der Georg-August-Universit\u00e4t G\u00f6ttingen<\/p>\n<p>1997-1999<\/p>\n<p>Stipendiatin der Studienstiftung des Deutschen Volkes e.V.<\/p>\n<p>&nbsp;<\/p>\n<p>&nbsp;<\/p>\n<h3>Publikationen<\/h3>\n<h3>1. Monografie<\/h3>\n<p>Ikonologie der \u201eVolksgemeinschaft\u201c. ,Deutsche\u2018, ,Juden\u2018 und ,J\u00fcdinnen\u2018 sowie andere ,Andere\u2018 im Film der Berliner Republik \u00fcber den Nationalsozialismus, ver\u00f6ffentlicht als Dissertation an der Freien Universit\u00e4t Berlin 2016<br \/>\n(Buch in Vorbereitung; erscheint im Januar 2019 beim Wallstein Verlag).<\/p>\n<p>&nbsp;<\/p>\n<h3>2. Herausgeberinnenschaft<\/h3>\n<p>Politische Theorie und Digitalisierung. Eine Einf\u00fchrung. Utb. (in Planung)<\/p>\n<p>Border Studies \u2013 Die Grenzen Europas. Interrelationen zwischen Raum, Geschlecht und \u201eRasse\u201c. Hg. von Claudia Bruns \/ Irina Gradinari\/ Marietta Kesting \/ Yumin Li \/ Myriam Naumann \/ Antonia Schmid (in Vorbereitung; erscheint 2018).<\/p>\n<p>&nbsp;<\/p>\n<h3>3. Aufs\u00e4tze<\/h3>\n<p>\u201eChancen und Herausforderungen von Konzepttransfers aus den Neurowissenschaften f\u00fcr die geistes- und sozialwissenschaftliche Emotionsforschung\u201c (mit Gary S. Schaal). In: Zeitschrift f\u00fcr Politik, 65. <abbr title=\"Jahrgang\">Jg.<\/abbr> 1\/2018, S. 60-81.<\/p>\n<p>\u201ePublish and Perish. Akademische Moden, selbstunternehmerische Wissenschaftssubjekte und die Krise des Publizierens\u201d (mit Peter Ullrich). In: Enrico Heitzer und Sven Schultze (Hg.) (2018): Chim\u00e4ra mensura? Die Human-Animal-Studies zwischen Sch\u00e4ferhund-Science-Hoax, kritischer Geschichtswissenschaft und akademischem Trendsurfing. S. 225-243.<\/p>\n<p>\u201eFachgesellschaften und der Kampf f\u00fcr gute Arbeit in der Wissenschaft\u201c (mit Thorsten Thiel), in: Soziologie. 46. <abbr title=\"Jahrgang\">Jg.<\/abbr>, Heft 1, 2017, S. 86-93.<\/p>\n<p>\u201eRepresenting Hanna Fenichel Pitkin. Pl\u00e4doyer f\u00fcr eine reflexive Repr\u00e4sentationstheorie\u201c. In: Reese-Sch\u00e4fer, Walter; Salzborn, Samuel (Hg.): \u201eDie Stimme des Intellekts ist leise\u201c. Klassiker\/innen des politischen Denkens abseits des Mainstreams, Baden-Baden: Nomos 2015, S. 269-291.<\/p>\n<p>\u201cAlterophilia or Appropriating the Other: Images of \u2018Jews\u2019 and \u2018Gentiles\u2019 in Contemporary German Film.\u201d In: Claudia Simone Dorchain\/ Felice Naomi Wonnenberg (eds.): Contemporary Jewish Reality in Germany and its Reflection in Film. Berlin: de Gruyter, 2013, pp.17-36.<\/p>\n<p>\u201eOne Nation on the Screen. ,Dresden\u2018, filmisches Erinnern und deutsch-deutsche Geschichtspolitik. In: Autor_innenkollektiv \u201eDissonanz\u201c (Hg.): Gedenken abschaffen. Kritik am Diskurs zur Bombardierung Dresdens 1945. Berlin: Verbrecher Verlag, 2013, S. 77-96.<\/p>\n<p>\u201cBridging the Gap: Image, Discourse, and Beyond \u2013 Towards a Critical Theory of Visual Representation.\u201d In: Qualitative Sociology Review, Special Issue, 2011, 8(2): pp. 76-89. (http:\/\/www.qualitativesociologyreview.org\/ENG\/archive_eng.php).<\/p>\n<p>\u201cVisual Discourse Analysis. A Methodological Attempt to Take the Pictorial Turn Seriously.\u201d In: Michael Gubo\/ Martin Kypta\/ Florian \u00d6chsner (Hg.) (2011):<br \/>\nKritische Perspektiven: Turns, Trends und Theorien. Berlin: Lit. Pp. 301-327.<\/p>\n<p>\u201eIdolatrische Mimesis oder W\u00f6lfe im Schafspelz. M\u00f6glichkeiten und Grenzen des Spielfilms f\u00fcr Repr\u00e4sentationen des Nationalsozialismus.\u201c In: Swen Steinberg\/Stefan Mei\u00dfner\/Daniel Trepsdorf (Hg.): Vergessenes erinnern. Medien von Erinnerungskultur und kollektivem Ged\u00e4chtnis (IMPULSE. Studien zu Geschichte, Politik und Gesellschaft 1), Berlin: Wissenschaftlicher Verlag Berlin, 2009, S. 83-103 .<\/p>\n<p>\u201eSignifikante Andersheit als Paradigma: Naturecultures und Donna Haraways Companion Species\u201c, in der Zeitschrift Phase 2, Heft 27, M\u00e4rz 2008, S. 37-40.<\/p>\n<p>\u201eDer ,Feuersturm\u2019 als Vollwaschprogramm: Zur Universalisierung des Opfers im Fernseh-Zweiteiler Dresden\u201c. In: Kittkritik (Hg.) (2007): Deutschlandwunder. Wunsch und Wahn in der postfaschistischen Kultur. Mainz: Ventil Verlag, S. 141-158.<\/p>\n<p>\u201eNo Subject. Warum ,Das Weibliche\u2019 mit nichts identisch ist\u201c (als Hanne Herzberg),<br \/>\nin der Zeitschrift Phase 2, Heft 15, M\u00e4rz 2005, S. 67-70.<\/p>\n<p>&nbsp;<\/p>\n<h3>4. Rezensionen<\/h3>\n<p>Rezension von: Nathan Abrams: The New Jew in Film. Exploring Jewishness and Judaism in Contemporary Cinema, in: MEDAON \u2013 Magazin f\u00fcr j\u00fcdisches Leben in Forschung und Bildung, 7. <abbr title=\"Jahrgang\">Jg.<\/abbr>, 2013, Nr. 12, S. 1-6, online unter http:\/\/medaon.de\/pdf\/MEDAON_12_Schmid.pdf<\/p>\n<p>Rezension von: Angela McRobbie: Top Girls. Feminismus und der Aufstieg des neoliberalen Geschlechterregimes. In: Rita Casale\/ Edgar Forster (Hg.) (2011): Jahrbuch Frauen- und Geschlechterforschung in der Erziehungswissenschaft. Ungleiche Geschlechtergleichheit. Geschlechterpolitik und Theorien des Humankapitals. Opladen und Farmington Hills: Barbara Budrich, S. 200-206.<\/p>\n<p>Rezension von: Mirjam Wenzel: Gericht und Ged\u00e4chtnis. Der deutschsprachige Holocaust-Diskurs der sechziger Jahre, G\u00f6ttingen 2009, in: Medaon \u2013 Magazin f\u00fcr j\u00fcdisches Leben in Forschung und Bildung, 4. <abbr title=\"Jahrgang\">Jg.<\/abbr>, 2010, Nr. 7, S. 1-7.<\/p>\n<p>Rezension von: Catrin Corell: Der Holocaust als Herausforderung f\u00fcr den Film. Formen des filmischen Umgangs mit der Shoah seit 1945. Eine Wirkungstypologie. Bielefeld: Transcript 2009. In: Medaon \u2013 Magazin f\u00fcr j\u00fcdisches Leben in Forschung und Bildung, 4. <abbr title=\"Jahrgang\">Jg.<\/abbr>, 2010, Nr. 6, S. 1-6.<\/p>\n<p>\u201eZur Bildtheorie von W.J.T. Mitchell\u201c, Rezensionsaufsatz in der Sozialwissenschaftlichen Literatur Rundschau Nr. 58, Januar 2009, S. 140-142.<\/p>\n<p>\u201eKritische und gutgemeinte Konstruktionen des Anderen\u201c, Sammelrezension von Gayatri Chakravorty Spivak (2008): Righting Wrongs \u2013 Unrecht richten. Z\u00fcrich\/Berlin: diaphanes; und Shalini Randeria\/Andreas Eckert (Hg.) (2009): Frankfurt a.M.: Suhrkamp. In: Kilby 2, Literaturbeilage der Zeitschrift Phase 2, Vom Imperialismus zum Empire. Nicht-westliche Perspektiven auf Globalisierung. Leipzig, H. 32, Juni 2009, S. 3-4.<\/p>\n<p>\u201eZur Regierung von Unsicherheit\u201c, Rezension von Evelyn Lu Yen Roloff (2007): Die SARS-Krise in Hongkong. Zur Regierung von Sicherheit in der Global City. Bielefeld: transcript Verlag. In: Kilby 2, Literaturbeilage der Zeitschrift Phase 2, Heft 28, Juni 2008.<\/p>\n<p>&nbsp;<\/p>\n<h3>5. Blogbeitr\u00e4ge<\/h3>\n<p>Tagungskommentar f\u00fcr die Konferenz \u201eAntiziganismus und Film\u201c des Zentral\u00adrats Deutscher Sinti und Roma, der Gesellschaft f\u00fcr Antiziganismusforschung und des Doku\u00admen\u00adta\u00adtions- und Kulturzentrums Deutscher Sinti und Roma, 21.-23.2.2018, Berlin (im Erscheinen)<\/p>\n<p>Die Rolle von Fachgesellschaften im Kampf f\u00fcr gute Arbeit in der Wissenschaft \u2013 am Beispiel der DVPW (zusammen mit Thorsten Thiel), 2016. Verf\u00fcgbar unter: http:\/\/soziologie.de\/blog\/<\/p>\n<p>One Nation on the Screen: Dresden. Filmic Commemoration and German-German Memory Politics (2014). Verf\u00fcgbar unter: http:\/\/www.abolishcommemoration.org\/schmid.html<\/p>\n<p>&nbsp;<\/p>\n<h3>Vortr\u00e4ge<\/h3>\n<p>23.2.2018<\/p>\n<p>Tagungskommentar f\u00fcr die Konferenz \u201eAntiziganismus und Film\u201c des Zentral\u00adrats Deutscher Sinti und Roma, der Gesellschaft f\u00fcr Antiziganismusforschung und des Dokumentations- und Kulturzentrums Deutscher Sinti und Roma, 21.-23.2.2018, Berlin<\/p>\n<p>15.2.2018<\/p>\n<p>\u201ePostnationalsozialistische Affektstrukturen und Schuldabwehr im Film der Berliner Republik\u201c, im Rahmen des Workshops \u201e\u00bb&#8230; eine Hypothek, an der noch lange zu tragen sein wird.\u00ab\u00a0Ralph Giordano und die \u203azweite Schuld\u2039: Zur Aktualit\u00e4t einer publizistischen\u00a0Intervention\u201c, KZ-Gedenkst\u00e4tte Neuengamme, 15.-16.2.2018<\/p>\n<p>6.5.2017<\/p>\n<p>\u201eKontinuit\u00e4ten von \u201eRasse\/Kultur\u201c und Geschlecht in der Neuen und Alten Rechten\u201c, im Rahmen der Tagung \u201eBesorgt.konservativ.rechts. Interdisziplin\u00e4re Auseinandersetzungen mit neueren rechten Hegemoniebestrebungen\u201d, Frankfurt University of Applied Sciences,<br \/>\n6.-7. Mai 2017<\/p>\n<p>5.4.2017<\/p>\n<p>\u201eIkonologische Diskursanalyse. Zur Aufhebung von Politik und Kultur in einer transdisziplin\u00e4ren Repr\u00e4sentationstheorie\u201d, im Rahmen der Tagung \u201ePolitische Kulturforschung reloaded\u201d des AK Politik und Kultur der DVPW, Bergische Universit\u00e4t Wuppertal, 4.-6.4.2017<\/p>\n<p>28.10.2016<\/p>\n<p>\u201eVon turn zu turn zu turn: Zum Status wissenschaftlicher Kritik in Zeiten akademischen Projekt- und Trendsurfings\u201d(mit Peter Ullrich), im Rahmen der Tagung \u201eAuf den Sch\u00e4ferhund gekommen? Ein Workshop zum \u201eSch\u00e4ferhund-Hoax\u201c, kritischer Geschichtswissenschaft und akademischem Trendsurfing, <abbr title=\"Technische Universit\u00e4t\">TU<\/abbr> Berlin<\/p>\n<p>27.5.2015<\/p>\n<p>\u201eDer 8. Mai in politischen und medialen Diskursen\u201c, im Rahmen der Tagung \u201eMai 1945: Perspektiven der Befreiung\u201c an der EHS Dresden<\/p>\n<p>26.5.2014<\/p>\n<p>\u201eGeschichtsbilder der NS-Zeit in den Massenmedien\u201c, im Rahmen der Tagung \u201eErinnern wozu? Perspektiven des Gedenkens an Opfer und Widerstand im Nationalsozialismus&#8220; an der EHS Dresden<\/p>\n<p>17.2.2013<\/p>\n<p>\u201e&#8220;You don\u2019t look like a Jew at all!&#8220; The \u2018Jew\/ess\u2019 in Contemporary German Film About the Nazi Past\u201c. Vortrag am van Leer-Institut, Jerusalem, Israel<\/p>\n<p>27.9.2012<\/p>\n<p>\u201eIkonografien der Volksgemeinschaft. Individuum und Nation im Film der Berliner Republik\u201c, im Rahmen der Konferenz der DVPW\/ Deutsche Vereinigung f\u00fcr Politikwissenschaft: Die Versprechen der Demokratie, 24.-28. September 2012, Universit\u00e4t T\u00fcbingen<\/p>\n<p>16.5.2012<\/p>\n<p>\u201eAntisemitismus der Anderen? Nation und Alterit\u00e4t im deutschen Film seit ,1989\u2019\u201c, am Zentrum f\u00fcr Antisemitismusforschung, <abbr title=\"Technische Universit\u00e4t\">TU<\/abbr> Berlin<\/p>\n<p>17.3.2011<\/p>\n<p>\u201eIkonische Macht und Ideologie: Zur Kritischen Theorie Visueller Repr\u00e4sentation\u201c, im Rahmen der Konferenz der DVPW-Sektion Politische Theorie und Ideengeschichte: \u201cPolitische Macht im gesellschaftlichen Kontext\u201c, Augsburg, 16.-18.3.2011<\/p>\n<p>12.2.2011<\/p>\n<p>\u201cWho is the \u2018Other\u2019 today? Antisemitism and Alterity in German Film\u201d, Symposium \u201cContemporary Antisemitism and Perceptions of the Holocaust,\u201d Wiener Library Institute of Contemporary History, London.<\/p>\n<p>22.10.2010<\/p>\n<p>\u201eTerror als Trag\u00f6die? Paradise Now in Rezeption und Kritik\u201c, und<br \/>\n\u201eDie Gegenwart des Antisemitismus\u201c, im Rahmen des Symposiums \u201eAntisemitismus ohne Ende? Propaganda und Provokation im Film\u201c am Dokumentationszentrum Reichsparteitagsgel\u00e4nde N\u00fcrnberg<\/p>\n<p>1.10.2010<\/p>\n<p>\u201eGemeinsame Geschichte(n)? Politische Gr\u00fcndungsmythen im deutschen Film seit ,1989\u2019\u201c, im Rahmen der Tagung<br \/>\n\u201ePolitische Kultur in Deutschland 20 Jahre nach der staatlichen Vereinigung\u201c, Akademie f\u00fcr Politische Bildung, Tutzing, 30.9.-2.10. 2010<\/p>\n<p>24.8.2010<\/p>\n<p>\u201eAntisemitic Discourse in Contemporary German Film\u201c,<br \/>\nim Rahmen der Konferenz \u201eGlobal Antisemitism: A Crisis of Modernity\u201c an der Yale University, New Haven\/ Connecticut, USA, August 23rd-25th, 2010<\/p>\n<p>16.7.2010<\/p>\n<p>\u201eVisuelle Diskursanalyse: Elemente des Antisemitismus im deutschen Nachwendefilm\u201d; Posterpr\u00e4sentation auf dem 6. Berliner Methodentreffen, 16.-17.7.2010, Berlin<\/p>\n<p>28.5.2010<\/p>\n<p>\u201eVisual Politics and the Dialectics of Representation. Doing Critical Theory after the \u2018Pictorial Turn\u2019\u201d, im Rahmen des 6th International Congress of Qualitative Inquiry, May 26-29th 2010, University of Illinois, Urbana-Champaign, USA<\/p>\n<p>9.1.2010<\/p>\n<p>\u201eRepresenting the Other? Zur Problematik von Darstellung und Vertretung im Film \u00fcber Migration\u201c, im Rahmen der Tagung \u201eIdentit\u00e4ten in Bewegung. Migration im Film\u201c, Universit\u00e4t Z\u00fcrich,<br \/>\n8.-9.1.2010<\/p>\n<p>22.11.2009<\/p>\n<p>\u201eJust Image, Picture or Text? Towards a Contextualized Analysis of Antisemitic Representations\u201c, im Rahmen der internationalen Graduiertenkonferenz \u201eKritische Perspektiven: Turns, Trends und Theorien\u201c an der Friedrich-Alexander-Universit\u00e4t Erlangen-N\u00fcrnberg, 20.-22.11.2009<\/p>\n<p>29.1.2009<\/p>\n<p>\u201eErinnerung und Geschichte in der medialen Verarbeitung \u2013 Die neuen deutschen Histotainment-Event-Movies\u201c, Universit\u00e4t Dresden<\/p>\n<p>5.12.2008<\/p>\n<p>\u201eAuf schmalem Grat: Der Spielfilm als Medium nationaler Erinnerungskultur\u201c, im Rahmen der interdisziplin\u00e4ren Tagung \u201eZwischen Vergangenheit und Gegenwart. Medien von Erinnerungskultur, Geschichtsbewusstsein und kollektivem Ged\u00e4chtnis\u201c, 4.-7.12.2008, Dresden.<\/p>\n<p>&nbsp;<\/p>\n","protected":false},"excerpt":{"rendered":"<p>Forschungsinteressen Politische Theorie, Antisemitismusforschung und Erinnerungspolitik, Demokratie-, Emotions- und Migrationsforschung, transdisziplin\u00e4re Repr\u00e4sentationstheorie, Politische Kulturforschung, Visual Studies, Kritische Theorie, Qualitative Methodologien, Politische Ikonologie Lebenslauf Seit Dez. 2017 Wissenschaftliche Mitarbeiterin am Lehrstuhl [&hellip;]<\/p>\n","protected":false},"author":181,"featured_media":0,"parent":124,"menu_order":0,"comment_status":"closed","ping_status":"closed","template":"","meta":{"footnotes":""},"categories":[8],"tags":[],"class_list":["post-482","page","type-page","status-publish","hentry","category-team"],"_links":{"self":[{"href":"https:\/\/www.hsu-hh.de\/politiktheorie\/wp-json\/wp\/v2\/pages\/482","targetHints":{"allow":["GET"]}}],"collection":[{"href":"https:\/\/www.hsu-hh.de\/politiktheorie\/wp-json\/wp\/v2\/pages"}],"about":[{"href":"https:\/\/www.hsu-hh.de\/politiktheorie\/wp-json\/wp\/v2\/types\/page"}],"author":[{"embeddable":true,"href":"https:\/\/www.hsu-hh.de\/politiktheorie\/wp-json\/wp\/v2\/users\/181"}],"replies":[{"embeddable":true,"href":"https:\/\/www.hsu-hh.de\/politiktheorie\/wp-json\/wp\/v2\/comments?post=482"}],"version-history":[{"count":4,"href":"https:\/\/www.hsu-hh.de\/politiktheorie\/wp-json\/wp\/v2\/pages\/482\/revisions"}],"predecessor-version":[{"id":884,"href":"https:\/\/www.hsu-hh.de\/politiktheorie\/wp-json\/wp\/v2\/pages\/482\/revisions\/884"}],"up":[{"embeddable":true,"href":"https:\/\/www.hsu-hh.de\/politiktheorie\/wp-json\/wp\/v2\/pages\/124"}],"wp:attachment":[{"href":"https:\/\/www.hsu-hh.de\/politiktheorie\/wp-json\/wp\/v2\/media?parent=482"}],"wp:term":[{"taxonomy":"category","embeddable":true,"href":"https:\/\/www.hsu-hh.de\/politiktheorie\/wp-json\/wp\/v2\/categories?post=482"},{"taxonomy":"post_tag","embeddable":true,"href":"https:\/\/www.hsu-hh.de\/politiktheorie\/wp-json\/wp\/v2\/tags?post=482"}],"curies":[{"name":"wp","href":"https:\/\/api.w.org\/{rel}","templated":true}]}}