{"id":370,"date":"2017-11-24T15:28:58","date_gmt":"2017-11-24T14:28:58","guid":{"rendered":"https:\/\/www.hsu-hh.de\/politiktheorie\/?page_id=370"},"modified":"2024-06-25T11:38:22","modified_gmt":"2024-06-25T09:38:22","slug":"dr-alexander-stulpe","status":"publish","type":"page","link":"https:\/\/www.hsu-hh.de\/politiktheorie\/en\/team-2\/dr-alexander-stulpe","title":{"rendered":"Dr. Alexander Stulpe"},"content":{"rendered":"\n<h2 class=\"wp-block-heading\">Postdoctoral researcher at the Chair of Political Science, in particular Political Theory<\/h2>\n\n\n\n<hr class=\"wp-block-separator has-alpha-channel-opacity\" \/>\n\n\n\n<p>Helmut-Schmidt-Universit\u00e4t<br>Holstenhofweg 85<br>22043 Hamburg<\/p>\n\n\n\n<p>Building H1, Room: 1364<\/p>\n\n\n\n<p>Telephone: +49406541-3314<br>Fax: +49-40-6541-3370<br>Email: <a href=\"mailto:stulpea@hsu-hh.de\" rel='nofollow'>stulpea@hsu-hh.de<\/a><\/p>\n\n\n\n<hr class=\"wp-block-separator has-alpha-channel-opacity\" \/>\n\n\n\n<h2 class=\"wp-block-heading\"><strong>Publications<\/strong><\/h2>\n\n\n\n<hr class=\"wp-block-separator has-alpha-channel-opacity\" \/>\n\n\n\n<p>Stulpe, Alexander, 2023: Republikanismus und Resilienz. Elemente einer Politischen Theorie der Lebensf\u00e4higkeit liberaler Demokratien, in: M\u00f6ller, Kolja \/ Schubert, Karsten (Hg.): Die Aufl\u00f6sung des liberalen Konsenses? Themenheft der Zeitschrift f\u00fcr Politische Theorie (ZPTh), 14. <abbr title=\"Jahrgang\">Jg.<\/abbr>, 57\u201384.<\/p>\n\n\n\n<p>Stulpe, Alexander, 2021: Max Stirner, Der Einzige und sein Eigentum (1845), in: Brocker, Manfred (Hg.): Geschichte des politischen Denkens. Das 19. Jahrhundert, Berlin, 315\u2013328.<\/p>\n\n\n\n<p>Stulpe, Alexander \/ Schaal, Gary S., 2019: Artificial Intelligence as a Security Challenge. In: Hellmann, Gunther \/ Jacobi, Daniel (Hg.): The German White Paper 2016 and the Challenge of Crafting Security Strategies, Berlin, Frankfurt\/M.: Aspen Institute Germany, Goethe-Universit\u00e4t, 99\u2013108.<\/p>\n\n\n\n<p>Stulpe, Alexander \/ Schaal, Gary S., 2019: K\u00fcnstliche Intelligenz als sicherheitspolitische Herausforderung, in: Jacobi, Daniel \/ Hellmann, Gunther (Hg.): Das Wei\u00dfbuch 2016 und die Herausforderungen von Strategiebildung. Zwischen Notwendigkeit und M\u00f6glichkeit, Wiesbaden, 249\u2013267.<\/p>\n\n\n\n<p>S\u00f6llner, Fritz \/ Stulpe, Alexander \/ Schaal, Gary S., 2018: Politische und \u00f6konomische Theorie- und Ideengeschichte, in: Mause, Karsten \/ M\u00fcller, Christian \/ Schubert, Klaus (Hg.): Politik und Wirtschaft. Ein integratives Kompendium, Wiesbaden, 21\u201388.<\/p>\n\n\n\n<p>Schaal, Gary S. \/ Ewert, Bj\u00f6rn \/ Lancaster, Kelly \/ Stulpe, Alexander, 2018: Die Herausforderungen der Digitalit\u00e4t f\u00fcr demokratische Staatlichkeit, in: Buhr, Lorina \/ Hammer, Stefanie \/ Sch\u00f6lzel, Hagen (Hg.): Staat, Internet und digitale Gouvernementalit\u00e4t, Wiesbaden, 105\u2013139.<\/p>\n\n\n\n<p>Stulpe, Alexander, 2017: Der Einzige und seine diskursive Funktion in der Stirner-Renaissance, in: Agard, Olivier \/ Lartillot, Fran\u00e7oise: Max Stirner: <em>L\u2019Unique et sa propri\u00e9t\u00e9. <\/em>Lectures critiques, Paris: L\u2019Harmattan, 243\u2013273.<\/p>\n\n\n\n<p>Stulpe, Alexander \/ Lemke, Matthias, 2016: Blended Reading. Theoretische und praktische Dimensionen der Analyse von Text und sozialer Wirklichkeit im Zeitalter der Digitalisierung, in: Lemke, Matthias \/ Wiedemann, Gregor (Hg.): Text Mining in den Sozialwissenschaften. Grundlagen und Anwendungen zwischen qualitativer und quantitativer Diskursanalyse, Wiesbaden 2016, 17\u201362.<\/p>\n\n\n\n<p>Heidenreich, Felix \/ Schaal, Gary S. \/ Stulpe, Alexander, 2016: Mechanistische Staatsbegr\u00fcndung: Hobbes, in: Heidenreich, Felix \/ Schaal, Gary S.: Einf\u00fchrung in die Politischen Theorien der Moderne, 3. <abbr title=\"Auflage\">Aufl.<\/abbr> Opladen, Toronto, 83\u2013103.<\/p>\n\n\n\n<p>Lemke, Matthias \/ Stulpe, Alexander, 2015: Text und soziale Wirklichkeit. Theoretische Grundlagen und empirische Anwendung von Text-Mining-Verfahren in sozialwissenschaftlicher Perspektive. Zeitschrift f\u00fcr germanistische Linguistik (ZGL), 43. <abbr title=\"Jahrgang\">Jg.<\/abbr>, 52\u201383.<\/p>\n\n\n\n<p>Stulpe, Alexander, 2010: Gesichter des Einzigen. Max Stirner und die Anatomie moderner Individualit\u00e4t, Berlin.<\/p>\n\n\n\n<p>Stulpe, Alexander, 2001: Novalis\u2018 Poesie des Nihilismus. \u00c4sthetik und Politik in der Fr\u00fchromantik, Hannover.<\/p>\n\n\n\n<h3 class=\"wp-block-heading\"><strong>Working Papers und Studies<\/strong><\/h3>\n\n\n\n<p>(Co-Autor f\u00fcr GIDS) GIDS, HKP &amp; Metis (2022): \u201eResilienz\u201c (Studie im Auftrag des BMVg).&nbsp;<\/p>\n\n\n\n<p>Stulpe, Alexander \/ Schaal, Gary S. (2018): \u201eResilienz in der maritimen Dimension. Eine Forschungsheuristik zur Resilienzanalyse\u201c (iFMS-Studie im Auftrag des BMVg).<\/p>\n\n\n\n<p>Stulpe, Alexander \/ Friede, Alexandra \/ Schaal, Gary S. \/ Dumm, Sebastian (2018): \u201eMaritime Security in the Age of Hybrid Threats\u201d, in: \u201eFacing Vulnerabilities and Resilience in the Maritime Domain. North and Baltic Sea\u201d, hg. iFMS (Hamburg) &amp; Hybrid CoE (Helsinki).<\/p>\n\n\n\n<p>Schaal, Gary S. \/ Stulpe, Alexander \/ Fleu\u00df, Dannica \/ Dumm, Sebastian \/ Lancaster, Kelly (2017): \u201eCyber und Maritime Sicherheit\u201c (iFMS-Studie im Auftrag des BMVg).<\/p>\n\n\n\n<p>Schaal, Gary S. \/ Dumm, Sebastian \/ Stulpe, Alexander (2017): \u201eBen\u00f6tigt die Bundeswehr eine Strategische Leitlinie Maritime Sicherheit\u201c (iFMS-Studie im Auftrag des BMVg).<\/p>\n\n\n\n<h3 class=\"wp-block-heading\">Other (selection)<\/h3>\n\n\n\n<p>Vortrag (Bad Urach, 23.05.2024): 75 Jahre Grundgesetz: Demokratie als Dauerauftrag. Tagesseminar \u201eDemokratie im Fokus. Resilienz in Zeiten des Wandels\u201c der Landeszentrale f\u00fcr politische Bildung Baden-W\u00fcrttemberg<\/p>\n\n\n\n<p>Radio-Interview (egoFM, 01.09.2023): Sind KIs eine Gefahr f\u00fcr die Demokratie? Politikwissenschaftler Alexander Stulpe im Interview. Von Gloria Gr\u00fcnwald (Interview), Miriam Fischer (Artikel)<\/p>\n\n\n\n<hr class=\"wp-block-separator has-alpha-channel-opacity\" \/>\n\n\n\n<h2 class=\"wp-block-heading\">Teaching activities (selection)<\/h2>\n\n\n\n<hr class=\"wp-block-separator has-alpha-channel-opacity\" \/>\n\n\n\n<h3 class=\"wp-block-heading\"><em>Seminars in the Bachelor&#8217;s programme in Political Science:<\/em><\/h3>\n\n\n\n<p><strong>a) Module &#8222;History of political ideas&#8220;<\/strong><\/p>\n\n\n\n<p>Klassiker des Republikanismus (<abbr title=\"Herbsttrimester\">HT<\/abbr> 2015)<\/p>\n\n\n\n<p>Klassiker des politischen Denkens: Politische Theorie und Krise (<abbr title=\"Herbsttrimester\">HT<\/abbr> 2018)<\/p>\n\n\n\n<p><strong>b) Module &#8222;Contemporary Political Theory&#8220;<\/strong><\/p>\n\n\n\n<p>Freiheitsbegriffe (<abbr title=\"Fr\u00fchjahrstrimester\">FT<\/abbr> 2014)<\/p>\n\n\n\n<p>Die Politische Theorie des Kommunitarismus (<abbr title=\"Fr\u00fchjahrstrimester\">FT<\/abbr> 2016)<\/p>\n\n\n\n<p>Zeitgen\u00f6ssische Politische Theorie: Aspekte und Perspektiven des Republikanismus (<abbr title=\"Fr\u00fchjahrstrimester\">FT<\/abbr> 2019)<\/p>\n\n\n\n<p><strong>c) Module &#8222;Central concepts of political theory in phases of social transformation&#8220;<\/strong><\/p>\n\n\n\n<p>Die Ideen von 1789 und das Projekt der Moderne \u2013 von Hegel zu Marx (<abbr title=\"Fr\u00fchjahrstrimester\">FT<\/abbr> 2020)<\/p>\n\n\n\n<p>Die Ideen von 1789 und das Projekt der Moderne \u2013 Kritische Theorie und Republikanismus (<abbr title=\"Herbsttrimester\">HT<\/abbr> 2020)<\/p>\n\n\n\n<p>Historische Texte und Kontexte politischen Denkens: Staat und Freiheit, Geschichte und Revolution bei Hegel und Marx (<abbr title=\"Fr\u00fchjahrstrimester\">FT<\/abbr> 2021)<\/p>\n\n\n\n<p>Zeitgen\u00f6ssische Diskurse politischen Denkens: Freiheit, Solidarit\u00e4t, Patriotismus \u2013 die Politische Theorie des Republikanismus und die Lebensf\u00e4higkeit liberaler Demokratien (<abbr title=\"Herbsttrimester\">HT<\/abbr> 2021)<\/p>\n\n\n\n<p>Politik, \u00d6ffentlichkeit und Freiheit in der Zeitenwende (<abbr title=\"Herbsttrimester\">HT<\/abbr> 2022)<\/p>\n\n\n\n<h3 class=\"wp-block-heading\"><em><strong>II Seminars in the Master&#8217;s programme Comparative Democracy Studies:<\/strong><\/em><\/h3>\n\n\n\n<p><strong>a) Module &#8222;Democratic Theory&#8220;<\/strong><\/p>\n\n\n\n<p>Herausforderungen zeitgen\u00f6ssischer Demokratien (<abbr title=\"Wintertrimester\">WT<\/abbr> 2016)<\/p>\n\n\n\n<p>Gesellschaftsdiagnosen nach dem Ende der Geschichte (<abbr title=\"Wintertrimester\">WT<\/abbr> 2017)<\/p>\n\n\n\n<p>Freiheit, Gerechtigkeit und Solidarit\u00e4t nach dem Ende der Gro\u00dfen Erz\u00e4hlungen (<abbr title=\"Fr\u00fchjahrstrimester\">FT<\/abbr> 2017)<\/p>\n\n\n\n<p>Herausforderungen zeitgen\u00f6ssischer Demokratien: Zeitdiagnosen zur Krise des liberaldemokratischen Staates (<abbr title=\"Wintertrimester\">WT<\/abbr> 2018)<\/p>\n\n\n\n<p>Zentrale Werke der zeitgen\u00f6ssischen Demokratietheorie: Freiheit und Demokratie in postliberalen Perspektiven (<abbr title=\"Fr\u00fchjahrstrimester\">FT<\/abbr> 2018)<\/p>\n\n\n\n<p><strong>b) Module &#8222;Democracy and digitalisation&#8220;<\/strong><\/p>\n\n\n\n<p>Herausforderungen digitalisierter demokratischer Gesellschaften: Zur Lage der liberalen Demokratie (<abbr title=\"Fr\u00fchjahrstrimester\">FT<\/abbr> 2021)<\/p>\n\n\n\n<p>Strategische Dispositionen der liberalen Demokratie in der Zeitenwende (<abbr title=\"Fr\u00fchjahrstrimester\">FT<\/abbr> 2022)<\/p>\n\n\n\n<p>Selbstverst\u00e4ndnis und Herausforderungen der liberalen Demokratie in der digitalen Konstellation (<abbr title=\"Wintertrimester\">WT<\/abbr> 2023)<\/p>\n\n\n\n<p>Vulnerabilit\u00e4ten und Bedrohungen der liberalen Demokratie in der digitalen Konstellation (<abbr title=\"Fr\u00fchjahrstrimester\">FT<\/abbr> 2023)<\/p>\n\n\n\n<p>Politische Theorie und liberale Demokratie in der digitalen Transformation (<abbr title=\"Wintertrimester\">WT<\/abbr> 2024)<\/p>\n","protected":false},"excerpt":{"rendered":"<p>Postdoctoral researcher at the Chair of Political Science, in particular Political Theory Helmut-Schmidt-Universit\u00e4tHolstenhofweg 8522043 Hamburg Building H1, Room: 1364 Telephone: +49406541-3314Fax: +49-40-6541-3370Email: stulpea@hsu-hh.de Publications Stulpe, Alexander, 2023: Republikanismus und Resilienz. [&hellip;]<\/p>\n","protected":false},"author":181,"featured_media":0,"parent":325,"menu_order":0,"comment_status":"closed","ping_status":"closed","template":"","meta":{"footnotes":""},"categories":[9],"tags":[],"class_list":["post-370","page","type-page","status-publish","hentry","category-team-en"],"_links":{"self":[{"href":"https:\/\/www.hsu-hh.de\/politiktheorie\/wp-json\/wp\/v2\/pages\/370","targetHints":{"allow":["GET"]}}],"collection":[{"href":"https:\/\/www.hsu-hh.de\/politiktheorie\/wp-json\/wp\/v2\/pages"}],"about":[{"href":"https:\/\/www.hsu-hh.de\/politiktheorie\/wp-json\/wp\/v2\/types\/page"}],"author":[{"embeddable":true,"href":"https:\/\/www.hsu-hh.de\/politiktheorie\/wp-json\/wp\/v2\/users\/181"}],"replies":[{"embeddable":true,"href":"https:\/\/www.hsu-hh.de\/politiktheorie\/wp-json\/wp\/v2\/comments?post=370"}],"version-history":[{"count":11,"href":"https:\/\/www.hsu-hh.de\/politiktheorie\/wp-json\/wp\/v2\/pages\/370\/revisions"}],"predecessor-version":[{"id":3054,"href":"https:\/\/www.hsu-hh.de\/politiktheorie\/wp-json\/wp\/v2\/pages\/370\/revisions\/3054"}],"up":[{"embeddable":true,"href":"https:\/\/www.hsu-hh.de\/politiktheorie\/wp-json\/wp\/v2\/pages\/325"}],"wp:attachment":[{"href":"https:\/\/www.hsu-hh.de\/politiktheorie\/wp-json\/wp\/v2\/media?parent=370"}],"wp:term":[{"taxonomy":"category","embeddable":true,"href":"https:\/\/www.hsu-hh.de\/politiktheorie\/wp-json\/wp\/v2\/categories?post=370"},{"taxonomy":"post_tag","embeddable":true,"href":"https:\/\/www.hsu-hh.de\/politiktheorie\/wp-json\/wp\/v2\/tags?post=370"}],"curies":[{"name":"wp","href":"https:\/\/api.w.org\/{rel}","templated":true}]}}