{"id":3571,"date":"2025-11-20T11:53:10","date_gmt":"2025-11-20T10:53:10","guid":{"rendered":"https:\/\/www.hsu-hh.de\/politiktheorie\/?page_id=3571"},"modified":"2025-11-20T12:19:05","modified_gmt":"2025-11-20T11:19:05","slug":"sekretariat","status":"publish","type":"page","link":"https:\/\/www.hsu-hh.de\/politiktheorie\/sekretariat","title":{"rendered":"Sekretariat"},"content":{"rendered":"\n<hr class=\"wp-block-separator has-alpha-channel-opacity\" \/>\n\n\n\n<div style=\"height:32px\" aria-hidden=\"true\" class=\"wp-block-spacer\"><\/div>\n\n\n\n<div class=\"wp-block-columns is-layout-flex wp-container-core-columns-is-layout-9d6595d7 wp-block-columns-is-layout-flex\">\n<div class=\"wp-block-column is-layout-flow wp-block-column-is-layout-flow\">\n<h2 class=\"wp-block-heading\">Susanne Latzel<\/h2>\n\n\n\n<p><br>Helmut-Schmidt-Universit\u00e4t<br>Universit\u00e4t der Bundeswehr Hamburg<br>Holstenhofweg 85<br>22043 Hamburg<\/p>\n\n\n\n<p>Geb\u00e4ude H1, Raum 2164<br>Telefon: +49 (0)40 6541 2954<br><strong><a href=\"mailto:susanne.latzel@hsu.hamburg\" rel='nofollow'>susanne.latzel@hsu.hamburg<\/a><\/strong><\/p>\n<\/div>\n<\/div>\n","protected":false},"excerpt":{"rendered":"<p>Susanne Latzel Helmut-Schmidt-Universit\u00e4tUniversit\u00e4t der Bundeswehr HamburgHolstenhofweg 8522043 Hamburg Geb\u00e4ude H1, Raum 2164Telefon: +49 (0)40 6541 2954susanne.latzel@hsu.hamburg<\/p>\n","protected":false},"author":138,"featured_media":0,"parent":0,"menu_order":0,"comment_status":"closed","ping_status":"closed","template":"","meta":{"footnotes":""},"categories":[8],"tags":[],"class_list":["post-3571","page","type-page","status-publish","hentry","category-team"],"_links":{"self":[{"href":"https:\/\/www.hsu-hh.de\/politiktheorie\/wp-json\/wp\/v2\/pages\/3571","targetHints":{"allow":["GET"]}}],"collection":[{"href":"https:\/\/www.hsu-hh.de\/politiktheorie\/wp-json\/wp\/v2\/pages"}],"about":[{"href":"https:\/\/www.hsu-hh.de\/politiktheorie\/wp-json\/wp\/v2\/types\/page"}],"author":[{"embeddable":true,"href":"https:\/\/www.hsu-hh.de\/politiktheorie\/wp-json\/wp\/v2\/users\/138"}],"replies":[{"embeddable":true,"href":"https:\/\/www.hsu-hh.de\/politiktheorie\/wp-json\/wp\/v2\/comments?post=3571"}],"version-history":[{"count":2,"href":"https:\/\/www.hsu-hh.de\/politiktheorie\/wp-json\/wp\/v2\/pages\/3571\/revisions"}],"predecessor-version":[{"id":3580,"href":"https:\/\/www.hsu-hh.de\/politiktheorie\/wp-json\/wp\/v2\/pages\/3571\/revisions\/3580"}],"wp:attachment":[{"href":"https:\/\/www.hsu-hh.de\/politiktheorie\/wp-json\/wp\/v2\/media?parent=3571"}],"wp:term":[{"taxonomy":"category","embeddable":true,"href":"https:\/\/www.hsu-hh.de\/politiktheorie\/wp-json\/wp\/v2\/categories?post=3571"},{"taxonomy":"post_tag","embeddable":true,"href":"https:\/\/www.hsu-hh.de\/politiktheorie\/wp-json\/wp\/v2\/tags?post=3571"}],"curies":[{"name":"wp","href":"https:\/\/api.w.org\/{rel}","templated":true}]}}