{"id":3455,"date":"2025-06-23T22:05:00","date_gmt":"2025-06-23T20:05:00","guid":{"rendered":"https:\/\/www.hsu-hh.de\/politiktheorie\/?page_id=3455"},"modified":"2025-06-23T22:05:07","modified_gmt":"2025-06-23T20:05:07","slug":"publikationen-dr-phil-martina-philippi","status":"publish","type":"page","link":"https:\/\/www.hsu-hh.de\/politiktheorie\/publikationen-dr-phil-martina-philippi","title":{"rendered":"Publikationen: Dr. phil. Martina Philippi"},"content":{"rendered":"\n<hr class=\"wp-block-separator has-alpha-channel-opacity\" \/>\n\n\n\n<h2 class=\"wp-block-heading\"><strong>Monographie<\/strong><\/h2>\n\n\n\n<ul class=\"wp-block-list\">\n<li><strong>Selbstverst\u00e4ndlichkeit und Problematisierung. Husserls Programm der Ph\u00e4nomenologie.<\/strong>\u00a0Paderborn: Fink 2023.\u00a0Verlagsanzeige:\u00a0<a href=\"https:\/\/www.fink.de\/view\/title\/62231\" rel='nofollow'>https:\/\/www.fink.de\/view\/title\/62231<\/a><\/li>\n<\/ul>\n\n\n\n<hr class=\"wp-block-separator has-alpha-channel-opacity\" \/>\n\n\n\n<h2 class=\"wp-block-heading\"><a><\/a><a><strong>Herausgeberschaft<\/strong><\/a><strong>en<\/strong><\/h2>\n\n\n\n<ol class=\"wp-block-list\">\n<li>Alberto Fragio\/ Josefa Ros Velasco\/ Martina Philippi\/ Cornelius Borck (Hg.):\u00a0<strong>Hans Blumenberg&#8217;s History and Philosophy of Science.\u00a0<\/strong>Band 63 der Reihe \u201cStudies in History and Philosophy of Science\u201d, Cham: Springer Nature 2024.<\/li>\n\n\n\n<li>Alberto Fragio\/ Martina Philippi\/ Josefa Ros Velasco (Hg.):\u00a0<strong>Metaphorologie, Anthropologie, Ph\u00e4nomenologie. Neue Forschungen zum Nachlass Hans Blumenbergs.\u00a0<\/strong>Freiburg\/Br.: Alber\u00a02019. Siehe:\u00a0<a href=\"https:\/\/www.nomos-shop.de\/karl-alber\/titel\/metaphorologie-anthropologie-phaenomenologie-id-105565\/\" rel='nofollow'>https:\/\/www.nomos-shop.de\/karl-alber\/titel\/metaphorologie-anthropologie-phaenomenologie-id-105565\/<\/a><\/li>\n<\/ol>\n\n\n\n<hr class=\"wp-block-separator has-alpha-channel-opacity\" \/>\n\n\n\n<h2 class=\"wp-block-heading\"><strong>Mitwirkung an Handreichung<\/strong><\/h2>\n\n\n\n<p>Heinrichs, J.-H.; Aslan, S. E.; Alex, K.; Conradie, N. H. ; H\u00e4hnel, M. ; Kropf, M. ; Kuck, J. ; Lev, O. ; Philippi, M. ; Risse, V. (2025): Guideline on dual use and misuse of research for committees for ethics in security relevant research. J\u00fclich: Forschungszentrum J\u00fclich <abbr title=\"Gesellschaft mit beschr\u00e4nkter Haftung\">GmbH<\/abbr> Zentralbibliothek, Verlag, Berichte des Forschungszentrums J\u00fclich 4449, 33 pp. (2025) (<a href=\"https:\/\/doi.org\/10.34734\/FZJ-2025-02029\" rel='nofollow'>https:\/\/doi.org\/10.34734\/FZJ-2025-02029<\/a>)<\/p>\n\n\n\n<hr class=\"wp-block-separator has-alpha-channel-opacity\" \/>\n\n\n\n<h2 class=\"wp-block-heading\"><a><\/a><a><\/a><a><strong>Aufs\u00e4tze<\/strong><\/a><\/h2>\n\n\n\n<ol class=\"wp-block-list\">\n<li><strong>The ambivalence of multi-purpose design: On the dual-use and misuse risks of humanitarian UAVs.\u00a0<\/strong>Research Ethics 21(2), erscheint 2025.<\/li>\n\n\n\n<li><strong>Von der Kunst, die richtigen Fragen zu stellen. Ph\u00e4nomenologische \u00dcberlegungen zum Collingridge-Dilemma.<\/strong>\u00a0Hgg. Michael Ornetzeder et al.: \u00a0Methoden f\u00fcr die Technikfolgenabsch\u00e4tzung: Bew\u00e4hrte Praxis, aktuelle Herausforderungen, neue Chancen. Springer, erscheint 2025.<\/li>\n\n\n\n<li><strong>Unburdening the world with \u2018worlds on demand\u2019. A time-capsule from Hans Blumenberg\u2019s legacy.<\/strong>\u00a0In: Fragio\/Velasco\/Philippi\/Borck: Hans Blumenberg\u2019s History and Philosophy of Science. Studies in History and Philosophy of Science, vol. 63. Springer Nature 2024, S. 151-168.<\/li>\n\n\n\n<li><strong>Verantwortungsvoller Umgang mit KI-aufbereiteter Information: Ein Fallbeispiel aus der digital transformierten Rettungspraxis.\u00a0<\/strong>Gestreamt, Gelikt, Fl\u00fcchtig \u2013 sch\u00f6ne neue Kulturwelt?, Hgg. Elisabeth\u00a0\u00a0Ehrensperger et al., Nomos Verlagsgesellschaft mbH &amp; Co. <abbr title=\"Kommanditgesellschaft\">KG<\/abbr>, 2024, S. 409\u201314.\u00a0<a href=\"https:\/\/doi.org\/10.5771\/9783748943815-409\" rel='nofollow'>https:\/\/doi.org\/10.5771\/9783748943815-409<\/a><\/li>\n\n\n\n<li><strong>KI im Einsatz. Ethische Herausforderungen im Projekt UAV-Rescue, zusammen mit Victoria Heusinger-He\u00df, Meral Ari, Emily Kr\u00fcger<\/strong>, in: Tilo Mentler et al. (Hg.), 9. Workshop Mensch-Maschine-Interaktion in sicherheitskritischen Systemen, Mensch &amp; Computer 2022.<\/li>\n\n\n\n<li><strong>Technical and ethical requirements of UAV operations in the context of civil protection.<\/strong>\u00a0Zusammen mit G. Aumayr, P. Taupe, R. Kastner, H. Schauer, in: Disaster Competence Network Austria (Hg.): Disaster Research Days 2022. Konferenzband. Disaster Research Days 2022. Innsbruck, 13.-14.10.2022, S. 78\u201380. Online verf\u00fcgbar unter\u00a0<a href=\"https:\/\/www.dcna.at\/files\/tao\/img\/veranstaltungen\/drd22\/2022-11%20Konferenzband_DRD22.pdf\" rel='nofollow'>https:\/\/www.dcna.at\/files\/tao\/img\/veranstaltungen\/drd22\/2022-11%20Konferenzband_DRD22.pdf<\/a>.<\/li>\n\n\n\n<li><strong>UAV-borne remote sensing for AI-assisted support of search and rescue missions.<\/strong>\u00a0Zusammen mit R. Herschel, P. Wallrath, M. Hofst\u00e4tter, P. Taupe, E. Kr\u00fcger, J. Kunze, J. M. Rotter, V. Heusinger, M. Ari, R. Kastner, A. Al-Akrawi, in: Proc. SPIE 12272, Electro-Optical Remote Sensing XVI, 1227203 (2. November 2022); doi: 10.1117\/12.2636032. Online verf\u00fcgbar unter\u00a0<a href=\"https:\/\/www.spiedigitallibrary.org\/conference-proceedings-of-spie\/12272\/2636032\/UAV-borne-remote-sensing-for-AI-assisted-support-of-search\/10.1117\/12.2636032.full\" rel='nofollow'>https:\/\/www.spiedigitallibrary.org\/conference-proceedings-of-spie\/12272\/2636032\/UAV-borne-remote-sensing-for-AI-assisted-support-of-search\/10.1117\/12.2636032.full<\/a>.<\/li>\n\n\n\n<li><strong>UAV Reconnaissance in Search and Rescue Missions. Towards Ethically Sound Human-Computer Interaction and System Design.<\/strong>\u00a0Zusammen mit P. Taupe, T. Ceranic, M. Hofst\u00e4tter, G. Aumayr, B. Schilcher, A. Raschig, R. Kastner, in: SoftCom library, 2022 30th International Conference on Software, Telecommunications and Computer Networks (SoftCom 2022), FESB, University of Split, Croatia.\u00a0ISSN 1847-3598.<\/li>\n\n\n\n<li><strong>Das Selbstverst\u00e4ndliche verstehen. Ein Grundproblem der Ph\u00e4nomenologie Edmund Husserls, i<\/strong>n: Alberto Fragio\/ Martina Philippi\/ Josefa Ros Velasco (Hg.), Metaphorologie, Anthropologie, Ph\u00e4nomenologie. Neue Forschungen zum Nachlass Hans Blumenbergs.\u00a0\u00a0Freiburg\/Br.: Alber 2019.<\/li>\n\n\n\n<li><strong>Der &#8218;Verlust der nat\u00fcrlichen Selbstverst\u00e4ndlichkeit&#8216; in Ph\u00e4nomenologie und Psychopathologie,<\/strong>\u00a0in: InterCultural Philosophy 1(2018): Special Issue &#8211; Phenomenological Anthropology, Psychiatry, and Psychotherapy in Theory and Practice. eISSN 2367-3109.\u00a0<a href=\"https:\/\/journals.ub.uni-heidelberg.de\/index.php\/icp\/article\/view\/48066\/41525\" rel='nofollow'>https:\/\/journals.ub.uni-heidelberg.de\/index.php\/icp\/article\/view\/48066\/41525<\/a><\/li>\n\n\n\n<li><strong>Ph\u00e4nomenologische Beschreibung der Ph\u00e4nomenologie? Blumenbergs Perspektivenwechsel,<\/strong>\u00a0in: Michael Heidgen, Matthias\u00a0<em>Koch<\/em>, Christian K\u00f6hler\u00a0(Hg.), Permanentes Provisorium: Hans Blumenbergs Umwege, Paderborn: Fink 2015.<\/li>\n\n\n\n<li><strong>\u201eLebensphilosophie\u201c. Reanimierung eines St\u00fcckes Philosophiegeschichte,<\/strong>\u00a0zusammen mit Thomas Dworschak, in: Philosophische Rundschau <abbr title=\"Band\">Bd.<\/abbr> 61, Heft 4, 2014, S. 263-293.<\/li>\n\n\n\n<li><strong>Die Sprache der Selbstverst\u00e4ndlichkeit und die Grenzen der Theorie. Das Schweigen in der\u00a0<\/strong><strong>ph\u00e4nomenologischen\u00a0Methode,<\/strong>\u00a0in: Sandra Markewitz (Hg.), Jenseits des beredten Schweigens. Neue Perspektiven auf den sprachlosen Augenblick, Bielefeld: Aisthesis, 2013.<\/li>\n\n\n\n<li><strong>Ph\u00e4nomenologie als methodische Kritik von Selbstverst\u00e4ndlichkeit,<\/strong>\u00a0in: Tobias Keiling (Hg.), Heideggers Marburger Zeit. Themen, Argumente, Konstellationen, Reihe Heidegger Forum, Frankfurt\/M.: Klostermann 2013.<\/li>\n\n\n\n<li><strong>Science of the life-world? A reflection on phenomenology.<\/strong>\u00a0In: Online-Proceedings der 13. Konferenz der International Society for the Study of European Ideas (ISSEI), 2.\u20136. Juli 2012, University of Cyprus, Nicosia, 2012.\u00a0<a href=\"http:\/\/lekythos.library.ucy.ac.cy\/bitstream\/handle\/10797\/6149\/ISSEIproceedings%20Philippi_new.pdf?sequence=3\" rel='nofollow'>http:\/\/lekythos.library.ucy.ac.cy\/bitstream\/handle\/10797\/6149\/ISSEIproceedings%20Philippi_new.pdf?sequence=3<\/a><\/li>\n\n\n\n<li><strong>Ein Spiel mit Selbstverst\u00e4ndlichkeit(en). Formal-inhaltliche \u00dcberg\u00e4nge in Blumenbergs philosophischen Miniaturen,<\/strong>\u00a0in: Alberto Fragio\/ Diego Giordano (Hg.), Hans Blumenberg.\u00a0Nuovi paradigmi d\u2019analisi, Rom: Aracne Editrice 2010.<\/li>\n<\/ol>\n\n\n\n<hr class=\"wp-block-separator has-alpha-channel-opacity\" \/>\n\n\n\n<h2 class=\"wp-block-heading\">Lexikonartikel<\/h2>\n\n\n\n<ul class=\"wp-block-list\">\n<li><strong>Im Erscheinen:<\/strong>\u00a0Artikel \u201eHusserl\u201c, \u201eLandgrebe\u201c, \u201eSelbstverst\u00e4ndlichkeit\u201c, in: Oliver M\u00fcller\/ R\u00fcdiger Zill (Hg.), Blumenberg-Handbuch. Stuttgart: Metzler 2023. Ank\u00fcndigung:\u00a0<a href=\"https:\/\/www.beck-shop.de\/mueller-zill-blumenberg-handbuch\/product\/30780218\" rel='nofollow'>https:\/\/www.beck-shop.de\/mueller-zill-blumenberg-handbuch\/product\/30780218<\/a><\/li>\n<\/ul>\n\n\n\n<hr class=\"wp-block-separator has-alpha-channel-opacity\" \/>\n\n\n\n<h2 class=\"wp-block-heading\"><strong>Gastvortr\u00e4ge und Konferenzbeitr\u00e4ge<\/strong><\/h2>\n\n\n\n<ol class=\"wp-block-list\">\n<li><strong>Die Ambivalenz von Sichtbarkeit.\u00a0Ethische Perspektiven auf die digitale Transformation<\/strong><strong>.\u00a0<\/strong>Sorbische\/wendische Lebenswelten im digitalen Zeitalter. BTU Cottbus-Senftenberg, 20.-21. M\u00e4rz 2025.<\/li>\n\n\n\n<li><strong>Grenzen des Verstehens.\u00a0<\/strong>Hermeneutik \u2013 oder was hei\u00dft \u201cVerstehen\u201d? Januartagung der Evangelischen Forschungsakademie, 10.-12. Januar 2025, Berliner Stadtmission.<\/li>\n\n\n\n<li><strong>Transparency and persuasion: Chances and risks of explainable AI applications in modeling for policy.<\/strong>Science and Art of Simulation (SAS24): Modeling for Policy. 25.-27. November 2024, H\u00f6chstleistungsrechenzentrum Stuttgart.<\/li>\n\n\n\n<li><strong>Herausforderungen und Potenziale von erkl\u00e4rbarer KI f\u00fcr Technikfolgenabsch\u00e4tzung und Politikberatung.<\/strong>NTA11 (11. Tagung des Netzwerks Technikfolgenabsch\u00e4tzung) \u201ePolitikberatungskompetenzen heute\u201c, 18.-20. November 2024, <abbr title=\"Bundesministerium f\u00fcr Bildung und Forschung\">BMBF<\/abbr>\/Design Offices Berlin.<\/li>\n\n\n\n<li><strong>(X)AI ethics for decision support systems.\u00a0<\/strong>Gastvortrag beim DLR Institut f\u00fcr den Schutz maritimer Infrastrukturen, 14. November 2024.<\/li>\n\n\n\n<li><strong>How to Address Ethical Problems in a Multi-Perspective Context: Interdisciplinary Challenges of XAI.\u00a0<\/strong>fpet \u2013 Forum on Engineering, Philosophy, and Technology, Karlsruhe, 17.-19. September 2024.<\/li>\n\n\n\n<li><strong>Dealing responsibly with tacit assumptions. An interdisciplinary approach to the integration of ethical reflection into user modelling.<\/strong>\u00a0EASST-4S 2024: Making and Doing Transformations, 16.-19. Juli 2024, Amsterdam.\u00a0\u00a0\u00a0<\/li>\n\n\n\n<li><strong>Interdisciplinary challenges for xAI ethics and the potential of a phenomenological approach.\u00a0<\/strong>Gastvortrag, Center for Philosophy of AI, 25. Juni 2024, <abbr title=\"Technische Universit\u00e4t\">TU<\/abbr> Eindhoven.<\/li>\n\n\n\n<li><strong>Von der Kunst, die richtigen Fragen zu stellen. Das Potenzial der Ph\u00e4nomenologie f\u00fcr die Technikfolgenabsch\u00e4tzung.<\/strong>\u00a0TA24: Methoden f\u00fcr die Technikfolgenabsch\u00e4tzung \u2013 im Spannungsfeld zwischen bew\u00e4hrter Praxis und neuen M\u00f6glichkeiten, 3.-4. Juni 2024, \u00d6sterreichisches Akademie der Wissenschaften, Wien.Tagungsbericht:\u00a0<a href=\"https:\/\/www.tatup.de\/index.php\/tatup\/article\/view\/7091\" rel='nofollow'>https:\/\/www.tatup.de\/index.php\/tatup\/article\/view\/7091<\/a><\/li>\n\n\n\n<li><strong>Unpacking the purposes of explainable AI.\u00a0<\/strong>Projektvorstellung SFB\/TRR 318 \u201eConstructing Explainability\u201c. Ethicomp 2024 &#8211; Smart Ethics: the leading role of ethics in the digital\u00a0\u00a0world. 13.-15. M\u00e4rz 2024, Universidad de La Rioja, Logro\u00f1o.\u00a0<\/li>\n\n\n\n<li><strong>Dual-use Potential in Humanitarian UAVs.\u00a0<\/strong>Workshop \u201eHuman-machine Learning? Interaction with deadly machines\u201c, 30.\u00a0Januar 2024, Universit\u00e4t Paderborn.<\/li>\n\n\n\n<li><strong>Trust and awareness in the context of search and rescue missions.<\/strong>\u00a0Science and Art of Simulation (SAS23): Reliability or Trustworthiness? 30. November-1. Dezember 2023, H\u00f6chstleistungsrechenzentrum Stuttgart.<\/li>\n\n\n\n<li><strong>AI Ethics.<\/strong>\u00a0UNIC Citylabs \u2013 Vortragsreihe \u201eLightning Bites\u201c, 13. September, Ruhr-Universit\u00e4t Bochum (online).<\/li>\n\n\n\n<li><strong>Drohnen mit Lebenszeichendetektion im humanit\u00e4ren Einsatz. Ein Anwendungsfall f\u00fcr die ethisch-technikphilosophische Reflexion einer Dual-Use-relevanten Technikentwicklung.<\/strong>\u00a0<abbr title=\"Bundesministerium f\u00fcr Bildung und Forschung\">BMBF<\/abbr>-Klausurwoche \u201eDual Use und Missbrauch von Forschungsergebnissen\u201c, 17.-21. Juli 2023, Forschungszentrum J\u00fclich.<\/li>\n\n\n\n<li><strong>Talking to robots. The role of human value in AI-driven communication systems.\u00a0<\/strong>Workshop &#8222;AI, Human Values and Meaningful Human Control&#8220;, 22.-23. Juni 2023, CST Bonn.\u00a0<\/li>\n\n\n\n<li><strong>Infrastruktureller Wandel als erkenntnistheoretische und ethische Herausforderung f\u00fcr die Technikfolgenabsch\u00e4tzung.<\/strong>\u00a0TA23, 5.-6. Juni 2023, \u00d6sterreichisches Akademie der Wissenschaften, Wien. Tagungsbericht:\u00a0<a href=\"https:\/\/www.tatup.de\/index.php\/tatup\/article\/view\/7091\/11864\" rel='nofollow'>https:\/\/www.tatup.de\/index.php\/tatup\/article\/view\/7091\/11864<\/a><\/li>\n\n\n\n<li><strong>Errechnete Lagebilder. Sehgewohnheiten und Entscheidungsunterst\u00fctzung im Rettungseinsatz.<\/strong>\u00a0Workshop \u201eMensch-Maschine-Interaktion und Informationsdarstellung. Philosophische Perspektiven auf KI-Anwendungen\u201c. Juniorprofessur f\u00fcr Ethik der digitalen Methoden und Techniken, 20.-21. April 2023, Ruhr-Universit\u00e4t Bochum. Tagungsbericht:\u00a0<a href=\"https:\/\/www.tatup.de\/index.php\/tatup\/article\/view\/7070\/11845\" rel='nofollow'>https:\/\/www.tatup.de\/index.php\/tatup\/article\/view\/7070\/11845<\/a><\/li>\n\n\n\n<li><strong>\u2026 der Ungest\u00f6rtheit des allt\u00e4glichen Lebensvollzugs entgegenzutreten: Selbstverst\u00e4ndlichkeit in lebensweltlichen und anderen Praxen.\u00a0<\/strong>Workshop &#8222;Temporalit\u00e4t, Leiblichkeit, Technik. Hans Blumenberg und die Ph\u00e4nomenologie&#8220;. Exzellenzcluster &#8222;Temporal Communities&#8220;, 3.-4. Februar 2023, FU Berlin.<\/li>\n\n\n\n<li><strong>KI im Einsatz.<\/strong>\u00a0Posterpr\u00e4sentation zum Projekt UAV-Rescue auf der NTA10 (10. Tagung des Netzwerks Technikfolgenabsch\u00e4tzung) \u201eGestreamt, gelikt, fl\u00fcchtig \u2013 sch\u00f6ne neue Kulturwelt? Kultur und Digitalisierung\u201c, 14.-16. November 2022, Kursaal Bern.<\/li>\n\n\n\n<li><strong>KI im Einsatz. Ethische Herausforderungen im Projekt UAV-Rescue,\u00a0<\/strong>9. Workshop Mensch-Maschine-Interaktion in sicherheitskritischen Systemen, Mensch &amp; Computer 2022, 4. September 2022, <abbr title=\"Technische Universit\u00e4t\">TU<\/abbr> Darmstadt.<\/li>\n\n\n\n<li><strong>Geisteswissenschaft im digitalen Zeitalter.<\/strong>\u00a0Gastvortrag im Forschungskolloquium\u00a0Latinistik und Mittellatinistik, 21. Juni 2022,\u00a0FU Berlin.<\/li>\n\n\n\n<li><strong>Ethical Aspects of UAV-Based Rescue Robotics.<\/strong>\u00a0Virtual Ethical Innovation Lecture (The VEIL), Ethical Innovation Hub (EIH), 14.\u00a0Juni 2022 Universit\u00e4t L\u00fcbeck. Zusammenfassung:\u00a0<a href=\"https:\/\/www.eih.uni-luebeck.de\/veil.html\" rel='nofollow'>https:\/\/www.eih.uni-luebeck.de\/veil.html<\/a><\/li>\n\n\n\n<li><strong>Automation versus theoretische Neugierde: Ein Spannungsverh\u00e4ltnis in Technik- und Wissenschaftsgeschichte.<\/strong>\u00a0&#8222;How to do history and philosophy of science with Hans Blumenberg&#8220;, 22.-24.\u00a0Oktober 2021, ZFKL L\u00fcbeck.\u00a0<\/li>\n\n\n\n<li><strong>Ethische Aspekte der Mensch-Maschine-Interaktion am Beispiel des automatisierten Fahrens.\u00a0<\/strong>Gastvortrag an der Fakult\u00e4t f\u00fcr Kulturwissenschaften, 11. Dezember 2020, Universit\u00e4t Paderborn.<\/li>\n\n\n\n<li><strong>Ein ph\u00e4nomenologischer Zugang zum Problem des Expertenwissens im lebensweltlichen Umgang mit digitalen Technologien.<\/strong>\u00a0Tagung der Gesellschaft f\u00fcr Ph\u00e4nomenologische Forschung \u201eFaktum, Faktizit\u00e4t, Wirklichkeit\u201c, 18.-21. September 2019, Universit\u00e4t Wien.<\/li>\n\n\n\n<li><strong>Husserl zur Wissenschaftskritik um 1910.\u00a0<\/strong>Rice-Leipzig Lovett Seminar, 29.\/30. Juni 2018, Institut f\u00fcr Philosophie, Universit\u00e4t Leipzig.<\/li>\n\n\n\n<li><strong>Das Selbstverst\u00e4ndliche verstehen.\u00a0<\/strong>&#8222;Blumenberg postum: Verm\u00e4chtnis und Forschungsprogramme&#8220;, Institut f\u00fcr Philosophie und Institut f\u00fcr Kulturwissenschaften, 20.-22. April 2017, Universit\u00e4t Leipzig.<\/li>\n\n\n\n<li><strong>Der &#8218;Verlust der nat\u00fcrlichen Selbstverst\u00e4ndlichkeit&#8216; in Ph\u00e4nomenologie und Psychopathologie.\u00a0<\/strong>Workshop der DGAP &#8222;Ph\u00e4nomenologische Anthropologie, Psychopathologie und Psychotherapie in Theorie und Praxis&#8220;, 5. April 2017, Universit\u00e4tsklinikum Heidelberg.<\/li>\n\n\n\n<li><strong>Lebenswelt versus naturwissenschaftlicher \u201eFormelsinn\u201c: Husserls Kritik an der Wissenschaft seit Galilei.<\/strong>Workshop &#8222;Diagrammatik&#8220;, Institut f\u00fcr Sprache, Literatur und Medien, 3. Dezember 2016, Europa-Universit\u00e4t Flensburg.<\/li>\n\n\n\n<li><strong>Ph\u00e4nomenologie als \u201aWissenschaft von der Lebenswelt\u2018: Lebens- und wissenschaftspraktische Implikationen in Husserls Sp\u00e4twerk.<\/strong>\u00a0Tagung der Gesellschaft f\u00fcr Ph\u00e4nomenologische Forschung \u201eLebenswelt und Lebensform\u201c, 9.-12.09.2015, Universit\u00e4t Koblenz-Landau, Campus Landau.<\/li>\n\n\n\n<li><strong>Aspekte von Husserls Programm der Ph\u00e4nomenologie.\u00a0<\/strong>Vortrag im Kolloquium zur Philosophie, <abbr title=\"Doktor\">Dr.<\/abbr> Henning Peucker u. a., 22. Januar 2015, Universit\u00e4t Paderborn.<\/li>\n\n\n\n<li><strong>Der Praxischarakter der Ph\u00e4nomenologie vor ihrem Anspruch der Revision tradierter Geltungen.<\/strong>\u00a0Das systematische Potenzial der Husserl-Lekt\u00fcre Hans Blumenbergs. XXIII. Deutscher Kongress f\u00fcr Philosophie, Sektion: Ph\u00e4nomenologie, 28. September &#8211; 02. Oktober 2014, M\u00fcnster.<\/li>\n\n\n\n<li><strong>Erkenntniskrise und Erkenntniskritik. Husserls Krisisschrift als ph\u00e4nomenologische Fallstudie einer systematischen Krisenbew\u00e4ltigung.<\/strong>\u00a0Sektionsbeitrag zum Symposium der Schweizerischen Philosophischen Gesellschaft unter dem Titel \u201eKritik und Krise\u201c, 5.-7. Juni 2014, Universit\u00e4t St. Gallen.<\/li>\n\n\n\n<li><strong>&#8222;Den Ph\u00e4nomenologen bei der Arbeit beobachten&#8220;. Blumenberg \u00fcber Husserls ph\u00e4nomenologischen Zugang zur &#8222;Lebenswelt&#8220;.\u00a0<\/strong>Internationale Konferenz \u201eHans Blumenberg: Histor\u00eda in\/conceptual, antropolog\u00eda y modernidad\u201c, 5.-7. Mai 2014, Universit\u00e4t Valencia.<\/li>\n\n\n\n<li><strong>Life-world versus virtual worlds. A phenomenological view on Identity in the \u201eWeb 2.0\u201c.<\/strong>\u00a0\u00a0Internationale multidisziplin\u00e4re Telekonferenz \u201cTowards an integrated understanding of the user identity in the cyberspace of the internet: a multidisciplinary dialogue\u201d, 12.\u00a0Juli 2013, Universit\u00e4t Warschau.\u00a0<\/li>\n\n\n\n<li><strong>Ph\u00e4nomenologie als eine Theorie der Lebenswelt.<\/strong>\u00a0Tagung \u201eLebenswelt \u2013 Technik \u2013 Wissenschaft\u201c, 18.\/19. Oktober 2012, Universit\u00e4t Siegen.<\/li>\n\n\n\n<li><strong>Phenomenology as a theory of the life-world.\u00a0<\/strong>13. Konferenz der International Society for the Study of European Ideas (ISSEI), 2.\u20136. Juli 2012, University of Cyprus, Nicosia, Workshop: \u201cPhenomenology towards the Crisis: Philosophy, Science, and the Call for a New Epoch\u201d.\u00a0<\/li>\n\n\n\n<li><strong>Blumenberg \u00fcber Lebenswelt und das Projekt Ph\u00e4nomenologie.<\/strong>\u00a0Gastvortrag im Forschungskolloquium zur Bildtheorie und Ph\u00e4nomenologie, <abbr title=\"Professor\">Prof.<\/abbr> <abbr title=\"Doktor\">Dr.<\/abbr> Lambert Wiesing, 19. Juni 2012, Universit\u00e4t Jena.<\/li>\n\n\n\n<li><strong>Ph\u00e4nomenologische Reflexion der Ph\u00e4nomenologie: Blumenbergs doppelter Blick.\u00a0<\/strong>Arbeitstagung \u201ePermanentes Provisorium: Hans Blumenbergs Umwege\u201c, 14.-16. M\u00e4rz 2012, Universit\u00e4t Paderborn, Veranstalter: Medien- und literaturwissenschaftliche Arbeitsgruppe \u201etheorie denken\u201c, Universit\u00e4t Paderborn.<\/li>\n\n\n\n<li><strong>Ph\u00e4nomenologie als methodische Destruktion von Selbstverst\u00e4ndlichkeit.\u00a0<\/strong>Nachwuchstagung f\u00fcr Doktoranden und Postdoktoranden: \u201eHeidegger in Marburg\u201c im Rahmen der Jahrestagung der Martin-Heidegger-Gesellschaft, 22.-24. November 2011, Philipps-Universit\u00e4t Marburg.<\/li>\n\n\n\n<li><strong>Ph\u00e4nomenologie, Soziologie und Sozialontologie: Drei Perspektiven.<\/strong>\u00a0Gastvortrag in der Arbeitsgruppe Sozialontologie, <abbr title=\"Professor\">Prof.<\/abbr> <abbr title=\"Doktor\">Dr.<\/abbr> Nikos Psarros, 7. Juli 2011, Universit\u00e4t Leipzig.<\/li>\n\n\n\n<li><strong>Husserls Systematik des Urteilens.<\/strong>\u00a0Gastvortrag im Logisch-Philosophischen Kolloquium, <abbr title=\"Privatdozent\">PD<\/abbr> <abbr title=\"Doktor\">Dr.<\/abbr> Wolfgang Kienzler, 20. Juni 2011, Friedrich-Schiller-Universit\u00e4t Jena.<\/li>\n\n\n\n<li><strong>Sagen und Zeigen. Vergegenw\u00e4rtigung bei Husserl und Wittgenstein.\u00a0<\/strong>Doktorandenworkshop \u201eOffen f\u00fcr Kritik\u201c, 23.\/24. Februar 2011, Universit\u00e4t Leipzig.<\/li>\n\n\n\n<li><strong>Husserls Weg von der Logik zur Ph\u00e4nomenologie.\u00a0<\/strong>Wissenschaftliches Kolloquium: Die Gegenwart der Ph\u00e4nomenologie \u2013 Variationen von Logik und Ethik in Husserls Philosophie, 10.\/11. Februar 2011, Bad Neuenahr-Ahrweiler, Veranstalter: Europ\u00e4ische Akademie zur Erforschung von Folgen wissenschaftlich-technischer Entwicklungen Bad Neuenahr-Ahrweiler.<\/li>\n<\/ol>\n","protected":false},"excerpt":{"rendered":"<p>Monographie Herausgeberschaften Mitwirkung an Handreichung Heinrichs, J.-H.; Aslan, S. E.; Alex, K.; Conradie, N. H. ; H\u00e4hnel, M. ; Kropf, M. ; Kuck, J. ; Lev, O. ; Philippi, M. [&hellip;]<\/p>\n","protected":false},"author":3912,"featured_media":0,"parent":0,"menu_order":0,"comment_status":"closed","ping_status":"closed","template":"","meta":{"footnotes":""},"categories":[4],"tags":[],"class_list":["post-3455","page","type-page","status-publish","hentry","category-forschung"],"_links":{"self":[{"href":"https:\/\/www.hsu-hh.de\/politiktheorie\/wp-json\/wp\/v2\/pages\/3455","targetHints":{"allow":["GET"]}}],"collection":[{"href":"https:\/\/www.hsu-hh.de\/politiktheorie\/wp-json\/wp\/v2\/pages"}],"about":[{"href":"https:\/\/www.hsu-hh.de\/politiktheorie\/wp-json\/wp\/v2\/types\/page"}],"author":[{"embeddable":true,"href":"https:\/\/www.hsu-hh.de\/politiktheorie\/wp-json\/wp\/v2\/users\/3912"}],"replies":[{"embeddable":true,"href":"https:\/\/www.hsu-hh.de\/politiktheorie\/wp-json\/wp\/v2\/comments?post=3455"}],"version-history":[{"count":2,"href":"https:\/\/www.hsu-hh.de\/politiktheorie\/wp-json\/wp\/v2\/pages\/3455\/revisions"}],"predecessor-version":[{"id":3458,"href":"https:\/\/www.hsu-hh.de\/politiktheorie\/wp-json\/wp\/v2\/pages\/3455\/revisions\/3458"}],"wp:attachment":[{"href":"https:\/\/www.hsu-hh.de\/politiktheorie\/wp-json\/wp\/v2\/media?parent=3455"}],"wp:term":[{"taxonomy":"category","embeddable":true,"href":"https:\/\/www.hsu-hh.de\/politiktheorie\/wp-json\/wp\/v2\/categories?post=3455"},{"taxonomy":"post_tag","embeddable":true,"href":"https:\/\/www.hsu-hh.de\/politiktheorie\/wp-json\/wp\/v2\/tags?post=3455"}],"curies":[{"name":"wp","href":"https:\/\/api.w.org\/{rel}","templated":true}]}}