{"id":3445,"date":"2025-06-23T21:51:45","date_gmt":"2025-06-23T19:51:45","guid":{"rendered":"https:\/\/www.hsu-hh.de\/politiktheorie\/?page_id=3445"},"modified":"2025-06-23T22:11:18","modified_gmt":"2025-06-23T20:11:18","slug":"dr-phil-martina-philippi","status":"publish","type":"page","link":"https:\/\/www.hsu-hh.de\/politiktheorie\/dr-phil-martina-philippi","title":{"rendered":"Dr. phil. Martina Philippi"},"content":{"rendered":"\n<h2 class=\"wp-block-heading\"><strong>Wissenschaftliche Mitarbeiterin am Lehrstuhl f\u00fcr Politikwissenschaft, insbesondere Politische Theorie<\/strong><\/h2>\n\n\n\n<hr class=\"wp-block-separator has-alpha-channel-opacity\" \/>\n\n\n\n<div class=\"wp-block-media-text has-media-on-the-right is-stacked-on-mobile\" style=\"grid-template-columns:auto 31%\"><div class=\"wp-block-media-text__content\">\n<p>Helmut-Schmidt-Universit\u00e4t<br>Holstenhofweg 85<br>22043 Hamburg<br><\/p>\n\n\n\n<p>Email: martina.philippi@hsu-hh.de<\/p>\n<\/div><figure class=\"wp-block-media-text__media\"><img loading=\"lazy\" decoding=\"async\" width=\"210\" height=\"210\" src=\"https:\/\/www.hsu-hh.de\/politiktheorie\/wp-content\/uploads\/sites\/726\/2021\/05\/Platzhalter.jpg\" data-credit=\"Platzhalter\" alt=\"Platzhalter\" class=\"wp-image-1392 size-full\" srcset=\"https:\/\/www.hsu-hh.de\/politiktheorie\/wp-content\/uploads\/sites\/726\/2021\/05\/Platzhalter.jpg 210w, https:\/\/www.hsu-hh.de\/politiktheorie\/wp-content\/uploads\/sites\/726\/2021\/05\/Platzhalter-150x150.jpg 150w, https:\/\/www.hsu-hh.de\/politiktheorie\/wp-content\/uploads\/sites\/726\/2021\/05\/Platzhalter-100x100.jpg 100w\" sizes=\"auto, (max-width: 210px) 100vw, 210px\" \/><\/figure><\/div>\n\n\n\n<hr class=\"wp-block-separator has-alpha-channel-opacity\" \/>\n\n\n\n<h2 class=\"wp-block-heading\">CV<\/h2>\n\n\n\n<hr class=\"wp-block-separator has-alpha-channel-opacity\" \/>\n\n\n\n<p><abbr title=\"Doktor\">Dr.<\/abbr> Martina Philippi ist seit Mai 2025 wissenschaftliche Mitarbeiterin am Lehrstuhl f\u00fcr Politikwissenschaften, insbesondere Politische Theorie, in Kooperation mit dem AI Ethics Research Hub der Helmut-Schmidt-Universit\u00e4t\/Universit\u00e4t der Bundeswehr Hamburg.<\/p>\n\n\n\n<p>Zuvor war sie bis 2020 Mitarbeiterin in Forschung und Lehre am Institut f\u00fcr Philosophie der Universit\u00e4t Leipzig. Von Juli 2021 bis Juli 2023 f\u00fchrte sie als Wissenschaftliche Mitarbeiterin am Institut f\u00fcr Philosophie I der Ruhr-Universit\u00e4t Bochum das ethische Teilvorhaben im <abbr title=\"Bundesministerium f\u00fcr Bildung und Forschung\">BMBF<\/abbr>-Projekt &#8222;UAV-Rescue: UAV-getragene Sensorik zur KI-basierten Unterst\u00fctzung von Rettungsmissionen&#8220; durch. Von August 2023 bis April 2025 war sie als Wissenschaftliche Mitarbeiterin an der Universit\u00e4t Paderborn im Sonderforschungsbereich SFB\/TRR 318 &#8222;Erkl\u00e4rbarkeit konstruieren&#8220; t\u00e4tig und besuchte im Juni\/Juli 2024 als Visiting Fellow das &#8222;Eindhoven Center for the Philosophy of AI&#8220; (ECPAI) der <abbr title=\"Technische Universit\u00e4t\">TU<\/abbr> Eindhoven.<\/p>\n\n\n\n<p>Martina Philippi hat 2020 ihre Promotion in Philosophie zum Thema &#8222;Selbstverst\u00e4ndlichkeit und Problematisierung: Husserls Programm der Ph\u00e4nomenologie&#8220; mit dem Pr\u00e4dikat summa cum laude abgeschlossen.<\/p>\n\n\n\n<hr class=\"wp-block-separator has-alpha-channel-opacity\" \/>\n\n\n\n<h2 class=\"wp-block-heading\">Arbeitsschwerpunkte<\/h2>\n\n\n\n<hr class=\"wp-block-separator has-alpha-channel-opacity\" \/>\n\n\n\n<ul class=\"wp-block-list\">\n<li>Philosophie und Ethik der K\u00fcnstlichen Intelligenz, Automatisierung und der digitalen Transformation&nbsp;<\/li>\n\n\n\n<li>Vertrauensw\u00fcrdige Technikgestaltung und Akzeptanz und Vertrauen gegen\u00fcber digitalen Technologien<\/li>\n\n\n\n<li>Ethische Herausforderungen von Dual-Use-Technologien<\/li>\n\n\n\n<li>Theorien der Selbstverst\u00e4ndlichkeit<\/li>\n\n\n\n<li>Ph\u00e4nomenologie und philosophische Hermeneutik<\/li>\n<\/ul>\n\n\n\n<hr class=\"wp-block-separator has-alpha-channel-opacity\" \/>\n\n\n\n<h2 class=\"wp-block-heading\">Publikationen<\/h2>\n\n\n\n<hr class=\"wp-block-separator has-alpha-channel-opacity\" \/>\n\n\n\n<h3 class=\"wp-block-heading\"><strong>B\u00fccher (Auswahl):<\/strong><\/h3>\n\n\n\n<p>Martina Philippi:<strong>&nbsp;Selbstverst\u00e4ndlichkeit und Problematisierung. Husserls Programm der Ph\u00e4nomenologie.<\/strong>&nbsp;Paderborn: Fink 2023.<\/p>\n\n\n\n<p>Alberto Fragio\/ Josefa Ros Velasco\/ Martina Philippi\/ Cornelius Borck (Hg.):&nbsp;<strong>Hans Blumenberg&#8217;s History and Philosophy of Science.&nbsp;<\/strong>Band 63 der Reihe \u201cStudies in History and Philosophy of Science\u201d, Cham: Springer Nature 2024.<\/p>\n\n\n\n<p><em>Alle Buchpublikationen<a href=\"https:\/\/www.hsu-hh.de\/politiktheorie\/?page_id=3455\" data-type=\"page\" data-id=\"3455\"> hier<\/a> <\/em><\/p>\n\n\n\n<hr class=\"wp-block-separator has-alpha-channel-opacity\" \/>\n\n\n\n<h3 class=\"wp-block-heading\"><strong>Aufs\u00e4tze und Conference Papers (Auswahl):<\/strong><\/h3>\n\n\n\n<p><strong>The ambivalence of multi-purpose design: On the dual-use and misuse risks of humanitarian UAVs.&nbsp;<\/strong>Research Ethics 21(2), erscheint 2025.<\/p>\n\n\n\n<p><strong>Von der Kunst, die richtigen Fragen zu stellen. Ph\u00e4nomenologische \u00dcberlegungen zum Collingridge-Dilemma.<\/strong>&nbsp;Hgg. Michael Ornetzeder et al.: &nbsp;Methoden f\u00fcr die Technikfolgenabsch\u00e4tzung: Bew\u00e4hrte Praxis, aktuelle Herausforderungen, neue Chancen. Springer, erscheint 2025.<\/p>\n\n\n\n<p><strong>Unburdening the world with \u2018worlds on demand\u2019. A time-capsule from Hans Blumenberg\u2019s legacy.<\/strong>&nbsp;In: Fragio\/Velasco\/Philippi\/Borck: Hans Blumenberg\u2019s History and Philosophy of Science. Studies in History and Philosophy of Science, vol. 63. Springer Nature 2024, S. 151-168.<\/p>\n\n\n\n<p><strong>Verantwortungsvoller Umgang mit KI-aufbereiteter Information: Ein Fallbeispiel aus der digital transformierten Rettungspraxis.&nbsp;<\/strong>Gestreamt, Gelikt, Fl\u00fcchtig \u2013 sch\u00f6ne neue Kulturwelt?, Hgg. Elisabeth&nbsp; Ehrensperger et al., Nomos Verlagsgesellschaft mbH &amp; Co. <abbr title=\"Kommanditgesellschaft\">KG<\/abbr>, 2024, S. 409\u201314.&nbsp;<a href=\"https:\/\/doi.org\/10.5771\/9783748943815-409\" rel='nofollow'>https:\/\/doi.org\/10.5771\/9783748943815-409<\/a><\/p>\n\n\n\n<p><strong>KI im Einsatz. Ethische Herausforderungen im Projekt UAV-Rescue, zusammen mit Victoria Heusinger-He\u00df, Meral Ari, Emily Kr\u00fcger<\/strong>, in: Tilo Mentler et al. (Hg.), 9. Workshop Mensch-Maschine-Interaktion in sicherheitskritischen Systemen, Mensch &amp; Computer 2022.&nbsp;<a href=\"https:\/\/doi.org\/10.18420\/muc2022-mci-ws10-332\" rel='nofollow'>https:\/\/doi.org\/10.18420\/muc2022-mci-ws10-332<\/a>&nbsp;&nbsp;<\/p>\n\n\n\n<p><strong>Technical and ethical requirements of UAV operations in the context of civil protection.<\/strong>Zusammen mit G. Aumayr, P. Taupe, R. Kastner, H. Schauer, in: Disaster Competence Network Austria (Hg.): Disaster Research Days 2022. Konferenzband. Disaster Research Days 2022. Innsbruck, 13.-14.10.2022, S. 78\u201380. Online verf\u00fcgbar unter&nbsp;<a href=\"https:\/\/www.dcna.at\/files\/tao\/img\/veranstaltungen\/drd22\/2022-11%20Konferenzband_DRD22.pdf\" rel='nofollow'>https:\/\/www.dcna.at\/files\/tao\/img\/veranstaltungen\/drd22\/2022-11%20Konferenzband_DRD22.pdf<\/a>.<\/p>\n\n\n\n<p><strong>UAV-borne remote sensing for AI-assisted support of search and rescue missions.<\/strong>Zusammen mit R. Herschel, P. Wallrath, M. Hofst\u00e4tter, P. Taupe, E. Kr\u00fcger, J. Kunze, J. M. Rotter, V. Heusinger, M. Ari, R. Kastner, A. Al-Akrawi, in: Proc. SPIE 12272, Electro-Optical Remote Sensing XVI, 1227203 (2. November 2022); doi: 10.1117\/12.2636032. Online verf\u00fcgbar unter&nbsp;<a href=\"https:\/\/www.spiedigitallibrary.org\/conference-proceedings-of-spie\/12272\/2636032\/UAV-borne-remote-sensing-for-AI-assisted-support-of-search\/10.1117\/12.2636032.full\" rel='nofollow'>https:\/\/www.spiedigitallibrary.org\/conference-proceedings-of-spie\/12272\/2636032\/UAV-borne-remote-sensing-for-AI-assisted-support-of-search\/10.1117\/12.2636032.full<\/a>.<\/p>\n\n\n\n<p><em>Alle Aufs\u00e4tze <a href=\"https:\/\/www.hsu-hh.de\/politiktheorie\/publikationen-dr-phil-martina-philippi\">hier<\/a><\/em><\/p>\n\n\n\n<hr class=\"wp-block-separator has-alpha-channel-opacity\" \/>\n\n\n\n<h3 class=\"wp-block-heading\"><strong>Vortr\u00e4ge (Auswahl):<\/strong><\/h3>\n\n\n\n<p><strong>Grenzen des Verstehens.&nbsp;<\/strong>Hermeneutik \u2013 oder was hei\u00dft \u201cVerstehen\u201d? Januartagung der Evangelischen Forschungsakademie, 10.-12. Januar 2025, Berliner Stadtmission.<\/p>\n\n\n\n<p><strong>(X)AI ethics for decision support systems.&nbsp;<\/strong>Gastvortrag beim DLR Institut f\u00fcr den Schutz maritimer Infrastrukturen, 14. November 2024.<\/p>\n\n\n\n<p><strong>How to Address Ethical Problems in a Multi-Perspective Context: Interdisciplinary Challenges of XAI.&nbsp;<\/strong>fpet \u2013 Forum on Engineering, Philosophy, and Technology, Karlsruhe, 17.-19. September 2024.<\/p>\n\n\n\n<p><strong>Dealing responsibly with tacit assumptions. An interdisciplinary approach to the integration of ethical reflection into user modelling.<\/strong>&nbsp;EASST-4S 2024: Making and Doing Transformations, 16.-19. Juli 2024, Amsterdam.&nbsp;&nbsp;&nbsp;&nbsp;&nbsp;&nbsp;&nbsp;&nbsp;&nbsp;&nbsp;&nbsp;&nbsp;&nbsp;&nbsp;&nbsp;&nbsp;&nbsp;&nbsp;<\/p>\n\n\n\n<p><strong>Interdisciplinary challenges for xAI ethics and the potential of a phenomenological approach.&nbsp;<\/strong>Gastvortrag, Center for Philosophy of AI, 25. Juni 2024, <abbr title=\"Technische Universit\u00e4t\">TU<\/abbr> Eindhoven.<\/p>\n\n\n\n<p><strong>Trust and awareness in the context of search and rescue missions.<\/strong>&nbsp;Science and Art of Simulation (SAS23): Reliability or Trustworthiness? 30. November-1. Dezember 2023, H\u00f6chstleistungsrechenzentrum Stuttgart.<\/p>\n\n\n\n<p><strong>Drohnen mit Lebenszeichendetektion im humanit\u00e4ren Einsatz. Ein Anwendungsfall f\u00fcr die ethisch-technikphilosophische Reflexion einer Dual-Use-relevanten Technikentwicklung.<\/strong><abbr title=\"Bundesministerium f\u00fcr Bildung und Forschung\">BMBF<\/abbr>-Klausurwoche \u201eDual Use und Missbrauch von Forschungsergebnissen\u201c, 17.-21. Juli 2023, Forschungszentrum J\u00fclich.<\/p>\n\n\n\n<p><strong>Talking to robots. The role of human value in AI-driven communication systems.&nbsp;<\/strong>Workshop &#8222;AI, Human Values and Meaningful Human Control&#8220;, 22.-23. Juni 2023, CST Bonn.&nbsp;<\/p>\n\n\n\n<p><strong>Errechnete Lagebilder. Sehgewohnheiten und Entscheidungsunterst\u00fctzung im Rettungseinsatz.<\/strong>&nbsp;Workshop \u201eMensch-Maschine-Interaktion und Informationsdarstellung. Philosophische Perspektiven auf KI-Anwendungen\u201c. Juniorprofessur f\u00fcr Ethik der digitalen Methoden und Techniken, 20.-21. April 2023, Ruhr-Universit\u00e4t Bochum. Tagungsbericht:&nbsp;<a href=\"https:\/\/www.tatup.de\/index.php\/tatup\/article\/view\/7070\/11845\" rel='nofollow'>https:\/\/www.tatup.de\/index.php\/tatup\/article\/view\/7070\/11845<\/a><\/p>\n\n\n\n<p><em>Alle Vortr\u00e4ge <a href=\"https:\/\/www.hsu-hh.de\/politiktheorie\/publikationen-dr-phil-martina-philippi\">hier<\/a><\/em><\/p>\n","protected":false},"excerpt":{"rendered":"<p>Wissenschaftliche Mitarbeiterin am Lehrstuhl f\u00fcr Politikwissenschaft, insbesondere Politische Theorie Helmut-Schmidt-Universit\u00e4tHolstenhofweg 8522043 Hamburg Email: martina.philippi@hsu-hh.de CV Dr. Martina Philippi ist seit Mai 2025 wissenschaftliche Mitarbeiterin am Lehrstuhl f\u00fcr Politikwissenschaften, insbesondere Politische [&hellip;]<\/p>\n","protected":false},"author":3912,"featured_media":0,"parent":0,"menu_order":0,"comment_status":"closed","ping_status":"closed","template":"","meta":{"footnotes":""},"categories":[4],"tags":[],"class_list":["post-3445","page","type-page","status-publish","hentry","category-forschung"],"_links":{"self":[{"href":"https:\/\/www.hsu-hh.de\/politiktheorie\/wp-json\/wp\/v2\/pages\/3445","targetHints":{"allow":["GET"]}}],"collection":[{"href":"https:\/\/www.hsu-hh.de\/politiktheorie\/wp-json\/wp\/v2\/pages"}],"about":[{"href":"https:\/\/www.hsu-hh.de\/politiktheorie\/wp-json\/wp\/v2\/types\/page"}],"author":[{"embeddable":true,"href":"https:\/\/www.hsu-hh.de\/politiktheorie\/wp-json\/wp\/v2\/users\/3912"}],"replies":[{"embeddable":true,"href":"https:\/\/www.hsu-hh.de\/politiktheorie\/wp-json\/wp\/v2\/comments?post=3445"}],"version-history":[{"count":5,"href":"https:\/\/www.hsu-hh.de\/politiktheorie\/wp-json\/wp\/v2\/pages\/3445\/revisions"}],"predecessor-version":[{"id":3459,"href":"https:\/\/www.hsu-hh.de\/politiktheorie\/wp-json\/wp\/v2\/pages\/3445\/revisions\/3459"}],"wp:attachment":[{"href":"https:\/\/www.hsu-hh.de\/politiktheorie\/wp-json\/wp\/v2\/media?parent=3445"}],"wp:term":[{"taxonomy":"category","embeddable":true,"href":"https:\/\/www.hsu-hh.de\/politiktheorie\/wp-json\/wp\/v2\/categories?post=3445"},{"taxonomy":"post_tag","embeddable":true,"href":"https:\/\/www.hsu-hh.de\/politiktheorie\/wp-json\/wp\/v2\/tags?post=3445"}],"curies":[{"name":"wp","href":"https:\/\/api.w.org\/{rel}","templated":true}]}}