{"id":325,"date":"2017-11-24T11:41:00","date_gmt":"2017-11-24T10:41:00","guid":{"rendered":"https:\/\/www.hsu-hh.de\/politiktheorie\/?page_id=325"},"modified":"2025-11-20T12:35:34","modified_gmt":"2025-11-20T11:35:34","slug":"team-2","status":"publish","type":"page","link":"https:\/\/www.hsu-hh.de\/politiktheorie\/en\/team-2","title":{"rendered":"People"},"content":{"rendered":"\n<hr class=\"wp-block-separator has-alpha-channel-opacity\" \/>\n\n\n\n<div class=\"wp-block-columns is-layout-flex wp-container-core-columns-is-layout-9d6595d7 wp-block-columns-is-layout-flex\">\n<div class=\"wp-block-column is-layout-flow wp-block-column-is-layout-flow\">\n<p style=\"font-size:15px\"><a href=\"https:\/\/www.hsu-hh.de\/politiktheorie\/secretary\" data-type=\"link\" data-id=\"https:\/\/www.hsu-hh.de\/politiktheorie\/en\/dajana-mohr-2\">Susanne Latzel<\/a><br><em>(Secretary)<\/em><\/p>\n<\/div>\n\n\n\n<div class=\"wp-block-column is-layout-flow wp-block-column-is-layout-flow\">\n<p class=\"has-text-align-left\" style=\"font-size:15px;font-style:normal;font-weight:400\"><a href=\"https:\/\/www.hsu-hh.de\/politiktheorie\/team\/ehemalige-mitarbeiter\" data-type=\"link\" data-id=\"https:\/\/www.hsu-hh.de\/politiktheorie\/team\/ehemalige-mitarbeiter\">Former Employees<\/a><br><em>(Only available in German)<\/em><\/p>\n<\/div>\n\n\n\n<div class=\"wp-block-column is-layout-flow wp-block-column-is-layout-flow\">\n<p style=\"font-size:15px\"><a href=\"https:\/\/www.hsu-hh.de\/politiktheorie\/en\/team-2\/student-assistants\" data-type=\"link\" data-id=\"https:\/\/www.hsu-hh.de\/politiktheorie\/team\/soldatische-hilfskraefte\">Student Assistants<\/a><\/p>\n<\/div>\n<\/div>\n\n\n\n<hr class=\"wp-block-separator has-alpha-channel-opacity is-style-wide\" \/>\n\n\n\n<p style=\"font-size:15px;font-style:italic;font-weight:600\">Research Fellows<\/p>\n\n\n\n<p class=\"has-white-background-color has-background\" style=\"font-size:16px\"><a href=\"https:\/\/www.hsu-hh.de\/politiktheorie\/team\/anne-hoss-m-a\"><\/a><a href=\"https:\/\/www.hsu-hh.de\/politiktheorie\/team-2\/christoph-deppe-m-a\/\" target=\"_blank\" rel=\"noreferrer noopener\">Christoph Deppe, M.A.<\/a><\/p>\n\n\n\n<p class=\"has-background\" style=\"background-color:#fafafa;font-size:16px\"><a href=\"https:\/\/www.hsu-hh.de\/politiktheorie\/team\/dr-alexander-stulpe\/\"><\/a><a href=\"https:\/\/www.hsu-hh.de\/politiktheorie\/en\/team-2\/dr-sebastian-dumm\" data-type=\"link\" data-id=\"https:\/\/www.hsu-hh.de\/politiktheorie\/en\/team-2\/dr-sebastian-dumm\" target=\"_blank\" rel=\"noreferrer noopener\"><abbr title=\"Doktor\">Dr.<\/abbr> Sebastian Dumm<\/a><\/p>\n\n\n\n<p class=\"has-white-background-color has-background\" style=\"font-size:16px\"><a href=\"https:\/\/www.hsu-hh.de\/politiktheorie\/en\/dr-dagmar-schulze-heuling-2\"><abbr title=\"Privatdozent\">PD<\/abbr> <abbr title=\"Doktor\">Dr.<\/abbr> Dagmar Schulze Heuling<\/a><\/p>\n\n\n\n<p class=\"has-background\" style=\"background-color:#fafafa;font-size:16px\"><a href=\"https:\/\/www.hsu-hh.de\/politiktheorie\/en\/joseph-verbovszky-2\"><abbr title=\"Doktor\">Dr.<\/abbr> Joseph Verbovszky<\/a><\/p>\n\n\n\n<p class=\"has-white-background-color has-background\" style=\"font-size:16px\"><a href=\"https:\/\/www.hsu-hh.de\/politiktheorie\/en\/severin-pleyer-2\" data-type=\"link\" data-id=\"https:\/\/www.hsu-hh.de\/politiktheorie\/en\/severin-pleyer-2\" target=\"_blank\" rel=\"noreferrer noopener\">Severin Pleyer, Master II en D\u00e9fense, s\u00e9curit\u00e9 et gestion de crise<\/a><\/p>\n\n\n\n<p class=\"has-background\" style=\"background-color:#fafafa;font-size:16px\"><a href=\"https:\/\/www.hsu-hh.de\/politiktheorie\/en\/babisck\" data-type=\"link\" data-id=\"https:\/\/www.hsu-hh.de\/politiktheorie\/en\/babisck\"><abbr title=\"Doktor\">Dr.<\/abbr> Charalampos (Babis) Karpouchtsis<\/a><\/p>\n\n\n\n<p class=\"has-white-background-color has-background\" style=\"font-size:16px\"><a href=\"https:\/\/www.hsu-hh.de\/politiktheorie\/deniz-kocak\" target=\"_blank\" rel=\"noreferrer noopener\"><abbr title=\"Doktor\">Dr.<\/abbr> Deniz Kocak<\/a><\/p>\n\n\n\n<p class=\"has-grey-background-color has-background\" style=\"font-size:16px\"><a href=\"https:\/\/www.hsu-hh.de\/politiktheorie\/?page_id=2913\">Bastian Manteuffel, M.A.<\/a><\/p>\n\n\n\n<p class=\"has-white-background-color has-background\" style=\"font-size:16px\"><a href=\"https:\/\/www.hsu-hh.de\/politiktheorie\/en\/julian-pawlak-3\" data-type=\"link\" data-id=\"https:\/\/www.hsu-hh.de\/politiktheorie\/en\/julian-pawlak-3\">Julian Pawlak, M.A.<\/a><\/p>\n\n\n\n<p class=\"has-grey-background-color has-background\" style=\"font-size:16px\"><a href=\"https:\/\/www.hsu-hh.de\/politiktheorie\/?page_id=2913\"><\/a><a href=\"https:\/\/www.hsu-hh.de\/politiktheorie\/en\/?page_id=3303\" data-type=\"page\" data-id=\"3303\"><abbr title=\"Doktor\">Dr.<\/abbr>&nbsp;Philip Jan Sch\u00e4fer<\/a><\/p>\n\n\n\n<p class=\"has-white-background-color has-background\" style=\"font-size:16px\"><a href=\"https:\/\/www.hsu-hh.de\/politiktheorie\/en\/julian-pawlak-3\" data-type=\"link\" data-id=\"https:\/\/www.hsu-hh.de\/politiktheorie\/en\/julian-pawlak-3\"><\/a><a href=\"https:\/\/www.hsu-hh.de\/politiktheorie\/en\/?page_id=3297\"><abbr title=\"Doktor\">Dr.<\/abbr> Jill Long<\/a><\/p>\n\n\n\n<p class=\"has-grey-background-color has-background\" style=\"font-size:16px\"><a href=\"https:\/\/www.hsu-hh.de\/politiktheorie\/?page_id=2913\"><\/a><a href=\"https:\/\/www.hsu-hh.de\/politiktheorie\/en\/niklas-masuhr-2\" data-type=\"page\" data-id=\"3306\">Niklas Masuhr, M.A.<\/a><\/p>\n\n\n\n<p class=\"has-white-background-color has-background\" style=\"font-size:16px\"><a href=\"https:\/\/www.hsu-hh.de\/politiktheorie\/en\/julian-pawlak-3\" data-type=\"link\" data-id=\"https:\/\/www.hsu-hh.de\/politiktheorie\/en\/julian-pawlak-3\"><\/a><a href=\"https:\/\/www.hsu-hh.de\/politiktheorie\/team\/jill-long\"><\/a><a href=\"https:\/\/www.hsu-hh.de\/politiktheorie\/en\/?page_id=3309\" data-type=\"page\" data-id=\"3309\">Karl Hufnagl, M.A.<\/a><\/p>\n\n\n\n<p class=\"has-grey-background-color has-background\" style=\"font-size:16px\"><a href=\"https:\/\/www.hsu-hh.de\/politiktheorie\/en\/?page_id=3461\" data-type=\"page\" data-id=\"3461\"><abbr title=\"Doktor\">Dr.<\/abbr> phil. Martina Philippi<\/a><\/p>\n\n\n\n<hr class=\"wp-block-separator has-alpha-channel-opacity is-style-dots\" \/>\n","protected":false},"excerpt":{"rendered":"<p>Susanne Latzel(Secretary) Former Employees(Only available in German) Student Assistants Research Fellows Christoph Deppe, M.A. Dr. Sebastian Dumm PD Dr. Dagmar Schulze Heuling Dr. Joseph Verbovszky Severin Pleyer, Master II en [&hellip;]<\/p>\n","protected":false},"author":181,"featured_media":0,"parent":0,"menu_order":0,"comment_status":"closed","ping_status":"closed","template":"","meta":{"footnotes":""},"categories":[9],"tags":[],"class_list":["post-325","page","type-page","status-publish","hentry","category-team-en"],"_links":{"self":[{"href":"https:\/\/www.hsu-hh.de\/politiktheorie\/wp-json\/wp\/v2\/pages\/325","targetHints":{"allow":["GET"]}}],"collection":[{"href":"https:\/\/www.hsu-hh.de\/politiktheorie\/wp-json\/wp\/v2\/pages"}],"about":[{"href":"https:\/\/www.hsu-hh.de\/politiktheorie\/wp-json\/wp\/v2\/types\/page"}],"author":[{"embeddable":true,"href":"https:\/\/www.hsu-hh.de\/politiktheorie\/wp-json\/wp\/v2\/users\/181"}],"replies":[{"embeddable":true,"href":"https:\/\/www.hsu-hh.de\/politiktheorie\/wp-json\/wp\/v2\/comments?post=325"}],"version-history":[{"count":66,"href":"https:\/\/www.hsu-hh.de\/politiktheorie\/wp-json\/wp\/v2\/pages\/325\/revisions"}],"predecessor-version":[{"id":3587,"href":"https:\/\/www.hsu-hh.de\/politiktheorie\/wp-json\/wp\/v2\/pages\/325\/revisions\/3587"}],"wp:attachment":[{"href":"https:\/\/www.hsu-hh.de\/politiktheorie\/wp-json\/wp\/v2\/media?parent=325"}],"wp:term":[{"taxonomy":"category","embeddable":true,"href":"https:\/\/www.hsu-hh.de\/politiktheorie\/wp-json\/wp\/v2\/categories?post=325"},{"taxonomy":"post_tag","embeddable":true,"href":"https:\/\/www.hsu-hh.de\/politiktheorie\/wp-json\/wp\/v2\/tags?post=325"}],"curies":[{"name":"wp","href":"https:\/\/api.w.org\/{rel}","templated":true}]}}