{"id":3140,"date":"2024-09-06T10:02:59","date_gmt":"2024-09-06T08:02:59","guid":{"rendered":"https:\/\/www.hsu-hh.de\/politiktheorie\/?page_id=3140"},"modified":"2024-09-06T10:03:00","modified_gmt":"2024-09-06T08:03:00","slug":"leonard-goetz","status":"publish","type":"page","link":"https:\/\/www.hsu-hh.de\/politiktheorie\/leonard-goetz","title":{"rendered":"Leonard G\u00f6tz"},"content":{"rendered":"\n<h2 class=\"wp-block-heading\">Soldatische Hilfskraft am Lehrstuhl f\u00fcr Politische Theorie<\/h2>\n\n\n\n<hr class=\"wp-block-separator has-alpha-channel-opacity\" \/>\n\n\n\n<p>Helmut-Schmidt-Universit\u00e4t<br>Geb\u00e4ude H1<br>Holstenhofweg 85<br>22043 Hamburg<\/p>\n\n\n\n<p>E-Mail: folgt <\/p>\n\n\n\n<hr class=\"wp-block-separator has-alpha-channel-opacity\" \/>\n\n\n\n<h2 class=\"wp-block-heading\"><strong>Lebenlauf<\/strong><\/h2>\n\n\n\n<hr class=\"wp-block-separator has-alpha-channel-opacity\" \/>\n\n\n\n<p><strong>Seit&nbsp;April 2024<\/strong><\/p>\n\n\n\n<p>Studentische Hilfskraft am Lehrstuhl f\u00fcr Politikwissenschaft, insbesondere Politische Theorie an der Universit\u00e4t der Bundeswehr\/Helmut-Schmidt-Universit\u00e4t<\/p>\n\n\n\n<p><strong>Seit&nbsp;Oktober&nbsp;2022<\/strong><\/p>\n\n\n\n<p>Studium der Politikwissenschaft (B.A.) an der Universit\u00e4t der Bundeswehr\/Helmut-Schmidt-Universit\u00e4t<\/p>\n","protected":false},"excerpt":{"rendered":"<p>Soldatische Hilfskraft am Lehrstuhl f\u00fcr Politische Theorie Helmut-Schmidt-Universit\u00e4tGeb\u00e4ude H1Holstenhofweg 8522043 Hamburg E-Mail: folgt Lebenlauf Seit&nbsp;April 2024 Studentische Hilfskraft am Lehrstuhl f\u00fcr Politikwissenschaft, insbesondere Politische Theorie an der Universit\u00e4t der Bundeswehr\/Helmut-Schmidt-Universit\u00e4t [&hellip;]<\/p>\n","protected":false},"author":3912,"featured_media":0,"parent":0,"menu_order":0,"comment_status":"closed","ping_status":"closed","template":"","meta":{"footnotes":""},"categories":[4],"tags":[],"class_list":["post-3140","page","type-page","status-publish","hentry","category-forschung"],"_links":{"self":[{"href":"https:\/\/www.hsu-hh.de\/politiktheorie\/wp-json\/wp\/v2\/pages\/3140","targetHints":{"allow":["GET"]}}],"collection":[{"href":"https:\/\/www.hsu-hh.de\/politiktheorie\/wp-json\/wp\/v2\/pages"}],"about":[{"href":"https:\/\/www.hsu-hh.de\/politiktheorie\/wp-json\/wp\/v2\/types\/page"}],"author":[{"embeddable":true,"href":"https:\/\/www.hsu-hh.de\/politiktheorie\/wp-json\/wp\/v2\/users\/3912"}],"replies":[{"embeddable":true,"href":"https:\/\/www.hsu-hh.de\/politiktheorie\/wp-json\/wp\/v2\/comments?post=3140"}],"version-history":[{"count":2,"href":"https:\/\/www.hsu-hh.de\/politiktheorie\/wp-json\/wp\/v2\/pages\/3140\/revisions"}],"predecessor-version":[{"id":3148,"href":"https:\/\/www.hsu-hh.de\/politiktheorie\/wp-json\/wp\/v2\/pages\/3140\/revisions\/3148"}],"wp:attachment":[{"href":"https:\/\/www.hsu-hh.de\/politiktheorie\/wp-json\/wp\/v2\/media?parent=3140"}],"wp:term":[{"taxonomy":"category","embeddable":true,"href":"https:\/\/www.hsu-hh.de\/politiktheorie\/wp-json\/wp\/v2\/categories?post=3140"},{"taxonomy":"post_tag","embeddable":true,"href":"https:\/\/www.hsu-hh.de\/politiktheorie\/wp-json\/wp\/v2\/tags?post=3140"}],"curies":[{"name":"wp","href":"https:\/\/api.w.org\/{rel}","templated":true}]}}