{"id":3133,"date":"2024-09-06T09:57:00","date_gmt":"2024-09-06T07:57:00","guid":{"rendered":"https:\/\/www.hsu-hh.de\/politiktheorie\/?page_id=3133"},"modified":"2025-01-12T17:07:39","modified_gmt":"2025-01-12T16:07:39","slug":"celina-rieck","status":"publish","type":"page","link":"https:\/\/www.hsu-hh.de\/politiktheorie\/team\/soldatische-hilfskraefte\/celina-rieck","title":{"rendered":"Celina Rieck"},"content":{"rendered":"\n<h2 class=\"wp-block-heading\">Soldatische Hilfskraft am Lehrstuhl f\u00fcr Politische Theorie<\/h2>\n\n\n\n<hr class=\"wp-block-separator has-alpha-channel-opacity\" \/>\n\n\n\n<p>Helmut-Schmidt-Universit\u00e4t<br>Geb\u00e4ude H1<br>Holstenhofweg 85<br>22043 Hamburg<\/p>\n\n\n\n<p>E-Mail: Celina.rieck@hsu-hh.de<\/p>\n\n\n\n<hr class=\"wp-block-separator has-alpha-channel-opacity\" \/>\n\n\n\n<h2 class=\"wp-block-heading\"><strong>Lebenslauf<\/strong><\/h2>\n\n\n\n<hr class=\"wp-block-separator has-alpha-channel-opacity\" \/>\n\n\n\n<p><strong>Seit Januar 2025<\/strong><\/p>\n\n\n\n<p>Studium: Digital Administration and Governance (M.A.) an der Universit\u00e4t der Bundeswehr\/Helmut-Schmidt-Universit\u00e4t<\/p>\n\n\n\n<p><strong>Seit&nbsp;April 2024<\/strong><\/p>\n\n\n\n<p>Studentische Hilfskraft am Lehrstuhl f\u00fcr Politikwissenschaft, insbesondere Politische Theorie an der Universit\u00e4t der Bundeswehr\/Helmut-Schmidt-Universit\u00e4t<\/p>\n\n\n\n<p><strong>Oktober&nbsp;2022 &#8211; Dezember 2024<\/strong><\/p>\n\n\n\n<p>Studium der Politikwissenschaft (B.A.) an der Universit\u00e4t der Bundeswehr\/Helmut-Schmidt-Universit\u00e4t<\/p>\n\n\n\n<p><strong>Seit Juli 2021<\/strong><\/p>\n\n\n\n<p>Offizierlaufbahn der Bundeswehr<\/p>\n","protected":false},"excerpt":{"rendered":"<p>Soldatische Hilfskraft am Lehrstuhl f\u00fcr Politische Theorie Helmut-Schmidt-Universit\u00e4tGeb\u00e4ude H1Holstenhofweg 8522043 Hamburg E-Mail: Celina.rieck@hsu-hh.de Lebenslauf Seit Januar 2025 Studium: Digital Administration and Governance (M.A.) an der Universit\u00e4t der Bundeswehr\/Helmut-Schmidt-Universit\u00e4t Seit&nbsp;April 2024 [&hellip;]<\/p>\n","protected":false},"author":3912,"featured_media":0,"parent":609,"menu_order":0,"comment_status":"closed","ping_status":"closed","template":"","meta":{"footnotes":""},"categories":[8],"tags":[219],"class_list":["post-3133","page","type-page","status-publish","hentry","category-team","tag-celina-rieck"],"_links":{"self":[{"href":"https:\/\/www.hsu-hh.de\/politiktheorie\/wp-json\/wp\/v2\/pages\/3133","targetHints":{"allow":["GET"]}}],"collection":[{"href":"https:\/\/www.hsu-hh.de\/politiktheorie\/wp-json\/wp\/v2\/pages"}],"about":[{"href":"https:\/\/www.hsu-hh.de\/politiktheorie\/wp-json\/wp\/v2\/types\/page"}],"author":[{"embeddable":true,"href":"https:\/\/www.hsu-hh.de\/politiktheorie\/wp-json\/wp\/v2\/users\/3912"}],"replies":[{"embeddable":true,"href":"https:\/\/www.hsu-hh.de\/politiktheorie\/wp-json\/wp\/v2\/comments?post=3133"}],"version-history":[{"count":4,"href":"https:\/\/www.hsu-hh.de\/politiktheorie\/wp-json\/wp\/v2\/pages\/3133\/revisions"}],"predecessor-version":[{"id":3275,"href":"https:\/\/www.hsu-hh.de\/politiktheorie\/wp-json\/wp\/v2\/pages\/3133\/revisions\/3275"}],"up":[{"embeddable":true,"href":"https:\/\/www.hsu-hh.de\/politiktheorie\/wp-json\/wp\/v2\/pages\/609"}],"wp:attachment":[{"href":"https:\/\/www.hsu-hh.de\/politiktheorie\/wp-json\/wp\/v2\/media?parent=3133"}],"wp:term":[{"taxonomy":"category","embeddable":true,"href":"https:\/\/www.hsu-hh.de\/politiktheorie\/wp-json\/wp\/v2\/categories?post=3133"},{"taxonomy":"post_tag","embeddable":true,"href":"https:\/\/www.hsu-hh.de\/politiktheorie\/wp-json\/wp\/v2\/tags?post=3133"}],"curies":[{"name":"wp","href":"https:\/\/api.w.org\/{rel}","templated":true}]}}