{"id":2933,"date":"2024-01-15T10:22:43","date_gmt":"2024-01-15T09:22:43","guid":{"rendered":"https:\/\/www.hsu-hh.de\/politiktheorie\/?page_id=2933"},"modified":"2024-01-15T10:22:43","modified_gmt":"2024-01-15T09:22:43","slug":"neue-publikation-disinformation-in-cognitive-warfare-foreign-information-manipulation-and-interference-and-hybrid-threats","status":"publish","type":"page","link":"https:\/\/www.hsu-hh.de\/politiktheorie\/neue-publikation-disinformation-in-cognitive-warfare-foreign-information-manipulation-and-interference-and-hybrid-threats","title":{"rendered":"Neue Publikation: \u201eDisinformation in Cognitive Warfare, Foreign Information Manipulation and Interference, and Hybrid Threats\u201c"},"content":{"rendered":"\n<p>Wir freuen uns, einen neuen Artikel aus unserem Lehrstuhl vorzustellen, welcher von Christoph Deppe im Journal &#8222;The Defence Horizon&#8220; ver\u00f6ffentlicht wurde. Der Artikel, betitelt &#8222;Disinformation in Cognitive Warfare, Foreign Information Manipulation and Interference, and Hybrid Threats&#8220;, bietet eine Analyse dar\u00fcber, wie Desinformation strategisch Schwachstellen in demokratischen Institutionen ausnutzt. Er beleuchtet die komplement\u00e4ren Natur dieser Konzepte in verschiedenen gesellschaftlichen Dom\u00e4nen und bietet wertvolle Einblicke f\u00fcr politische Entscheidungstr\u00e4ger und Verteidigungsagenturen. Diese Arbeit erweitert unser Verst\u00e4ndnis von Desinformation in verschiedenen konzeptuellen, sozialen und strategischen Kontexten und tr\u00e4gt dazu bei, effektive Gegenstrategien zu entwickeln.<\/p>\n\n\n\n<p>Weitere Details finden Sie auf <a href=\"https:\/\/zenodo.org\/records\/10005172\" rel='nofollow'>Zenodo<\/a> und direkt bei <a href=\"https:\/\/tdhj.org\/blog\/post\/disinformation-cognitive-warfare-hybrid\/\" rel='nofollow'>The Defence Horizon<\/a>.<\/p>\n","protected":false},"excerpt":{"rendered":"<p>Wir freuen uns, einen neuen Artikel aus unserem Lehrstuhl vorzustellen, welcher von Christoph Deppe im Journal &#8222;The Defence Horizon&#8220; ver\u00f6ffentlicht wurde. Der Artikel, betitelt &#8222;Disinformation in Cognitive Warfare, Foreign Information [&hellip;]<\/p>\n","protected":false},"author":181,"featured_media":0,"parent":0,"menu_order":0,"comment_status":"closed","ping_status":"closed","template":"","meta":{"footnotes":""},"categories":[29,60],"tags":[],"class_list":["post-2933","page","type-page","status-publish","hentry","category-nachrichtenslider","category-news"],"_links":{"self":[{"href":"https:\/\/www.hsu-hh.de\/politiktheorie\/wp-json\/wp\/v2\/pages\/2933","targetHints":{"allow":["GET"]}}],"collection":[{"href":"https:\/\/www.hsu-hh.de\/politiktheorie\/wp-json\/wp\/v2\/pages"}],"about":[{"href":"https:\/\/www.hsu-hh.de\/politiktheorie\/wp-json\/wp\/v2\/types\/page"}],"author":[{"embeddable":true,"href":"https:\/\/www.hsu-hh.de\/politiktheorie\/wp-json\/wp\/v2\/users\/181"}],"replies":[{"embeddable":true,"href":"https:\/\/www.hsu-hh.de\/politiktheorie\/wp-json\/wp\/v2\/comments?post=2933"}],"version-history":[{"count":1,"href":"https:\/\/www.hsu-hh.de\/politiktheorie\/wp-json\/wp\/v2\/pages\/2933\/revisions"}],"predecessor-version":[{"id":2934,"href":"https:\/\/www.hsu-hh.de\/politiktheorie\/wp-json\/wp\/v2\/pages\/2933\/revisions\/2934"}],"wp:attachment":[{"href":"https:\/\/www.hsu-hh.de\/politiktheorie\/wp-json\/wp\/v2\/media?parent=2933"}],"wp:term":[{"taxonomy":"category","embeddable":true,"href":"https:\/\/www.hsu-hh.de\/politiktheorie\/wp-json\/wp\/v2\/categories?post=2933"},{"taxonomy":"post_tag","embeddable":true,"href":"https:\/\/www.hsu-hh.de\/politiktheorie\/wp-json\/wp\/v2\/tags?post=2933"}],"curies":[{"name":"wp","href":"https:\/\/api.w.org\/{rel}","templated":true}]}}