{"id":2913,"date":"2024-01-14T22:27:15","date_gmt":"2024-01-14T21:27:15","guid":{"rendered":"https:\/\/www.hsu-hh.de\/politiktheorie\/?page_id=2913"},"modified":"2025-05-13T11:20:12","modified_gmt":"2025-05-13T09:20:12","slug":"bastian-manteuffel-m-a","status":"publish","type":"page","link":"https:\/\/www.hsu-hh.de\/politiktheorie\/team\/bastian-manteuffel-m-a","title":{"rendered":"Bastian Manteuffel, M.A."},"content":{"rendered":"\n<h2 class=\"wp-block-heading\">Wissenschaftlicher Mitarbeiter am Lehrstuhl f\u00fcr Politikwissenschaft, insbesondere Politische Theorie<\/h2>\n\n\n\n<hr class=\"wp-block-separator has-alpha-channel-opacity\" \/>\n\n\n\n<div class=\"wp-block-media-text has-media-on-the-right is-stacked-on-mobile\" style=\"grid-template-columns:auto 23%\"><div class=\"wp-block-media-text__content\">\n<p>Helmut-Schmidt-Universit\u00e4t<br>Holstenhofweg 85<br>22043 Hamburg<br>Geb\u00e4ude H1, Raum: 1366<\/p>\n\n\n\n<p><\/p>\n\n\n\n<p>Email: bastian.manteuffel [at] hsu-hh.de<\/p>\n<\/div><figure class=\"wp-block-media-text__media\"><img loading=\"lazy\" decoding=\"async\" width=\"210\" height=\"210\" src=\"https:\/\/www.hsu-hh.de\/politiktheorie\/wp-content\/uploads\/sites\/726\/2021\/05\/Platzhalter.jpg\" data-credit=\"Platzhalter\" alt=\"Platzhalter\" class=\"wp-image-1392 size-full\" srcset=\"https:\/\/www.hsu-hh.de\/politiktheorie\/wp-content\/uploads\/sites\/726\/2021\/05\/Platzhalter.jpg 210w, https:\/\/www.hsu-hh.de\/politiktheorie\/wp-content\/uploads\/sites\/726\/2021\/05\/Platzhalter-150x150.jpg 150w, https:\/\/www.hsu-hh.de\/politiktheorie\/wp-content\/uploads\/sites\/726\/2021\/05\/Platzhalter-100x100.jpg 100w\" sizes=\"auto, (max-width: 210px) 100vw, 210px\" \/><\/figure><\/div>\n\n\n\n<hr class=\"wp-block-separator has-alpha-channel-opacity\" \/>\n\n\n\n<h2 class=\"wp-block-heading\">Lebenslauf<\/h2>\n\n\n\n<hr class=\"wp-block-separator has-alpha-channel-opacity\" \/>\n\n\n\n<p><br><strong>seit Januar 2024<\/strong><\/p>\n\n\n\n<p>Wissenschaftlicher Mitarbeiter am Lehrstuhl f\u00fcr Politikwissenschaft, insbesondere Politische Theorie an der Helmut Schmidt Universit\u00e4t\/Universit\u00e4t der Bundeswehr Hamburg<\/p>\n\n\n\n<p><br><strong>seit 2021<\/strong><\/p>\n\n\n\n<p>Wissenschaftlicher Mitarbeiter im dtec-Projekt: \u201eSmarte Systeme: Erh\u00f6hung der Nutzungsqualit\u00e4t von E-Government\u201c<\/p>\n\n\n\n<p><br><strong>2017 &#8211; 2023<\/strong><\/p>\n\n\n\n<p>Wissenschaftlicher Mitarbeiter beim vhw Bundesverband f. Wohnen und Stadtentwicklung<\/p>\n\n\n\n<p><br><strong>2016 &#8211; 2021<\/strong><\/p>\n\n\n\n<p>M.A. Europ\u00e4ische Ethnologie, Humboldt-Universit\u00e4t zu Berlin<\/p>\n\n\n\n<p>Abschlussarbeit: \u201eFrom Urban to Communicational Problems? An inquiry into the problematization of digital urbanism.\u201c (Ausgezeichnet mit dem Georg-Simmel-Preis des Georg-Simmel-Zentrums f\u00fcr Stadtforschung, Humboldt-Universit\u00e4t zu Berlin, 2021)<\/p>\n\n\n\n<p><br><strong>Bis 2016<\/strong><\/p>\n\n\n\n<p>B.Sc. Geographie, Universit\u00e4t M\u00fcnster<\/p>\n\n\n\n<p>Diverse kuratorische T\u00e4tigkeiten an der Schnittstelle von Stadtforschung und Kunst-\/Kulturproduktion (Zentrum f\u00fcr Kunst und Urbanistik, Berlin; Acud Macht Neu, Berlin)<\/p>\n\n\n\n<hr class=\"wp-block-separator has-alpha-channel-opacity\" \/>\n\n\n\n<h2 class=\"wp-block-heading\">Forschungsinteressen<\/h2>\n\n\n\n<hr class=\"wp-block-separator has-alpha-channel-opacity\" \/>\n\n\n\n<p>Science and Technology Studies<\/p>\n\n\n\n<p>Wissens- und Stadtanthropologie<\/p>\n\n\n\n<p>Anthropology of Infrastructure<\/p>\n\n\n\n<p>Digitaler Urbanismus<\/p>\n\n\n\n<p>Digitale Verwaltung, Datafizierung und Technisierung<\/p>\n\n\n\n<hr class=\"wp-block-separator has-alpha-channel-opacity\" \/>\n\n\n\n<h2 class=\"wp-block-heading\">Publikationen und Vortr\u00e4ge<\/h2>\n\n\n\n<hr class=\"wp-block-separator has-alpha-channel-opacity\" \/>\n\n\n\n<p>Manteuffel, Bastian: &#8222;Futuremaking as Problemmaking. Or: problematizing digital urbanism&#8220;, Vortrag: Urban Future-Making: Situating agency within the built environment, International Conference, HafenCity Universit\u00e4t Hamburg, 05. &amp; 06.05.2025.<\/p>\n\n\n\n<p>Kuder, Thomas &amp; Manteuffel, Bastian (2024). Koordinationsherausforderungen der Digitalisierung in der Kommunalverwaltung \u2013 Eine empirische Exploration am Beispiel der Stadt Ludwigsburg. dms \u2013 der moderne staat \u2013 Zeitschrift f\u00fcr Public Policy, Recht und Management, 17(1-2024), online first, 1-28.&nbsp;<a class=\"\" href=\"https:\/\/doi.org\/10.3224\/dms.vXiX.340559\" rel='nofollow'>https:\/\/doi.org\/10.3224\/dms.vXiX.340559<\/a><\/p>\n\n\n\n<p>Kuder, Thomas; Manteuffel, Bastian; Schaal, Gary S.; Schaefer, Christina; Dumm, Sebastian; Perry, Thomas; Serfas, Gero (2022): \u201eSpannungsfelder und Erfolgsfaktoren kommunaler Digitalisierung: Erste Ergebnisse der Einf\u00fchrung des digitalen Bauantragsverfahrens in Ludwigsburg\u201c, dtec.bw-Beitr\u00e4ge der Helmut-Schmidt-Universit\u00e4t \/ Universit\u00e4t der Bundeswehr Hamburg: Forschungsaktivit\u00e4ten im Zentrum f\u00fcr Digitalisierungs- und Technologieforschung der Bundeswehr dtec.bw, <abbr title=\"Band\">Bd.<\/abbr> 1 \u00b7 2022. S. 368-377. <a href=\"https:\/\/doi.org\/10.24405\/14579\" rel='nofollow'>PDF<\/a><\/p>\n\n\n\n<p>Manteuffel, Bastian (2021). From Urban to Communicational Problems? An inquiry into the problematization of digital urbanism. Berliner Abschlussarbeiten der Europ\u00e4ischen Ethnologie, <abbr title=\"Band\">Bd.<\/abbr> 7. Humboldt-Universit\u00e4t zu Berlin. <a href=\"https:\/\/doi.org\/10.18452\/23444\" rel='nofollow'>PDF<\/a><\/p>\n\n\n\n<p>Manteuffel, Bastian: &#8222;From Urban to Communicational problems? An inquiry into the problematization of digital urbanism&#8220;, Vortrag: Georg-Simmel-Zentrumstage, Humboldt-Universit\u00e4t zu Berlin, 04. &amp; 05.11.2021.<\/p>\n\n\n\n<p>Manteuffel, Bastian (2021). Infrastrukturelle Implikationen f\u00fcr den digitalen Wandel. <em>vhw werkSTADT Nr. 58<\/em>. <a href=\"https:\/\/www.vhw.de\/fileadmin\/user_upload\/08_publikationen\/werkSTADT\/PDF\/vhw_werkSTADT_Infrastrukturelle_Implikationen_fuer_den_digitalen_Wandel_Nr._58_2021.pdf\" rel='nofollow'>PDF<\/a><\/p>\n\n\n\n<p>Helfen, Thomas; Kuder, Thomas &amp; Manteuffel, Bastian (<abbr title=\"Herausgeber\">Hrsg.<\/abbr>) (2020). Herausforderungen der Digitalisierung f\u00fcr benachteiligte Stadtquartiere.&nbsp;Berichte eines internationalen Workshops \/ Challenges of a Digital City for Disadvantaged Neighbourhoods. Reports of an international workshop. <em>vhw-Schriftenreihe 17.<\/em> <a href=\"https:\/\/www.vhw.de\/fileadmin\/user_upload\/08_publikationen\/vhw-schriftenreihe-tagungsband\/PDFs\/vhw_Schriftenreihe_Nr._17_Herausforderungen_der_Digitalisierung_Challenges_Digital_City.pdf\" rel='nofollow'>PDF<\/a><\/p>\n","protected":false},"excerpt":{"rendered":"<p>Wissenschaftlicher Mitarbeiter am Lehrstuhl f\u00fcr Politikwissenschaft, insbesondere Politische Theorie Helmut-Schmidt-Universit\u00e4tHolstenhofweg 8522043 HamburgGeb\u00e4ude H1, Raum: 1366 Email: bastian.manteuffel [at] hsu-hh.de Lebenslauf seit Januar 2024 Wissenschaftlicher Mitarbeiter am Lehrstuhl f\u00fcr Politikwissenschaft, insbesondere [&hellip;]<\/p>\n","protected":false},"author":3735,"featured_media":0,"parent":124,"menu_order":0,"comment_status":"closed","ping_status":"closed","template":"","meta":{"footnotes":""},"categories":[8],"tags":[],"class_list":["post-2913","page","type-page","status-publish","hentry","category-team"],"_links":{"self":[{"href":"https:\/\/www.hsu-hh.de\/politiktheorie\/wp-json\/wp\/v2\/pages\/2913","targetHints":{"allow":["GET"]}}],"collection":[{"href":"https:\/\/www.hsu-hh.de\/politiktheorie\/wp-json\/wp\/v2\/pages"}],"about":[{"href":"https:\/\/www.hsu-hh.de\/politiktheorie\/wp-json\/wp\/v2\/types\/page"}],"author":[{"embeddable":true,"href":"https:\/\/www.hsu-hh.de\/politiktheorie\/wp-json\/wp\/v2\/users\/3735"}],"replies":[{"embeddable":true,"href":"https:\/\/www.hsu-hh.de\/politiktheorie\/wp-json\/wp\/v2\/comments?post=2913"}],"version-history":[{"count":7,"href":"https:\/\/www.hsu-hh.de\/politiktheorie\/wp-json\/wp\/v2\/pages\/2913\/revisions"}],"predecessor-version":[{"id":3422,"href":"https:\/\/www.hsu-hh.de\/politiktheorie\/wp-json\/wp\/v2\/pages\/2913\/revisions\/3422"}],"up":[{"embeddable":true,"href":"https:\/\/www.hsu-hh.de\/politiktheorie\/wp-json\/wp\/v2\/pages\/124"}],"wp:attachment":[{"href":"https:\/\/www.hsu-hh.de\/politiktheorie\/wp-json\/wp\/v2\/media?parent=2913"}],"wp:term":[{"taxonomy":"category","embeddable":true,"href":"https:\/\/www.hsu-hh.de\/politiktheorie\/wp-json\/wp\/v2\/categories?post=2913"},{"taxonomy":"post_tag","embeddable":true,"href":"https:\/\/www.hsu-hh.de\/politiktheorie\/wp-json\/wp\/v2\/tags?post=2913"}],"curies":[{"name":"wp","href":"https:\/\/api.w.org\/{rel}","templated":true}]}}