{"id":2885,"date":"2023-11-29T16:39:15","date_gmt":"2023-11-29T15:39:15","guid":{"rendered":"https:\/\/www.hsu-hh.de\/politiktheorie\/?page_id=2885"},"modified":"2023-11-29T16:40:07","modified_gmt":"2023-11-29T15:40:07","slug":"neue-publikation-der-lockdown-politische-philosophische-rechtlcihe-und-ethische-aspekte-von-dr-dagmar-schulze-heuling","status":"publish","type":"page","link":"https:\/\/www.hsu-hh.de\/politiktheorie\/neue-publikation-der-lockdown-politische-philosophische-rechtlcihe-und-ethische-aspekte-von-dr-dagmar-schulze-heuling","title":{"rendered":"Neue Publikation: &#8222;Der Lockdown. Politische, philosophische, rechtliche und ethische Aspekte&#8220; von Dr. Dagmar Schulze Heuling"},"content":{"rendered":"\n<p>Welche \u00dcberlegungen und Emotionen haben die Entscheidungen f\u00fcr Lockdowns zur Eind\u00e4mmung der COVID-19-Pandemie beeinflusst, welche h\u00e4tten wom\u00f6glich st\u00e4rker beachtet werden sollen? Die Autorin sucht nach Antworten und setzt sich mit politischen, philosophischen, rechtlichen und ethischen Argumenten f\u00fcr und gegen einen Lockdown auseinander. Daneben untersucht sie den Einfluss von Bildern sowie der menschlichen Psyche \u2013 etwa des Drangs, auch wider besseres Wissen zu handeln \u2013 auf die Entscheidung f\u00fcr den Lockdown. Damit schafft das Buch eine wichtige Grundlage f\u00fcr eine fundierte und produktive Auseinandersetzung mit dieser Politik.<\/p>\n\n\n\n<figure class=\"wp-block-image size-full\"><img loading=\"lazy\" decoding=\"async\" width=\"677\" height=\"362\" src=\"https:\/\/www.hsu-hh.de\/politiktheorie\/wp-content\/uploads\/sites\/726\/2023\/11\/Der-Lockdown-Heuling.png\" data-credit=\"\" alt=\"\" class=\"wp-image-2888\" srcset=\"https:\/\/www.hsu-hh.de\/politiktheorie\/wp-content\/uploads\/sites\/726\/2023\/11\/Der-Lockdown-Heuling.png 677w, https:\/\/www.hsu-hh.de\/politiktheorie\/wp-content\/uploads\/sites\/726\/2023\/11\/Der-Lockdown-Heuling-300x160.png 300w\" sizes=\"auto, (max-width: 677px) 100vw, 677px\" \/><\/figure>\n","protected":false},"excerpt":{"rendered":"<p>Welche \u00dcberlegungen und Emotionen haben die Entscheidungen f\u00fcr Lockdowns zur Eind\u00e4mmung der COVID-19-Pandemie beeinflusst, welche h\u00e4tten wom\u00f6glich st\u00e4rker beachtet werden sollen? Die Autorin sucht nach Antworten und setzt sich mit [&hellip;]<\/p>\n","protected":false},"author":3735,"featured_media":0,"parent":0,"menu_order":0,"comment_status":"closed","ping_status":"closed","template":"","meta":{"footnotes":""},"categories":[29,60],"tags":[],"class_list":["post-2885","page","type-page","status-publish","hentry","category-nachrichtenslider","category-news"],"_links":{"self":[{"href":"https:\/\/www.hsu-hh.de\/politiktheorie\/wp-json\/wp\/v2\/pages\/2885","targetHints":{"allow":["GET"]}}],"collection":[{"href":"https:\/\/www.hsu-hh.de\/politiktheorie\/wp-json\/wp\/v2\/pages"}],"about":[{"href":"https:\/\/www.hsu-hh.de\/politiktheorie\/wp-json\/wp\/v2\/types\/page"}],"author":[{"embeddable":true,"href":"https:\/\/www.hsu-hh.de\/politiktheorie\/wp-json\/wp\/v2\/users\/3735"}],"replies":[{"embeddable":true,"href":"https:\/\/www.hsu-hh.de\/politiktheorie\/wp-json\/wp\/v2\/comments?post=2885"}],"version-history":[{"count":4,"href":"https:\/\/www.hsu-hh.de\/politiktheorie\/wp-json\/wp\/v2\/pages\/2885\/revisions"}],"predecessor-version":[{"id":2892,"href":"https:\/\/www.hsu-hh.de\/politiktheorie\/wp-json\/wp\/v2\/pages\/2885\/revisions\/2892"}],"wp:attachment":[{"href":"https:\/\/www.hsu-hh.de\/politiktheorie\/wp-json\/wp\/v2\/media?parent=2885"}],"wp:term":[{"taxonomy":"category","embeddable":true,"href":"https:\/\/www.hsu-hh.de\/politiktheorie\/wp-json\/wp\/v2\/categories?post=2885"},{"taxonomy":"post_tag","embeddable":true,"href":"https:\/\/www.hsu-hh.de\/politiktheorie\/wp-json\/wp\/v2\/tags?post=2885"}],"curies":[{"name":"wp","href":"https:\/\/api.w.org\/{rel}","templated":true}]}}