{"id":2881,"date":"2023-11-29T16:14:41","date_gmt":"2023-11-29T15:14:41","guid":{"rendered":"https:\/\/www.hsu-hh.de\/politiktheorie\/?page_id=2881"},"modified":"2023-11-29T16:14:41","modified_gmt":"2023-11-29T15:14:41","slug":"deutschland-soll-kriegstuechtig-werden-wohin-steuert-die-bundeswehr-antworten-von-prof-dr-gary-schaal","status":"publish","type":"page","link":"https:\/\/www.hsu-hh.de\/politiktheorie\/deutschland-soll-kriegstuechtig-werden-wohin-steuert-die-bundeswehr-antworten-von-prof-dr-gary-schaal","title":{"rendered":"&#8222;Deutschland soll &#8218;kriegst\u00fcchtig&#8216; werden &#8211; wohin steuert die Bundeswehr?&#8220; &#8211; Antworten von Prof. Dr. Gary Schaal"},"content":{"rendered":"\n<p>In der NDR-&#8222;Redezeit&#8220; am 15.11.2023 diskutierten <abbr title=\"Professor\">Prof.<\/abbr> <abbr title=\"Doktor\">Dr.<\/abbr> Gary Schaal und <abbr title=\"Doktor\">Dr.<\/abbr> Ralf Stegner (SPD Bundestagsfraktion) mit weiteren Expertinnen, Experten, H\u00f6rerinnen und H\u00f6rer von 21 bis 22 Uhr das Thema &#8222;Deutschland soll &#8218;kriegst\u00fcchtig&#8216; werden &#8211; wohin steuert die Bundeswehr?&#8220;. <a href=\"https:\/\/www.ndr.de\/nachrichten\/info\/Deutschland-soll-kriegstuechtig-werden-Wohin-steuert-die-Bundeswehr,audio1509746.html\" data-type=\"link\" data-id=\"https:\/\/www.ndr.de\/nachrichten\/info\/Deutschland-soll-kriegstuechtig-werden-Wohin-steuert-die-Bundeswehr,audio1509746.html\" rel='nofollow'>Hier gehts zum Beitrag<\/a> des NDR zum Nachh\u00f6ren. Audiospur verf\u00fcgbar bis zum 14.11.2024.<\/p>\n","protected":false},"excerpt":{"rendered":"<p>In der NDR-&#8222;Redezeit&#8220; am 15.11.2023 diskutierten Prof. Dr. Gary Schaal und Dr. Ralf Stegner (SPD Bundestagsfraktion) mit weiteren Expertinnen, Experten, H\u00f6rerinnen und H\u00f6rer von 21 bis 22 Uhr das Thema [&hellip;]<\/p>\n","protected":false},"author":3735,"featured_media":0,"parent":0,"menu_order":0,"comment_status":"closed","ping_status":"closed","template":"","meta":{"footnotes":""},"categories":[29,60],"tags":[],"class_list":["post-2881","page","type-page","status-publish","hentry","category-nachrichtenslider","category-news"],"_links":{"self":[{"href":"https:\/\/www.hsu-hh.de\/politiktheorie\/wp-json\/wp\/v2\/pages\/2881","targetHints":{"allow":["GET"]}}],"collection":[{"href":"https:\/\/www.hsu-hh.de\/politiktheorie\/wp-json\/wp\/v2\/pages"}],"about":[{"href":"https:\/\/www.hsu-hh.de\/politiktheorie\/wp-json\/wp\/v2\/types\/page"}],"author":[{"embeddable":true,"href":"https:\/\/www.hsu-hh.de\/politiktheorie\/wp-json\/wp\/v2\/users\/3735"}],"replies":[{"embeddable":true,"href":"https:\/\/www.hsu-hh.de\/politiktheorie\/wp-json\/wp\/v2\/comments?post=2881"}],"version-history":[{"count":2,"href":"https:\/\/www.hsu-hh.de\/politiktheorie\/wp-json\/wp\/v2\/pages\/2881\/revisions"}],"predecessor-version":[{"id":2884,"href":"https:\/\/www.hsu-hh.de\/politiktheorie\/wp-json\/wp\/v2\/pages\/2881\/revisions\/2884"}],"wp:attachment":[{"href":"https:\/\/www.hsu-hh.de\/politiktheorie\/wp-json\/wp\/v2\/media?parent=2881"}],"wp:term":[{"taxonomy":"category","embeddable":true,"href":"https:\/\/www.hsu-hh.de\/politiktheorie\/wp-json\/wp\/v2\/categories?post=2881"},{"taxonomy":"post_tag","embeddable":true,"href":"https:\/\/www.hsu-hh.de\/politiktheorie\/wp-json\/wp\/v2\/tags?post=2881"}],"curies":[{"name":"wp","href":"https:\/\/api.w.org\/{rel}","templated":true}]}}