{"id":285,"date":"2017-11-10T14:30:14","date_gmt":"2017-11-10T13:30:14","guid":{"rendered":"https:\/\/www.hsu-hh.de\/politiktheorie\/?page_id=285"},"modified":"2024-12-04T13:46:32","modified_gmt":"2024-12-04T12:46:32","slug":"lehre","status":"publish","type":"page","link":"https:\/\/www.hsu-hh.de\/politiktheorie\/lehre","title":{"rendered":"Lehre"},"content":{"rendered":"<p>Die Professur f\u00fcr Politikwissenschaft, insbesondere Politische Theorie bietet mehrere Veranstaltungen in regelm\u00e4\u00dfigen Intervallen auf Bachelor- und Master-Niveau an.<\/p>\n<hr \/>\n<h3>Veranstaltungen im Bachelorstudiengang Politikwissenschaft<\/h3>\n<ul>\n<li>Vorlesung &#8222;Einf\u00fchrung in die Geschichte politischer Ideen&#8220; (1. Trimester)<\/li>\n<li>Seminare &#8222;Klassiker des politischen Denkens&#8220; (1. Trimester)<\/li>\n<li>Vorlesung &#8222;Einf\u00fchrung in die Politischen Theorien der Gegenwart&#8220; (2. Trimester)<\/li>\n<li>Seminare &#8222;Zeitgen\u00f6ssisches politisches Denken&#8220; (3. Trimester)<\/li>\n<li>Vorlesungen und Seminare zum Modul &#8222;Politische Interessenvermittlung im gesellschaftlichen Kontext&#8220; (4.\/5. Trimester)<\/li>\n<\/ul>\n<hr \/>\n<h3>Veranstaltungen im Masterstudiengang Vergleichende Demokratieforschung:<\/h3>\n<ul>\n<li>Seminare &#8222;Herausforderungen zeitgen\u00f6ssischer Demokratien&#8220; (1. Trimester)<\/li>\n<li>Seminare &#8222;Zentrale Werke der zeitgen\u00f6ssischen Demokratietheorie&#8220; (2. Trimester)<\/li>\n<li>Seminare &#8222;Demokratische Performanzforschung I und II&#8220; (1.\/2. Trimester).<\/li>\n<\/ul>\n<hr \/>\n<h3>Betreuung von BA-\/MA- und Hausarbeiten<\/h3>\n<p>Sie m\u00f6chten Ihre Abschlussarbeit (Bachelor oder Master) bei <abbr title=\"Professor\">Prof.<\/abbr> <abbr title=\"Doktor\">Dr.<\/abbr> Schaal oder einem Mitglied des Lehrstuhlteams schreiben? Sie m\u00f6chten ein Thema f\u00fcr Ihre Hausarbeit absprechen? Dann senden Sie Ihrer gew\u00fcnschten Betreuerin\/Ihrem gew\u00fcnschten Betreuer <abbr title=\"beziehungsweise\">bzw.<\/abbr> Dozentin\/Dozenten zuvor ein Expos\u00e9 gem\u00e4\u00df untenstehender Vorgaben. \u00dcber eventuelle Abweichungen informiert Sie Ihre Dozentin\/Ihr Dozent im Seminar. Ansonsten gilt: Ein Sprechstundentermin kann erst vereinbart werden, wenn Ihr Expos\u00e9 vorliegt.<\/p>\n<p>Das Expos\u00e9 muss folgende Bestandteile enthalten:<\/p>\n<ul>\n<li>Kopf (Name, E-Mail, Matrikelnummer, Studiengang, Bezeichnung der Pr\u00fcfungsleistung &#8211; Hausarbeit (welches Seminar?) BA-\/MA-Arbeit)<\/li>\n<li>Fragestellung<\/li>\n<li>Erl\u00e4uterung der geplanten Arbeit (ca. 1\/2-1 Seite)<\/li>\n<li>Vorl\u00e4ufige Gliederung<\/li>\n<li>mind. 3 Literaturangaben<\/li>\n<li>zu jeder Literaturangabe eine Begr\u00fcndung, warum dieser Titel wichtig ist <abbr title=\"beziehungsweise\">bzw.<\/abbr> warum Sie ihn ausgew\u00e4hlt haben<\/li>\n<\/ul>\n<p>Bitte nummerieren Sie die Seiten und achten auf eine ansprechende Gestaltung (Orthographie, Sprache, Einheitlichkeit bei Schrift, Aufz\u00e4hlungszeichen, Abst\u00e4nden, Hervorhebungen <abbr title=\"et cetera\">etc.<\/abbr>).<\/p>\n<hr \/>\n<div class=\"col-xs-12 downloads-item\">\n<div class=\"row border-line\">\n<div class=\"thumbnail-area\"><img decoding=\"async\" class=\"download-image\" src=\"\/wp-content\/themes\/hsu\/img\/dummy\/downloads_dummy.png\" alt=\"\" \/><\/div>\n<div class=\"text-area\"><span class=\"download-text\">Information \u00fcber Formalstandards<\/span><\/div>\n<div class=\"download-area\"><a class=\"download-link\" href=\"https:\/\/www.hsu-hh.de\/politiktheorie\/wp-content\/uploads\/sites\/726\/2017\/11\/formalstandards2011.pdf\"><span class=\"download-name\">pdf laden<\/span><span class=\"donwload-icon\"><img decoding=\"async\" class=\"download-icon\" src=\"\/wp-content\/themes\/hsu\/img\/icons\/download_icon.png\" alt=\"download icon\" \/><\/span><span class=\"download-size\">348 KB<\/span><\/a><\/div>\n<\/div>\n<\/div>\n<div class=\"col-xs-12 downloads-item\">\n<div class=\"row border-line\">\n<div class=\"thumbnail-area\"><img decoding=\"async\" class=\"download-image\" src=\"\/wp-content\/themes\/hsu\/img\/dummy\/downloads_dummy.png\" alt=\"\" \/><\/div>\n<div class=\"text-area\"><span class=\"download-text\">Information \u00fcber Zeichensetzung, Rechtschreibung <abbr title=\"et cetera\">etc.<\/abbr><\/span><\/div>\n<div class=\"download-area\"><a class=\"download-link\" href=\"https:\/\/www.hsu-hh.de\/politiktheorie\/wp-content\/uploads\/sites\/726\/2017\/11\/Zeichensetzung-Rechtschreibung-etc..pdf\"><span class=\"download-name\">pdf laden<\/span><span class=\"donwload-icon\"><img decoding=\"async\" class=\"download-icon\" src=\"\/wp-content\/themes\/hsu\/img\/icons\/download_icon.png\" alt=\"download icon\" \/><\/span><span class=\"download-size\">7 MB<\/span><\/a><\/div>\n<\/div>\n<\/div>\n","protected":false},"excerpt":{"rendered":"<p>Die Professur f\u00fcr Politikwissenschaft, insbesondere Politische Theorie bietet mehrere Veranstaltungen in regelm\u00e4\u00dfigen Intervallen auf Bachelor- und Master-Niveau an. Veranstaltungen im Bachelorstudiengang Politikwissenschaft Vorlesung &#8222;Einf\u00fchrung in die Geschichte politischer Ideen&#8220; (1. [&hellip;]<\/p>\n","protected":false},"author":181,"featured_media":0,"parent":0,"menu_order":0,"comment_status":"closed","ping_status":"closed","template":"","meta":{"footnotes":""},"categories":[4],"tags":[],"class_list":["post-285","page","type-page","status-publish","hentry","category-forschung"],"_links":{"self":[{"href":"https:\/\/www.hsu-hh.de\/politiktheorie\/wp-json\/wp\/v2\/pages\/285","targetHints":{"allow":["GET"]}}],"collection":[{"href":"https:\/\/www.hsu-hh.de\/politiktheorie\/wp-json\/wp\/v2\/pages"}],"about":[{"href":"https:\/\/www.hsu-hh.de\/politiktheorie\/wp-json\/wp\/v2\/types\/page"}],"author":[{"embeddable":true,"href":"https:\/\/www.hsu-hh.de\/politiktheorie\/wp-json\/wp\/v2\/users\/181"}],"replies":[{"embeddable":true,"href":"https:\/\/www.hsu-hh.de\/politiktheorie\/wp-json\/wp\/v2\/comments?post=285"}],"version-history":[{"count":5,"href":"https:\/\/www.hsu-hh.de\/politiktheorie\/wp-json\/wp\/v2\/pages\/285\/revisions"}],"predecessor-version":[{"id":3234,"href":"https:\/\/www.hsu-hh.de\/politiktheorie\/wp-json\/wp\/v2\/pages\/285\/revisions\/3234"}],"wp:attachment":[{"href":"https:\/\/www.hsu-hh.de\/politiktheorie\/wp-json\/wp\/v2\/media?parent=285"}],"wp:term":[{"taxonomy":"category","embeddable":true,"href":"https:\/\/www.hsu-hh.de\/politiktheorie\/wp-json\/wp\/v2\/categories?post=285"},{"taxonomy":"post_tag","embeddable":true,"href":"https:\/\/www.hsu-hh.de\/politiktheorie\/wp-json\/wp\/v2\/tags?post=285"}],"curies":[{"name":"wp","href":"https:\/\/api.w.org\/{rel}","templated":true}]}}