{"id":270,"date":"2017-11-10T14:11:18","date_gmt":"2017-11-10T13:11:18","guid":{"rendered":"https:\/\/www.hsu-hh.de\/politiktheorie\/?page_id=270"},"modified":"2023-10-18T16:16:59","modified_gmt":"2023-10-18T14:16:59","slug":"dr-claudia-ritzi","status":"publish","type":"page","link":"https:\/\/www.hsu-hh.de\/politiktheorie\/team\/ehemalige-mitarbeiter\/dr-claudia-ritzi","title":{"rendered":"Dr. Claudia Ritzi"},"content":{"rendered":"<p>Claudia Ritzi ist seit dem 1.10.2016 als Juniorprofessorin f\u00fcr Politische Theorie an der WWU M\u00fcnster t\u00e4tig.<\/p>\n<p>E-Mail: <a href=\"mailto:ritzi@uni-muenster.de\" rel='nofollow'>ritzi@uni-muenster.de<\/a><\/p>\n","protected":false},"excerpt":{"rendered":"<p>Claudia Ritzi ist seit dem 1.10.2016 als Juniorprofessorin f\u00fcr Politische Theorie an der WWU M\u00fcnster t\u00e4tig. E-Mail: ritzi@uni-muenster.de<\/p>\n","protected":false},"author":181,"featured_media":0,"parent":268,"menu_order":0,"comment_status":"closed","ping_status":"closed","template":"","meta":{"footnotes":""},"categories":[155],"tags":[],"class_list":["post-270","page","type-page","status-publish","hentry","category-team-inaktive"],"_links":{"self":[{"href":"https:\/\/www.hsu-hh.de\/politiktheorie\/wp-json\/wp\/v2\/pages\/270","targetHints":{"allow":["GET"]}}],"collection":[{"href":"https:\/\/www.hsu-hh.de\/politiktheorie\/wp-json\/wp\/v2\/pages"}],"about":[{"href":"https:\/\/www.hsu-hh.de\/politiktheorie\/wp-json\/wp\/v2\/types\/page"}],"author":[{"embeddable":true,"href":"https:\/\/www.hsu-hh.de\/politiktheorie\/wp-json\/wp\/v2\/users\/181"}],"replies":[{"embeddable":true,"href":"https:\/\/www.hsu-hh.de\/politiktheorie\/wp-json\/wp\/v2\/comments?post=270"}],"version-history":[{"count":1,"href":"https:\/\/www.hsu-hh.de\/politiktheorie\/wp-json\/wp\/v2\/pages\/270\/revisions"}],"predecessor-version":[{"id":271,"href":"https:\/\/www.hsu-hh.de\/politiktheorie\/wp-json\/wp\/v2\/pages\/270\/revisions\/271"}],"up":[{"embeddable":true,"href":"https:\/\/www.hsu-hh.de\/politiktheorie\/wp-json\/wp\/v2\/pages\/268"}],"wp:attachment":[{"href":"https:\/\/www.hsu-hh.de\/politiktheorie\/wp-json\/wp\/v2\/media?parent=270"}],"wp:term":[{"taxonomy":"category","embeddable":true,"href":"https:\/\/www.hsu-hh.de\/politiktheorie\/wp-json\/wp\/v2\/categories?post=270"},{"taxonomy":"post_tag","embeddable":true,"href":"https:\/\/www.hsu-hh.de\/politiktheorie\/wp-json\/wp\/v2\/tags?post=270"}],"curies":[{"name":"wp","href":"https:\/\/api.w.org\/{rel}","templated":true}]}}