{"id":268,"date":"2017-11-10T14:11:40","date_gmt":"2017-11-10T13:11:40","guid":{"rendered":"https:\/\/www.hsu-hh.de\/politiktheorie\/?page_id=268"},"modified":"2025-12-03T16:06:33","modified_gmt":"2025-12-03T15:06:33","slug":"ehemalige-mitarbeiter","status":"publish","type":"page","link":"https:\/\/www.hsu-hh.de\/politiktheorie\/team\/ehemalige-mitarbeiter","title":{"rendered":"Ehemalige Mitarbeitende"},"content":{"rendered":"\n<hr class=\"wp-block-separator has-alpha-channel-opacity is-style-wide\" \/>\n\n\n\n<p><a href=\"https:\/\/www.hsu-hh.de\/politiktheorie\/severin-pleyer\" data-type=\"link\" data-id=\"https:\/\/www.hsu-hh.de\/politiktheorie\/severin-pleyer\" target=\"_blank\" rel=\"noreferrer noopener\">Severin Pleyer \u2020<\/a><\/p>\n\n\n\n<p><a href=\"https:\/\/www.hsu-hh.de\/politiktheorie\/team\/ehemalige-mitarbeiter\/dr-rebekka-fleiner-martin\/\"><abbr title=\"Doktor\">Dr.<\/abbr> Rebekka Fleiner-Martin<\/a><\/p>\n\n\n\n<p><a href=\"https:\/\/www.hsu-hh.de\/politiktheorie\/team\/dannica-fleuss\"><abbr title=\"Doktor\">Dr.<\/abbr> Dannica Fleu\u00df<\/a><\/p>\n\n\n\n<p><a href=\"https:\/\/www.hsu-hh.de\/politiktheorie\/team\/ehemalige-mitarbeiter\/karoline-helbig-m-a\">Karoline Helbig, M.A.<\/a><\/p>\n\n\n\n<p><a href=\"https:\/\/www.hsu-hh.de\/politiktheorie\/team\/susanne-kirst\">Susanne Kirst<\/a><\/p>\n\n\n\n<p><a href=\"https:\/\/www.hsu-hh.de\/politiktheorie\/team\/ehemalige-mitarbeiter\/m-a-kelly-lancaster\/\">M.A. Kelly Lancaster<\/a><\/p>\n\n\n\n<p><a href=\"https:\/\/www.hsu-hh.de\/politiktheorie\/team\/ehemalige-mitarbeiter\/m-a-matthias-land\/\">M.A. Matthias Land<\/a><\/p>\n\n\n\n<p><a href=\"https:\/\/www.hsu-hh.de\/politiktheorie\/team\/ehemalige-mitarbeiter\/dr-claudia-ritzi\/\"><abbr title=\"Doktor\">Dr.<\/abbr> Claudia Ritzi<\/a><\/p>\n\n\n\n<p><a href=\"https:\/\/www.hsu-hh.de\/politiktheorie\/team\/ehemalige-mitarbeiter\/dr-lea-roger\/\"><abbr title=\"Doktor\">Dr.<\/abbr> L\u00e9a Roger<\/a><\/p>\n\n\n\n<p><a href=\"https:\/\/www.hsu-hh.de\/politiktheorie\/team\/dr-antonia-schmid\"><abbr title=\"Doktor\">Dr.<\/abbr> Antonia Schmid<\/a><\/p>\n\n\n\n<p><a href=\"https:\/\/www.hsu-hh.de\/politiktheorie\/team\/fraenze-wilhelm-m-a\">Fr\u00e4nze Wilhelm, M.A.<\/a><\/p>\n\n\n\n<p><a href=\"https:\/\/www.hsu-hh.de\/politiktheorie\/team\/philipp-weinmann\"><abbr title=\"Doktor\">Dr.<\/abbr> Philipp Weinmann<\/a><\/p>\n\n\n\n<p> <a href=\"https:\/\/www.hsu-hh.de\/politiktheorie\/team\/dr-alexander-weiss\"><abbr title=\"Privatdozent\">PD<\/abbr> <abbr title=\"Doktor\">Dr.<\/abbr> Alexander Wei\u00df<\/a> <\/p>\n\n\n\n<p><a href=\"https:\/\/www.hsu-hh.de\/politiktheorie\/team\/soldatische-hilfskraefte\" data-type=\"link\" data-id=\"https:\/\/www.hsu-hh.de\/politiktheorie\/team\/soldatische-hilfskraefte\">Simon Struck, M.A.<\/a><\/p>\n\n\n\n<p><a href=\"https:\/\/www.hsu-hh.de\/politiktheorie\/wissenschaftlicher-mitarbeiter-am-lehrstuhl-fuer-politikwissenschaft-insbesondere-politische-theorie\" data-type=\"link\" data-id=\"https:\/\/www.hsu-hh.de\/politiktheorie\/wissenschaftlicher-mitarbeiter-am-lehrstuhl-fuer-politikwissenschaft-insbesondere-politische-theorie\">Torben Sch\u00fctz, M.A.<\/a><\/p>\n\n\n\n<p><a href=\"https:\/\/www.hsu-hh.de\/politiktheorie\/danniel-gobbi\" data-type=\"link\" data-id=\"https:\/\/www.hsu-hh.de\/politiktheorie\/danniel-gobbi\" target=\"_blank\" rel=\"noreferrer noopener\">Danniel Gobbi, M.A.<\/a><\/p>\n\n\n\n<p><a href=\"https:\/\/www.hsu-hh.de\/politiktheorie\/team\/dr-alexander-stulpe\" target=\"_blank\" rel=\"noreferrer noopener\"><abbr title=\"Doktor\">Dr.<\/abbr> Alexander Stulpe<\/a><\/p>\n\n\n\n<p><a href=\"https:\/\/www.hsu-hh.de\/politiktheorie\/alexander-fotescu\" target=\"_blank\" rel=\"noreferrer noopener\">Alexander Fotescu, M.A.<\/a><\/p>\n\n\n\n<p><a href=\"https:\/\/www.hsu-hh.de\/isk\/en\/team-2\/alexandra-m-friede-m-a\" target=\"_blank\" rel=\"noreferrer noopener\">Alexandra M. Friede, M.A.<\/a><\/p>\n\n\n\n<p><a href=\"https:\/\/www.hsu-hh.de\/politiktheorie\/team\/anne-hoss-m-a\" data-type=\"URL\" data-id=\"https:\/\/www.hsu-hh.de\/politiktheorie\/team\/anne-hoss-m-a\" target=\"_blank\" rel=\"noreferrer noopener\">Anne Hoss, M.A.<\/a><\/p>\n\n\n\n<p><a href=\"https:\/\/www.hsu-hh.de\/politiktheorie\/sebastian-berg\" data-type=\"link\" data-id=\"https:\/\/www.hsu-hh.de\/politiktheorie\/sebastian-berg\" target=\"_blank\" rel=\"noreferrer noopener\">Sebastian Berg, M.A.<\/a><\/p>\n\n\n\n<p><a href=\"https:\/\/www.hsu-hh.de\/politiktheorie\/dajana-mohr\">Dajana Mohr<\/a><\/p>\n","protected":false},"excerpt":{"rendered":"<p>Severin Pleyer \u2020 Dr. Rebekka Fleiner-Martin Dr. Dannica Fleu\u00df Karoline Helbig, M.A. Susanne Kirst M.A. Kelly Lancaster M.A. Matthias Land Dr. Claudia Ritzi Dr. L\u00e9a Roger Dr. Antonia Schmid Fr\u00e4nze [&hellip;]<\/p>\n","protected":false},"author":181,"featured_media":0,"parent":124,"menu_order":0,"comment_status":"closed","ping_status":"closed","template":"","meta":{"footnotes":""},"categories":[8,155],"tags":[],"class_list":["post-268","page","type-page","status-publish","hentry","category-team","category-team-inaktive"],"_links":{"self":[{"href":"https:\/\/www.hsu-hh.de\/politiktheorie\/wp-json\/wp\/v2\/pages\/268","targetHints":{"allow":["GET"]}}],"collection":[{"href":"https:\/\/www.hsu-hh.de\/politiktheorie\/wp-json\/wp\/v2\/pages"}],"about":[{"href":"https:\/\/www.hsu-hh.de\/politiktheorie\/wp-json\/wp\/v2\/types\/page"}],"author":[{"embeddable":true,"href":"https:\/\/www.hsu-hh.de\/politiktheorie\/wp-json\/wp\/v2\/users\/181"}],"replies":[{"embeddable":true,"href":"https:\/\/www.hsu-hh.de\/politiktheorie\/wp-json\/wp\/v2\/comments?post=268"}],"version-history":[{"count":35,"href":"https:\/\/www.hsu-hh.de\/politiktheorie\/wp-json\/wp\/v2\/pages\/268\/revisions"}],"predecessor-version":[{"id":3604,"href":"https:\/\/www.hsu-hh.de\/politiktheorie\/wp-json\/wp\/v2\/pages\/268\/revisions\/3604"}],"up":[{"embeddable":true,"href":"https:\/\/www.hsu-hh.de\/politiktheorie\/wp-json\/wp\/v2\/pages\/124"}],"wp:attachment":[{"href":"https:\/\/www.hsu-hh.de\/politiktheorie\/wp-json\/wp\/v2\/media?parent=268"}],"wp:term":[{"taxonomy":"category","embeddable":true,"href":"https:\/\/www.hsu-hh.de\/politiktheorie\/wp-json\/wp\/v2\/categories?post=268"},{"taxonomy":"post_tag","embeddable":true,"href":"https:\/\/www.hsu-hh.de\/politiktheorie\/wp-json\/wp\/v2\/tags?post=268"}],"curies":[{"name":"wp","href":"https:\/\/api.w.org\/{rel}","templated":true}]}}