{"id":2622,"date":"2023-10-16T20:46:58","date_gmt":"2023-10-16T18:46:58","guid":{"rendered":"https:\/\/www.hsu-hh.de\/politiktheorie\/?page_id=2622"},"modified":"2025-01-12T20:31:21","modified_gmt":"2025-01-12T19:31:21","slug":"johanna-braun","status":"publish","type":"page","link":"https:\/\/www.hsu-hh.de\/politiktheorie\/team\/soldatische-hilfskraefte\/johanna-braun","title":{"rendered":"Johanna Braun"},"content":{"rendered":"\n<h2 class=\"wp-block-heading\">Soldatische Hilfskraft am Lehrstuhl f\u00fcr Politische Theorie<\/h2>\n\n\n\n<hr class=\"wp-block-separator has-alpha-channel-opacity\" \/>\n\n\n\n<div class=\"wp-block-media-text has-media-on-the-right is-stacked-on-mobile\" style=\"grid-template-columns:auto 20%\"><div class=\"wp-block-media-text__content\">\n<p>Helmut-Schmidt-Universit\u00e4t<br>Geb\u00e4ude H1<br>Holstenhofweg 85<br>22043 Hamburg<\/p>\n\n\n\n<p>E-Mail: p780402@hsu-hh.de<\/p>\n<\/div><figure class=\"wp-block-media-text__media\"><img loading=\"lazy\" decoding=\"async\" width=\"210\" height=\"210\" src=\"https:\/\/www.hsu-hh.de\/politiktheorie\/wp-content\/uploads\/sites\/726\/2021\/05\/Platzhalter.jpg\" data-credit=\"Platzhalter\" alt=\"Platzhalter\" class=\"wp-image-1392 size-full\" srcset=\"https:\/\/www.hsu-hh.de\/politiktheorie\/wp-content\/uploads\/sites\/726\/2021\/05\/Platzhalter.jpg 210w, https:\/\/www.hsu-hh.de\/politiktheorie\/wp-content\/uploads\/sites\/726\/2021\/05\/Platzhalter-150x150.jpg 150w, https:\/\/www.hsu-hh.de\/politiktheorie\/wp-content\/uploads\/sites\/726\/2021\/05\/Platzhalter-100x100.jpg 100w\" sizes=\"auto, (max-width: 210px) 100vw, 210px\" \/><\/figure><\/div>\n\n\n\n<hr class=\"wp-block-separator has-alpha-channel-opacity\" \/>\n\n\n\n<h2 class=\"wp-block-heading\">Lebenslauf<\/h2>\n\n\n\n<hr class=\"wp-block-separator has-alpha-channel-opacity is-style-wide\" \/>\n\n\n\n<p><strong>2018-2021 <\/strong><br>Modellschule Obersberg in Bad Hersfeld (Allgemeine Hochschulreife)<\/p>\n\n\n\n<p><strong>2021<\/strong><br>Eintritt in die Bundeswehr (Laufbahn Offiziere)<\/p>\n\n\n\n<p><strong>10\/2022-12\/2024<\/strong><br>Bachelorstudium der Politikwissenschaft an der <abbr title=\"Helmut Schmidt Universit\u00e4t\">HSU<\/abbr>\/Uni Bw Hamburg<\/p>\n\n\n\n<p><strong>Seit 10\/2023<\/strong><br>Soldatische Hilfskraft am Lehrstuhl f\u00fcr Politische Theorie<\/p>\n\n\n\n<p><strong>Seit 01\/2025<\/strong><\/p>\n\n\n\n<p>Masterstudium der Internationalen Beziehungen an der <abbr title=\"Helmut Schmidt Universit\u00e4t\">HSU<\/abbr>\/Uni Bw Hamburg<\/p>\n","protected":false},"excerpt":{"rendered":"<p>Soldatische Hilfskraft am Lehrstuhl f\u00fcr Politische Theorie Helmut-Schmidt-Universit\u00e4tGeb\u00e4ude H1Holstenhofweg 8522043 Hamburg E-Mail: p780402@hsu-hh.de Lebenslauf 2018-2021 Modellschule Obersberg in Bad Hersfeld (Allgemeine Hochschulreife) 2021Eintritt in die Bundeswehr (Laufbahn Offiziere) 10\/2022-12\/2024Bachelorstudium der [&hellip;]<\/p>\n","protected":false},"author":3735,"featured_media":0,"parent":609,"menu_order":0,"comment_status":"closed","ping_status":"closed","template":"","meta":{"footnotes":""},"categories":[8],"tags":[],"class_list":["post-2622","page","type-page","status-publish","hentry","category-team"],"_links":{"self":[{"href":"https:\/\/www.hsu-hh.de\/politiktheorie\/wp-json\/wp\/v2\/pages\/2622","targetHints":{"allow":["GET"]}}],"collection":[{"href":"https:\/\/www.hsu-hh.de\/politiktheorie\/wp-json\/wp\/v2\/pages"}],"about":[{"href":"https:\/\/www.hsu-hh.de\/politiktheorie\/wp-json\/wp\/v2\/types\/page"}],"author":[{"embeddable":true,"href":"https:\/\/www.hsu-hh.de\/politiktheorie\/wp-json\/wp\/v2\/users\/3735"}],"replies":[{"embeddable":true,"href":"https:\/\/www.hsu-hh.de\/politiktheorie\/wp-json\/wp\/v2\/comments?post=2622"}],"version-history":[{"count":7,"href":"https:\/\/www.hsu-hh.de\/politiktheorie\/wp-json\/wp\/v2\/pages\/2622\/revisions"}],"predecessor-version":[{"id":3286,"href":"https:\/\/www.hsu-hh.de\/politiktheorie\/wp-json\/wp\/v2\/pages\/2622\/revisions\/3286"}],"up":[{"embeddable":true,"href":"https:\/\/www.hsu-hh.de\/politiktheorie\/wp-json\/wp\/v2\/pages\/609"}],"wp:attachment":[{"href":"https:\/\/www.hsu-hh.de\/politiktheorie\/wp-json\/wp\/v2\/media?parent=2622"}],"wp:term":[{"taxonomy":"category","embeddable":true,"href":"https:\/\/www.hsu-hh.de\/politiktheorie\/wp-json\/wp\/v2\/categories?post=2622"},{"taxonomy":"post_tag","embeddable":true,"href":"https:\/\/www.hsu-hh.de\/politiktheorie\/wp-json\/wp\/v2\/tags?post=2622"}],"curies":[{"name":"wp","href":"https:\/\/api.w.org\/{rel}","templated":true}]}}