{"id":249,"date":"2017-11-09T18:27:18","date_gmt":"2017-11-09T17:27:18","guid":{"rendered":"https:\/\/www.hsu-hh.de\/politiktheorie\/?page_id=249"},"modified":"2017-11-09T18:27:18","modified_gmt":"2017-11-09T17:27:18","slug":"journal-boards","status":"publish","type":"page","link":"https:\/\/www.hsu-hh.de\/politiktheorie\/prof-dr-gary-s-schaal\/journal-boards","title":{"rendered":"Journal Boards"},"content":{"rendered":"<h2>Zeitschrift f\u00fcr Politische Theorie<\/h2>\n<h2><img loading=\"lazy\" decoding=\"async\" class=\"alignnone size-medium wp-image-252\" src=\"https:\/\/www.hsu-hh.de\/politiktheorie\/wp-content\/uploads\/sites\/726\/2017\/11\/BhpvvtM5c7WONTMc-300x69.jpg\" alt=\"Logo ZPT\" width=\"300\" height=\"69\" srcset=\"https:\/\/www.hsu-hh.de\/politiktheorie\/wp-content\/uploads\/sites\/726\/2017\/11\/BhpvvtM5c7WONTMc-300x69.jpg 300w, https:\/\/www.hsu-hh.de\/politiktheorie\/wp-content\/uploads\/sites\/726\/2017\/11\/BhpvvtM5c7WONTMc.jpg 760w\" sizes=\"auto, (max-width: 300px) 100vw, 300px\" \/><\/h2>\n<p>Die Zeitschrift f\u00fcr Politische Theorie <a href=\"http:\/\/zpth.de\/\" rel='nofollow'>(ZPTh)<\/a> erscheint seit dem Herbst 2010 zweimal j\u00e4hlich im Verlag Barbara Budrich .<\/p>\n<p>Auf jeweils 130 Seiten bietet sie der wissenschaftlichen Community der Politischen Theorie und deren verwandten F\u00e4chern sowohl klassische Abhandlungen als auch innovative Serviceangebote. Damit dient sie als Agora der Teildisziplin, aber auch als Br\u00fccke \u00fcber die Grenzen der Politischen Theorie hinaus.<\/p>\n<p><a href=\"https:\/\/www.hsu-hh.de\/politiktheorie\/prof-dr-gary-s-schaal\/\">Prof. <abbr title=\"Doktor\">Dr.<\/abbr> Gary S. Schaal<\/a> ist zusammen mit Prof. <abbr title=\"Doktor\">Dr.<\/abbr> Andre Brodocz (Erfurt) und Prof. <abbr title=\"Doktor\">Dr.<\/abbr> Marcus Llanque (Augsburg) Herausgeber der ZPTh<\/p>\n<hr \/>\n<p><a href=\"http:\/\/zpth.de\/pages\/hefte.php\" rel='nofollow'>Hier<\/a> gelangen Sie zu den bisherigen Ausgaben der ZPTh.<\/p>\n<hr \/>\n<h2>\u00d6sterreichische Zeitschrift f\u00fcr Politikwissenschaft<\/h2>\n<p><img loading=\"lazy\" decoding=\"async\" class=\"alignnone size-full wp-image-255\" src=\"https:\/\/www.hsu-hh.de\/politiktheorie\/wp-content\/uploads\/sites\/726\/2017\/11\/Logo.png\" alt=\"Logo \u00d6ZP\" width=\"216\" height=\"120\" \/><\/p>\n<p>Die \u00d6sterreichische Zeitschrift f\u00fcr Politikwissenschaft <a href=\"https:\/\/webapp.uibk.ac.at\/ojs\/index.php\/OEZP\" rel='nofollow'>(\u00d6ZP)<\/a> wird seit 1972 von der \u00d6sterreichischen Gesellschaft f\u00fcr Politikwissenschaft (\u00d6GPW) herausgegeben.<\/p>\n<p>Sie erscheint viertelj\u00e4hrlich im Verlag Facultas.wuv.<\/p>\n<p><a href=\"https:\/\/www.hsu-hh.de\/politiktheorie\/prof-dr-gary-s-schaal\/\">Prof. <abbr title=\"Doktor\">Dr.<\/abbr> Gary S. Schaal<\/a> ist Mitglied des Gesch\u00e4ftsf\u00fchrenden HerausgeberInnengremiums.<\/p>\n<hr \/>\n<p><a href=\"http:\/\/www.oezp.at\/getMagazines.php\" rel='nofollow'>Hier<\/a> gelangen Sie zu den bisherigen Ausgaben der \u00d6ZP.<\/p>\n<hr \/>\n","protected":false},"excerpt":{"rendered":"<p>Zeitschrift f\u00fcr Politische Theorie Die Zeitschrift f\u00fcr Politische Theorie (ZPTh) erscheint seit dem Herbst 2010 zweimal j\u00e4hlich im Verlag Barbara Budrich . Auf jeweils 130 Seiten bietet sie der wissenschaftlichen [&hellip;]<\/p>\n","protected":false},"author":181,"featured_media":0,"parent":126,"menu_order":0,"comment_status":"closed","ping_status":"closed","template":"","meta":{"footnotes":""},"categories":[38],"tags":[],"class_list":["post-249","page","type-page","status-publish","hentry","category-schaal"],"_links":{"self":[{"href":"https:\/\/www.hsu-hh.de\/politiktheorie\/wp-json\/wp\/v2\/pages\/249","targetHints":{"allow":["GET"]}}],"collection":[{"href":"https:\/\/www.hsu-hh.de\/politiktheorie\/wp-json\/wp\/v2\/pages"}],"about":[{"href":"https:\/\/www.hsu-hh.de\/politiktheorie\/wp-json\/wp\/v2\/types\/page"}],"author":[{"embeddable":true,"href":"https:\/\/www.hsu-hh.de\/politiktheorie\/wp-json\/wp\/v2\/users\/181"}],"replies":[{"embeddable":true,"href":"https:\/\/www.hsu-hh.de\/politiktheorie\/wp-json\/wp\/v2\/comments?post=249"}],"version-history":[{"count":5,"href":"https:\/\/www.hsu-hh.de\/politiktheorie\/wp-json\/wp\/v2\/pages\/249\/revisions"}],"predecessor-version":[{"id":256,"href":"https:\/\/www.hsu-hh.de\/politiktheorie\/wp-json\/wp\/v2\/pages\/249\/revisions\/256"}],"up":[{"embeddable":true,"href":"https:\/\/www.hsu-hh.de\/politiktheorie\/wp-json\/wp\/v2\/pages\/126"}],"wp:attachment":[{"href":"https:\/\/www.hsu-hh.de\/politiktheorie\/wp-json\/wp\/v2\/media?parent=249"}],"wp:term":[{"taxonomy":"category","embeddable":true,"href":"https:\/\/www.hsu-hh.de\/politiktheorie\/wp-json\/wp\/v2\/categories?post=249"},{"taxonomy":"post_tag","embeddable":true,"href":"https:\/\/www.hsu-hh.de\/politiktheorie\/wp-json\/wp\/v2\/tags?post=249"}],"curies":[{"name":"wp","href":"https:\/\/api.w.org\/{rel}","templated":true}]}}