{"id":2431,"date":"2023-04-26T14:09:56","date_gmt":"2023-04-26T12:09:56","guid":{"rendered":"https:\/\/www.hsu-hh.de\/politiktheorie\/?page_id=2431"},"modified":"2024-12-20T10:52:07","modified_gmt":"2024-12-20T09:52:07","slug":"sebastian-berg","status":"publish","type":"page","link":"https:\/\/www.hsu-hh.de\/politiktheorie\/team\/sebastian-berg","title":{"rendered":"Sebastian Berg"},"content":{"rendered":"\n<h2 class=\"wp-block-heading\">Wissenschaftlicher Mitarbeiter am Lehrstuhl f\u00fcr Politikwissenschaft, insbesondere Politische Theorie<\/h2>\n\n\n\n<hr class=\"wp-block-separator has-alpha-channel-opacity is-style-wide\" \/>\n\n\n\n<div class=\"wp-block-media-text alignwide has-media-on-the-right is-stacked-on-mobile\" style=\"grid-template-columns:auto 37%\"><div class=\"wp-block-media-text__content\">\n<p>Helmut-Schmidt-Universit\u00e4t<br>Holstenhofweg 85<br>22043 Hamburg<br>Geb\u00e4ude H1, Raum: 2506&nbsp;<br><br>Email: sebastian.berg@hsu-hh.de<br>Twitter: Sebezero<br>Bluesky: @sberg.bsky.social<\/p>\n\n\n\n<p>Bitte beachten Sie, dass Sebastian Berg sich von Januar bis Februar 2025 in Elternzeit befindet und ab M\u00e4rz 2025 ans Weizenbaum-Institut f\u00fcr die vernetzte Gesellschaft in Berlin wechselt. Informationen und Kontaktdaten finden Sie\u00a0<a href=\"https:\/\/www.weizenbaum-institut.de\/portrait\/p\/sebastian-berg\/#page=1&amp;tags=forschung&amp;sort=date\" rel='nofollow'>hier<\/a>.<\/p>\n<\/div><figure class=\"wp-block-media-text__media\"><img loading=\"lazy\" decoding=\"async\" width=\"1024\" height=\"684\" src=\"https:\/\/www.hsu-hh.de\/politiktheorie\/wp-content\/uploads\/sites\/726\/2023\/04\/Berg_0890_or-1024x684.jpg\" data-credit=\"DAVID_AUSSERHOFER\" alt=\"Berg, Sbastian\" class=\"wp-image-2432 size-full\" srcset=\"https:\/\/www.hsu-hh.de\/politiktheorie\/wp-content\/uploads\/sites\/726\/2023\/04\/Berg_0890_or-1024x684.jpg 1024w, https:\/\/www.hsu-hh.de\/politiktheorie\/wp-content\/uploads\/sites\/726\/2023\/04\/Berg_0890_or-300x200.jpg 300w, https:\/\/www.hsu-hh.de\/politiktheorie\/wp-content\/uploads\/sites\/726\/2023\/04\/Berg_0890_or-768x513.jpg 768w, https:\/\/www.hsu-hh.de\/politiktheorie\/wp-content\/uploads\/sites\/726\/2023\/04\/Berg_0890_or-1536x1026.jpg 1536w, https:\/\/www.hsu-hh.de\/politiktheorie\/wp-content\/uploads\/sites\/726\/2023\/04\/Berg_0890_or-1100x735.jpg 1100w, https:\/\/www.hsu-hh.de\/politiktheorie\/wp-content\/uploads\/sites\/726\/2023\/04\/Berg_0890_or.jpg 1722w\" sizes=\"auto, (max-width: 1024px) 100vw, 1024px\" \/><\/figure><\/div>\n\n\n\n<hr class=\"wp-block-separator has-alpha-channel-opacity is-style-wide\" \/>\n\n\n\n<h2 class=\"wp-block-heading\">Lebenslauf<\/h2>\n\n\n\n<hr class=\"wp-block-separator has-alpha-channel-opacity is-style-wide\" \/>\n\n\n\n<p><strong>Seit 07\/2023&nbsp;<\/strong><\/p>\n\n\n\n<p>Gastwissenschaftler am Weizenbaum-Institut f\u00fcr die Vernetzte Gesellschaft Forschungsgruppe \u201e<a href=\"https:\/\/www.weizenbaum-institut.de\/forschung\/digitale-infrastrukturen-in-der-demokratie\/technik-macht-und-herrschaft\/\" target=\"_blank\" rel=\"noreferrer noopener\">Technik, Macht und Herrschaft<\/a>&#8222;<\/p>\n\n\n\n<p><strong>Seit 04\/2023<\/strong><\/p>\n\n\n\n<p>Wissenschaftliche Mitarbeiterin am Lehrstuhl f\u00fcr Politikwissenschaft, insbesondere Politische Theorie an der Helmut Schmidt Universit\u00e4t\/Universit\u00e4t der Bundeswehr Hamburg<\/p>\n\n\n\n<p><strong>Seit 04\/2023<\/strong><br>Gastwissenschaftler am WZB Berlin, <a href=\"https:\/\/www.wzb.eu\/en\/research\/digitalization-and-societal-transformation\/politics-of-digitalization\" rel='nofollow'>&#8222;Politics of Digitalization&#8220;<\/a><\/p>\n\n\n\n<p><strong>Seit 2021<\/strong><\/p>\n\n\n\n<p>Affiliate am <a href=\"https:\/\/www.criticaldatalab.org\/\" rel='nofollow'>Critical Data Lab Berlin<\/a><\/p>\n\n\n\n<p><strong>11\/2017 &#8211; 09\/2022<\/strong><br>Wissenschaftlicher Mitarbeiter (Doktorand) am<a href=\"https:\/\/weizenbaum-institut.de\/forschung\/fg12\/\" rel='nofollow'>&nbsp;<\/a><a href=\"https:\/\/www.weizenbaum-institut.de\/en\/research-setup-phase\/rg12\/#page=1&amp;sort=date\" data-type=\"URL\" data-id=\"https:\/\/www.weizenbaum-institut.de\/en\/research-setup-phase\/rg12\/#page=1&amp;sort=date\" rel='nofollow'>Weizenbaum-Institut<\/a> f\u00fcr die vernetzte Gesellschaft, Forschungsgruppe <a href=\"https:\/\/digidem.weizenbaum-institut.de\/\" data-type=\"URL\" data-id=\"https:\/\/digidem.weizenbaum-institut.de\/\" rel='nofollow'>\u201eDemokratie und Digitalisierung\u201c<\/a><\/p>\n\n\n\n<p><strong>02\/2020&nbsp;\u2013 04\/2020<\/strong><br>Fellow am Politics Department der Princeton University<\/p>\n\n\n\n<p><strong>2011 \u2013 2017<\/strong><br>Studium Politikwissenschaft und \u00d6ffentliches Recht, Universit\u00e4t Trier<\/p>\n\n\n\n<hr class=\"wp-block-separator has-alpha-channel-opacity is-style-wide\" \/>\n\n\n\n<h2 class=\"wp-block-heading\">Forschungsinteressen<\/h2>\n\n\n\n<hr class=\"wp-block-separator has-alpha-channel-opacity is-style-wide\" \/>\n\n\n\n<p>Political Representation<\/p>\n\n\n\n<p>Civic Technology<\/p>\n\n\n\n<p>Digital Democracy<\/p>\n\n\n\n<p>Digitalization, Datafication, and the State<\/p>\n\n\n\n<p>Democratic Theory<\/p>\n\n\n\n<hr class=\"wp-block-separator has-alpha-channel-opacity is-style-wide\" \/>\n\n\n\n<h2 class=\"wp-block-heading\">Publikationen <\/h2>\n\n\n\n<hr class=\"wp-block-separator has-alpha-channel-opacity is-style-wide\" \/>\n\n\n\n<p>2023: &#8222;Im Maschinenraum politischer Repr\u00e4sentation: \u00dcber den Umgang mit politischen Grundbegriffen in der digitalen Konstellation&#8220;, in: Tobias Adler-Bartels et al. (<abbr title=\"Herausgeber\">Hrsg.<\/abbr>): Politische Grundbegriffe im 21. Jahrhundert. Baden-Baden: Nomos, 365-388. <a href=\"https:\/\/doi.org\/10.5771\/9783748915591-365\" data-type=\"link\" data-id=\"https:\/\/doi.org\/10.5771\/9783748915591-365\" rel='nofollow'>PDF<\/a><\/p>\n\n\n\n<p>2023: Innovating Democracy? Analyzing the #WirVsVirus hackathon, in Weizenbaum Journal of the Digital Society 3 (1) (mit Thorsten Thiel, Niklas Rakowski, Veza Clute-Simon).&nbsp;<a rel=\"noreferrer noopener\" href=\"https:\/\/ojs.weizenbaum-institut.de\/index.php\/wjds\/article\/view\/3_1_4\" target=\"_blank\">PDF<\/a><\/p>\n\n\n\n<p>2023: &#8222;Nachhaltige Updates statt disruptiver Innovation \u2013 Kommentar zum ZPTH-Artikel von Robert Brumme und Dennis Bastian Rudolf&#8220; (mit Ann-Kathrin Koster) auf&nbsp;<a rel=\"noreferrer noopener\" href=\"https:\/\/www.theorieblog.de\/index.php\/2023\/07\/digitale-demokratietheorie-nachhaltige-updates-statt-disruptiver-innovation-kommentar-zum-zpth-artikel-von-rudolf-brumme-und-dennis-rudolf\/\" target=\"_blank\">theorieblog.de<\/a>&nbsp;<\/p>\n\n\n\n<p>2023: &#8222;Algorithmen der Alterit\u00e4t \u2013Alterit\u00e4t der Algorithmen. \u00dcberlegungen zu einem komplexen Verh\u00e4ltnis&#8220;, in Algorithmen der Alterit\u00e4t &#8211; Alterit\u00e4t der Algorithmen, Sonderheft Behemoth. A Journal of Civilization 15(2), 1-16 (mit Ann-Kathrin Koster, Felix Maschewski, Tobias Matzner &amp; Anna-Verena Nosthoff). <a href=\"https:\/\/freidok.uni-freiburg.de\/fedora\/objects\/freidok:233487\/datastreams\/FILE1\/content\" rel='nofollow'>PDF<\/a><\/p>\n\n\n\n<p>2023: Algorithmen der Alterit\u00e4t &#8211; Alterit\u00e4t der Algorithmen, Sonderheft Behemoth. A Journal of Civilization 15(2) (Herausgeber mit Ann-Kathrin Koster, Felix Maschewski, Tobias Matzner &amp; Anna-Verena Nosthoff). <a href=\"https:\/\/freidok.uni-freiburg.de\/fedora\/objects\/freidok:233487\/datastreams\/FILE1\/content\" rel='nofollow'>PDF<\/a><\/p>\n\n\n\n<p>2022: &#8222;Democracia Digital&#8220;, in Revista Latinoamericana de Econom\u00eda Y Sociedad Digital 1, 1-26 (mit Jeanette Hofmann). <a href=\"https:\/\/doi.org\/10.53857\/eeti9698\" rel='nofollow'>PDF<\/a><\/p>\n\n\n\n<p>2022: Political Theory of the Digital Constellation, Sonderheft der Zeitschrift f\u00fcr Politikwissenschaft 32(2) (Herausgeber mit Daniel Staemmler &amp; Thorsten Thiel). <a href=\"https:\/\/link.springer.com\/article\/10.1007\/s41358-022-00324-4\" rel='nofollow'>PDF<\/a><\/p>\n\n\n\n<p>2022: &#8222;Political Theory of the Digital Constellation&#8220;, in Sebastian Berg, Daniel Staemmler &amp; Thorsten Thiel (<abbr title=\"Herausgeber\">Hrsg.<\/abbr>) Political Theory of the Digital Constellation, Sonderheft der Zeitschrift f\u00fcr Politikwissenschaft 32(2), 251-265 (mit Daniel Staemmler &amp; Thorsten Thiel)<a href=\"https:\/\/link.springer.com\/content\/pdf\/10.1007\/s41358-022-00324-4.pdf\" rel='nofollow'>. PDF<\/a><\/p>\n\n\n\n<p>*2021: &#8222;Digital democracy&#8220;, in Internet Policy Review 10 (4) (mit Jeanette Hofmann).&nbsp; <a href=\"https:\/\/policyreview.info\/articles\/analysis\/digital-democracy\" rel='nofollow'>PDF<\/a><\/p>\n\n\n\n<p>2021: &#8222;#WirVsVirus Hackathon: Wie die digitale Zivilgesellschaft die Politik erreicht \u2013 und warum sich das Versprechen auf Demokratisierung dennoch nicht einl\u00f6st&#8220; (mit Veza Clute-Simon,&nbsp;Rebecca-Lea Freudl,&nbsp;Niklas Rakowski &amp; Thorsten Thiel), auf <a href=\"https:\/\/www.dvpw.de\/blog\/wirvsvirus-hackathon-wie-die-digitale-zivilgesellschaft-die-politik-erreicht-und-warum-sich-das-versprechen-auf-demokratisierung-dennoch-nicht-einloest-ein-beitrag-von-sebastian-berg-veza-clute-simon-rebecca-freudl-niklas-rakowski-thorsten-thiel\" rel='nofollow'>dvpw.de<\/a><\/p>\n\n\n\n<p>*2021: &#8222;Civic Hackathons und der Formwandel der Demokratie. Eine repr\u00e4sentationstheoretische Analyse von #WirVsVirus.&#8220;, in Politische Vierteljahresschrift 62, 621\u2013642 (mit Veza Clute-Simon,&nbsp;Rebecca-Lea Freudl,&nbsp;Niklas Rakowski &amp; Thorsten Thiel). <a href=\"https:\/\/link.springer.com\/article\/10.1007\/s11615-021-00341-y\" rel='nofollow'>PDF<\/a><\/p>\n\n\n\n<p>2021: \u201eUpdateDeutschland:&nbsp;Zivilgesellschaft im Wettbewerbsformat\u201c (mit Daniel Staemmler), auf <a href=\"https:\/\/netzpolitik.org\/2021\/updatedeutschland-zivilgesellschaft-im-wettbewerbsformat\/\" rel='nofollow'>netzpolitik.org<\/a><\/p>\n\n\n\n<p>2021: &#8222;Die Unmittelbarkeit der Daten. Auch digitale Demokratie kann auf politische Repr\u00e4sentation nicht verzichten&#8220;, in&nbsp;WZB Mitteilungen&nbsp;Von Computern und Menschen (171), 12-14. <a href=\"https:\/\/bibliothek.wzb.eu\/artikel\/2021\/f-23700.pdf\" rel='nofollow'>PDF<\/a><\/p>\n\n\n\n<p>2021: &#8222;Kurzbesprechung Georg Dietz\/Emanuel Heisenberg, Power to the People. Wie wir mit Technologie die Demokratie neu erfinden; Petra Bernhardt\/Karin Liebhart, Wie Bilder Wahlkampf machen; Peter Pomerantsev, Das ist keine Propaganda. Wie unsere Wirklichkeit zertr\u00fcmmert wird&#8220;, in Uwe Backes, Alexander Gallus,&nbsp; Eckhard Jesse und Tom Thieme (<abbr title=\"Herausgeber\">Hrsg.<\/abbr>): Jahrbuch Extremismus &amp; Demokratie (E &amp; D); Baden-Baden: Nomos, 423-24 (mit Ann-Kathrin Koster)<\/p>\n\n\n\n<p>2020: &#8222;The Digital Constellation&#8220;, in Weizenbaum Series, 14. Berlin: Weizenbaum<br>Institute for the Networked Society &#8211; The German Internet Institute (mit Niklas Rakowski &amp; Thorsten Thiel). <a href=\"https:\/\/doi.org\/10.34669\/wi.ws\/14\" rel='nofollow'>PDF<\/a><\/p>\n\n\n\n<p>2020: &#8222;Zur Konstitution der digitalen Gesellschaft. Alternative Infrastrukturen als Element demokratischer Digitalisierung&#8220;, in: Isabelle Borucki und Michael T. Oswald (<abbr title=\"Herausgeber\">Hrsg.<\/abbr>): Demokratietheorie im Zeitalter der Fr\u00fchdigitalisierung. Wiesbaden: Springer, 127-147 (mit Daniel Staemmler). <a href=\"https:\/\/link.springer.com\/chapter\/10.1007\/978-3-658-30997-8_7\" rel='nofollow'>PDF<\/a><\/p>\n\n\n\n<p>*2020:&nbsp;&nbsp;Political Opinion Formation as Epistemic Practice: The Hashtag Assemblage of #metwo, in&nbsp;&nbsp;Emiliana De Blasio, Marianne Kneuer, Wolf J. Sch\u00fcnemann&nbsp;und Michele Sorice (Hrsg):&nbsp;&nbsp;The Ongoing Transformation of the Digital Public Sphere, Special Issue Media and Communication 8 (4), 84-95 (mit Ann-Kathrin Koster &amp; Tim K\u00f6nig). <a href=\"https:\/\/www.cogitatiopress.com\/mediaandcommunication\/article\/view\/3164\/3164\" rel='nofollow'>PDF<\/a><\/p>\n\n\n\n<p>2020: &#8222;Krisen-Experiment.&nbsp;Wie der Hackathon #WirVsVirus neue Formen demokratischer Beteiligung erprobt.&#8220;, in WZB Mitteilungen&nbsp;Neue Verh\u00e4ltnisse (168), 30-32 (mit Veza Clute-Simon,&nbsp;Rebecca-Lea Korinek,&nbsp;Niklas Rakowski &amp; Thorsten Thiel). <a href=\"https:\/\/bibliothek.wzb.eu\/artikel\/2020\/f-23087.pdf\" rel='nofollow'>PDF<\/a><\/p>\n\n\n\n<p>*2020: &#8222;Widerstand und die Formierung von Ordnung in der digitalen Konstellation&#8220;, in Zeitschrift f\u00fcr Politische Theorie (2019) 1, 67-86 (mit Thorsten Thiel). <a href=\"https:\/\/www.budrich-journals.de\/index.php\/zpth\/article\/view\/35244\" rel='nofollow'>PDF<\/a><\/p>\n\n\n\n<p>*2020: &#8222;Die digitale Konstellation \u2013 eine Positionsbestimmung&#8220;, in Zeitschrift f\u00fcr Politikwissenschaft 30, 171-191 (with Niklas Rakowski und Thorsten Thiel).&nbsp;(mit Niklas Rakowski und Thorsten Thiel).&nbsp;<a href=\"https:\/\/link.springer.com\/content\/pdf\/10.1007\/s41358-020-00207-6.pdf\" rel='nofollow'>PDF<\/a><\/p>\n\n\n\n<p>2019: &#8222;The Internet enables organizing without organization&#8220;, in: Matthias C. Kettemann und Stephan Dreyer (<abbr title=\"Herausgeber\">Hrsg.<\/abbr>): Busted! The Truth About the 50 Most Common Internet Myths. Hamburg: Leibniz Institute for Media Research | Hans-Bredow-Institut (HBI), 142-145. <a href=\"https:\/\/www.econstor.eu\/bitstream\/10419\/213815\/1\/Full-text-chapter-Berg-The-Internet-enables.pdf\" rel='nofollow'>PDF<\/a><\/p>\n\n\n\n<p>2018: &#8222;Materielle Grenzziehungen der Demokratie \u2013 ein Tagungsbericht als Spurensuche&#8220; (mit <a href=\"https:\/\/tu-dresden.de\/gsw\/schauflerlab\/schaufler-kolleg\/stipendiatinnen-phase-1\/ann-kathrin-koster-der-demokratische-horizont-kuenstlicher-intelligenz\" rel='nofollow'>Ann-Kathrin Koster<\/a>), auf <a href=\"https:\/\/www.theorieblog.de\/index.php\/2018\/12\/dvpw-2018-materielle-grenzziehungen-der-demokratie-ein-tagungsbericht-als-spurensuche\/\" rel='nofollow'>theorieblog.de<\/a>.<\/p>\n\n\n\n<p>2018: \u201ePolitisches Gestalten als Herausforderung der Digitalisierung\u201c, in: Stalder, Wolfgang (<abbr title=\"Herausgeber\">Hrsg.<\/abbr>): Mehr als Algorithmen? Digitalisierung in Gesellschaft und Sozialer Arbeit, Weinheim\/Basel: Beltz Juventa, S. 40-48. <a href=\"http:\/\/hdl.handle.net\/10419\/218754\" rel='nofollow'>PDF<\/a><\/p>\n\n\n\n<p>2018: \u201eEin neues Recht f\u00fcr die digitale Gesellschaft? Tagungsbericht \u201aK\u00fcnstliche Intelligenz und Demokratie\u2018 (Trier)\u201c (mit <a href=\"https:\/\/www.wzb.eu\/de\/personen\/florian-eyert\" rel='nofollow'>Florian Eyert<\/a>), auf <a href=\"http:\/\/www.theorieblog.de\/index.php\/2018\/03\/ein-neues-recht-fuer-die-digitale-gesellschaft-tagungsbericht-demokratie-und-kuenstliche-intelligenz-trier\/\" rel='nofollow'>theorieblog.de<\/a>.<\/p>\n","protected":false},"excerpt":{"rendered":"<p>Wissenschaftlicher Mitarbeiter am Lehrstuhl f\u00fcr Politikwissenschaft, insbesondere Politische Theorie Helmut-Schmidt-Universit\u00e4tHolstenhofweg 8522043 HamburgGeb\u00e4ude H1, Raum: 2506&nbsp; Email: sebastian.berg@hsu-hh.deTwitter: SebezeroBluesky: @sberg.bsky.social Bitte beachten Sie, dass Sebastian Berg sich von Januar bis Februar [&hellip;]<\/p>\n","protected":false},"author":2953,"featured_media":0,"parent":124,"menu_order":0,"comment_status":"closed","ping_status":"closed","template":"","meta":{"footnotes":""},"categories":[8],"tags":[],"class_list":["post-2431","page","type-page","status-publish","hentry","category-team"],"_links":{"self":[{"href":"https:\/\/www.hsu-hh.de\/politiktheorie\/wp-json\/wp\/v2\/pages\/2431","targetHints":{"allow":["GET"]}}],"collection":[{"href":"https:\/\/www.hsu-hh.de\/politiktheorie\/wp-json\/wp\/v2\/pages"}],"about":[{"href":"https:\/\/www.hsu-hh.de\/politiktheorie\/wp-json\/wp\/v2\/types\/page"}],"author":[{"embeddable":true,"href":"https:\/\/www.hsu-hh.de\/politiktheorie\/wp-json\/wp\/v2\/users\/2953"}],"replies":[{"embeddable":true,"href":"https:\/\/www.hsu-hh.de\/politiktheorie\/wp-json\/wp\/v2\/comments?post=2431"}],"version-history":[{"count":18,"href":"https:\/\/www.hsu-hh.de\/politiktheorie\/wp-json\/wp\/v2\/pages\/2431\/revisions"}],"predecessor-version":[{"id":3248,"href":"https:\/\/www.hsu-hh.de\/politiktheorie\/wp-json\/wp\/v2\/pages\/2431\/revisions\/3248"}],"up":[{"embeddable":true,"href":"https:\/\/www.hsu-hh.de\/politiktheorie\/wp-json\/wp\/v2\/pages\/124"}],"wp:attachment":[{"href":"https:\/\/www.hsu-hh.de\/politiktheorie\/wp-json\/wp\/v2\/media?parent=2431"}],"wp:term":[{"taxonomy":"category","embeddable":true,"href":"https:\/\/www.hsu-hh.de\/politiktheorie\/wp-json\/wp\/v2\/categories?post=2431"},{"taxonomy":"post_tag","embeddable":true,"href":"https:\/\/www.hsu-hh.de\/politiktheorie\/wp-json\/wp\/v2\/tags?post=2431"}],"curies":[{"name":"wp","href":"https:\/\/api.w.org\/{rel}","templated":true}]}}