{"id":2278,"date":"2023-02-09T16:19:52","date_gmt":"2023-02-09T15:19:52","guid":{"rendered":"https:\/\/www.hsu-hh.de\/politiktheorie\/?page_id=2278"},"modified":"2023-02-22T14:43:48","modified_gmt":"2023-02-22T13:43:48","slug":"konferenz-und-workshop-2","status":"publish","type":"page","link":"https:\/\/www.hsu-hh.de\/politiktheorie\/konferenz-und-workshop-2","title":{"rendered":"Konferenz und Workshop"},"content":{"rendered":"\n<h2 class=\"wp-block-heading\">Politische Kommunikation und KI &#8211; Chancen und Herausforderung f\u00fcr die Regierungskommunikation<\/h2>\n\n\n\n<hr class=\"wp-block-separator has-alpha-channel-opacity is-style-wide\" \/>\n\n\n\n<h2 class=\"wp-block-heading\">Das Wichtigste auf einen Blick <\/h2>\n\n\n\n<hr class=\"wp-block-separator has-alpha-channel-opacity is-style-wide\" \/>\n\n\n\n<p><strong>Termin<\/strong>: 23.-24.02.2023. Beginn: Donnerstag um 13:00 Uhr; Ende: Freitag um 16:00 Uhr.<\/p>\n\n\n\n<p><strong>Ort:<\/strong> In Hamburg, an der Helmut-Schmidt-Universit\u00e4t\/Universit\u00e4t der Bundeswehr Hamburg (<abbr title=\"Helmut Schmidt Universit\u00e4t\">HSU<\/abbr>)<\/p>\n\n\n\n<p><strong>Adresse:<\/strong> Holstenhofweg 85, 22043 Hamburg<\/p>\n\n\n\n<p><strong>Raum:<\/strong> Komplexraum 1006 im H1, auf der ersten Etage des Hauptgeb\u00e4udes der <abbr title=\"Helmut Schmidt Universit\u00e4t\">HSU<\/abbr> (siehe <a href=\"https:\/\/www.hsu-hh.de\/universitaet\/adressen\" data-type=\"URL\" data-id=\"https:\/\/www.hsu-hh.de\/universitaet\/adressen\">Anfahrt und Lageplan<\/a>) <br>Die Workshops finden in gesonderten Besprechungsr\u00e4umen statt (1505, 1504, 1503).<\/p>\n\n\n\n<p><strong>\u00dcbernachtungen<\/strong>: F\u00fcr anreisende G\u00e4ste finden die \u00dcbernachtungen im Select Hotel Tiefenthal, in Wandsbek Markt statt <a href=\"https:\/\/www.select-hotels.com\/select-hotel-tiefenthal\" data-type=\"URL\" data-id=\"https:\/\/www.select-hotels.com\/select-hotel-tiefenthal\" rel='nofollow'>(Link)<\/a>. Sollten Sie keine \u00dcbernachtungsm\u00f6glichkeit haben, kontaktieren Sie uns unter <a href=\"mailto:ai-publicaffairs@hsu-hh.de\" rel='nofollow'>ai-publicaffairs@hsu-hh.de<\/a><\/p>\n\n\n\n<hr class=\"wp-block-separator has-alpha-channel-opacity is-style-wide\" \/>\n\n\n\n<h2 class=\"wp-block-heading\">Relevante Materialien<\/h2>\n\n\n\n<hr class=\"wp-block-separator has-alpha-channel-opacity is-style-wide\" \/>\n\n\n\n<p><strong>SotAR &#8211; Forschungsstandbericht &#8211; Passwortgesch\u00fctzt<\/strong><\/p>\n\n\n\n<div class=\"wp-block-hsu-downloadblock\"><div class=\"thumbnail-area\"><img decoding=\"async\" src=\"\/wp-content\/themes\/hsu\/img\/dummy\/downloads_dummy.png\" alt=\"Download Symbol-Icon\" \/><\/div><div class=\"text-area\"><\/div><div class=\"download-area\"><a class=\"download-link\" href=\"https:\/\/www.hsu-hh.de\/politiktheorie\/wp-content\/uploads\/sites\/726\/2023\/02\/Draft_SotA-Report_Kuenstliche-Intelligenz-und-Regierungskommunikation__A-2_Passwortgeschuetzt.pdf\"><span class=\"download-name\">pdf laden<\/span><span class=\"download-icon\"><img decoding=\"async\" class=\"download-icon\" alt=\"download icon\" src=\"\/wp-content\/themes\/hsu\/img\/icons\/download_icon.png\" \/><\/span><span class=\"download-size\">2 MB<\/span><\/a><\/div><\/div>\n\n\n\n<p><strong>Konferenzprogram_KI_RegKomm_22022023<\/strong><\/p>\n\n\n\n<div class=\"wp-block-hsu-downloadblock\"><div class=\"thumbnail-area\"><img decoding=\"async\" src=\"\/wp-content\/themes\/hsu\/img\/dummy\/downloads_dummy.png\" alt=\"Download Symbol-Icon\" \/><\/div><div class=\"text-area\"><\/div><div class=\"download-area\"><a class=\"download-link\" href=\"https:\/\/www.hsu-hh.de\/politiktheorie\/wp-content\/uploads\/sites\/726\/2023\/02\/Konferenzpogramm__D-230222-2.pdf\"><span class=\"download-name\">pdf laden<\/span><span class=\"download-icon\"><img decoding=\"async\" class=\"download-icon\" alt=\"download icon\" src=\"\/wp-content\/themes\/hsu\/img\/icons\/download_icon.png\" \/><\/span><span class=\"download-size\">2 MB<\/span><\/a><\/div><\/div>\n\n\n\n<p><strong>Anreise- und Wegbeschreibung (<a href=\"https:\/\/www.hsu-hh.de\/universitaet\/adressen\" data-type=\"URL\" data-id=\"https:\/\/www.hsu-hh.de\/universitaet\/adressen\">Link<\/a>)<\/strong><\/p>\n\n\n\n<hr class=\"wp-block-separator has-alpha-channel-opacity is-style-wide\" \/>\n\n\n\n<h2 class=\"wp-block-heading\">Zu den Workshops<\/h2>\n\n\n\n<hr class=\"wp-block-separator has-alpha-channel-opacity is-style-wide\" \/>\n\n\n\n<p><strong>Workshop I: Strategische Kommunikation ohne Strateg:innen? \u2013 Wie ver\u00e4ndert K\u00fcnstliche Intelligenz Regierungskommunikation?<\/strong><br>Mit <abbr title=\"Doktor\">Dr.<\/abbr> Philip Jan Sch\u00e4fer, Universit\u00e4t Bielefeld \u2013 <a href=\"https:\/\/ekvv.uni-bielefeld.de\/pers_publ\/publ\/PersonDetail.jsp;jsessionid=92D753140C104B74E08BCBA18CA95688?personId=365650496\" data-type=\"URL\" data-id=\"https:\/\/ekvv.uni-bielefeld.de\/pers_publ\/publ\/PersonDetail.jsp;jsessionid=92D753140C104B74E08BCBA18CA95688?personId=365650496\" rel='nofollow'>Link <\/a><\/p>\n\n\n\n<p>Der Workshop widmet sich der Frage wie Verfahren k\u00fcnstlicher Intelligenz in strategischer Kommunikation eingesetzt werden und wie diese Regierungskommunikation ver\u00e4ndern. Die Analyse dieser Ver\u00e4nderungen er\u00f6ffnet so einen breiten Strau\u00df von Perspektiven, auf <em>Politische Kommunikation und KI<\/em>: Wer setzt in Zukunft die Ziele von Regierungskommunikation? Wie l\u00e4sst sich Kommunikation unter Anwendung von Verfahren k\u00fcnstlicher Intelligenz strategisch planen, wie lassen sich diese Verfahren einsetzen, in die Ausrichtung und Evaluation von Kommunikation sinnvoll einplanen? <br>Durch die Betrachtung konkreter Anwendungsbeispiele von KI-Verfahren in strategischer Kommunikation werden die Workshopteilnehmenden Ideen entwickeln, wie Politische Kommunikation und KI zusammengedacht werden k\u00f6nnen.<\/p>\n\n\n\n<p><\/p>\n\n\n\n<p><strong>Workshop II: K\u00fcnstliche Intelligenz als Rahmenbedingung \u00f6ffentlicher Kommunikation<\/strong><br>Mit <abbr title=\"Professor\">Prof.<\/abbr> <abbr title=\"Doktor\">Dr.<\/abbr> Thorsten Thiel, Universit\u00e4t Erfurt \u2013 <a href=\"https:\/\/thorsten-thiel.net\" data-type=\"URL\" data-id=\"https:\/\/thorsten-thiel.net\" rel='nofollow'>Link <\/a><\/p>\n\n\n\n<p>Regierungskommunikation hat sich im Zeitalter sozialer Medien stark transformiert. Die Reichweite und Unmittelbarkeit direkter Ansprache und Information ist gestiegen, damit jedoch auch die Abh\u00e4ngigkeit von kommerziellen Plattformen. Deren Kuratierungslogik hat bereits in der letzten Dekade die Form erfolgreicher Kommunikation stark bestimmt, doch der umfassende Einsatz k\u00fcnstlicher Intelligenz durch die Plattformen \u00fcberformt die Selektionslogik ein weiteres Mal.&nbsp;Pr\u00e4ferenzerkennung und automatisierte Personalisierung werden durch Machine Learning Verfahren nochmal wichtiger, dadurch steigt die Abh\u00e4ngigkeit von den Plattformen und die Opazit\u00e4t der Informationsverbreitung aber weiter an. <br>Der Workshop stellt die Frage, wie Regierungskommunikation sich in einer durch soziale Medien strukturierten und durch KI-Verfahren nochmal transformierten digitalen \u00d6ffentlichkeit entwickeln kann und soll. Es wird eine systemische Perspektive eingenommen, in der KI als Rahmenbedingung \u00f6ffentlicher Kommunikation thematisiert wird und Adaptionsprozesse und Regulierungsm\u00f6glichkeiten er\u00f6rtert werden.<\/p>\n\n\n\n<p><br><strong>Workshop III: Demokratietheoretische \u00dcberlegungen: Einsatz von K\u00fcnstlicher Intelligenz im Rahmen der Regierungskommunikation<\/strong><br>Mit <abbr title=\"Professor\">Prof.<\/abbr> <abbr title=\"Doktor\">Dr.<\/abbr> Gary S. Schaal, <abbr title=\"Helmut Schmidt Universit\u00e4t\">HSU<\/abbr>\/UniBW \u2013 <a href=\"https:\/\/www.hsu-hh.de\/politiktheorie\/prof-dr-gary-s-schaal\" data-type=\"URL\" data-id=\"https:\/\/www.hsu-hh.de\/politiktheorie\/prof-dr-gary-s-schaal\">Link<\/a> &amp; Charalampos (Babis) Karpouchtsis, <abbr title=\"Helmut Schmidt Universit\u00e4t\">HSU<\/abbr>\/UniBW \u2013 <a href=\"https:\/\/www.hsu-hh.de\/politiktheorie\/charalampos-karpouchtsis-m-a\" data-type=\"URL\" data-id=\"https:\/\/www.hsu-hh.de\/politiktheorie\/charalampos-karpouchtsis-m-a\">Link <\/a><\/p>\n\n\n\n<p>Regierungskommunikation hat eine steuerungsbezogene und eine demokratiepolitische Dimension. Sie soll neutral informieren und zur politischen Willensbildung der B\u00fcrger:innen beitragen, aber auch der F\u00f6rderung und dem Erhalt der demokratischen Grundordnung dienen. Dabei muss sie sich mit gesellschaftlichen Entwicklungen und Erwartungen wandeln. Der Workshop fragt danach, wie K\u00fcnstliche Intelligenz dabei helfen kann, diesen doppelten Auftrag zu st\u00e4rken, etwa indem mittels KI-unterst\u00fctzter Verfahren die M\u00f6glichkeiten der Konsultation und Deliberation mit Regierungsstellen verst\u00e4rkt und ver\u00e4ndert wird. <br>Wir er\u00f6rtern, welche Formate und Austauschweisen denkbar sind und auf welche Defizite aktueller Regierungskommunikation sie reagieren, welche Reichweite und Inklusionsm\u00f6glichkeiten solche Verfahren erlauben, und wie mit Risiken technokratischer Vormundschaft und Verk\u00fcrzung umzugehen ist.<\/p>\n\n\n\n<hr class=\"wp-block-separator has-alpha-channel-opacity is-style-wide\" \/>\n\n\n\n<p>Die Konferenz wird vom Lehrstuhl f\u00fcr Politische Theorie des Instituts f\u00fcr Politikwissenschaft der Helmut-Schmidt-Universit\u00e4t\/UniBW von <abbr title=\"Professor\">Prof.<\/abbr> <abbr title=\"Doktor\">Dr.<\/abbr> Gary S. Schaal in Kooperation mit <abbr title=\"Professor\">Prof.<\/abbr> <abbr title=\"Doktor\">Dr.<\/abbr> Thorsten Thiel, Inhaber der Professur f\u00fcr Demokratief\u00f6rderung und Digitalpolitik der Universit\u00e4t Erfurt, ausgerichtet. Koordiniert wird die Konferenz vom wissenschaftlichen Mitarbeiter Charalampos (Babis) Karpouchtsis (<abbr title=\"Helmut Schmidt Universit\u00e4t\">HSU<\/abbr>&#8211;<abbr title=\"Hamburg\">HH<\/abbr>\/UniBW).<\/p>\n\n\n\n<p>Die Konferenz ist Teil des Projekts \u201cKI und \u00f6ffentliche Kommunikation\u201d, das vom Zentrum Informationsarbeit Bundeswehr gef\u00f6rdert wird.<\/p>\n\n\n\n<p>Wir freuen uns sehr Sie bald in Hamburg begr\u00fc\u00dfen zu d\u00fcrfen! Bei R\u00fcckfragen kommen Sie gerne auf uns zu: <a href=\"mailto:ai-publicaffairs@hsu-hh.de\" rel='nofollow'>ai-publicaffairs@hsu-hh.de<\/a><\/p>\n","protected":false},"excerpt":{"rendered":"<p>Politische Kommunikation und KI &#8211; Chancen und Herausforderung f\u00fcr die Regierungskommunikation Das Wichtigste auf einen Blick Termin: 23.-24.02.2023. Beginn: Donnerstag um 13:00 Uhr; Ende: Freitag um 16:00 Uhr. Ort: In [&hellip;]<\/p>\n","protected":false},"author":2953,"featured_media":0,"parent":0,"menu_order":0,"comment_status":"closed","ping_status":"closed","template":"","meta":{"footnotes":""},"categories":[29],"tags":[],"class_list":["post-2278","page","type-page","status-publish","hentry","category-nachrichtenslider"],"_links":{"self":[{"href":"https:\/\/www.hsu-hh.de\/politiktheorie\/wp-json\/wp\/v2\/pages\/2278","targetHints":{"allow":["GET"]}}],"collection":[{"href":"https:\/\/www.hsu-hh.de\/politiktheorie\/wp-json\/wp\/v2\/pages"}],"about":[{"href":"https:\/\/www.hsu-hh.de\/politiktheorie\/wp-json\/wp\/v2\/types\/page"}],"author":[{"embeddable":true,"href":"https:\/\/www.hsu-hh.de\/politiktheorie\/wp-json\/wp\/v2\/users\/2953"}],"replies":[{"embeddable":true,"href":"https:\/\/www.hsu-hh.de\/politiktheorie\/wp-json\/wp\/v2\/comments?post=2278"}],"version-history":[{"count":21,"href":"https:\/\/www.hsu-hh.de\/politiktheorie\/wp-json\/wp\/v2\/pages\/2278\/revisions"}],"predecessor-version":[{"id":2334,"href":"https:\/\/www.hsu-hh.de\/politiktheorie\/wp-json\/wp\/v2\/pages\/2278\/revisions\/2334"}],"wp:attachment":[{"href":"https:\/\/www.hsu-hh.de\/politiktheorie\/wp-json\/wp\/v2\/media?parent=2278"}],"wp:term":[{"taxonomy":"category","embeddable":true,"href":"https:\/\/www.hsu-hh.de\/politiktheorie\/wp-json\/wp\/v2\/categories?post=2278"},{"taxonomy":"post_tag","embeddable":true,"href":"https:\/\/www.hsu-hh.de\/politiktheorie\/wp-json\/wp\/v2\/tags?post=2278"}],"curies":[{"name":"wp","href":"https:\/\/api.w.org\/{rel}","templated":true}]}}