{"id":2275,"date":"2023-02-09T14:07:49","date_gmt":"2023-02-09T13:07:49","guid":{"rendered":"https:\/\/www.hsu-hh.de\/politiktheorie\/?page_id=2275"},"modified":"2023-02-09T14:07:50","modified_gmt":"2023-02-09T13:07:50","slug":"konferenz-und-workshop","status":"publish","type":"page","link":"https:\/\/www.hsu-hh.de\/politiktheorie\/en\/konferenz-und-workshop","title":{"rendered":"Konferenz und Workshop"},"content":{"rendered":"\n<h2 class=\"wp-block-heading\">\u201cPolitische Kommunikation und KI &#8211; Chancen und Herausforderung f\u00fcr die Regierungskommunikation\u201d<\/h2>\n\n\n\n<hr class=\"wp-block-separator has-alpha-channel-opacity is-style-wide\" \/>\n\n\n\n<h2 class=\"wp-block-heading\">Das Wichtigste auf einen Blick <\/h2>\n\n\n\n<hr class=\"wp-block-separator has-alpha-channel-opacity is-style-wide\" \/>\n\n\n\n<p><strong>Termin<\/strong>: 23.-24.02.2023. Beginn: Donnerstag um 13:00 Uhr; Ende: Freitag um 16:00 Uhr.<\/p>\n\n\n\n<p><strong>Ort:<\/strong> In Hamburg, an der Helmut-Schmidt-Universit\u00e4t\/Universit\u00e4t der Bundeswehr Hamburg (<abbr title=\"Helmut Schmidt Universit\u00e4t\">HSU<\/abbr>)<\/p>\n\n\n\n<p><strong>Adresse:<\/strong> Holstenhofweg 85, 22043 Hamburg<\/p>\n\n\n\n<p><strong>Raum:<\/strong> Komplexraum 1006 im H1, auf der ersten Etage des Hauptgeb\u00e4udes der <abbr title=\"Helmut Schmidt Universit\u00e4t\">HSU<\/abbr> (siehe <a href=\"https:\/\/www.hsu-hh.de\/universitaet\/adressen\" data-type=\"URL\" data-id=\"https:\/\/www.hsu-hh.de\/universitaet\/adressen\">Anfahrt und Lageplan<\/a>) <br>Die Workshops finden in gesonderten Besprechungsr\u00e4umen statt (1505, 1504, 1503)<\/p>\n\n\n\n<p><strong>\u00dcbernachtungen<\/strong>: F\u00fcr anreisende G\u00e4ste finden die \u00dcbernachtungen im Select Hotel Tiefenthal, in Wandsbek Markt statt <a href=\"https:\/\/www.select-hotels.com\/select-hotel-tiefenthal\" data-type=\"URL\" data-id=\"https:\/\/www.select-hotels.com\/select-hotel-tiefenthal\" rel='nofollow'>(Link)<\/a>. Sollten Sie keine \u00dcbernachtungsm\u00f6glichkeit haben, kontaktieren Sie uns unter <a href=\"mailto:ai-publicaffairs@hsu-hh.de\" rel='nofollow'>ai-publicaffairs@hsu-hh.de<\/a><\/p>\n\n\n\n<hr class=\"wp-block-separator has-alpha-channel-opacity is-style-wide\" \/>\n\n\n\n<h2 class=\"wp-block-heading\">Relevante Materialien<\/h2>\n\n\n\n<hr class=\"wp-block-separator has-alpha-channel-opacity is-style-wide\" \/>\n\n\n\n<p>PDF-DATEI: First Draft Forschungsstandbericht (State of the Art Report) (Download Passwort <strong>PoLKi23<\/strong>)<\/p>\n\n\n\n<p>PDF-DATEI: Vorl\u00e4ufiges Programm (Kein Passwort)<\/p>\n\n\n\n<p>PDF-DATEI: Workshopsbeschreibung (Kein Passwort)<\/p>\n\n\n\n<p>Anreise- und Wegbeschreibung (<a href=\"https:\/\/www.hsu-hh.de\/universitaet\/adressen\" data-type=\"URL\" data-id=\"https:\/\/www.hsu-hh.de\/universitaet\/adressen\">Link<\/a>)<\/p>\n\n\n\n<hr class=\"wp-block-separator has-alpha-channel-opacity is-style-wide\" \/>\n\n\n\n<h2 class=\"wp-block-heading\">Kurzbeschreibungen der Workshops<\/h2>\n\n\n\n<hr class=\"wp-block-separator has-alpha-channel-opacity is-style-wide\" \/>\n\n\n\n<p>Die Workshops werden geleitet von:<\/p>\n\n\n\n<ul class=\"wp-block-list\">\n<li><abbr title=\"Professor\">Prof.<\/abbr> <abbr title=\"Doktor\">Dr.<\/abbr> Thorsten Thiel (Universit\u00e4t Erfurt) \u2013 <a href=\"https:\/\/thorsten-thiel.net\" data-type=\"URL\" data-id=\"https:\/\/thorsten-thiel.net\" rel='nofollow'>Link <\/a><\/li>\n\n\n\n<li><abbr title=\"Doktor\">Dr.<\/abbr> Philip Jan Sch\u00e4fer (Universit\u00e4t Bielefeldt) \u2013 <a href=\"https:\/\/ekvv.uni-bielefeld.de\/pers_publ\/publ\/PersonDetail.jsp;jsessionid=92D753140C104B74E08BCBA18CA95688?personId=365650496\" data-type=\"URL\" data-id=\"https:\/\/ekvv.uni-bielefeld.de\/pers_publ\/publ\/PersonDetail.jsp;jsessionid=92D753140C104B74E08BCBA18CA95688?personId=365650496\" rel='nofollow'>Link <\/a><\/li>\n\n\n\n<li><abbr title=\"Professor\">Prof.<\/abbr> <abbr title=\"Doktor\">Dr.<\/abbr> Gary Schaal (<abbr title=\"Helmut Schmidt Universit\u00e4t\">HSU<\/abbr>\/UniBW) \u2013 <a href=\"https:\/\/www.hsu-hh.de\/politiktheorie\/prof-dr-gary-s-schaal\" data-type=\"URL\" data-id=\"https:\/\/www.hsu-hh.de\/politiktheorie\/prof-dr-gary-s-schaal\">Link<\/a> <\/li>\n\n\n\n<li>Charalampos (Babis) Karpouchtsis (<abbr title=\"Helmut Schmidt Universit\u00e4t\">HSU<\/abbr>\/UniBW) \u2013 <a href=\"https:\/\/www.hsu-hh.de\/politiktheorie\/charalampos-karpouchtsis-m-a\" data-type=\"URL\" data-id=\"https:\/\/www.hsu-hh.de\/politiktheorie\/charalampos-karpouchtsis-m-a\">Link <\/a><\/li>\n<\/ul>\n\n\n\n<p>Wir freuen uns sehr Sie bald in Hamburg begr\u00fc\u00dfen zu d\u00fcrfen! Bei R\u00fcckfragen kommen Sie gerne auf uns zu: <a href=\"mailto:ai-publicaffairs@hsu-hh.de\" rel='nofollow'>ai-publicaffairs@hsu-hh.de<\/a><\/p>\n\n\n\n<p>Die Konferenz wird vom Lehrstuhl f\u00fcr Politische Theorie des Instituts f\u00fcr Politikwissenschaft der Helmut-Schmidt-Universit\u00e4t\/UniBW von <abbr title=\"Professor\">Prof.<\/abbr> <abbr title=\"Doktor\">Dr.<\/abbr> Gary S. Schaal in Kooperation mit <abbr title=\"Professor\">Prof.<\/abbr> <abbr title=\"Doktor\">Dr.<\/abbr> Thorsten Thiel, Inhaber der Professur f\u00fcr Demokratief\u00f6rderung und Digitalpolitik der Universit\u00e4t Erfurt, ausgerichtet. Koordiniert wird die Konferenz vom wissenschaftlichen Mitarbeiter Charalampos (Babis) Karpouchtsis (<abbr title=\"Helmut Schmidt Universit\u00e4t\">HSU<\/abbr>&#8211;<abbr title=\"Hamburg\">HH<\/abbr>\/UniBW).<\/p>\n\n\n\n<p>Die Konferenz ist Teil des Projekts \u201cKI und \u00f6ffentliche Kommunikation\u201d, das vom Zentrum Informationsarbeit Bundeswehr gef\u00f6rdert wird.<\/p>\n","protected":false},"excerpt":{"rendered":"<p>\u201cPolitische Kommunikation und KI &#8211; Chancen und Herausforderung f\u00fcr die Regierungskommunikation\u201d Das Wichtigste auf einen Blick Termin: 23.-24.02.2023. Beginn: Donnerstag um 13:00 Uhr; Ende: Freitag um 16:00 Uhr. Ort: In [&hellip;]<\/p>\n","protected":false},"author":2953,"featured_media":0,"parent":0,"menu_order":0,"comment_status":"closed","ping_status":"closed","template":"","meta":{"footnotes":""},"categories":[7],"tags":[],"class_list":["post-2275","page","type-page","status-publish","hentry","category-research"],"_links":{"self":[{"href":"https:\/\/www.hsu-hh.de\/politiktheorie\/wp-json\/wp\/v2\/pages\/2275","targetHints":{"allow":["GET"]}}],"collection":[{"href":"https:\/\/www.hsu-hh.de\/politiktheorie\/wp-json\/wp\/v2\/pages"}],"about":[{"href":"https:\/\/www.hsu-hh.de\/politiktheorie\/wp-json\/wp\/v2\/types\/page"}],"author":[{"embeddable":true,"href":"https:\/\/www.hsu-hh.de\/politiktheorie\/wp-json\/wp\/v2\/users\/2953"}],"replies":[{"embeddable":true,"href":"https:\/\/www.hsu-hh.de\/politiktheorie\/wp-json\/wp\/v2\/comments?post=2275"}],"version-history":[{"count":2,"href":"https:\/\/www.hsu-hh.de\/politiktheorie\/wp-json\/wp\/v2\/pages\/2275\/revisions"}],"predecessor-version":[{"id":2277,"href":"https:\/\/www.hsu-hh.de\/politiktheorie\/wp-json\/wp\/v2\/pages\/2275\/revisions\/2277"}],"wp:attachment":[{"href":"https:\/\/www.hsu-hh.de\/politiktheorie\/wp-json\/wp\/v2\/media?parent=2275"}],"wp:term":[{"taxonomy":"category","embeddable":true,"href":"https:\/\/www.hsu-hh.de\/politiktheorie\/wp-json\/wp\/v2\/categories?post=2275"},{"taxonomy":"post_tag","embeddable":true,"href":"https:\/\/www.hsu-hh.de\/politiktheorie\/wp-json\/wp\/v2\/tags?post=2275"}],"curies":[{"name":"wp","href":"https:\/\/api.w.org\/{rel}","templated":true}]}}