{"id":226,"date":"2017-11-09T17:42:35","date_gmt":"2017-11-09T16:42:35","guid":{"rendered":"https:\/\/www.hsu-hh.de\/politiktheorie\/?page_id=226"},"modified":"2023-10-18T16:00:12","modified_gmt":"2023-10-18T14:00:12","slug":"lebenslauf-weinmann","status":"publish","type":"page","link":"https:\/\/www.hsu-hh.de\/politiktheorie\/prof-dr-gary-s-schaal\/lebenslauf-weinmann","title":{"rendered":"Lebenslauf"},"content":{"rendered":"<p><strong>Beruflicher Werdegang<\/strong><\/p>\n<p>12\/2017 \u2013<\/p>\n<p>Wissenschaftlicher Mitarbeiter \/ Postdoc (Politikwissenschaft)<\/p>\n<p>Helmut-Schmidt-Universit\u00e4t \/ Universit\u00e4t der Bundeswehr Hamburg<\/p>\n<p>Verantwortlich f\u00fcr Planung und Durchf\u00fchrung quantitativer Methodenlehre<br \/>\nVer\u00f6ffentlichungen und Vortr\u00e4ge zu Wahlsystemen<br \/>\nDatensammlung und -aufbereitung, statistische Auswertungen, Simulationsstudien<br \/>\nMitglied im Promotionsausschuss<br \/>\n04\/2017 \u2013 10\/2017<\/p>\n<p>Weiterqualifizierung (<abbr title=\"unter anderem\">u.a.<\/abbr> Verteidigung der Promotion)<\/p>\n<p>04\/2011 \u2013 03\/2017<\/p>\n<p>Wissenschaftlicher Mitarbeiter (Politikwissenschaft)<\/p>\n<p>Albert-Ludwigs-Universit\u00e4t Freiburg<\/p>\n<p>Wissenschaftliche Ver\u00f6ffentlichungen und Vortr\u00e4ge<br \/>\nUmfangreiche Lehrt\u00e4tigkeit (v.a. Vergleichende Politikwissenschaft &amp; Methoden)<br \/>\n04\/2009 \u2013 07\/2009<\/p>\n<p>Praktikant, Forschungsgruppe Wahlen e.V., Mannheim<\/p>\n<p>Recherche und Dokumentation f\u00fcr die Europawahlen 2009<br \/>\nZeitnahe Unterst\u00fctzung der TV-\u00dcbertragung am Wahlabend<br \/>\n09\/2006 \u2013 03\/2009<\/p>\n<p>Studentische Hilfskraft<\/p>\n<p>Ruprecht-Karls-Universit\u00e4t Heidelberg<\/p>\n<p>Datenaufbereitung und -analyse (Excel, SPSS) (Politikwissenschaft)<br \/>\nInterdisziplin\u00e4res Menschenw\u00fcrdeprojekt an Gymnasien (Rechtswissenschaft)<br \/>\n<strong>Akademische Ausbildung<\/strong><\/p>\n<p>04\/2011 \u2013 06\/2017<\/p>\n<p>Promotion in Politikwissenschaft (magna cum laude; 1,6)<\/p>\n<p>Albert-Ludwigs-Universit\u00e4t Freiburg<\/p>\n<p>Simulationsanalyse (Excel): Bundestagswahlrecht und Reformoptionen<\/p>\n<p>Ableitung konkreter Handlungsempfehlungen<br \/>\n10\/2004 \u2013 01\/2011<\/p>\n<p>Magister in Politikwissenschaft, \u00d6ffentliches Recht, Philosophie (1,1)<\/p>\n<p>Ruprecht-Karls-Universit\u00e4t Heidelberg<\/p>\n<p>Magisterarbeit (SPSS, Stata): Statistische Analyse von Wahlsystemreformen (Regressionen, Pooled Time Series)<br \/>\nHeidelberg-Studie 2006: Fragebogenkonzipierung, Telefoninterviews, Datenanalyse, Dokumentation<br \/>\n04\/2006 \u2013 09\/2008<\/p>\n<p>Vordiplom in Mathematik (sehr gut) Ruprecht-Karls-Universit\u00e4t Heidelberg<\/p>\n","protected":false},"excerpt":{"rendered":"<p>Beruflicher Werdegang 12\/2017 \u2013 Wissenschaftlicher Mitarbeiter \/ Postdoc (Politikwissenschaft) Helmut-Schmidt-Universit\u00e4t \/ Universit\u00e4t der Bundeswehr Hamburg Verantwortlich f\u00fcr Planung und Durchf\u00fchrung quantitativer Methodenlehre Ver\u00f6ffentlichungen und Vortr\u00e4ge zu Wahlsystemen Datensammlung und -aufbereitung, [&hellip;]<\/p>\n","protected":false},"author":181,"featured_media":0,"parent":126,"menu_order":0,"comment_status":"closed","ping_status":"closed","template":"","meta":{"footnotes":""},"categories":[4],"tags":[],"class_list":["post-226","page","type-page","status-publish","hentry","category-forschung"],"_links":{"self":[{"href":"https:\/\/www.hsu-hh.de\/politiktheorie\/wp-json\/wp\/v2\/pages\/226","targetHints":{"allow":["GET"]}}],"collection":[{"href":"https:\/\/www.hsu-hh.de\/politiktheorie\/wp-json\/wp\/v2\/pages"}],"about":[{"href":"https:\/\/www.hsu-hh.de\/politiktheorie\/wp-json\/wp\/v2\/types\/page"}],"author":[{"embeddable":true,"href":"https:\/\/www.hsu-hh.de\/politiktheorie\/wp-json\/wp\/v2\/users\/181"}],"replies":[{"embeddable":true,"href":"https:\/\/www.hsu-hh.de\/politiktheorie\/wp-json\/wp\/v2\/comments?post=226"}],"version-history":[{"count":5,"href":"https:\/\/www.hsu-hh.de\/politiktheorie\/wp-json\/wp\/v2\/pages\/226\/revisions"}],"predecessor-version":[{"id":2698,"href":"https:\/\/www.hsu-hh.de\/politiktheorie\/wp-json\/wp\/v2\/pages\/226\/revisions\/2698"}],"up":[{"embeddable":true,"href":"https:\/\/www.hsu-hh.de\/politiktheorie\/wp-json\/wp\/v2\/pages\/126"}],"wp:attachment":[{"href":"https:\/\/www.hsu-hh.de\/politiktheorie\/wp-json\/wp\/v2\/media?parent=226"}],"wp:term":[{"taxonomy":"category","embeddable":true,"href":"https:\/\/www.hsu-hh.de\/politiktheorie\/wp-json\/wp\/v2\/categories?post=226"},{"taxonomy":"post_tag","embeddable":true,"href":"https:\/\/www.hsu-hh.de\/politiktheorie\/wp-json\/wp\/v2\/tags?post=226"}],"curies":[{"name":"wp","href":"https:\/\/api.w.org\/{rel}","templated":true}]}}