{"id":2249,"date":"2023-01-29T21:55:00","date_gmt":"2023-01-29T20:55:00","guid":{"rendered":"https:\/\/www.hsu-hh.de\/politiktheorie\/?page_id=2249"},"modified":"2025-01-12T20:33:01","modified_gmt":"2025-01-12T19:33:01","slug":"alexander-koch","status":"publish","type":"page","link":"https:\/\/www.hsu-hh.de\/politiktheorie\/team\/soldatische-hilfskraefte\/alexander-koch","title":{"rendered":"Christian Alexander Koch"},"content":{"rendered":"\n<h2 class=\"wp-block-heading\">Soldatische Hilfskraft am Lehrstuhl f\u00fcr politische Theorie <\/h2>\n\n\n\n<hr class=\"wp-block-separator has-alpha-channel-opacity is-style-wide\" \/>\n\n\n\n<div class=\"wp-block-media-text alignwide has-media-on-the-right is-stacked-on-mobile\" style=\"grid-template-columns:auto 15%\"><div class=\"wp-block-media-text__content\">\n<p>Helmut-Schmidt-Universit\u00e4t<br>Geb\u00e4ude H1<br>Holstenhofweg 85<br>22043 Hamburg<\/p>\n\n\n\n<p>E-Mail: w879371@hsu-hh.de<\/p>\n<\/div><figure class=\"wp-block-media-text__media\"><img loading=\"lazy\" decoding=\"async\" width=\"769\" height=\"1024\" src=\"https:\/\/www.hsu-hh.de\/politiktheorie\/wp-content\/uploads\/sites\/726\/2023\/01\/Koch-Foto-769x1024.jpg\" data-credit=\"Alexander Koch\" alt=\"Koch\" class=\"wp-image-2250 size-full\" srcset=\"https:\/\/www.hsu-hh.de\/politiktheorie\/wp-content\/uploads\/sites\/726\/2023\/01\/Koch-Foto-769x1024.jpg 769w, https:\/\/www.hsu-hh.de\/politiktheorie\/wp-content\/uploads\/sites\/726\/2023\/01\/Koch-Foto-225x300.jpg 225w, https:\/\/www.hsu-hh.de\/politiktheorie\/wp-content\/uploads\/sites\/726\/2023\/01\/Koch-Foto-768x1023.jpg 768w, https:\/\/www.hsu-hh.de\/politiktheorie\/wp-content\/uploads\/sites\/726\/2023\/01\/Koch-Foto-1153x1536.jpg 1153w, https:\/\/www.hsu-hh.de\/politiktheorie\/wp-content\/uploads\/sites\/726\/2023\/01\/Koch-Foto-1100x1465.jpg 1100w, https:\/\/www.hsu-hh.de\/politiktheorie\/wp-content\/uploads\/sites\/726\/2023\/01\/Koch-Foto.jpg 1201w\" sizes=\"auto, (max-width: 769px) 100vw, 769px\" \/><\/figure><\/div>\n\n\n\n<hr class=\"wp-block-separator has-alpha-channel-opacity is-style-wide\" \/>\n\n\n\n<h2 class=\"wp-block-heading\">Lebenslauf<\/h2>\n\n\n\n<hr class=\"wp-block-separator has-alpha-channel-opacity is-style-wide\" \/>\n\n\n\n<p><strong>Seit Januar 2024<\/strong><\/p>\n\n\n\n<p>Studium der Internationalen Beziehungen (M.A.) Universit\u00e4t der Bundeswehr\/Helmut-Schmidt-Universit\u00e4t<\/p>\n\n\n\n<p><strong>Seit\u00a0Januar 2023<\/strong><\/p>\n\n\n\n<p>Studentische Hilfskraft am Lehrstuhl f\u00fcr Politikwissenschaft, insbesondere Politische Theorie an der Universit\u00e4t der Bundeswehr\/Helmut-Schmidt-Universit\u00e4t<\/p>\n\n\n\n<p><strong>Oktober\u00a02021 bis Dezember 2023<\/strong><\/p>\n\n\n\n<p>Studium der Politikwissenschaft (B.A.) an der Universit\u00e4t der Bundeswehr\/Helmut-Schmidt-Universit\u00e4t<\/p>\n\n\n\n<p><strong>Oktober 2020 bis September 2021<\/strong><\/p>\n\n\n\n<p>Grundausbildung und Offizierlehrgang bei der Bundeswehr<\/p>\n\n\n\n<p><strong>September 2019 bis September 2020<\/strong><\/p>\n\n\n\n<p>Costumer Service Agent bei der Avaless <abbr title=\"Gesellschaft mit beschr\u00e4nkter Haftung\">GmbH<\/abbr><\/p>\n\n\n\n<p><strong>Oktober 2012 bis August 2019<\/strong><\/p>\n\n\n\n<p>Studium der Rechtswissenschaften (<abbr title=\"Diplom\">Dipl.<\/abbr>-Jur.) an der Universit\u00e4t Osnabr\u00fcck<\/p>\n\n\n\n<p><strong>Juli 2011 bis Juni 2012<\/strong><\/p>\n\n\n\n<p>Freiwilliger Wehrdienst beim Fallschirmj\u00e4gerregiment 31 in Seedorf<\/p>\n","protected":false},"excerpt":{"rendered":"<p>Soldatische Hilfskraft am Lehrstuhl f\u00fcr politische Theorie Helmut-Schmidt-Universit\u00e4tGeb\u00e4ude H1Holstenhofweg 8522043 Hamburg E-Mail: w879371@hsu-hh.de Lebenslauf Seit Januar 2024 Studium der Internationalen Beziehungen (M.A.) Universit\u00e4t der Bundeswehr\/Helmut-Schmidt-Universit\u00e4t Seit\u00a0Januar 2023 Studentische Hilfskraft am [&hellip;]<\/p>\n","protected":false},"author":2953,"featured_media":0,"parent":609,"menu_order":0,"comment_status":"closed","ping_status":"closed","template":"","meta":{"footnotes":""},"categories":[8],"tags":[],"class_list":["post-2249","page","type-page","status-publish","hentry","category-team"],"_links":{"self":[{"href":"https:\/\/www.hsu-hh.de\/politiktheorie\/wp-json\/wp\/v2\/pages\/2249","targetHints":{"allow":["GET"]}}],"collection":[{"href":"https:\/\/www.hsu-hh.de\/politiktheorie\/wp-json\/wp\/v2\/pages"}],"about":[{"href":"https:\/\/www.hsu-hh.de\/politiktheorie\/wp-json\/wp\/v2\/types\/page"}],"author":[{"embeddable":true,"href":"https:\/\/www.hsu-hh.de\/politiktheorie\/wp-json\/wp\/v2\/users\/2953"}],"replies":[{"embeddable":true,"href":"https:\/\/www.hsu-hh.de\/politiktheorie\/wp-json\/wp\/v2\/comments?post=2249"}],"version-history":[{"count":8,"href":"https:\/\/www.hsu-hh.de\/politiktheorie\/wp-json\/wp\/v2\/pages\/2249\/revisions"}],"predecessor-version":[{"id":3288,"href":"https:\/\/www.hsu-hh.de\/politiktheorie\/wp-json\/wp\/v2\/pages\/2249\/revisions\/3288"}],"up":[{"embeddable":true,"href":"https:\/\/www.hsu-hh.de\/politiktheorie\/wp-json\/wp\/v2\/pages\/609"}],"wp:attachment":[{"href":"https:\/\/www.hsu-hh.de\/politiktheorie\/wp-json\/wp\/v2\/media?parent=2249"}],"wp:term":[{"taxonomy":"category","embeddable":true,"href":"https:\/\/www.hsu-hh.de\/politiktheorie\/wp-json\/wp\/v2\/categories?post=2249"},{"taxonomy":"post_tag","embeddable":true,"href":"https:\/\/www.hsu-hh.de\/politiktheorie\/wp-json\/wp\/v2\/tags?post=2249"}],"curies":[{"name":"wp","href":"https:\/\/api.w.org\/{rel}","templated":true}]}}