{"id":2232,"date":"2023-01-16T13:06:39","date_gmt":"2023-01-16T12:06:39","guid":{"rendered":"https:\/\/www.hsu-hh.de\/politiktheorie\/?page_id=2232"},"modified":"2023-10-18T15:53:17","modified_gmt":"2023-10-18T13:53:17","slug":"fabian-maassen","status":"publish","type":"page","link":"https:\/\/www.hsu-hh.de\/politiktheorie\/team\/soldatische-hilfskraefte\/fabian-maassen","title":{"rendered":"Fabian\u00a0Maa\u00dfen"},"content":{"rendered":"\n<h2 class=\"wp-block-heading\">Soldatische Hilfskraft am Lehrstuhl f\u00fcr politische Theorie <\/h2>\n\n\n\n<hr class=\"wp-block-separator has-alpha-channel-opacity is-style-wide\" \/>\n\n\n\n<div class=\"wp-block-media-text alignwide has-media-on-the-right is-stacked-on-mobile\" style=\"grid-template-columns:auto 19%\"><div class=\"wp-block-media-text__content\">\n<p>Helmut-Schmidt-Universit\u00e4t<br>Geb\u00e4ude H1<br>Holstenhofweg 85<br>22043 Hamburg<\/p>\n\n\n\n<p>E-Mail: w879249@hsu-hh.de@hsu-hh.de<\/p>\n<\/div><figure class=\"wp-block-media-text__media\"><img loading=\"lazy\" decoding=\"async\" width=\"739\" height=\"1024\" src=\"https:\/\/www.hsu-hh.de\/politiktheorie\/wp-content\/uploads\/sites\/726\/2023\/01\/Fabian-Maassen_Bild-1.jpeg\" data-credit=\"Maassen, Fabian \" alt=\"Maassen, Fabian SHK\" class=\"wp-image-2233 size-full\" srcset=\"https:\/\/www.hsu-hh.de\/politiktheorie\/wp-content\/uploads\/sites\/726\/2023\/01\/Fabian-Maassen_Bild-1.jpeg 739w, https:\/\/www.hsu-hh.de\/politiktheorie\/wp-content\/uploads\/sites\/726\/2023\/01\/Fabian-Maassen_Bild-1-217x300.jpeg 217w\" sizes=\"auto, (max-width: 739px) 100vw, 739px\" \/><\/figure><\/div>\n\n\n\n<hr class=\"wp-block-separator has-alpha-channel-opacity is-style-wide\" \/>\n\n\n\n<h2 class=\"wp-block-heading\">Lebenslauf <\/h2>\n\n\n\n<hr class=\"wp-block-separator has-alpha-channel-opacity is-style-wide\" \/>\n\n\n\n<p><strong>2012-2020<br><\/strong>Gymnasium&nbsp;an&nbsp;der&nbsp;Wolfskuhle&nbsp;Essen,&nbsp;Abitur<\/p>\n\n\n\n<p><strong>2020<\/strong><br>Eintritt&nbsp;in&nbsp;die&nbsp;Bundeswehr<\/p>\n\n\n\n<p><strong>2021<\/strong><br>Absolvierung&nbsp;des&nbsp;Offizierlehrgangs&nbsp;der&nbsp;Marine<\/p>\n\n\n\n<p><strong>10\/2021<br><\/strong>Beginn&nbsp;Studium&nbsp;der&nbsp;Politikwissenschaft&nbsp;an&nbsp;der&nbsp;<abbr title=\"Helmut Schmidt Universit\u00e4t\">HSU<\/abbr><\/p>\n\n\n\n<p><strong>seit&nbsp;01\/2023<br><\/strong><abbr title=\"Studentische Hilfskraft\">SHK<\/abbr>&nbsp;am&nbsp;Lehrstuhl&nbsp;f\u00fcr&nbsp;politische&nbsp;Theorie<\/p>\n","protected":false},"excerpt":{"rendered":"<p>Soldatische Hilfskraft am Lehrstuhl f\u00fcr politische Theorie Helmut-Schmidt-Universit\u00e4tGeb\u00e4ude H1Holstenhofweg 8522043 Hamburg E-Mail: w879249@hsu-hh.de@hsu-hh.de Lebenslauf 2012-2020Gymnasium&nbsp;an&nbsp;der&nbsp;Wolfskuhle&nbsp;Essen,&nbsp;Abitur 2020Eintritt&nbsp;in&nbsp;die&nbsp;Bundeswehr 2021Absolvierung&nbsp;des&nbsp;Offizierlehrgangs&nbsp;der&nbsp;Marine 10\/2021Beginn&nbsp;Studium&nbsp;der&nbsp;Politikwissenschaft&nbsp;an&nbsp;der&nbsp;HSU seit&nbsp;01\/2023SHK&nbsp;am&nbsp;Lehrstuhl&nbsp;f\u00fcr&nbsp;politische&nbsp;Theorie<\/p>\n","protected":false},"author":2953,"featured_media":0,"parent":609,"menu_order":0,"comment_status":"closed","ping_status":"closed","template":"","meta":{"footnotes":""},"categories":[8],"tags":[],"class_list":["post-2232","page","type-page","status-publish","hentry","category-team"],"_links":{"self":[{"href":"https:\/\/www.hsu-hh.de\/politiktheorie\/wp-json\/wp\/v2\/pages\/2232","targetHints":{"allow":["GET"]}}],"collection":[{"href":"https:\/\/www.hsu-hh.de\/politiktheorie\/wp-json\/wp\/v2\/pages"}],"about":[{"href":"https:\/\/www.hsu-hh.de\/politiktheorie\/wp-json\/wp\/v2\/types\/page"}],"author":[{"embeddable":true,"href":"https:\/\/www.hsu-hh.de\/politiktheorie\/wp-json\/wp\/v2\/users\/2953"}],"replies":[{"embeddable":true,"href":"https:\/\/www.hsu-hh.de\/politiktheorie\/wp-json\/wp\/v2\/comments?post=2232"}],"version-history":[{"count":3,"href":"https:\/\/www.hsu-hh.de\/politiktheorie\/wp-json\/wp\/v2\/pages\/2232\/revisions"}],"predecessor-version":[{"id":2677,"href":"https:\/\/www.hsu-hh.de\/politiktheorie\/wp-json\/wp\/v2\/pages\/2232\/revisions\/2677"}],"up":[{"embeddable":true,"href":"https:\/\/www.hsu-hh.de\/politiktheorie\/wp-json\/wp\/v2\/pages\/609"}],"wp:attachment":[{"href":"https:\/\/www.hsu-hh.de\/politiktheorie\/wp-json\/wp\/v2\/media?parent=2232"}],"wp:term":[{"taxonomy":"category","embeddable":true,"href":"https:\/\/www.hsu-hh.de\/politiktheorie\/wp-json\/wp\/v2\/categories?post=2232"},{"taxonomy":"post_tag","embeddable":true,"href":"https:\/\/www.hsu-hh.de\/politiktheorie\/wp-json\/wp\/v2\/tags?post=2232"}],"curies":[{"name":"wp","href":"https:\/\/api.w.org\/{rel}","templated":true}]}}