{"id":2203,"date":"2022-11-21T10:59:28","date_gmt":"2022-11-21T09:59:28","guid":{"rendered":"https:\/\/www.hsu-hh.de\/politiktheorie\/?page_id=2203"},"modified":"2023-10-18T15:50:43","modified_gmt":"2023-10-18T13:50:43","slug":"simon-struck","status":"publish","type":"page","link":"https:\/\/www.hsu-hh.de\/politiktheorie\/en\/simon-struck","title":{"rendered":"Simon Struck"},"content":{"rendered":"\n<h2 class=\"wp-block-heading\">Doctoral Research Assistant at the Chair for Political Science, in particular Political Theory<\/h2>\n\n\n\n<hr class=\"wp-block-separator has-alpha-channel-opacity is-style-wide\" \/>\n\n\n\n<div class=\"wp-block-media-text alignwide has-media-on-the-right is-stacked-on-mobile\" style=\"grid-template-columns:auto 23%\"><div class=\"wp-block-media-text__content\">\n<p>Helmut-Schmidt-Universit\u00e4t<br>Building H1, Room 2318<br>Holstenhofweg 85<br>22043 Hamburg<\/p>\n\n\n\n<p>E-Mail: strucks@hsu-hh.de<br>Office hours: by appointment via e-mail<\/p>\n<\/div><figure class=\"wp-block-media-text__media\"><img loading=\"lazy\" decoding=\"async\" width=\"1024\" height=\"683\" src=\"https:\/\/www.hsu-hh.de\/politiktheorie\/wp-content\/uploads\/sites\/726\/2022\/11\/Struck-1-1024x683.jpg\" data-credit=\"Katharina.Roggmann.FueAk.Bw.HH\" alt=\"Simon Struck\" class=\"wp-image-2224 size-full\" srcset=\"https:\/\/www.hsu-hh.de\/politiktheorie\/wp-content\/uploads\/sites\/726\/2022\/11\/Struck-1-1024x683.jpg 1024w, https:\/\/www.hsu-hh.de\/politiktheorie\/wp-content\/uploads\/sites\/726\/2022\/11\/Struck-1-300x200.jpg 300w, https:\/\/www.hsu-hh.de\/politiktheorie\/wp-content\/uploads\/sites\/726\/2022\/11\/Struck-1-768x512.jpg 768w, https:\/\/www.hsu-hh.de\/politiktheorie\/wp-content\/uploads\/sites\/726\/2022\/11\/Struck-1-1536x1024.jpg 1536w, https:\/\/www.hsu-hh.de\/politiktheorie\/wp-content\/uploads\/sites\/726\/2022\/11\/Struck-1-2048x1365.jpg 2048w, https:\/\/www.hsu-hh.de\/politiktheorie\/wp-content\/uploads\/sites\/726\/2022\/11\/Struck-1-1100x733.jpg 1100w\" sizes=\"auto, (max-width: 1024px) 100vw, 1024px\" \/><\/figure><\/div>\n\n\n\n<hr class=\"wp-block-separator has-alpha-channel-opacity is-style-wide\" \/>\n\n\n\n<h2 class=\"wp-block-heading\">CV<\/h2>\n\n\n\n<hr class=\"wp-block-separator has-alpha-channel-opacity is-style-wide\" \/>\n\n\n\n<p><strong>Since November 2022<\/strong><\/p>\n\n\n\n<p>Research assistant at the Chair of Political Science, in particular Political Theory<br>at Helmut Schmidt University\/University of the Federal Armed Forces Hamburg<\/p>\n\n\n\n<p>PhD Student at the Chair of Political Science, in particular, Political Theory<br>at Helmut Schmidt University\/ University of the Federal Armed Forces Hamburg <\/p>\n\n\n\n<p><strong>2018 &#8211; 2022<\/strong><\/p>\n\n\n\n<p>M.A. Peace Research and International Politics, University of T\u00fcbingen<\/p>\n\n\n\n<p>Thesis: &#8222;The Impact of Climate Change on the Disaster relief efforts of the New Zealand Defence Force in the South Pacific.&#8220;<\/p>\n\n\n\n<p><strong>2020 &#8211; 2021&nbsp;&nbsp;&nbsp;&nbsp;&nbsp;&nbsp;&nbsp;&nbsp;&nbsp;&nbsp;&nbsp;&nbsp;&nbsp;&nbsp;&nbsp;&nbsp;&nbsp;&nbsp;&nbsp;&nbsp;<\/strong><\/p>\n\n\n\n<p>Research fellow at the German Institute for Defence and Strategic Studies, Bundeswehr Command and Staff College, Hamburg<\/p>\n\n\n\n<p><strong>February 2020 \u2013 July 2020&nbsp; &nbsp;&nbsp;&nbsp;&nbsp;<\/strong><\/p>\n\n\n\n<p>Semester abroad, Political Science, Stellenbosch University, South Africa<\/p>\n\n\n\n<p><strong>2016 &#8211; 2017&nbsp;&nbsp;&nbsp;&nbsp;&nbsp;&nbsp;&nbsp;&nbsp;&nbsp;&nbsp;&nbsp;&nbsp;&nbsp;&nbsp;&nbsp;&nbsp;&nbsp;&nbsp;&nbsp;&nbsp;<\/strong><\/p>\n\n\n\n<p>Student Assistant at the Chair of Domestic Politics, University of Osnabr\u00fcck, in the project:<\/p>\n\n\n\n<p>&#8222;Governance of the German energy transition.&#8220;<\/p>\n\n\n\n<p><strong>2015 &#8211; 2018&nbsp;&nbsp;&nbsp; &nbsp;&nbsp;&nbsp;&nbsp;&nbsp;<\/strong><\/p>\n\n\n\n<p>B. A., History and Political Science, University of Osnabr\u00fcck<\/p>\n\n\n\n<p>Thesis: &#8222;The role of the Imperial Estates in the international guarantee concepts during the Westphalian peace negotiation: A system of collective security or protection of the European great powers` interests?&#8220;<\/p>\n\n\n\n<hr class=\"wp-block-separator has-alpha-channel-opacity is-style-wide\" \/>\n\n\n\n<h2 class=\"wp-block-heading\">Research Interests<\/h2>\n\n\n\n<hr class=\"wp-block-separator has-alpha-channel-opacity is-style-wide\" \/>\n\n\n\n<p>Climate and Security<\/p>\n\n\n\n<p>The Strategic Orientation of Armed Forces in Times of Climate Change<\/p>\n\n\n\n<p>Sustainable energy systems for military application<\/p>\n\n\n\n<p>Computer-aided Simulation and Data Analytics<\/p>\n\n\n\n<hr class=\"wp-block-separator has-alpha-channel-opacity is-style-wide\" \/>\n\n\n\n<h2 class=\"wp-block-heading\">Publications<\/h2>\n\n\n\n<hr class=\"wp-block-separator has-alpha-channel-opacity is-style-wide\" \/>\n\n\n\n<p>Stefan Bayer \/ Simon Struck (2021): Milit\u00e4r im Risikomanagement? \u2013 Strategische Ausrichtung von Streitkr\u00e4ften im Klimawandel. In: Zeitschrift f\u00fcr Internationale Beziehungen 28 (2), p. 34\u201363.<\/p>\n\n\n\n<p>Thomas Rappuhn \/ Simon Struck (2021): Streitkr\u00e4fte der Zukunft. Energieautonomie durch Wasserstoff und Nukleus f\u00fcr die Entwicklung eines neuen Energiemarktes, #GIDSstatement&nbsp; 12\/2021, Hamburg.<\/p>\n\n\n\n<p>Stefan Bayer \/ Simon Struck (2021): &#8222;Trendszenario Gr\u00fcne Armee: Strategische \u00dcberlegenheit durch Nachhaltigkeit?.&#8220; Stratos 09\/2021, Bern.<\/p>\n\n\n\n<p>Stefan Bayer \/ Simon Struck (2019): The Strategic Orientation of Armed Forces in Times of Climate Change, #GIDSresearch 1\/2019, Hamburg.<\/p>\n\n\n\n<p>Stefan Bayer \/ Simon Struck (2019): Klimaschutzpolitik vor dem Scheitern. In: German Institute for Defence and Strategic Studies (Hg.): Kritische Infrastrukturen und Klimawandel als Herausforderungen f\u00fcr die Sicherheitspolitik: S\u00fcdamerikanische Erfahrungen als Modell f\u00fcr Deutschland? F\u00fchrungsakademie der Bundeswehr, 25.09.2018. Hamburg, p. 15\u201322.<\/p>\n","protected":false},"excerpt":{"rendered":"<p>Doctoral Research Assistant at the Chair for Political Science, in particular Political Theory Helmut-Schmidt-Universit\u00e4tBuilding H1, Room 2318Holstenhofweg 8522043 Hamburg E-Mail: strucks@hsu-hh.deOffice hours: by appointment via e-mail CV Since November 2022 [&hellip;]<\/p>\n","protected":false},"author":2953,"featured_media":0,"parent":0,"menu_order":0,"comment_status":"closed","ping_status":"closed","template":"","meta":{"footnotes":""},"categories":[157],"tags":[],"class_list":["post-2203","page","type-page","status-publish","hentry","category-team-inactive"],"_links":{"self":[{"href":"https:\/\/www.hsu-hh.de\/politiktheorie\/wp-json\/wp\/v2\/pages\/2203","targetHints":{"allow":["GET"]}}],"collection":[{"href":"https:\/\/www.hsu-hh.de\/politiktheorie\/wp-json\/wp\/v2\/pages"}],"about":[{"href":"https:\/\/www.hsu-hh.de\/politiktheorie\/wp-json\/wp\/v2\/types\/page"}],"author":[{"embeddable":true,"href":"https:\/\/www.hsu-hh.de\/politiktheorie\/wp-json\/wp\/v2\/users\/2953"}],"replies":[{"embeddable":true,"href":"https:\/\/www.hsu-hh.de\/politiktheorie\/wp-json\/wp\/v2\/comments?post=2203"}],"version-history":[{"count":6,"href":"https:\/\/www.hsu-hh.de\/politiktheorie\/wp-json\/wp\/v2\/pages\/2203\/revisions"}],"predecessor-version":[{"id":2693,"href":"https:\/\/www.hsu-hh.de\/politiktheorie\/wp-json\/wp\/v2\/pages\/2203\/revisions\/2693"}],"wp:attachment":[{"href":"https:\/\/www.hsu-hh.de\/politiktheorie\/wp-json\/wp\/v2\/media?parent=2203"}],"wp:term":[{"taxonomy":"category","embeddable":true,"href":"https:\/\/www.hsu-hh.de\/politiktheorie\/wp-json\/wp\/v2\/categories?post=2203"},{"taxonomy":"post_tag","embeddable":true,"href":"https:\/\/www.hsu-hh.de\/politiktheorie\/wp-json\/wp\/v2\/tags?post=2203"}],"curies":[{"name":"wp","href":"https:\/\/api.w.org\/{rel}","templated":true}]}}