{"id":2201,"date":"2022-11-21T10:55:39","date_gmt":"2022-11-21T09:55:39","guid":{"rendered":"https:\/\/www.hsu-hh.de\/politiktheorie\/?page_id=2201"},"modified":"2023-10-18T15:43:48","modified_gmt":"2023-10-18T13:43:48","slug":"simon-struck-m-a-2","status":"publish","type":"page","link":"https:\/\/www.hsu-hh.de\/politiktheorie\/simon-struck-m-a-2","title":{"rendered":"Simon Struck, M.A."},"content":{"rendered":"\n<h2 class=\"wp-block-heading\">Wissenschaftlicher Mitarbeiter am Lehrstuhl f\u00fcr Politikwissenschaft, insbesondere Politische Theorie<\/h2>\n\n\n\n<hr class=\"wp-block-separator has-alpha-channel-opacity is-style-wide\" \/>\n\n\n\n<div class=\"wp-block-media-text alignwide has-media-on-the-right is-stacked-on-mobile\" style=\"grid-template-columns:auto 25%\"><div class=\"wp-block-media-text__content\">\n<p>Helmut-Schmidt-Universit\u00e4t<br>Geb\u00e4ude H1, Raum 2318<br>Holstenhofweg 85<br>22043 Hamburg<\/p>\n\n\n\n<p>E-Mail: strucks@hsu-hh.de<br>Sprechstunden: Vereinbarung per E-Mail<\/p>\n<\/div><figure class=\"wp-block-media-text__media\"><img loading=\"lazy\" decoding=\"async\" width=\"1024\" height=\"683\" src=\"https:\/\/www.hsu-hh.de\/politiktheorie\/wp-content\/uploads\/sites\/726\/2022\/11\/Struck-1024x683.jpg\" data-credit=\"Katharina.Roggmann.FueAk.Bw.HH\" alt=\"Simon Struck\" class=\"wp-image-2221 size-full\" srcset=\"https:\/\/www.hsu-hh.de\/politiktheorie\/wp-content\/uploads\/sites\/726\/2022\/11\/Struck-1024x683.jpg 1024w, https:\/\/www.hsu-hh.de\/politiktheorie\/wp-content\/uploads\/sites\/726\/2022\/11\/Struck-300x200.jpg 300w, https:\/\/www.hsu-hh.de\/politiktheorie\/wp-content\/uploads\/sites\/726\/2022\/11\/Struck-768x512.jpg 768w, https:\/\/www.hsu-hh.de\/politiktheorie\/wp-content\/uploads\/sites\/726\/2022\/11\/Struck-1536x1024.jpg 1536w, https:\/\/www.hsu-hh.de\/politiktheorie\/wp-content\/uploads\/sites\/726\/2022\/11\/Struck-2048x1365.jpg 2048w, https:\/\/www.hsu-hh.de\/politiktheorie\/wp-content\/uploads\/sites\/726\/2022\/11\/Struck-1100x733.jpg 1100w\" sizes=\"auto, (max-width: 1024px) 100vw, 1024px\" \/><\/figure><\/div>\n\n\n\n<hr class=\"wp-block-separator has-alpha-channel-opacity is-style-wide\" \/>\n\n\n\n<h2 class=\"wp-block-heading\">Lebenslauf<\/h2>\n\n\n\n<hr class=\"wp-block-separator has-alpha-channel-opacity is-style-wide\" \/>\n\n\n\n<p><strong>Seit November 2022<\/strong><\/p>\n\n\n\n<p>Wissenschaftlicher Mitarbeiter am Lehrstuhl f\u00fcr Politikwissenschaft, insbesondere Politische Theorie<br>an der Helmut Schmidt Universit\u00e4t\/Universit\u00e4t der Bundeswehr Hamburg <\/p>\n\n\n\n<p>Promotion am Lehrstuhl f\u00fcr Politikwissenschaft, insbesondere Politische Theorie<br>an der Helmut Schmidt Universit\u00e4t\/Universit\u00e4t der Bundeswehr Hamburg<\/p>\n\n\n\n<p><strong>2018 &#8211; 2022<\/strong><\/p>\n\n\n\n<p>M.A. Friedensforschung und Internationale Politik, Universit\u00e4t T\u00fcbingen<br>Abschlussarbeit: &#8222;The Impact of Climate Change on the Disaster relief efforts of the New Zealand Defence Force in the South Pacific.&#8220;<\/p>\n\n\n\n<p><strong>2020 &#8211; 2021&nbsp;&nbsp;&nbsp;&nbsp;&nbsp;&nbsp;&nbsp;&nbsp;&nbsp;&nbsp;&nbsp;&nbsp;&nbsp;&nbsp;&nbsp;&nbsp;&nbsp;&nbsp;&nbsp;&nbsp;<\/strong><\/p>\n\n\n\n<p>Wissenschaftlicher Mitarbeiter am German Institute for Defence and Strategic Studies, F\u00fchrungsakademie der Bundeswehr<\/p>\n\n\n\n<p><strong>Februar 2020 \u2013 Juli 2020&nbsp;&nbsp;&nbsp;&nbsp; &nbsp;&nbsp;&nbsp;&nbsp;<\/strong><\/p>\n\n\n\n<p>Auslandsstudium, Politikwissenschaften an der Stellenbosch University, S\u00fcdafrika<\/p>\n\n\n\n<p><strong>2016 &#8211; 2017&nbsp;&nbsp;&nbsp;&nbsp;&nbsp;&nbsp;&nbsp;&nbsp;&nbsp;&nbsp;&nbsp;&nbsp;&nbsp;&nbsp;&nbsp;&nbsp;&nbsp;&nbsp;&nbsp;&nbsp;<\/strong><\/p>\n\n\n\n<p>Studentische Hilfskraft am Lehrstuhl f\u00fcr Staat und Innenpolitik an der Universit\u00e4t Osnabr\u00fcck, im Projekt:<br>&#8222;Governance der deutschen Energiewende.\u201d<\/p>\n\n\n\n<p><strong>2015 &#8211; 2018&nbsp;&nbsp;&nbsp; &nbsp;&nbsp;&nbsp;&nbsp;&nbsp;<\/strong><\/p>\n\n\n\n<p>B. A., Geschichte und Politikwissenschaften, an der Universit\u00e4t Osnabr\u00fcck, Abschlussarbeit: \u201eDie Rolle der Reichsst\u00e4nde in den internationalen Garantiekonzepten des Westf\u00e4lischen Friedens: Ein allgemeiner Raum der kollektiven Sicherheit oder Sicherung europ\u00e4ische Gro\u00dfmachtinteressen?\u201c<\/p>\n\n\n\n<hr class=\"wp-block-separator has-alpha-channel-opacity is-style-wide\" \/>\n\n\n\n<h2 class=\"wp-block-heading\">Forschungsinteressen<\/h2>\n\n\n\n<hr class=\"wp-block-separator has-alpha-channel-opacity is-style-wide\" \/>\n\n\n\n<p>Klima-Sicherheits-Nexus<\/p>\n\n\n\n<p>Die strategische Ausrichtung von Streitkr\u00e4ften im Klimawandel<\/p>\n\n\n\n<p>Nachhaltige Energiesysteme und ihre milit\u00e4rischen Nutzungsm\u00f6glichkeiten<\/p>\n\n\n\n<p>Computergest\u00fctzte Simulation und Data Analytics<\/p>\n\n\n\n<hr class=\"wp-block-separator has-alpha-channel-opacity is-style-wide\" \/>\n\n\n\n<h2 class=\"wp-block-heading\">Publikationen<\/h2>\n\n\n\n<hr class=\"wp-block-separator has-alpha-channel-opacity is-style-wide\" \/>\n\n\n\n<p>Stefan Bayer \/ Simon Struck (2021): Milit\u00e4r im Risikomanagement? \u2013 Strategische Ausrichtung von Streitkr\u00e4ften im Klimawandel. In: Zeitschrift f\u00fcr Internationale Beziehungen 28 (2), S. 34\u201363.<\/p>\n\n\n\n<p>Thomas Rappuhn \/ Simon Struck (2021): Streitkr\u00e4fte der Zukunft. Energieautonomie durch Wasserstoff und Nukleus f\u00fcr die Entwicklung eines neuen Energiemarktes, #GIDSstatement&nbsp; 12\/2021, Hamburg.<\/p>\n\n\n\n<p>Stefan Bayer \/ Simon Struck (2021): &#8222;Trendszenario Gr\u00fcne Armee: Strategische \u00dcberlegenheit durch Nachhaltigkeit?.&#8220; Stratos 09\/2021, Bern.<\/p>\n\n\n\n<p>Stefan Bayer \/ Simon Struck (2019): The Strategic Orientation of Armed Forces in Times of Climate Change, #GIDSresearch 1\/2019, Hamburg.<\/p>\n\n\n\n<p>Stefan Bayer \/ Simon Struck (2019): Klimaschutzpolitik vor dem Scheitern. In: German Institute for Defence and Strategic Studies (ed.): Kritische Infrastrukturen und Klimawandel als Herausforderungen f\u00fcr die Sicherheitspolitik: S\u00fcdamerikanische Erfahrungen als Modell f\u00fcr Deutschland? F\u00fchrungsakademie der Bundeswehr, 25.09.2018. Hamburg, S. 15\u201322.<\/p>\n","protected":false},"excerpt":{"rendered":"<p>Wissenschaftlicher Mitarbeiter am Lehrstuhl f\u00fcr Politikwissenschaft, insbesondere Politische Theorie Helmut-Schmidt-Universit\u00e4tGeb\u00e4ude H1, Raum 2318Holstenhofweg 8522043 Hamburg E-Mail: strucks@hsu-hh.deSprechstunden: Vereinbarung per E-Mail Lebenslauf Seit November 2022 Wissenschaftlicher Mitarbeiter am Lehrstuhl f\u00fcr Politikwissenschaft, [&hellip;]<\/p>\n","protected":false},"author":2953,"featured_media":0,"parent":0,"menu_order":0,"comment_status":"closed","ping_status":"closed","template":"","meta":{"footnotes":""},"categories":[155],"tags":[],"class_list":["post-2201","page","type-page","status-publish","hentry","category-team-inaktive"],"_links":{"self":[{"href":"https:\/\/www.hsu-hh.de\/politiktheorie\/wp-json\/wp\/v2\/pages\/2201","targetHints":{"allow":["GET"]}}],"collection":[{"href":"https:\/\/www.hsu-hh.de\/politiktheorie\/wp-json\/wp\/v2\/pages"}],"about":[{"href":"https:\/\/www.hsu-hh.de\/politiktheorie\/wp-json\/wp\/v2\/types\/page"}],"author":[{"embeddable":true,"href":"https:\/\/www.hsu-hh.de\/politiktheorie\/wp-json\/wp\/v2\/users\/2953"}],"replies":[{"embeddable":true,"href":"https:\/\/www.hsu-hh.de\/politiktheorie\/wp-json\/wp\/v2\/comments?post=2201"}],"version-history":[{"count":4,"href":"https:\/\/www.hsu-hh.de\/politiktheorie\/wp-json\/wp\/v2\/pages\/2201\/revisions"}],"predecessor-version":[{"id":2681,"href":"https:\/\/www.hsu-hh.de\/politiktheorie\/wp-json\/wp\/v2\/pages\/2201\/revisions\/2681"}],"wp:attachment":[{"href":"https:\/\/www.hsu-hh.de\/politiktheorie\/wp-json\/wp\/v2\/media?parent=2201"}],"wp:term":[{"taxonomy":"category","embeddable":true,"href":"https:\/\/www.hsu-hh.de\/politiktheorie\/wp-json\/wp\/v2\/categories?post=2201"},{"taxonomy":"post_tag","embeddable":true,"href":"https:\/\/www.hsu-hh.de\/politiktheorie\/wp-json\/wp\/v2\/tags?post=2201"}],"curies":[{"name":"wp","href":"https:\/\/api.w.org\/{rel}","templated":true}]}}