{"id":2020,"date":"2022-05-18T10:52:33","date_gmt":"2022-05-18T08:52:33","guid":{"rendered":"https:\/\/www.hsu-hh.de\/politiktheorie\/?page_id=2020"},"modified":"2026-04-07T16:23:23","modified_gmt":"2026-04-07T14:23:23","slug":"babisck","status":"publish","type":"page","link":"https:\/\/www.hsu-hh.de\/politiktheorie\/en\/babisck","title":{"rendered":"Dr. Charalampos (Babis) Karpouchtsis"},"content":{"rendered":"\n<h2 class=\"wp-block-heading\">Research Assistant at the Chair of Political Science, in particular Political Theory<\/h2>\n\n\n\n<hr class=\"wp-block-separator has-css-opacity is-style-wide\" \/>\n\n\n\n<div class=\"wp-block-media-text alignwide has-media-on-the-right is-stacked-on-mobile\" style=\"grid-template-columns:auto 19%\"><div class=\"wp-block-media-text__content\">\n<p>Helmut-Schmidt-Universit\u00e4t<br>Geb\u00e4ude H1, Raum: 1365<br>Holstenhofweg 85<br>22043 Hamburg<\/p>\n\n\n\n<p>E-Mail: karpoucc [at] hsu-hh.de<\/p>\n\n\n\n<p>Office hours: by appointment<\/p>\n<\/div><figure class=\"wp-block-media-text__media\"><img loading=\"lazy\" decoding=\"async\" width=\"729\" height=\"1024\" src=\"https:\/\/www.hsu-hh.de\/politiktheorie\/wp-content\/uploads\/sites\/726\/2022\/09\/CK3-729x1024.jpg\" data-credit=\"WQWWQ\" alt=\"WWW\" class=\"wp-image-2126 size-full\" srcset=\"https:\/\/www.hsu-hh.de\/politiktheorie\/wp-content\/uploads\/sites\/726\/2022\/09\/CK3-729x1024.jpg 729w, https:\/\/www.hsu-hh.de\/politiktheorie\/wp-content\/uploads\/sites\/726\/2022\/09\/CK3-213x300.jpg 213w, https:\/\/www.hsu-hh.de\/politiktheorie\/wp-content\/uploads\/sites\/726\/2022\/09\/CK3-768x1079.jpg 768w, https:\/\/www.hsu-hh.de\/politiktheorie\/wp-content\/uploads\/sites\/726\/2022\/09\/CK3-1093x1536.jpg 1093w, https:\/\/www.hsu-hh.de\/politiktheorie\/wp-content\/uploads\/sites\/726\/2022\/09\/CK3-1457x2048.jpg 1457w, https:\/\/www.hsu-hh.de\/politiktheorie\/wp-content\/uploads\/sites\/726\/2022\/09\/CK3-1100x1546.jpg 1100w, https:\/\/www.hsu-hh.de\/politiktheorie\/wp-content\/uploads\/sites\/726\/2022\/09\/CK3-scaled.jpg 1821w\" sizes=\"auto, (max-width: 729px) 100vw, 729px\" \/><\/figure><\/div>\n\n\n\n<hr class=\"wp-block-separator has-css-opacity is-style-wide\" \/>\n\n\n\n<h2 class=\"wp-block-heading\">CV<\/h2>\n\n\n\n<hr class=\"wp-block-separator has-css-opacity is-style-wide\" \/>\n\n\n\n<p><strong>February 2024<\/strong><\/p>\n\n\n\n<p>Awarded the Dissertation Prize of the Southeast Europe Society and the Fritz and Helga Exner Foundation for excellent research. <a href=\"https:\/\/www.hsu-hh.de\/dr-charalampos-karpouchtsis-erhaelt-dissertationspreis-der-fritz-und-helga-exner-stiftung\" data-type=\"link\" data-id=\"https:\/\/www.hsu-hh.de\/dr-charalampos-karpouchtsis-erhaelt-dissertationspreis-der-fritz-und-helga-exner-stiftung\">(Link)<\/a><\/p>\n\n\n\n<p><strong>Since April 2022<\/strong><\/p>\n\n\n\n<p>Research assistant at the Chair of Political Science, in particular Political Theory at the Helmut Schmidt University\/University of the Federal Armed Forces Hamburg, in the project &#8222;Artificial Intelligence and Public Affairs&#8220;<\/p>\n\n\n\n<p><strong>October 2021 &#8211; April 2022<\/strong><\/p>\n\n\n\n<p>Lecturer for the Chair of International Relations, <abbr title=\"Professor\">Prof.<\/abbr> <abbr title=\"Doktor\">Dr.<\/abbr> Rafael Biermann, Friedrich Schiller University Jena<\/p>\n\n\n\n<p><strong>April 2021 &#8211; March 2022<\/strong><\/p>\n\n\n\n<p>Guest lecturer at the Bundeswehr Public Affairs Office<\/p>\n\n\n\n<p>July <strong>2018 &#8211; September 2023<\/strong><\/p>\n\n\n\n<p>PhD<strong>&nbsp;<\/strong>candidate at the Jena Center for Reconciliation Studies, Friedrich Schiller University Jena, under the supervision of <abbr title=\"Professor\">Prof.<\/abbr> <abbr title=\"Doktor\">Dr.<\/abbr> Martin Leiner and <abbr title=\"Professor\">Prof.<\/abbr> <abbr title=\"Doktor\">Dr.<\/abbr> Olaf Lei\u00dfe.<br>Topic: German Foreign Policy of Reconciliation (summa cum laude)<\/p>\n\n\n\n<p><strong>Since 2016<\/strong><\/p>\n\n\n\n<p>Lecturer of civic education for the Education Center Clara-Sahlberg, Berlin<\/p>\n\n\n\n<p><strong>2015 &#8211; 2018<\/strong><\/p>\n\n\n\n<p>Political Advisor for Civil Society and Foreign Affairs, Berlin &#8211; Athens<\/p>\n\n\n\n<p><strong>2010 &#8211; 2012<\/strong><\/p>\n\n\n\n<p>University of Bath (UK), Euromaster M.A. Contemporary European Studies of Politics, Policy and Policy Making<\/p>\n\n\n\n<p><strong>2007 &#8211; 2010<\/strong><\/p>\n\n\n\n<p>Freie Universit\u00e4t Berlin, B.A. Political Science, Otto Suhr Institute<\/p>\n\n\n\n<hr class=\"wp-block-separator has-css-opacity is-style-wide\" \/>\n\n\n\n<h2 class=\"wp-block-heading\">Research Interests<\/h2>\n\n\n\n<hr class=\"wp-block-separator has-css-opacity is-style-wide\" \/>\n\n\n\n<p>Artificial intelligence and public affairs<\/p>\n\n\n\n<p>Reconciliation Studies, Peace Building<\/p>\n\n\n\n<p>International and European relations<\/p>\n\n\n\n<p>Strategic culture <\/p>\n\n\n\n<p>Memory Studies<\/p>\n\n\n\n<hr class=\"wp-block-separator has-css-opacity is-style-wide\" \/>\n\n\n\n<h2 class=\"wp-block-heading\">Publications<\/h2>\n\n\n\n<hr class=\"wp-block-separator has-css-opacity is-style-wide\" \/>\n\n\n\n<p>Karpouchtsis, C.B. (2025). Zusagen und Zweifel deutscher Au\u00dfenpolitik im Zuge des Krieges in der Ukraine. In: Gieler, W., Nowak, M. (eds) Deutschlands Ukraine-Politik. (Re-)konstruktionen &#8211; Internationale und Globale Studien. Springer VS, Wiesbaden.\u00a0<a href=\"https:\/\/doi.org\/10.1007\/978-3-658-47697-7_7\" rel='nofollow'>https:\/\/doi.org\/10.1007\/978-3-658-47697-7_7<\/a><\/p>\n\n\n\n<p>Karpouchtsis, C.B. Deutschlands Au\u00dfenpolitik im Wandel: Der lange Weg und die Grenzen der Vers\u00f6hnung mit Griechenland.&nbsp;<em>Z Au\u00dfen Sicherheitspolit<\/em>&nbsp;(2025).&nbsp;<a href=\"https:\/\/doi.org\/10.1007\/s12399-025-01017-w\" target=\"_blank\" rel=\"noreferrer noopener\">https:\/\/doi.org\/10.1007\/s12399-025-01017-w<\/a><\/p>\n\n\n\n<p>Karpouchtsis, C. B. (2024). Die Gesellschaft mit K\u00fcnstlicher Intelligenz: Zwischen Hoffnung und Herausforderung. Au\u00dferschulische Bildung, 55(3), 4\u201310.&nbsp;<a href=\"https:\/\/fachzeitschrift.adb.de\/ausgabe\/kuenstliche-intelligenz\/\" target=\"_blank\" rel=\"noreferrer noopener\">https:\/\/fachzeitschrift.adb.de\/ausgabe\/kuenstliche-intelligenz\/<\/a><\/p>\n\n\n\n<p>Karpouchtsis, C. B. &amp; Lei\u00dfe, O. (2024). 20 Jahre EU-Mitgliedschaft Zyperns: Zwischen Konflikt und Integration. S\u00fcdosteuropa Mitteilungen, 64(4), 43\u201350.&nbsp;<a href=\"https:\/\/www.ceeol.com\/search\/article-detail?id=1054953\" target=\"_blank\" rel=\"noreferrer noopener\">https:\/\/www.ceeol.com\/search\/article-detail?id=1054953<\/a><\/p>\n\n\n\n<p>Lei\u00dfe, O. &amp;&nbsp;Karpouchtsis<strong>,<\/strong>&nbsp;C. B. (2024). Einf\u00fchrung: Vereint in Europa \u2013 geteilt auf der Insel? Zypern: R\u00fcck- und Ausblick. S\u00fcdosteuropa Mitteilungen, 64(4), 7\u201310.&nbsp;<a href=\"https:\/\/www.ceeol.com\/search\/article-detail?id=1054953\" target=\"_blank\" rel=\"noreferrer noopener\">https:\/\/www.ceeol.com\/search\/article-detail?id=1054953<\/a><\/p>\n\n\n\n<p>Karpouchtsis, C. B. (2024). &#8222;Cyprus is an Anchor of Peace and Stability in the Eastern Mediterranean&#8220;: Interview with Maria Papakyriakou, Ambassador to Berlin \u2013 Republic of Cyprus.&nbsp;S\u00fcdosteuropa Mitteilungen, 64(4), 61\u201364.&nbsp;<a href=\"https:\/\/www.ceeol.com\/search\/article-detail?id=1054953\" target=\"_blank\" rel=\"noreferrer noopener\">https:\/\/www.ceeol.com\/search\/article-detail?id=1054953<\/a><\/p>\n\n\n\n<p>Karpouchtsis, C. B.(2024).German Foreign Policy and Greek Martyr Communities. Reconciliation policy for places of memory in Greece and the role of recognition. [S.l.]: Springer VS. <a href=\"https:\/\/link.springer.com\/book\/10.1007\/978-3-658-44370-2\" target=\"_blank\" rel=\"noreferrer noopener\">https:\/\/link.springer.com\/book\/10.1007\/978-3-658-44370-2<\/a><\/p>\n\n\n\n<p>Karpouchtsis, C. B. (2023): Im Zeichen aktueller Konflikte: (k)eine Zeitenwende f\u00fcr den deutsch-griechischen Vers\u00f6hnungsprozess? In: Hellenika (17\/18), 2023. <\/p>\n\n\n\n<p>Karpouchtsis, C. B., Schaal, G. S. (2023). &#8222;\u0397 \u0393\u03b5\u03c1\u03bc\u03b1\u03bd\u03b9\u03ba\u03ae Zeitenwende. \u03a4\u03b1 \u03bc\u03b5\u03c4\u03b1\u03b2\u03b1\u03bb\u03bb\u03cc\u03bc\u03b5\u03bd\u03b1 \u03c0\u03c1\u03cc\u03c3\u03c9\u03c0\u03b1 \u03c4\u03b7\u03c2 \u03b3\u03b5\u03c1\u03bc\u03b1\u03bd\u03b9\u03ba\u03ae\u03c2 \u03c0\u03bf\u03bb\u03b9\u03c4\u03b9\u03ba\u03ae\u03c2 \u03b1\u03c3\u03c6\u03b1\u03bb\u03b5\u03af\u03b1\u03c2.&#8220; <em>Foreign Affairs \u2013 The Hellenic Edition<\/em>, Aug \u2013 Sep 2023, (83).<\/p>\n\n\n\n<p>[Translated] Karpouchtsis, C. B., Schaal, G. S. (2023). &#8222;Die deutsche Zeitenwende. Die wechselnden Gesichter deutscher Sicherheitspolitik.&#8220; <em>Foreign Affairs \u2013 The Hellenic Edition<\/em>, Aug \u2013 Sep 2023, (83).<\/p>\n\n\n\n<p>Ferrari, F., Baumert, S., <strong>Karpouchtsis,<\/strong> C., &amp; Schmolz, G. (Eds.) (2023). \u201eVers\u00f6hnung: Theologische Perspektiven. Festschrift f\u00fcr Martin Leiner.\u201c G\u00f6ttingen: V&amp;R.<\/p>\n\n\n\n<p>Sch\u00e4fer, P.J., Karpouchtsis, C.B., Schaal, G.S. (2023). &#8222;Bericht zur Konferenz Politische Kommunikation und KI \u2013 Chancen und Herausforderungen f\u00fcr die Regierungskommunikation.&#8220; <em>Z Au\u00dfen Sicherheitspolit<\/em>. [DOI: 10.1007\/s12399-023-00945-9]<\/p>\n\n\n\n<p>Karpouchtsis, B.C., Schaal, G.S., Sch\u00e4fer, P. J. (2023) &#8222;KI und politische Kommunikation.&#8220; Research Report. Open <abbr title=\"Helmut Schmidt Universit\u00e4t\">HSU<\/abbr>. https:\/\/doi.org\/10.24405\/14980<\/p>\n\n\n\n<p>Karpouchtsis, B. C. (2022). &#8222;German Foreign Policy of Reconciliation and Greek Martyr Communities. An Overview for the Period 2014-2019.&#8220; S\u00fcdosteuropa Mitteilungen, 02\/2022, 62.<\/p>\n\n\n\n<p>Karpouchtsis, B. C. (2022). &#8222;Deutsche Vers\u00f6hnungspolitik 2014-2019 und die Rolle der griechischen M\u00e4rtyrergemeinden (Opferd\u00f6rfer)&#8220; in: Alexandros-Andreas Kyrtsis and Miltos Pechlivanos (Hg.), Compendium der deutsch-griechischen Verflechtungen, 03.03.2022<\/p>\n\n\n\n<p>Karpouchtsis, B. C. (2021). &#8222;Silent Echoes of Good Deeds: The Example of Kalavryta&#8220; in Corinna Dahlgr\u00fcn, Carolina Rehrmann, Andr\u00e9 Zempelburg (Eds.), Overcome evil with good. Interdisciplinary reflections from theology, conflict science, and the military. Darmstadt: wbg Academic, pp. 155\u2013180.<\/p>\n\n\n\n<p>Karpouchtsis, C. (2018). &#8222;Greek Strategic Culture: Education, Symbols and Experiences&#8220; in Zeitschrift f\u00fcr Au\u00dfen- und Sicherheitspolitik, 11(2), pp. 203\u2013215. DOI: 10.1007\/s12399-018-0698-5.<\/p>\n\n\n\n<p>Karpouchtsis, C., Rosa J.P., Simeoni G. (2018). &#8222;Policy Brief: Cultural and Civic Engagement in the European Union.&#8220; *Social Cohesion \u2013 DIALOGUE ON EUROPE*, 9-12. Das Progressive Zentrum.<\/p>\n\n\n\n<p>Parasidis, V., Karpouchtsis, C. (2015). &#8222;Griechenland-Seminar in der Georg-von-Vollmar-Akademie. &#8218;Vorsicht mit Empfehlungen, die man nicht selbst durchleben muss&#8216;.&#8220; <em>Z Au\u00dfen Sicherheitspolit<\/em>, 8, 589\u2013593. DOI: 10.1007\/s12399-015-0531-3.<\/p>\n","protected":false},"excerpt":{"rendered":"<p>Research Assistant at the Chair of Political Science, in particular Political Theory Helmut-Schmidt-Universit\u00e4tGeb\u00e4ude H1, Raum: 1365Holstenhofweg 8522043 Hamburg E-Mail: karpoucc [at] hsu-hh.de Office hours: by appointment CV February 2024 Awarded [&hellip;]<\/p>\n","protected":false},"author":2953,"featured_media":0,"parent":0,"menu_order":0,"comment_status":"closed","ping_status":"closed","template":"","meta":{"footnotes":""},"categories":[9],"tags":[],"class_list":["post-2020","page","type-page","status-publish","hentry","category-team-en"],"_links":{"self":[{"href":"https:\/\/www.hsu-hh.de\/politiktheorie\/wp-json\/wp\/v2\/pages\/2020","targetHints":{"allow":["GET"]}}],"collection":[{"href":"https:\/\/www.hsu-hh.de\/politiktheorie\/wp-json\/wp\/v2\/pages"}],"about":[{"href":"https:\/\/www.hsu-hh.de\/politiktheorie\/wp-json\/wp\/v2\/types\/page"}],"author":[{"embeddable":true,"href":"https:\/\/www.hsu-hh.de\/politiktheorie\/wp-json\/wp\/v2\/users\/2953"}],"replies":[{"embeddable":true,"href":"https:\/\/www.hsu-hh.de\/politiktheorie\/wp-json\/wp\/v2\/comments?post=2020"}],"version-history":[{"count":13,"href":"https:\/\/www.hsu-hh.de\/politiktheorie\/wp-json\/wp\/v2\/pages\/2020\/revisions"}],"predecessor-version":[{"id":3648,"href":"https:\/\/www.hsu-hh.de\/politiktheorie\/wp-json\/wp\/v2\/pages\/2020\/revisions\/3648"}],"wp:attachment":[{"href":"https:\/\/www.hsu-hh.de\/politiktheorie\/wp-json\/wp\/v2\/media?parent=2020"}],"wp:term":[{"taxonomy":"category","embeddable":true,"href":"https:\/\/www.hsu-hh.de\/politiktheorie\/wp-json\/wp\/v2\/categories?post=2020"},{"taxonomy":"post_tag","embeddable":true,"href":"https:\/\/www.hsu-hh.de\/politiktheorie\/wp-json\/wp\/v2\/tags?post=2020"}],"curies":[{"name":"wp","href":"https:\/\/api.w.org\/{rel}","templated":true}]}}