{"id":2017,"date":"2022-05-18T10:44:00","date_gmt":"2022-05-18T08:44:00","guid":{"rendered":"https:\/\/www.hsu-hh.de\/politiktheorie\/?page_id=2017"},"modified":"2025-12-02T11:12:42","modified_gmt":"2025-12-02T10:12:42","slug":"babisck","status":"publish","type":"page","link":"https:\/\/www.hsu-hh.de\/politiktheorie\/team\/babisck","title":{"rendered":"Dr. Charalampos (Babis) Karpouchtsis"},"content":{"rendered":"\n<h2 class=\"wp-block-heading\">Wissenschaftlicher Mitarbeiter am Lehrstuhl f\u00fcr Politikwissenschaft, insbesondere Politische Theorie<\/h2>\n\n\n\n<hr class=\"wp-block-separator has-css-opacity is-style-wide\" \/>\n\n\n\n<div class=\"wp-block-media-text alignwide has-media-on-the-right is-stacked-on-mobile\" style=\"grid-template-columns:auto 23%\"><div class=\"wp-block-media-text__content\">\n<p>Helmut-Schmidt-Universit\u00e4t<br>Geb\u00e4ude H1, Raum: 1365<br>Holstenhofweg 85<br>22043 Hamburg<\/p>\n\n\n\n<p>Email: karpoucc [at] hsu-hh.de<\/p>\n\n\n\n<p>Sprechstunde: nach Vereinbarung<\/p>\n<\/div><figure class=\"wp-block-media-text__media\"><img loading=\"lazy\" decoding=\"async\" width=\"480\" height=\"600\" src=\"https:\/\/www.hsu-hh.de\/politiktheorie\/wp-content\/uploads\/sites\/726\/2022\/09\/CK4.jpg\" data-credit=\"\" alt=\"\" class=\"wp-image-2123 size-full\" srcset=\"https:\/\/www.hsu-hh.de\/politiktheorie\/wp-content\/uploads\/sites\/726\/2022\/09\/CK4.jpg 480w, https:\/\/www.hsu-hh.de\/politiktheorie\/wp-content\/uploads\/sites\/726\/2022\/09\/CK4-240x300.jpg 240w\" sizes=\"auto, (max-width: 480px) 100vw, 480px\" \/><\/figure><\/div>\n\n\n\n<hr class=\"wp-block-separator has-css-opacity is-style-wide\" \/>\n\n\n\n<h2 class=\"wp-block-heading\">Lebenslauf<\/h2>\n\n\n\n<hr class=\"wp-block-separator has-css-opacity is-style-wide\" \/>\n\n\n\n<p><strong>Juni-September 2025<\/strong><\/p>\n\n\n\n<p>Forschungsaufenthalt an der Waseda University (Japan\/Tokyo) zum Thema Japanisch-Koreanische Beziehungen und Japanische Erinnerungskultur mit einem Stipendium der Japan Society for the Promotion of Science (JSPS).<br>Gastgebender Wissenschaftler: <abbr title=\"Professor\">Prof.<\/abbr> <abbr title=\"Doktor\">Dr.<\/abbr> Toyomi Asano -sensei<\/p>\n\n\n\n<p><strong>Februar 2024<\/strong><br><br>Ausgezeichnet mit dem Dissertationspreis der S\u00fcdosteuropagesellschaft und der Fritz und Helga Exner-Stiftung f\u00fcr exzellente Forschung<br><a href=\"https:\/\/www.hsu-hh.de\/dr-charalampos-karpouchtsis-erhaelt-dissertationspreis-der-fritz-und-helga-exner-stiftung\" data-type=\"link\" data-id=\"https:\/\/www.hsu-hh.de\/dr-charalampos-karpouchtsis-erhaelt-dissertationspreis-der-fritz-und-helga-exner-stiftung\">Link<\/a><\/p>\n\n\n\n<p><strong>Seit Juli 2024<\/strong><\/p>\n\n\n\n<p>Vorsitz f\u00fcr den Bereich Politische Bildung des Democratic Resilience Centers der <abbr title=\"Helmut Schmidt Universit\u00e4t\">HSU<\/abbr>\/UniBw<\/p>\n\n\n\n<p><strong>Seit April 2022<\/strong><\/p>\n\n\n\n<p>Wissenschaftlicher Mitarbeiter am Lehrstuhl f\u00fcr Politikwissenschaft, insbesondere Politische Theorie an der Helmut Schmidt Universit\u00e4t\/Universit\u00e4t der Bundeswehr Hamburg, im Projekt \u201eK\u00fcnstliche Intelligenz und \u00f6ffentliche Kommunikation\u201c<\/p>\n\n\n\n<p><strong>Oktober 2021 &#8211; April 2022<\/strong><\/p>\n\n\n\n<p>Lehrbeauftragter der Professur f\u00fcr Internationale Beziehungen, <abbr title=\"Professor\">Prof.<\/abbr> <abbr title=\"Doktor\">Dr.<\/abbr> Rafael Biermann, Friedrich-Schiller-Universit\u00e4t Jena<\/p>\n\n\n\n<p><strong>April 2021 &#8211; M\u00e4rz 2022<\/strong><\/p>\n\n\n\n<p>Gastdozent im Zentrum Informationsarbeit Bundeswehr<\/p>\n\n\n\n<p><strong>Juli 2018 &#8211; September 2023<\/strong><\/p>\n\n\n\n<p>Promotion am Jena Center for Reconciliation Studies, Friedrich-Schiller-Universit\u00e4t Jena, unter der Aufsicht von <abbr title=\"Professor\">Prof.<\/abbr> <abbr title=\"Doktor\">Dr.<\/abbr> Martin Leiner und <abbr title=\"Professor\">Prof.<\/abbr> <abbr title=\"Doktor\">Dr.<\/abbr> Olaf Lei\u00dfe<br>Thema: German Foreign Policy of Reconciliation (summa cum laude)<\/p>\n\n\n\n<p><strong>Seit 2016<\/strong><\/p>\n\n\n\n<p>Teamer der politischen Bildung f\u00fcr das Bildungszentrum Clara-Sahlberg, Berlin<\/p>\n\n\n\n<p><strong>2015 &#8211; 2018<\/strong><\/p>\n\n\n\n<p>Politischer Berater f\u00fcr zivilgesellschaftliche und au\u00dfenpolitische Angelegenheiten, Berlin &#8211; Athen<\/p>\n\n\n\n<p><strong>2010 &#8211; 2012<\/strong><\/p>\n\n\n\n<p>University of Bath (UK), Euromaster M.A. Contemporary European Studies of Politics, Policy and Policy Making<\/p>\n\n\n\n<p><strong>2007 &#8211; 2010<\/strong><\/p>\n\n\n\n<p>Freie Universit\u00e4t Berlin, B.A. Politikwissenschaft, Otto-Suhr-Institut<\/p>\n\n\n\n<hr class=\"wp-block-separator has-css-opacity is-style-wide\" \/>\n\n\n\n<h2 class=\"wp-block-heading\">Forschungsinteressen<\/h2>\n\n\n\n<hr class=\"wp-block-separator has-css-opacity is-style-wide\" \/>\n\n\n\n<p>Strategische Kultur und Resilienz<\/p>\n\n\n\n<p>Internationale und Europ\u00e4ische Beziehungen<\/p>\n\n\n\n<p>K\u00fcnstliche Intelligenz und \u00f6ffentliche Kommunikation<\/p>\n\n\n\n<p>Reconciliation Studies, Peace Building<\/p>\n\n\n\n<p>Memory Studies<\/p>\n\n\n\n<hr class=\"wp-block-separator has-css-opacity is-style-wide\" \/>\n\n\n\n<h2 class=\"wp-block-heading\">Mitgliedschaften<\/h2>\n\n\n\n<hr class=\"wp-block-separator has-css-opacity is-style-wide\" \/>\n\n\n\n<p>Deutsche Vereinigung f\u00fcr Politikwissenschaft (DVPW)<\/p>\n\n\n\n<p>International Association for Reconciliation Studies (IARS), Mitglied des Wiss. Beirats<\/p>\n\n\n\n<p>S\u00fcdosteuropa Gesellschaft<\/p>\n\n\n\n<p>ifa Alumnus<\/p>\n\n\n\n<p>JSPS Alumnus<\/p>\n\n\n\n<hr class=\"wp-block-separator has-css-opacity is-style-wide\" \/>\n\n\n\n<h2 class=\"wp-block-heading\">Publikationen (Auswahl)<\/h2>\n\n\n\n<hr class=\"wp-block-separator has-css-opacity is-style-wide\" \/>\n\n\n\n<p>Karpouchtsis, C.B., 2025. Deutsche strategische Kultur in der Zeitenwende: Integrierte Sicherheit und demokratisches Narrativ.&nbsp;<em>ZfAS<\/em>&nbsp;18, 333\u2013349 (2025).&nbsp;<a href=\"https:\/\/doi.org\/10.1007\/s12399-025-01041-w\" rel='nofollow'>https:\/\/doi.org\/10.1007\/s12399-025-01041-w<\/a><\/p>\n\n\n\n<p>Karpouchtsis, C. B., 2025. Responsibility and Remembering: Conceptualizing WW2 legacy in the German-Greek paradigm.&nbsp;<em>S\u00fcdosteuropa Mitteilungen<\/em>, 65(2\u20133), pp.87\u201398.<\/p>\n\n\n\n<p>Karpouchtsis, C. B., 2025. Wahrheit nach Gewaltkonflikten \u2013 Wahrheitsfindung im Kontext von Transitional Justice und Vers\u00f6hnungsprozessen.&nbsp;<em>Ethik und Milit\u00e4r<\/em>, 2025(1), pp.14\u201323. Hamburg: ZEBIS.<\/p>\n\n\n\n<p>Karpouchtsis, C.B. Deutschlands Au\u00dfenpolitik im Wandel: Der lange Weg und die Grenzen der Vers\u00f6hnung mit Griechenland.&nbsp;<em>Z Au\u00dfen Sicherheitspolit<\/em>&nbsp;(2025).&nbsp;<a href=\"https:\/\/doi.org\/10.1007\/s12399-025-01017-w\" target=\"_blank\" rel=\"noreferrer noopener\">https:\/\/doi.org\/10.1007\/s12399-025-01017-w<\/a><\/p>\n\n\n\n<p>Karpouchtsis, C. B. (2024). Die Gesellschaft mit K\u00fcnstlicher Intelligenz: Zwischen Hoffnung und Herausforderung. Au\u00dferschulische Bildung, 55(3), 4\u201310.&nbsp;<a href=\"https:\/\/fachzeitschrift.adb.de\/ausgabe\/kuenstliche-intelligenz\/\" target=\"_blank\" rel=\"noreferrer noopener\">https:\/\/fachzeitschrift.adb.de\/ausgabe\/kuenstliche-intelligenz\/<\/a><\/p>\n\n\n\n<p>Karpouchtsis, C. B. &amp; Lei\u00dfe, O. (2024). 20 Jahre EU-Mitgliedschaft Zyperns: Zwischen Konflikt und Integration. S\u00fcdosteuropa Mitteilungen, 64(4), 43\u201350.&nbsp;<a href=\"https:\/\/www.ceeol.com\/search\/article-detail?id=1054953\" target=\"_blank\" rel=\"noreferrer noopener\">https:\/\/www.ceeol.com\/search\/article-detail?id=1054953<\/a><\/p>\n\n\n\n<p>Karpouchtsis, C. B.(2024).German Foreign Policy and Greek Martyr Communities. Reconciliation policy for places of memory in Greece and the role of recognition. [S.l.]: Springer VS.&nbsp;<a href=\"https:\/\/link.springer.com\/book\/10.1007\/978-3-658-44370-2\" target=\"_blank\" rel=\"noreferrer noopener\">https:\/\/link.springer.com\/book\/10.1007\/978-3-658-44370-2<\/a><\/p>\n\n\n\n<p>[\u00dcbersetzt] Karpouchtsis, C. B., Schaal, G. S. (2023). \u201eDie deutsche Zeitenwende. Die wechselnden Gesichter deutscher Sicherheitspolitik.\u201c&nbsp;<em>Foreign Affairs \u2013 The Hellenic Edition<\/em>, Aug \u2013 Sep 2023, (83).<\/p>\n\n\n\n<p>Karpouchtsis, B.C., Schaal, G.S., Sch\u00e4fer, P. J. (2023) \u201eKI und politische Kommunikation.\u201c Research Report. Open&nbsp;<abbr title=\"Helmut Schmidt Universit\u00e4t\">HSU<\/abbr>. <a href=\"https:\/\/doi.org\/10.24405\/14980\" rel='nofollow'>https:\/\/doi.org\/10.24405\/14980<\/a><\/p>\n\n\n\n<p>Karpouchtsis, B. C. (2022). \u201eGerman Foreign Policy of Reconciliation and Greek Martyr Communities. An Overview for the Period 2014-2019.\u201c S\u00fcdosteuropa Mitteilungen, 02\/2022, 62.<\/p>\n\n\n\n<p>Karpouchtsis, B. C. (2021). \u201eSilent Echoes of Good Deeds: The Example of Kalavryta\u201c in Corinna Dahlgr\u00fcn, Carolina Rehrmann, Andr\u00e9 Zempelburg (Eds.), Overcome evil with good. Interdisciplinary reflections from theology, conflict science, and the military. Darmstadt: wbg Academic, pp. 155\u2013180.<\/p>\n\n\n\n<p>Karpouchtsis, C. (2018). \u201eGreek Strategic Culture: Education, Symbols and Experiences\u201c in Zeitschrift f\u00fcr Au\u00dfen- und Sicherheitspolitik, 11(2), pp. 203\u2013215. DOI: <a href=\"https:\/\/doi.org\/10.1007\/s12399-018-0698-5\" rel='nofollow'>10.1007\/s12399-018-0698-5<\/a>.<\/p>\n\n\n\n<hr class=\"wp-block-separator has-alpha-channel-opacity\" \/>\n\n\n\n<h2 class=\"wp-block-heading\">Vortr\u00e4ge (Auswahl)<\/h2>\n\n\n\n<hr class=\"wp-block-separator has-alpha-channel-opacity\" \/>\n\n\n\n<p><strong>Lecture Series \u2013 <\/strong>gef\u00f6rdert vom Institut f\u00fcr Auslandsbeziehungen, in Kooperation mit dem Generalkonsulat in Thessaloniki. <em>Die neue Au\u00dfen- und Sicherheitspolitik Deutschlands nach der Zeitenwende<\/em><br>November 2025, Aristoteles Universit\u00e4t Thessaloniki, Demokritus Universit\u00e4t Thrakien, Universit\u00e4t von Makedonien, Nordgriechenland, <strong>Thessaloniki\/Komotini<\/strong>.<\/p>\n\n\n\n<p><strong>Lecture<\/strong>&nbsp;\u2013&nbsp;<em>Navigating Memory in Berlin: Between International Relations and Local Politics<\/em><br>June 2025, Waseda University, Institute of International Reconciliation Studies, <strong>Tokyo<\/strong>.<\/p>\n\n\n\n<p><strong>Seminar<\/strong>&nbsp;\u2013&nbsp;<em>The Case of Distomo: Between Politics and International Courts. A Political and Legal Overview<\/em><br>July 2025, Ritsumeikan University, Graduate School of International Relations, <strong>Kyoto<\/strong>.<\/p>\n\n\n\n<p><strong>Seminar<\/strong>&nbsp;\u2013&nbsp;<em>German Strategic Culture Revisited: Security Policy Changes in Recent Years<\/em><br>July 2025, Aoyama Gakuin University, Seminar of International Affairs, <strong>Tokyo<\/strong>.<\/p>\n\n\n\n<p><strong>Lecture<\/strong>&nbsp;\u2013&nbsp;<em>Foreign Policy Between Diplomacy and Reconciliation: The German-Greek Paradigm 2014\u20132024<\/em><br>July 2025, Sophia University, Institute of Comparative Culture Series 2025, <strong>Tokyo<\/strong>.<\/p>\n\n\n\n<p><strong>Workshop<\/strong>&nbsp;\u2013&nbsp;<em>Strategische Kultur: Narrative zur Aktivierung der B\u00fcrgerinnen und B\u00fcrger?<\/em><br>January 2024, 19. Bensberger Gespr\u00e4che, G\u00f6ttingen.<br><strong>Bundeszentrale f\u00fcr politische Bildung &amp; Zentrum Innere F\u00fchrung der Bundeswehr<\/strong>.<\/p>\n\n\n\n<p><strong>Pr\u00e4sentation<\/strong>&nbsp;\u2013&nbsp;<em>Herausforderungen und Perspektiven der deutschen Sicherheitspolitik<\/em><br>November 2023, 47. Sicherheitspolitische Grundakademie, <strong>Bundesverband Sicherheitspolitik an Hochschulen<\/strong>.<\/p>\n\n\n\n<p><strong>Webtalk<\/strong>&nbsp;\u2013&nbsp;<em>KI in \u00f6ffentlicher und politischer Kommunikation \u2013 Pr\u00e4sentation mit Diskussion<\/em><br>November 2023, <strong>Stiftung Deutsche Wirtschaft<\/strong>.<\/p>\n\n\n\n<p><strong>Pr\u00e4sentation<\/strong>&nbsp;\u2013&nbsp;<em>\u201cGlobal Flow Security\u201d \u2013 a strategic concept for maritime routes and beyond?<\/em><br>September 2023, <strong>2nd Kavala International Summer School<\/strong> \u2013 KISS 2023.<\/p>\n\n\n\n<p><strong>Workshop<\/strong>&nbsp;\u2013&nbsp;<em>Demokratietheoretische \u00dcberlegungen: Einsatz von K\u00fcnstlicher Intelligenz im Rahmen der Regierungskommunikation<\/em><br><strong>February 2023<\/strong>, Konferenz \u201ePolitische Kommunikation und KI \u2013 Chancen und Herausforderungen f\u00fcr die Regierungskommunikation\u201c, <abbr title=\"Helmut Schmidt Universit\u00e4t\">HSU<\/abbr>\/UniBw.<\/p>\n\n\n\n<p><strong>Paper Presentation<\/strong>&nbsp;\u2013&nbsp;<em>\u201cAnachronism and Wehrmacht Monuments: False Practice and What It Stands For\u201d<\/em><br>July 2021, <strong>Memory Studies Association<\/strong>, Panel&nbsp;<em>Remembering the Past through the Lenses of Political Shifts<\/em>.<\/p>\n\n\n\n<p><strong>Expert Talk<\/strong>&nbsp;\u2013&nbsp;<em>\u201e80 Jahre seit dem deutschen Einmarsch in Griechenland. Wie steht es um die gemeinsame Erinnerungskultur?\u201c<\/em><br>June 2021, Podiumsdiskussion, <strong>Friedrich Ebert Stiftung Athen<\/strong>.<\/p>\n\n\n\n<p><strong>Panel Moderation<\/strong>&nbsp;\u2013&nbsp;<em>Comparative Aspects of Military Dictatorships in Southern Europe<\/em><br>October 2020, Virtual Conference \u201eGreek-German Relations during the Military Dictatorship in Greece (1967\u20131974)\u201c, <strong>Friedrich Ebert Stiftung \u2013 Public History Abteilung Bonn<\/strong>.<\/p>\n\n\n\n<p><strong>Expert Talk<\/strong>&nbsp;\u2013&nbsp;<em>\u201cErinnern. Gedenken. Aufarbeiten \u2013 Die Bedeutung unserer historischen Verantwortung f\u00fcr die deutsch-griechischen Beziehungen\u201d<\/em><br>March 2020, Podiumsdiskussion, Bundestagsfraktion \u201eDie Gr\u00fcnen\u201c, <strong>Deutscher Bundestag<\/strong>.<\/p>\n\n\n\n<hr class=\"wp-block-separator has-alpha-channel-opacity\" \/>\n\n\n\n<h2 class=\"wp-block-heading\">Summerschools<\/h2>\n\n\n\n<hr class=\"wp-block-separator has-alpha-channel-opacity\" \/>\n\n\n\n<p>Co-Initiator, Partner and Lecturer of the \u201e<em>Kavala International Summer School &#8211; KISS<\/em>\u201c (2022, 2023 &amp; 2024), Kavala Greece, Friedrich-Schiller-Universit\u00e4t Jena\/Foreign Affairs Institute Athens\/American College Thessaloniki<\/p>\n\n\n\n<p>Co-Organiser and Lecturer of the Summer School (2022), \u201e<em>AI and the Future of International Security Policy<\/em>\u201c, Hertie School\/Zentrum Informationsarbeit Bundeswehr<\/p>\n\n\n\n<p>Co-Organiser and Lecturer of the Summer School (2021), \u201e<em>Vernetzte Welt: Internationale Sicherheitspolitik im digitalen Zeitalter<\/em>\u201c, Hertie School\/Zentrum Informationsarbeit Bundeswehr<em><\/em><\/p>\n\n\n\n<p><\/p>\n","protected":false},"excerpt":{"rendered":"<p>Wissenschaftlicher Mitarbeiter am Lehrstuhl f\u00fcr Politikwissenschaft, insbesondere Politische Theorie Helmut-Schmidt-Universit\u00e4tGeb\u00e4ude H1, Raum: 1365Holstenhofweg 8522043 Hamburg Email: karpoucc [at] hsu-hh.de Sprechstunde: nach Vereinbarung Lebenslauf Juni-September 2025 Forschungsaufenthalt an der Waseda University [&hellip;]<\/p>\n","protected":false},"author":2953,"featured_media":0,"parent":124,"menu_order":0,"comment_status":"closed","ping_status":"closed","template":"","meta":{"footnotes":""},"categories":[8],"tags":[],"class_list":["post-2017","page","type-page","status-publish","hentry","category-team"],"_links":{"self":[{"href":"https:\/\/www.hsu-hh.de\/politiktheorie\/wp-json\/wp\/v2\/pages\/2017","targetHints":{"allow":["GET"]}}],"collection":[{"href":"https:\/\/www.hsu-hh.de\/politiktheorie\/wp-json\/wp\/v2\/pages"}],"about":[{"href":"https:\/\/www.hsu-hh.de\/politiktheorie\/wp-json\/wp\/v2\/types\/page"}],"author":[{"embeddable":true,"href":"https:\/\/www.hsu-hh.de\/politiktheorie\/wp-json\/wp\/v2\/users\/2953"}],"replies":[{"embeddable":true,"href":"https:\/\/www.hsu-hh.de\/politiktheorie\/wp-json\/wp\/v2\/comments?post=2017"}],"version-history":[{"count":13,"href":"https:\/\/www.hsu-hh.de\/politiktheorie\/wp-json\/wp\/v2\/pages\/2017\/revisions"}],"predecessor-version":[{"id":3600,"href":"https:\/\/www.hsu-hh.de\/politiktheorie\/wp-json\/wp\/v2\/pages\/2017\/revisions\/3600"}],"up":[{"embeddable":true,"href":"https:\/\/www.hsu-hh.de\/politiktheorie\/wp-json\/wp\/v2\/pages\/124"}],"wp:attachment":[{"href":"https:\/\/www.hsu-hh.de\/politiktheorie\/wp-json\/wp\/v2\/media?parent=2017"}],"wp:term":[{"taxonomy":"category","embeddable":true,"href":"https:\/\/www.hsu-hh.de\/politiktheorie\/wp-json\/wp\/v2\/categories?post=2017"},{"taxonomy":"post_tag","embeddable":true,"href":"https:\/\/www.hsu-hh.de\/politiktheorie\/wp-json\/wp\/v2\/tags?post=2017"}],"curies":[{"name":"wp","href":"https:\/\/api.w.org\/{rel}","templated":true}]}}