{"id":1996,"date":"2022-04-20T15:48:45","date_gmt":"2022-04-20T13:48:45","guid":{"rendered":"https:\/\/www.hsu-hh.de\/politiktheorie\/?page_id=1996"},"modified":"2022-04-20T15:51:55","modified_gmt":"2022-04-20T13:51:55","slug":"buendnisverteidigung-und-bastion-die-strategische-bedeutung-der-nato-nordflanke","status":"publish","type":"page","link":"https:\/\/www.hsu-hh.de\/politiktheorie\/buendnisverteidigung-und-bastion-die-strategische-bedeutung-der-nato-nordflanke","title":{"rendered":"B\u00fcndnisverteidigung und Bastion &#8211; Die strategische Bedeutung der NATO-Nordflanke"},"content":{"rendered":"\n<div class=\"wp-block-media-text alignwide has-media-on-the-right is-stacked-on-mobile\" style=\"grid-template-columns:auto 31%\"><figure class=\"wp-block-media-text__media\"><img loading=\"lazy\" decoding=\"async\" width=\"428\" height=\"418\" src=\"https:\/\/www.hsu-hh.de\/politiktheorie\/wp-content\/uploads\/sites\/726\/2021\/04\/image.png\" data-credit=\"Julian Pawlak\" alt=\"Julian Pawlak\" class=\"wp-image-1372 size-full\" srcset=\"https:\/\/www.hsu-hh.de\/politiktheorie\/wp-content\/uploads\/sites\/726\/2021\/04\/image.png 428w, https:\/\/www.hsu-hh.de\/politiktheorie\/wp-content\/uploads\/sites\/726\/2021\/04\/image-300x293.png 300w\" sizes=\"auto, (max-width: 428px) 100vw, 428px\" \/><\/figure><div class=\"wp-block-media-text__content\">\n<p> <\/p>\n\n\n\n<p>In dieser Studie stellt&nbsp;<a href=\"https:\/\/www.hsu-hh.de\/politiktheorie\/julian-pawlak\" target=\"_blank\" rel=\"noreferrer noopener\">Julian Pawlak<\/a>, wissenschaftlicher Mitarbeiter an der Professur f\u00fcr Politikwissenschaft und dem German Institute for Defence and Strategic Studies, vor, dass die NATO-Nordflanke ein Brennglas der&nbsp;angespannten Beziehungen des Westens mit der Russischen F\u00f6deration darstellt. Sie ist gepr\u00e4gt&nbsp;durch die B\u00fcndnisverteidigung der NATO und das Bastion-Konzept, ein Element nuklearer&nbsp;Abschreckung Russlands. Die Studie blickt dabei auf die Entwicklung der Nordflanke, ihre&nbsp;strategische Bedeutung und gibt Handlungsempfehlungen f\u00fcr den Umgang mit den Bedrohungen f\u00fcr&nbsp;die NATO und ihre Partner.&nbsp;Das vollst\u00e4ndige #GIDSresearch finden Sie hier:&nbsp;<a href=\"https:\/\/gids-hamburg.de\/buendnisverteidigung-und-bastion\/\" target=\"_blank\" rel=\"noreferrer noopener\">Zwischen B\u00fcndnisverteidigung und Bastion &#8211; Die strategische Bedeutung der NATO-Nordflanke<\/a>.<\/p>\n<\/div><\/div>\n","protected":false},"excerpt":{"rendered":"<p>In dieser Studie stellt&nbsp;Julian Pawlak, wissenschaftlicher Mitarbeiter an der Professur f\u00fcr Politikwissenschaft und dem German Institute for Defence and Strategic Studies, vor, dass die NATO-Nordflanke ein Brennglas der&nbsp;angespannten Beziehungen des [&hellip;]<\/p>\n","protected":false},"author":2953,"featured_media":0,"parent":0,"menu_order":0,"comment_status":"closed","ping_status":"closed","template":"","meta":{"footnotes":""},"categories":[29],"tags":[],"class_list":["post-1996","page","type-page","status-publish","hentry","category-nachrichtenslider"],"_links":{"self":[{"href":"https:\/\/www.hsu-hh.de\/politiktheorie\/wp-json\/wp\/v2\/pages\/1996","targetHints":{"allow":["GET"]}}],"collection":[{"href":"https:\/\/www.hsu-hh.de\/politiktheorie\/wp-json\/wp\/v2\/pages"}],"about":[{"href":"https:\/\/www.hsu-hh.de\/politiktheorie\/wp-json\/wp\/v2\/types\/page"}],"author":[{"embeddable":true,"href":"https:\/\/www.hsu-hh.de\/politiktheorie\/wp-json\/wp\/v2\/users\/2953"}],"replies":[{"embeddable":true,"href":"https:\/\/www.hsu-hh.de\/politiktheorie\/wp-json\/wp\/v2\/comments?post=1996"}],"version-history":[{"count":1,"href":"https:\/\/www.hsu-hh.de\/politiktheorie\/wp-json\/wp\/v2\/pages\/1996\/revisions"}],"predecessor-version":[{"id":1997,"href":"https:\/\/www.hsu-hh.de\/politiktheorie\/wp-json\/wp\/v2\/pages\/1996\/revisions\/1997"}],"wp:attachment":[{"href":"https:\/\/www.hsu-hh.de\/politiktheorie\/wp-json\/wp\/v2\/media?parent=1996"}],"wp:term":[{"taxonomy":"category","embeddable":true,"href":"https:\/\/www.hsu-hh.de\/politiktheorie\/wp-json\/wp\/v2\/categories?post=1996"},{"taxonomy":"post_tag","embeddable":true,"href":"https:\/\/www.hsu-hh.de\/politiktheorie\/wp-json\/wp\/v2\/tags?post=1996"}],"curies":[{"name":"wp","href":"https:\/\/api.w.org\/{rel}","templated":true}]}}