{"id":1892,"date":"2022-02-17T16:25:31","date_gmt":"2022-02-17T15:25:31","guid":{"rendered":"https:\/\/www.hsu-hh.de\/politiktheorie\/?page_id=1892"},"modified":"2022-02-17T16:25:31","modified_gmt":"2022-02-17T15:25:31","slug":"daten-2","status":"publish","type":"page","link":"https:\/\/www.hsu-hh.de\/politiktheorie\/daten-2","title":{"rendered":"Daten"},"content":{"rendered":"\n<div class=\"wp-block-hsu-downloadblock\"><div class=\"thumbnail-area\"><img decoding=\"async\" src=\"\/wp-content\/themes\/hsu\/img\/dummy\/downloads_dummy.png\" alt=\"Download Symbol-Icon\" \/><\/div><div class=\"text-area\"><strong>Wahlsystemsimulator v1.0.0<br><\/strong>Weinmann, Philipp. 2013. F\u00fchrt das Wahlrecht zur \u201eAufbl\u00e4hung\u201c des Bundestages? Simulationsrechnungen auf Basis des neuen Bundeswahlgesetzes. Zeitschrift f\u00fcr Parlamentsfragen 44(4), 719\u2013741.<\/div><div class=\"download-area\"><a class=\"download-link\" href=\"https:\/\/www.hsu-hh.de\/politiktheorie\/wp-content\/uploads\/sites\/726\/2018\/01\/Wahlsystemsimulator-v1.0.0.zip\"><span class=\"download-name\">zip laden<\/span><span class=\"download-icon\"><img decoding=\"async\" class=\"download-icon\" alt=\"download icon\" src=\"\/wp-content\/themes\/hsu\/img\/icons\/download_icon.png\" \/><\/span><span class=\"download-size\">2 MB<\/span><\/a><\/div><\/div>\n\n\n\n<div class=\"wp-block-hsu-downloadblock\"><div class=\"thumbnail-area\"><img decoding=\"async\" src=\"\/wp-content\/themes\/hsu\/img\/dummy\/downloads_dummy.png\" alt=\"Download Symbol-Icon\" \/><\/div><div class=\"text-area\"><strong>Wahlsystemsimulator v2.0.0<\/strong><br>Weinmann, Philipp. 2014. Zweierwahlkreise als Mittel gegen \u00fcbergro\u00dfe Bundestage? Eine Simulationsanalyse auf Basis von Umfragedaten. Zeitschrift f\u00fcr Politikwissenschaft 24(4), 449\u2013489<\/div><div class=\"download-area\"><a class=\"download-link\" href=\"https:\/\/www.hsu-hh.de\/politiktheorie\/wp-content\/uploads\/sites\/726\/2018\/01\/Wahlsystemsimulator-v2.0.0.zip\"><span class=\"download-name\">zip laden<\/span><span class=\"download-icon\"><img decoding=\"async\" class=\"download-icon\" alt=\"download icon\" src=\"\/wp-content\/themes\/hsu\/img\/icons\/download_icon.png\" \/><\/span><span class=\"download-size\">7 MB<\/span><\/a><\/div><\/div>\n\n\n\n<div class=\"wp-block-hsu-downloadblock\"><div class=\"thumbnail-area\"><img decoding=\"async\" src=\"\/wp-content\/themes\/hsu\/img\/dummy\/downloads_dummy.png\" alt=\"Download Symbol-Icon\" \/><\/div><div class=\"text-area\"><strong>Wahlsystemsimulator v3.0.0<br><\/strong>Behnke, Joachim und Philipp Weinmann. 2016. Flexibler und Zielgerichteter Ausgleich \u2013 Eine am innerparteilichen Proporz orientierte Alternative zum geltenden Bundestagswahlrecht. Zeitschrift f\u00fcr Parlamentsfragen 47(2), 369\u2013388<\/div><div class=\"download-area\"><a class=\"download-link\" href=\"https:\/\/www.hsu-hh.de\/politiktheorie\/wp-content\/uploads\/sites\/726\/2018\/01\/Wahlsystemsimulator-v3.0.0.zip\"><span class=\"download-name\">zip laden<\/span><span class=\"download-icon\"><img decoding=\"async\" class=\"download-icon\" alt=\"download icon\" src=\"\/wp-content\/themes\/hsu\/img\/icons\/download_icon.png\" \/><\/span><span class=\"download-size\">10 MB<\/span><\/a><\/div><\/div>\n\n\n\n<div class=\"wp-block-hsu-downloadblock\"><div class=\"thumbnail-area\"><img decoding=\"async\" src=\"\/wp-content\/themes\/hsu\/img\/dummy\/downloads_dummy.png\" alt=\"Download Symbol-Icon\" \/><\/div><div class=\"text-area\"><strong>Wahlsystemsimulator v4.1.0<\/strong><br>Weinmann, Philipp. 2017. Stimmenverrechnung. In Reform des Bundestagswahlsystems: Bewertungskriterien und Reformoptionen. Behnke, Joachim, Frank Decker, Florian Grotz, Robert B. Vehrkamp und Philipp Weinmann. G\u00fctersloh. 65\u201396.<\/div><div class=\"download-area\"><a class=\"download-link\" href=\"https:\/\/www.hsu-hh.de\/politiktheorie\/wp-content\/uploads\/sites\/726\/2018\/01\/Wahlsystemsimulator-v4.1.0.zip\"><span class=\"download-name\">zip laden<\/span><span class=\"download-icon\"><img decoding=\"async\" class=\"download-icon\" alt=\"download icon\" src=\"\/wp-content\/themes\/hsu\/img\/icons\/download_icon.png\" \/><\/span><span class=\"download-size\">22 MB<\/span><\/a><\/div><\/div>\n\n\n\n<div class=\"wp-block-hsu-downloadblock\"><div class=\"thumbnail-area\"><img decoding=\"async\" src=\"\/wp-content\/themes\/hsu\/img\/dummy\/downloads_dummy.png\" alt=\"Download Symbol-Icon\" \/><\/div><div class=\"text-area\"><strong>German_electoral_system_dataset<\/strong>\u00a0<strong>v1.0<\/strong><br>Weinmann, Philipp &amp; Florian Grotz. 2020. Seat enlargements in mixed-member proportional systems: evidence from the German L\u00e4nder. West European Politics,\u00a0<a href=\"https:\/\/www.tandfonline.com\/doi\/full\/10.1080\/01402382.2020.1758878\" rel='nofollow'>Link to this article<\/a><\/div><div class=\"download-area\"><a class=\"download-link\" href=\"https:\/\/www.hsu-hh.de\/politiktheorie\/wp-content\/uploads\/sites\/726\/2021\/07\/German_electoral_system_dataset.zip\"><span class=\"download-name\">zip laden<\/span><span class=\"download-icon\"><img decoding=\"async\" class=\"download-icon\" alt=\"download icon\" src=\"\/wp-content\/themes\/hsu\/img\/icons\/download_icon.png\" \/><\/span><span class=\"download-size\">701 kB<\/span><\/a><\/div><\/div>\n","protected":false},"excerpt":{"rendered":"","protected":false},"author":2953,"featured_media":0,"parent":0,"menu_order":0,"comment_status":"closed","ping_status":"closed","template":"","meta":{"footnotes":""},"categories":[4],"tags":[],"class_list":["post-1892","page","type-page","status-publish","hentry","category-forschung"],"_links":{"self":[{"href":"https:\/\/www.hsu-hh.de\/politiktheorie\/wp-json\/wp\/v2\/pages\/1892","targetHints":{"allow":["GET"]}}],"collection":[{"href":"https:\/\/www.hsu-hh.de\/politiktheorie\/wp-json\/wp\/v2\/pages"}],"about":[{"href":"https:\/\/www.hsu-hh.de\/politiktheorie\/wp-json\/wp\/v2\/types\/page"}],"author":[{"embeddable":true,"href":"https:\/\/www.hsu-hh.de\/politiktheorie\/wp-json\/wp\/v2\/users\/2953"}],"replies":[{"embeddable":true,"href":"https:\/\/www.hsu-hh.de\/politiktheorie\/wp-json\/wp\/v2\/comments?post=1892"}],"version-history":[{"count":2,"href":"https:\/\/www.hsu-hh.de\/politiktheorie\/wp-json\/wp\/v2\/pages\/1892\/revisions"}],"predecessor-version":[{"id":2369,"href":"https:\/\/www.hsu-hh.de\/politiktheorie\/wp-json\/wp\/v2\/pages\/1892\/revisions\/2369"}],"wp:attachment":[{"href":"https:\/\/www.hsu-hh.de\/politiktheorie\/wp-json\/wp\/v2\/media?parent=1892"}],"wp:term":[{"taxonomy":"category","embeddable":true,"href":"https:\/\/www.hsu-hh.de\/politiktheorie\/wp-json\/wp\/v2\/categories?post=1892"},{"taxonomy":"post_tag","embeddable":true,"href":"https:\/\/www.hsu-hh.de\/politiktheorie\/wp-json\/wp\/v2\/tags?post=1892"}],"curies":[{"name":"wp","href":"https:\/\/api.w.org\/{rel}","templated":true}]}}