{"id":1884,"date":"2022-02-17T16:19:43","date_gmt":"2022-02-17T15:19:43","guid":{"rendered":"https:\/\/www.hsu-hh.de\/politiktheorie\/?page_id=1884"},"modified":"2022-02-17T16:19:43","modified_gmt":"2022-02-17T15:19:43","slug":"lebenslauf-weinmann-deutsch","status":"publish","type":"page","link":"https:\/\/www.hsu-hh.de\/politiktheorie\/lebenslauf-weinmann-deutsch","title":{"rendered":"Lebenslauf"},"content":{"rendered":"\n<p><strong>Beruflicher Werdegang<\/strong><\/p>\n\n\n\n<p><strong>12\/2017 \u2013<\/strong><\/p>\n\n\n\n<p>Wissenschaftlicher Mitarbeiter \/ Postdoc (Politikwissenschaft)<\/p>\n\n\n\n<p>Helmut-Schmidt-Universit\u00e4t \/ Universit\u00e4t der Bundeswehr Hamburg<\/p>\n\n\n\n<ul class=\"wp-block-list\"><li>Verantwortlich f\u00fcr Planung und Durchf\u00fchrung quantitativer Methodenlehre<\/li><li>Ver\u00f6ffentlichungen und Vortr\u00e4ge zu Wahlsystemen<\/li><li>Datensammlung und -aufbereitung, statistische Auswertungen, Simulationsstudien<\/li><li>Mitglied im Promotionsausschuss<\/li><\/ul>\n\n\n\n<p><strong>04\/2017 \u2013 10\/2017<\/strong><\/p>\n\n\n\n<p>Weiterqualifizierung (u.a. Verteidigung der Promotion)<\/p>\n\n\n\n<p><strong>04\/2011 \u2013 03\/2017<\/strong><\/p>\n\n\n\n<p>Wissenschaftlicher Mitarbeiter (Politikwissenschaft)<\/p>\n\n\n\n<p>Albert-Ludwigs-Universit\u00e4t Freiburg<\/p>\n\n\n\n<ul class=\"wp-block-list\"><li>Wissenschaftliche Ver\u00f6ffentlichungen und Vortr\u00e4ge<\/li><li>Umfangreiche Lehrt\u00e4tigkeit (v.a. Vergleichende Politikwissenschaft &amp; Methoden)<\/li><\/ul>\n\n\n\n<p><strong>04\/2009 \u2013 07\/2009<\/strong><\/p>\n\n\n\n<p>Praktikant, Forschungsgruppe Wahlen e.V., Mannheim<\/p>\n\n\n\n<ul class=\"wp-block-list\"><li>Recherche und Dokumentation f\u00fcr die Europawahlen 2009<\/li><li>Zeitnahe Unterst\u00fctzung der TV-\u00dcbertragung am Wahlabend<\/li><\/ul>\n\n\n\n<p><strong>09\/2006 \u2013 03\/2009<\/strong><\/p>\n\n\n\n<p>Studentische Hilfskraft<\/p>\n\n\n\n<p>Ruprecht-Karls-Universit\u00e4t Heidelberg<\/p>\n\n\n\n<ul class=\"wp-block-list\"><li>Datenaufbereitung und -analyse (Excel, SPSS) (Politikwissenschaft)<\/li><li>Interdisziplin\u00e4res Menschenw\u00fcrdeprojekt an Gymnasien (Rechtswissenschaft)<\/li><\/ul>\n\n\n\n<p><strong>Akademische Ausbildung<\/strong><\/p>\n\n\n\n<p><strong>04\/2011 \u2013 06\/2017<\/strong><\/p>\n\n\n\n<p>Promotion in Politikwissenschaft (magna cum laude; 1,6)<\/p>\n\n\n\n<p>Albert-Ludwigs-Universit\u00e4t Freiburg<\/p>\n\n\n\n<ul class=\"wp-block-list\"><li>Simulationsanalyse (Excel): Bundestagswahlrecht und Reformoptionen<\/li><li>Ableitung konkreter Handlungsempfehlungen<\/li><\/ul>\n\n\n\n<p><strong>10\/2004 \u2013 01\/2011<\/strong><\/p>\n\n\n\n<p>Magister in Politikwissenschaft, \u00d6ffentliches Recht, Philosophie (1,1)<\/p>\n\n\n\n<p>Ruprecht-Karls-Universit\u00e4t Heidelberg<\/p>\n\n\n\n<ul class=\"wp-block-list\"><li>Magisterarbeit (SPSS, Stata): Statistische Analyse von Wahlsystemreformen (Regressionen, Pooled Time Series)<\/li><li>Heidelberg-Studie 2006: Fragebogenkonzipierung, Telefoninterviews, Datenanalyse, Dokumentation<\/li><\/ul>\n\n\n\n<p><strong>04\/2006 \u2013 09\/2008<\/strong><\/p>\n\n\n\n<p>Vordiplom in Mathematik (sehr gut) Ruprecht-Karls-Universit\u00e4t Heidelberg<\/p>\n","protected":false},"excerpt":{"rendered":"<p>Beruflicher Werdegang 12\/2017 \u2013 Wissenschaftlicher Mitarbeiter \/ Postdoc (Politikwissenschaft) Helmut-Schmidt-Universit\u00e4t \/ Universit\u00e4t der Bundeswehr Hamburg Verantwortlich f\u00fcr Planung und Durchf\u00fchrung quantitativer Methodenlehre Ver\u00f6ffentlichungen und Vortr\u00e4ge zu Wahlsystemen Datensammlung und -aufbereitung, [&hellip;]<\/p>\n","protected":false},"author":2953,"featured_media":0,"parent":0,"menu_order":0,"comment_status":"closed","ping_status":"closed","template":"","meta":{"footnotes":""},"categories":[4],"tags":[],"class_list":["post-1884","page","type-page","status-publish","hentry","category-forschung"],"_links":{"self":[{"href":"https:\/\/www.hsu-hh.de\/politiktheorie\/wp-json\/wp\/v2\/pages\/1884","targetHints":{"allow":["GET"]}}],"collection":[{"href":"https:\/\/www.hsu-hh.de\/politiktheorie\/wp-json\/wp\/v2\/pages"}],"about":[{"href":"https:\/\/www.hsu-hh.de\/politiktheorie\/wp-json\/wp\/v2\/types\/page"}],"author":[{"embeddable":true,"href":"https:\/\/www.hsu-hh.de\/politiktheorie\/wp-json\/wp\/v2\/users\/2953"}],"replies":[{"embeddable":true,"href":"https:\/\/www.hsu-hh.de\/politiktheorie\/wp-json\/wp\/v2\/comments?post=1884"}],"version-history":[{"count":1,"href":"https:\/\/www.hsu-hh.de\/politiktheorie\/wp-json\/wp\/v2\/pages\/1884\/revisions"}],"predecessor-version":[{"id":1886,"href":"https:\/\/www.hsu-hh.de\/politiktheorie\/wp-json\/wp\/v2\/pages\/1884\/revisions\/1886"}],"wp:attachment":[{"href":"https:\/\/www.hsu-hh.de\/politiktheorie\/wp-json\/wp\/v2\/media?parent=1884"}],"wp:term":[{"taxonomy":"category","embeddable":true,"href":"https:\/\/www.hsu-hh.de\/politiktheorie\/wp-json\/wp\/v2\/categories?post=1884"},{"taxonomy":"post_tag","embeddable":true,"href":"https:\/\/www.hsu-hh.de\/politiktheorie\/wp-json\/wp\/v2\/tags?post=1884"}],"curies":[{"name":"wp","href":"https:\/\/api.w.org\/{rel}","templated":true}]}}