{"id":1868,"date":"2022-02-17T15:58:38","date_gmt":"2022-02-17T14:58:38","guid":{"rendered":"https:\/\/www.hsu-hh.de\/politiktheorie\/?page_id=1868"},"modified":"2022-02-17T15:58:38","modified_gmt":"2022-02-17T14:58:38","slug":"publikationen-vortraege-und-lehrtaetigkeiten-2","status":"publish","type":"page","link":"https:\/\/www.hsu-hh.de\/politiktheorie\/publikationen-vortraege-und-lehrtaetigkeiten-2","title":{"rendered":"Publikationen, Vortr\u00e4ge und Lehrt\u00e4tigkeiten"},"content":{"rendered":"\n<p><strong>Monographien<\/strong><\/p>\n\n\n\n<p>Behnke, Joachim, Frank Decker, Florian Grotz, Robert Vehrkamp und Philipp Weinmann. 2017.&nbsp;<em>Reform des Bundestagswahlsystems: Bewertungskriterien und Reformoptionen<\/em>. G\u00fctersloh.<\/p>\n\n\n\n<p><strong>Zeitschriftenbeitr\u00e4ge<\/strong><\/p>\n\n\n\n<p>Weinmann, Philipp &amp; Florian Grotz. 2021. Seat enlargements in mixed-member proportional systems: evidence from the German&nbsp;<em>L\u00e4nder<\/em>.&nbsp;<em>West European Politics<\/em>&nbsp;44(4), 946\u2013968.<\/p>\n\n\n\n<p>Weinmann, Philipp und Florian Grotz. 2020. Reconciling Parliamentary Size with Personalised Proportional Representation? Frontiers of Electoral Reform for the German Bundestag.&nbsp;<em>German Politics<\/em>, online first, DOI:&nbsp;<a href=\"https:\/\/doi.org\/10.1080\/09644008.2020.1790531\" rel='nofollow'><strong>10.1080\/09644008.2020.1790531<\/strong><\/a>.<\/p>\n\n\n\n<p>Behnke, Joachim und Philipp Weinmann. 2016. Flexibler und Zielgerichteter Ausgleich \u2013 Eine am innerparteilichen Proporz orientierte Alternative zum geltenden Bundestagswahlrecht.&nbsp;<em>Zeitschrift f\u00fcr Parlamentsfragen<\/em>&nbsp;47(2), 369\u2013388.<\/p>\n\n\n\n<p>Weinmann, Philipp. 2014. Zweierwahlkreise als Mittel gegen \u00fcbergro\u00dfe Bundestage? Eine Simulationsanalyse auf Basis von Umfragedaten.&nbsp;<em>Zeitschrift f\u00fcr Politikwissenschaft<\/em>&nbsp;24(4), 449\u2013489.<\/p>\n\n\n\n<p>Weinmann, Philipp. 2013. F\u00fchrt das Wahlrecht zur \u201eAufbl\u00e4hung\u201c des Bundestages? Simulationsrechnungen auf Basis des neuen Bundeswahlgesetzes.&nbsp;<em>Zeitschrift f\u00fcr Parlamentsfragen<\/em>&nbsp;44(4), 719\u2013741.<\/p>\n\n\n\n<p><strong>Buchbeitr\u00e4ge<\/strong><\/p>\n\n\n\n<p>Weinmann, Philipp. 2020. Wahlen. In&nbsp;<em>Handbuch Politik USA<\/em>. Hrsg. Christian Lammert, Markus B. Siewert &amp; Boris Vormann. Wiesbaden. 2. Aufl. 405\u2013422.<\/p>\n\n\n\n<p>Weinmann, Philipp. 2017. Stimmenverrechnung. In&nbsp;<em>Reform des Bundestagswahlsystems: Bewertungskriterien und Reformoptionen<\/em>. Behnke, Joachim, Frank Decker, Florian Grotz, Robert B. Vehrkamp und Philipp Weinmann. G\u00fctersloh. 65\u201396.<\/p>\n\n\n\n<p>Weinmann, Philipp. 2016. Wahlen und Direkte Demokratie: Demokratische Teilhabe im Spannungsfeld politischer Machtinteressen. In&nbsp;<em>Handbuch Politik USA<\/em>. Hrsg. Christian Lammert, Markus B. Siewert und Boris Vormann. Wiesbaden. 243\u2013263.<\/p>\n\n\n\n<p>Weinmann, Philipp und Thomas Metz. 2015. Wahlen: Funktionen \u2013 Systeme \u2013 Verhalten. In&nbsp;<em>Einf\u00fchrung in die Vergleichende Politikwissenschaft: Institutionen, Akteure, Policies<\/em>. Hrsg. Uwe Wagschal, Sebastian J\u00e4ckle und Georg Wenzelburger. Stuttgart. 49\u201367.<\/p>\n\n\n\n<p>Weinmann, Philipp und Sebastian J\u00e4ckle. 2015. Parteien: Entstehung \u2013 Typen \u2013 Systeme. In&nbsp;<em>Einf\u00fchrung in die Vergleichende Politikwissenschaft: Institutionen, Akteure, Policies<\/em>. Hrsg. Uwe Wagschal, Sebastian J\u00e4ckle und Georg Wenzelburger. Stuttgart. 138\u2013150.<\/p>\n\n\n\n<p><strong>Gutachtert\u00e4tigkeit &amp; Rezensionen<\/strong><\/p>\n\n\n\n<p>Anonymer Gutachter f\u00fcr&nbsp;<em>Politische Vierteljahresschrift<\/em>&nbsp;&amp;&nbsp;<em>Zeitschrift f\u00fcr Politikwissenschaft<\/em><\/p>\n\n\n\n<p>Weinmann, Philipp. 2014. Wahlsystem- und Wahlverhaltensforschung: innovative Verbindung.&nbsp;<em>Zeitschrift f\u00fcr Parlamentsfragen<\/em>&nbsp;45(4), 923\u2013925. [Wagner, Aiko. 2013. Die Mikrofundierung von Duvergers Gesetz. Baden-Baden.]<\/p>\n\n\n\n<p>Weinmann, Philipp. 2011. Neue B\u00fccher zum W\u00e4hlerverhalten in Deutschland.&nbsp;<em>Zeitschrift f\u00fcr Parlamentsfragen<\/em>&nbsp;42(4), 906\u2013908. [Bytzek, Evelyn und Sigrid Rossteutscher (Hrsg.). 2011. Der unbekannte W\u00e4hler? Mythen und Fakten \u00fcber das Wahlverhalten der Deutschen. Frankfurt\/New York. und Merz, Stefan. 2010. Das Kreuz mit dem Kreuz: unentschlossene W\u00e4hler in Deutschland. Baden-Baden.]<\/p>\n\n\n\n<p><strong>Vortr\u00e4ge<\/strong><\/p>\n\n\n\n<p>Das Bundestagswahlrecht der Gro\u00dfen Koalition 2020 im Spiegel der Wahlsystemziele, DVPW-Kongress, 14. September 2021 online<\/p>\n\n\n\n<p>Reformen des Wahlsystems zum Deutschen Bundestag, Onlineseminar der Point Alpha Stiftung \u201eBundestagswahl 2021. Parteiendemokratie in Deutschland\u201c, 24. M\u00e4rz 2021 online:&nbsp;<a href=\"https:\/\/www.youtube.com\/watch?v=aGaep6_14MA\" rel='nofollow'><strong>https:\/\/www.youtube.com\/watch?v=aGaep6_14MA<\/strong><\/a><\/p>\n\n\n\n<p>Parlamentsvergr\u00f6\u00dferungen durch personalisierte Verh\u00e4ltniswahl in Bund und L\u00e4ndern, auf Einladung von Prof. Dr. Wolfgang Bischof, 22. Oktober 2020 in Rosenheim<\/p>\n\n\n\n<p>Institutional and Political Conditions of Seat Enlargements in Mixed-Member Proportional Electoral Systems. Evidence from the German L\u00e4nder, ECPR General Conference, 25. August 2018 in Hamburg<\/p>\n\n\n\n<p>Nichtw\u00e4hler mobilisieren (1): Alternative Formen der Stimmabgabe, Tagung der Akademie f\u00fcr Politische Bildung Tutzing \u201eBundestagswahl 2017. Wahlrecht und Wahlsystem auf dem Pr\u00fcfstand\u201c, 27. Januar 2017 in Tutzing<\/p>\n\n\n\n<p>The Cost of Openness. Wahlrecht und Wahlsystem, Summer School der Atlantischen Akademie \u201eA Nation At Risk? Die Verunsicherten Staaten von Amerika im Wahljahr\u201c, 1. August 2016 in Lambrecht<\/p>\n\n\n\n<p>Wahlsimulationen als Methode zur Folgenabsch\u00e4tzung von Wahlsystemreformen, Jahrestagung der Sektion Methoden der DVPW, 22.\/23. Mai 2015 in Kassel<\/p>\n\n\n\n<p><strong>Lehrt\u00e4tigkeit<\/strong><\/p>\n\n\n\n<p>Proseminar Methoden der Politikwissenschaft (WiSe 2013\/14, WiSe 2014\/15, WiSe 2015\/16, mit Antonia Schmid WT 2018, mit Anne Hoss WT 2019 &amp; WT 2020), Quantitative Methoden (FT 2020, FT 2021 komplett online)<\/p>\n\n\n\n<p>Proseminar Grundlagen der Vergleichenden Politikwissenschaft (SoSe 2011, WiSe 2011\/12, SoSe 2012, SoSe 2013, SoSe 2015, mit Sebastian Reinkunz SoSe 2016, mit Julian Sch\u00e4rdel WiSe 2016\/17)<\/p>\n\n\n\n<p>\u00dcbung Einf\u00fchrung in die Politikwissenschaft (WiSe 2012\/13), Schreibwerkstatt (WT 2018), Methoden wissenschaftlichen Arbeitens (HT 2018), Proseminar Techniken des wissenschaftlichen Arbeitens (HT 2019, HT 2020, HT 2021 online)<\/p>\n\n\n\n<p>Proseminar Vergleichende Wahlsystemforschung (WiSe 2012\/13, SoSe 2014, WiSe 2015\/16, WiSe 2016\/17, FT 2018, FT 2019)<\/p>\n\n\n\n<p>Proseminar Direkte Demokratie (WT 2019)<\/p>\n\n\n\n<p>Proseminar Wahlen und Wahlkampf (mit Sebastian Reinkunz SoSe 2016)<\/p>\n\n\n\n<p>Proseminar zu Einstellungs- und Verhaltensforschung (mit Pascal K\u00f6nig SoSe 2015)<\/p>\n","protected":false},"excerpt":{"rendered":"<p>Monographien Behnke, Joachim, Frank Decker, Florian Grotz, Robert Vehrkamp und Philipp Weinmann. 2017.&nbsp;Reform des Bundestagswahlsystems: Bewertungskriterien und Reformoptionen. G\u00fctersloh. Zeitschriftenbeitr\u00e4ge Weinmann, Philipp &amp; Florian Grotz. 2021. Seat enlargements in mixed-member [&hellip;]<\/p>\n","protected":false},"author":2953,"featured_media":0,"parent":0,"menu_order":0,"comment_status":"closed","ping_status":"closed","template":"","meta":{"footnotes":""},"categories":[4],"tags":[],"class_list":["post-1868","page","type-page","status-publish","hentry","category-forschung"],"_links":{"self":[{"href":"https:\/\/www.hsu-hh.de\/politiktheorie\/wp-json\/wp\/v2\/pages\/1868","targetHints":{"allow":["GET"]}}],"collection":[{"href":"https:\/\/www.hsu-hh.de\/politiktheorie\/wp-json\/wp\/v2\/pages"}],"about":[{"href":"https:\/\/www.hsu-hh.de\/politiktheorie\/wp-json\/wp\/v2\/types\/page"}],"author":[{"embeddable":true,"href":"https:\/\/www.hsu-hh.de\/politiktheorie\/wp-json\/wp\/v2\/users\/2953"}],"replies":[{"embeddable":true,"href":"https:\/\/www.hsu-hh.de\/politiktheorie\/wp-json\/wp\/v2\/comments?post=1868"}],"version-history":[{"count":1,"href":"https:\/\/www.hsu-hh.de\/politiktheorie\/wp-json\/wp\/v2\/pages\/1868\/revisions"}],"predecessor-version":[{"id":1869,"href":"https:\/\/www.hsu-hh.de\/politiktheorie\/wp-json\/wp\/v2\/pages\/1868\/revisions\/1869"}],"wp:attachment":[{"href":"https:\/\/www.hsu-hh.de\/politiktheorie\/wp-json\/wp\/v2\/media?parent=1868"}],"wp:term":[{"taxonomy":"category","embeddable":true,"href":"https:\/\/www.hsu-hh.de\/politiktheorie\/wp-json\/wp\/v2\/categories?post=1868"},{"taxonomy":"post_tag","embeddable":true,"href":"https:\/\/www.hsu-hh.de\/politiktheorie\/wp-json\/wp\/v2\/tags?post=1868"}],"curies":[{"name":"wp","href":"https:\/\/api.w.org\/{rel}","templated":true}]}}