{"id":1812,"date":"2022-02-07T16:48:45","date_gmt":"2022-02-07T15:48:45","guid":{"rendered":"https:\/\/www.hsu-hh.de\/politiktheorie\/?page_id=1812"},"modified":"2022-02-07T16:52:18","modified_gmt":"2022-02-07T15:52:18","slug":"professorship-for-political-science-in-particular-political-theory-2","status":"publish","type":"page","link":"https:\/\/www.hsu-hh.de\/politiktheorie\/en\/professorship-for-political-science-in-particular-political-theory-2","title":{"rendered":"Professorship for Political Science, in particular Political Theory"},"content":{"rendered":"\n<hr class=\"wp-block-separator is-style-wide\" \/>\n\n\n\n<div class=\"wp-block-columns is-layout-flex wp-container-core-columns-is-layout-9d6595d7 wp-block-columns-is-layout-flex\">\n<div class=\"wp-block-column is-layout-flow wp-block-column-is-layout-flow\">\n<figure class=\"wp-block-image size-large\"><img loading=\"lazy\" decoding=\"async\" width=\"1024\" height=\"768\" src=\"https:\/\/www.hsu-hh.de\/politiktheorie\/wp-content\/uploads\/sites\/726\/2018\/11\/IMG_7032-e1542124426125-1024x768.jpg\" data-credit=\"Campus\" alt=\"Campus\" class=\"wp-image-960\" srcset=\"https:\/\/www.hsu-hh.de\/politiktheorie\/wp-content\/uploads\/sites\/726\/2018\/11\/IMG_7032-e1542124426125-1024x768.jpg 1024w, https:\/\/www.hsu-hh.de\/politiktheorie\/wp-content\/uploads\/sites\/726\/2018\/11\/IMG_7032-e1542124426125-300x225.jpg 300w, https:\/\/www.hsu-hh.de\/politiktheorie\/wp-content\/uploads\/sites\/726\/2018\/11\/IMG_7032-e1542124426125-768x576.jpg 768w\" sizes=\"auto, (max-width: 1024px) 100vw, 1024px\" \/><\/figure>\n<\/div>\n\n\n\n<div class=\"wp-block-column is-layout-flow wp-block-column-is-layout-flow\">\n<figure class=\"wp-block-image size-large\"><img loading=\"lazy\" decoding=\"async\" width=\"1024\" height=\"768\" src=\"https:\/\/www.hsu-hh.de\/politiktheorie\/wp-content\/uploads\/sites\/726\/2018\/04\/Bilde-19.04.2018-12-38-18-1024x768.jpg\" data-credit=\"HSU\" alt=\"HSU\" class=\"wp-image-749\" srcset=\"https:\/\/www.hsu-hh.de\/politiktheorie\/wp-content\/uploads\/sites\/726\/2018\/04\/Bilde-19.04.2018-12-38-18-1024x768.jpg 1024w, https:\/\/www.hsu-hh.de\/politiktheorie\/wp-content\/uploads\/sites\/726\/2018\/04\/Bilde-19.04.2018-12-38-18-300x225.jpg 300w, https:\/\/www.hsu-hh.de\/politiktheorie\/wp-content\/uploads\/sites\/726\/2018\/04\/Bilde-19.04.2018-12-38-18-768x576.jpg 768w\" sizes=\"auto, (max-width: 1024px) 100vw, 1024px\" \/><\/figure>\n<\/div>\n<\/div>\n\n\n\n<p>Welcome to the pages of the Chair of Political Science, in particular Political Theory<\/p>\n\n\n\n<p>at Helmut Schmidt University \/ University of the Federal Armed Forces Hamburg.<\/p>\n\n\n\n<hr class=\"wp-block-separator is-style-wide\" \/>\n\n\n\n<h2 class=\"wp-block-heading\"> <a href=\"https:\/\/www.hsu-hh.de\/politiktheorie\/category\/nachrichtenslider\">News<\/a> <\/h2>\n\n\n\n<hr class=\"wp-block-separator is-style-wide\" \/>\n\n\n\n<div id=\"category_content_g3XAUdXh\" class=\"hsu_category archive-page\"><article  id=\"post-3552\" class=\"category-list-item post-3552 post type-post status-publish format-standard hentry \"><a href=\"https:\/\/www.hsu-hh.de\/politiktheorie\/tagung-digitalisierung-der-kommunalverwaltung\" title=\"Tagung \"Digitalisierung der Kommunalverwaltung\"\" ><div class=\"hsu_category_article-content-wrap\"><div class=\"hsu_category_article-content-wrap-inner\"><div>\t<header class=\"entry-header\">\t\t<h3 class=\"entry-title\">Tagung \"Digitalisierung der Kommunalverwaltung\"\t\t<\/h3>\t<\/header><div class=\"entry-content-excerpt\">Wie k\u00f6nnen Kommunen ihre Verwaltung b\u00fcrgernah, sicher und zukunftsorientiert digitalisieren? Welche Governance-Strukturen beg\u00fcnstigen die Koordination zwischen Bund, L\u00e4ndern und Kommunen? Wie kann die zivil-milit\u00e4rische Kommunikation im Digitalen Raum besser vernetzt werden? Mit diesen und weiteren Fragen richtete sich die Tagung am 6. November 2025 in Berlin an Experten und Expertinnen und F\u00fchrungskr\u00e4ften aus Politik, Verwaltung...<\/div> <\/div><\/div><\/div><\/a><\/article><article  id=\"post-3531\" class=\"category-list-item post-3531 post type-post status-publish format-standard hentry \"><a href=\"https:\/\/www.hsu-hh.de\/politiktheorie\/in-stillem-gedenken\" title=\"In stillem Gedenken\" ><div class=\"hsu_category_article-content-wrap\"><div class=\"hsu_category_article-content-wrap-inner\"><div>\t<header class=\"entry-header\">\t\t<h3 class=\"entry-title\">In stillem Gedenken\t\t<\/h3>\t<\/header><div class=\"entry-content-excerpt\">Wir trauern um unseren Kollegen, Kameraden und Freund Hauptmann Severin Pleyer. Die Nachricht seines pl\u00f6tzlichen Todes hat uns tief getroffen.Severin war seit 2020 wissenschaftlicher Mitarbeiter am Lehrstuhl f\u00fcr Politische Theorie und dem German Institute for Defence Studies, GIDS. Soeben hatte er seine Dissertation fertiggestellt und arbeitete bereits an einem neuen Buchprojekt.Severins Forschungsschwerpunkt war nukleare Abschreckung....<\/div> <\/div><\/div><\/div><\/a><\/article><\/div><div class=\"col-xs-12 col-md-3 col-md-push-4\"><span class=\"link no-arrow\"><button class=\"categorymore hsu_btn\" id=\"g3XAUdXh\"  data-category=\"Startseite\" data-categoryid=\"29\" data-posts_per_page=\"2\" data-order=\"DESC\" data-paged=\"2\" data-more_posts=\"1\" data-nocontent=\"1\" data-noimg=\"1\" data-nometa=\"1\" data-uid=\"g3XAUdXh\">Mehr Beitr\u00e4ge<\/button><\/span><\/div><div class=\"clearfix\"><\/div>\n\n\n\n<hr class=\"wp-block-separator is-style-wide\" \/>\n\n\n\n<h2 class=\"wp-block-heading\"> <a href=\"https:\/\/www.hsu-hh.de\/politiktheorie\/en\/prof-dr-gary-s-schaal-2\">Prof. <abbr title=\"Doktor\">Dr.<\/abbr> Gary S. Schaal <\/a> <\/h2>\n\n\n\n<hr class=\"wp-block-separator is-style-wide\" \/>\n\n\n\n<div class=\"wp-block-columns is-layout-flex wp-container-core-columns-is-layout-9d6595d7 wp-block-columns-is-layout-flex\">\n<div class=\"wp-block-column is-layout-flow wp-block-column-is-layout-flow\">\n<h2 class=\"wp-block-heading\"> Most important at a glance <\/h2>\n\n\n\n<p><a href=\"https:\/\/www.hsu-hh.de\/politiktheorie\/en\/prof-dr-gary-s-schaal-2\/publications\">Publications<\/a><\/p>\n\n\n\n<p><a href=\"https:\/\/www.hsu-hh.de\/politiktheorie\/en\/prof-dr-gary-s-schaal-2\/cv\">CV<\/a><\/p>\n\n\n\n<p><a href=\"https:\/\/www.hsu-hh.de\/politiktheorie\/prof-dr-gary-s-schaal\/journal-boards\/\">Journal Boards<\/a> <\/p>\n\n\n\n<p><a href=\"https:\/\/www.hsu-hh.de\/politiktheorie\/prof-dr-gary-s-schaal\/vortraege\">Presentations<\/a><\/p>\n<\/div>\n\n\n\n<div class=\"wp-block-column is-layout-flow wp-block-column-is-layout-flow\">\n<h2 class=\"wp-block-heading\"> <a href=\"https:\/\/www.hsu-hh.de\/politiktheorie\/en\/research-and-projects\">Research interests <\/a> <\/h2>\n\n\n\n<p>Contemporary Political Theory<\/p>\n\n\n\n<p>(Deliberative) democratic theory<\/p>\n\n\n\n<p>Constitutional law and theory<\/p>\n\n\n\n<p>Institutional theory<\/p>\n\n\n\n<p>Emotion research<\/p>\n\n\n\n<p>Political culture research<\/p>\n\n\n\n<p>Empirical democracy and deliberation research<\/p>\n<\/div>\n<\/div>\n\n\n\n<hr class=\"wp-block-separator is-style-wide\" \/>\n\n\n\n<h2 class=\"wp-block-heading\"> <a href=\"https:\/\/www.hsu-hh.de\/politiktheorie\/en\/team-2\">The team<\/a> <\/h2>\n\n\n\n<hr class=\"wp-block-separator is-style-wide\" \/>\n\n\n\n<div class=\"wp-block-columns is-layout-flex wp-container-core-columns-is-layout-9d6595d7 wp-block-columns-is-layout-flex\">\n<div class=\"wp-block-column is-layout-flow wp-block-column-is-layout-flow\">\n<p><a href=\"https:\/\/www.hsu-hh.de\/politiktheorie\/team\/christoph-deppe-m-a\/\">Christoph Deppe, M.A.<\/a><\/p>\n\n\n\n<p><a href=\"https:\/\/www.hsu-hh.de\/politiktheorie\/team\/dr-sebastian-dumm\/\"><abbr title=\"Doktor\">Dr.<\/abbr> Sebastian Dumm<\/a><\/p>\n\n\n\n<p><a href=\"https:\/\/www.hsu-hh.de\/politiktheorie\/team\/dannica-fleuss\"><abbr title=\"Doktor\">Dr.<\/abbr> Dannica Fleu\u00df<\/a><\/p>\n\n\n\n<p><a href=\"https:\/\/www.hsu-hh.de\/politiktheorie\/alexandra-m-friede-m-a-2\">Alexandra M. Friede, M.A.<\/a><\/p>\n\n\n\n<p><a href=\"https:\/\/www.hsu-hh.de\/politiktheorie\/team\/anne-hoss-m-a\">Anne Hoss, M.A.<\/a><\/p>\n\n\n\n<p><a href=\"https:\/\/www.hsu-hh.de\/politiktheorie\/team\/susanne-kirst\/\">Susanne Kirst<\/a><\/p>\n\n\n\n<p><a href=\"https:\/\/www.hsu-hh.de\/politiktheorie\/deniz-kocak\"><abbr title=\"Doktor\">Dr.<\/abbr> Deniz Kocak<\/a><\/p>\n<\/div>\n\n\n\n<div class=\"wp-block-column is-layout-flow wp-block-column-is-layout-flow\">\n<p><a href=\"https:\/\/www.hsu-hh.de\/politiktheorie\/julian-pawlak\">Julian Pawlak<\/a><\/p>\n\n\n\n<p><a href=\"https:\/\/www.hsu-hh.de\/politiktheorie\/severin-pleyer\">Severin Pleyer<\/a><\/p>\n\n\n\n<p><a href=\"https:\/\/www.hsu-hh.de\/politiktheorie\/wissenschaftlicher-mitarbeiter-am-lehrstuhl-fuer-politikwissenschaft-insbesondere-politische-theorie\">Torben Sch\u00fctz<\/a><\/p>\n\n\n\n<p><a href=\"https:\/\/www.hsu-hh.de\/politiktheorie\/team\/dr-alexander-stulpe\/\"><abbr title=\"Doktor\">Dr.<\/abbr> Alexander Stulpe<\/a><\/p>\n\n\n\n<p><a href=\"https:\/\/www.hsu-hh.de\/politiktheorie\/joseph-verbovszky\">Joseph Verbovszky<\/a><\/p>\n\n\n\n<p><a href=\"https:\/\/www.hsu-hh.de\/politiktheorie\/philipp-weinmann\"><abbr title=\"Doktor\">Dr.<\/abbr> Philipp Weinmann<\/a><\/p>\n\n\n\n<p><a href=\"https:\/\/www.hsu-hh.de\/politiktheorie\/team\/soldatische-hilfskraefte\">Soldatische Hilfskr\u00e4fte<\/a><\/p>\n\n\n\n<p><a href=\"https:\/\/www.hsu-hh.de\/politiktheorie\/team\/ehemalige-mitarbeiter\">Former employees<\/a><\/p>\n<\/div>\n<\/div>\n\n\n\n<hr class=\"wp-block-separator is-style-wide\" \/>\n\n\n\n<h2 class=\"wp-block-heading\"> <a href=\"https:\/\/www.hsu-hh.de\/politiktheorie\/en\/teaching\">The Teaching<\/a> <\/h2>\n\n\n\n<hr class=\"wp-block-separator is-style-wide\" \/>\n\n\n\n<div class=\"wp-block-media-text alignwide has-media-on-the-right is-stacked-on-mobile\"><figure class=\"wp-block-media-text__media\"><img loading=\"lazy\" decoding=\"async\" width=\"1024\" height=\"682\" src=\"https:\/\/www.hsu-hh.de\/politiktheorie\/wp-content\/uploads\/sites\/726\/2017\/11\/hoersaal_9443-1024x682.jpg\" data-credit=\"ddd\" alt=\"H\u00f6rsaal\" class=\"wp-image-294 size-full\" srcset=\"https:\/\/www.hsu-hh.de\/politiktheorie\/wp-content\/uploads\/sites\/726\/2017\/11\/hoersaal_9443-1024x682.jpg 1024w, https:\/\/www.hsu-hh.de\/politiktheorie\/wp-content\/uploads\/sites\/726\/2017\/11\/hoersaal_9443-300x200.jpg 300w, https:\/\/www.hsu-hh.de\/politiktheorie\/wp-content\/uploads\/sites\/726\/2017\/11\/hoersaal_9443-768x511.jpg 768w\" sizes=\"auto, (max-width: 1024px) 100vw, 1024px\" \/><\/figure><div class=\"wp-block-media-text__content\">\n<p>The Chair of Political Science, in particular Political Theory offers several courses in the Bachelor&#8217;s programme in Political Science as well as in the Master&#8217;s programme in Comparative Democracy<\/p>\n\n\n\n<p>The following link provides more detailed information on teaching: https: <a rel=\"noreferrer noopener\" href=\"https:\/\/www.hsu-hh.de\/politiktheorie\/en\/teaching\" target=\"_blank\">hsu-hh.de\/politiktheorie\/en\/teaching<\/a><\/p>\n<\/div><\/div>\n\n\n\n<hr class=\"wp-block-separator is-style-wide\" \/>\n","protected":false},"excerpt":{"rendered":"<p>Welcome to the pages of the Chair of Political Science, in particular Political Theory at Helmut Schmidt University \/ University of the Federal Armed Forces Hamburg. News Prof. Dr. Gary [&hellip;]<\/p>\n","protected":false},"author":2953,"featured_media":0,"parent":0,"menu_order":0,"comment_status":"closed","ping_status":"closed","template":"","meta":{"footnotes":""},"categories":[37],"tags":[],"class_list":["post-1812","page","type-page","status-publish","hentry","category-startpage"],"_links":{"self":[{"href":"https:\/\/www.hsu-hh.de\/politiktheorie\/wp-json\/wp\/v2\/pages\/1812","targetHints":{"allow":["GET"]}}],"collection":[{"href":"https:\/\/www.hsu-hh.de\/politiktheorie\/wp-json\/wp\/v2\/pages"}],"about":[{"href":"https:\/\/www.hsu-hh.de\/politiktheorie\/wp-json\/wp\/v2\/types\/page"}],"author":[{"embeddable":true,"href":"https:\/\/www.hsu-hh.de\/politiktheorie\/wp-json\/wp\/v2\/users\/2953"}],"replies":[{"embeddable":true,"href":"https:\/\/www.hsu-hh.de\/politiktheorie\/wp-json\/wp\/v2\/comments?post=1812"}],"version-history":[{"count":1,"href":"https:\/\/www.hsu-hh.de\/politiktheorie\/wp-json\/wp\/v2\/pages\/1812\/revisions"}],"predecessor-version":[{"id":1813,"href":"https:\/\/www.hsu-hh.de\/politiktheorie\/wp-json\/wp\/v2\/pages\/1812\/revisions\/1813"}],"wp:attachment":[{"href":"https:\/\/www.hsu-hh.de\/politiktheorie\/wp-json\/wp\/v2\/media?parent=1812"}],"wp:term":[{"taxonomy":"category","embeddable":true,"href":"https:\/\/www.hsu-hh.de\/politiktheorie\/wp-json\/wp\/v2\/categories?post=1812"},{"taxonomy":"post_tag","embeddable":true,"href":"https:\/\/www.hsu-hh.de\/politiktheorie\/wp-json\/wp\/v2\/tags?post=1812"}],"curies":[{"name":"wp","href":"https:\/\/api.w.org\/{rel}","templated":true}]}}