{"id":1764,"date":"2021-11-23T17:04:27","date_gmt":"2021-11-23T16:04:27","guid":{"rendered":"https:\/\/www.hsu-hh.de\/politiktheorie\/?page_id=1764"},"modified":"2022-03-15T12:05:03","modified_gmt":"2022-03-15T11:05:03","slug":"professur-fuer-politikwissenschaft-insbesondere-politische-theorie","status":"publish","type":"page","link":"https:\/\/www.hsu-hh.de\/politiktheorie\/professur-fuer-politikwissenschaft-insbesondere-politische-theorie","title":{"rendered":"Professur f\u00fcr Politikwissenschaft, insbesondere Politische Theorie"},"content":{"rendered":"\n<hr class=\"wp-block-separator is-style-wide\" \/>\n\n\n\n<div class=\"wp-block-columns is-layout-flex wp-container-core-columns-is-layout-9d6595d7 wp-block-columns-is-layout-flex\">\n<div class=\"wp-block-column is-layout-flow wp-block-column-is-layout-flow\">\n<figure class=\"wp-block-image size-large\"><img loading=\"lazy\" decoding=\"async\" width=\"1024\" height=\"768\" src=\"https:\/\/www.hsu-hh.de\/politiktheorie\/wp-content\/uploads\/sites\/726\/2018\/11\/IMG_7032-e1542124426125-1024x768.jpg\" data-credit=\"Campus\" alt=\"Campus\" class=\"wp-image-960\" srcset=\"https:\/\/www.hsu-hh.de\/politiktheorie\/wp-content\/uploads\/sites\/726\/2018\/11\/IMG_7032-e1542124426125-1024x768.jpg 1024w, https:\/\/www.hsu-hh.de\/politiktheorie\/wp-content\/uploads\/sites\/726\/2018\/11\/IMG_7032-e1542124426125-300x225.jpg 300w, https:\/\/www.hsu-hh.de\/politiktheorie\/wp-content\/uploads\/sites\/726\/2018\/11\/IMG_7032-e1542124426125-768x576.jpg 768w\" sizes=\"auto, (max-width: 1024px) 100vw, 1024px\" \/><\/figure>\n<\/div>\n\n\n\n<div class=\"wp-block-column is-layout-flow wp-block-column-is-layout-flow\">\n<figure class=\"wp-block-image size-large\"><img loading=\"lazy\" decoding=\"async\" width=\"1024\" height=\"768\" src=\"https:\/\/www.hsu-hh.de\/politiktheorie\/wp-content\/uploads\/sites\/726\/2018\/04\/Bilde-19.04.2018-12-38-18-1024x768.jpg\" data-credit=\"HSU\" alt=\"HSU\" class=\"wp-image-749\" srcset=\"https:\/\/www.hsu-hh.de\/politiktheorie\/wp-content\/uploads\/sites\/726\/2018\/04\/Bilde-19.04.2018-12-38-18-1024x768.jpg 1024w, https:\/\/www.hsu-hh.de\/politiktheorie\/wp-content\/uploads\/sites\/726\/2018\/04\/Bilde-19.04.2018-12-38-18-300x225.jpg 300w, https:\/\/www.hsu-hh.de\/politiktheorie\/wp-content\/uploads\/sites\/726\/2018\/04\/Bilde-19.04.2018-12-38-18-768x576.jpg 768w\" sizes=\"auto, (max-width: 1024px) 100vw, 1024px\" \/><\/figure>\n<\/div>\n<\/div>\n\n\n\n<p>Herzlich Willkommen auf den Seiten des Lehrstuhls f\u00fcr Politikwissenschaft, insbesondere Politische Theorie.<\/p>\n\n\n\n<hr class=\"wp-block-separator is-style-wide\" \/>\n\n\n\n<h2 class=\"wp-block-heading\"><a href=\"https:\/\/www.hsu-hh.de\/politiktheorie\/category\/nachrichtenslider\">Aktuelles <\/a><\/h2>\n\n\n\n<hr class=\"wp-block-separator is-style-wide\" \/>\n\n\n\n<div id=\"category_content_SZPjMNJo\" class=\"hsu_category archive-page\"><article  id=\"post-3552\" class=\"category-list-item post-3552 post type-post status-publish format-standard hentry \"><a href=\"https:\/\/www.hsu-hh.de\/politiktheorie\/tagung-digitalisierung-der-kommunalverwaltung\" title=\"Tagung \"Digitalisierung der Kommunalverwaltung\"\" ><div class=\"hsu_category_article-content-wrap\"><div class=\"hsu_category_article-content-wrap-inner\"><div>\t<header class=\"entry-header\">\t\t<h3 class=\"entry-title\">Tagung \"Digitalisierung der Kommunalverwaltung\"\t\t<\/h3>\t<\/header><div class=\"entry-content-excerpt\">Wie k\u00f6nnen Kommunen ihre Verwaltung b\u00fcrgernah, sicher und zukunftsorientiert digitalisieren? Welche Governance-Strukturen beg\u00fcnstigen die Koordination zwischen Bund, L\u00e4ndern und Kommunen? Wie kann die zivil-milit\u00e4rische Kommunikation im Digitalen Raum besser vernetzt werden? Mit diesen und weiteren Fragen richtete sich die Tagung am 6. November 2025 in Berlin an Experten und Expertinnen und F\u00fchrungskr\u00e4ften aus Politik, Verwaltung...<\/div> <\/div><\/div><\/div><\/a><\/article><article  id=\"post-3531\" class=\"category-list-item post-3531 post type-post status-publish format-standard hentry \"><a href=\"https:\/\/www.hsu-hh.de\/politiktheorie\/in-stillem-gedenken\" title=\"In stillem Gedenken\" ><div class=\"hsu_category_article-content-wrap\"><div class=\"hsu_category_article-content-wrap-inner\"><div>\t<header class=\"entry-header\">\t\t<h3 class=\"entry-title\">In stillem Gedenken\t\t<\/h3>\t<\/header><div class=\"entry-content-excerpt\">Wir trauern um unseren Kollegen, Kameraden und Freund Hauptmann Severin Pleyer. Die Nachricht seines pl\u00f6tzlichen Todes hat uns tief getroffen.Severin war seit 2020 wissenschaftlicher Mitarbeiter am Lehrstuhl f\u00fcr Politische Theorie und dem German Institute for Defence Studies, GIDS. Soeben hatte er seine Dissertation fertiggestellt und arbeitete bereits an einem neuen Buchprojekt.Severins Forschungsschwerpunkt war nukleare Abschreckung....<\/div> <\/div><\/div><\/div><\/a><\/article><\/div><div class=\"col-xs-12 col-md-3 col-md-push-4\"><span class=\"link no-arrow\"><button class=\"categorymore hsu_btn\" id=\"SZPjMNJo\"  data-category=\"Startseite\" data-categoryid=\"29\" data-posts_per_page=\"2\" data-order=\"DESC\" data-paged=\"2\" data-more_posts=\"1\" data-nocontent=\"1\" data-noimg=\"1\" data-nometa=\"1\" data-uid=\"SZPjMNJo\">Mehr Beitr\u00e4ge<\/button><\/span><\/div><div class=\"clearfix\"><\/div>\n\n\n\n<hr class=\"wp-block-separator is-style-wide\" \/>\n\n\n\n<h2 class=\"wp-block-heading\"> <a href=\"https:\/\/www.hsu-hh.de\/politiktheorie\/prof-dr-gary-s-schaal\/\">Prof. <abbr title=\"Doktor\">Dr.<\/abbr> Gary S. Schaal<\/a><\/h2>\n\n\n\n<hr class=\"wp-block-separator is-style-wide\" \/>\n\n\n\n<div class=\"wp-block-columns is-layout-flex wp-container-core-columns-is-layout-9d6595d7 wp-block-columns-is-layout-flex\">\n<div class=\"wp-block-column is-layout-flow wp-block-column-is-layout-flow\">\n<div class=\"wp-block-columns is-layout-flex wp-container-core-columns-is-layout-9d6595d7 wp-block-columns-is-layout-flex\">\n<div class=\"wp-block-column is-layout-flow wp-block-column-is-layout-flow\">\n<h2 class=\"wp-block-heading\">Wichtigstes auf einen Blick<\/h2>\n\n\n\n<p><a href=\"https:\/\/www.hsu-hh.de\/politiktheorie\/prof-dr-gary-s-schaal\/publikationen\/\">Publikationen<\/a><\/p>\n\n\n\n<p><a href=\"https:\/\/www.hsu-hh.de\/politiktheorie\/prof-dr-gary-s-schaal\/lebenslauf\/\">Lebenslauf<\/a><\/p>\n\n\n\n<p><a href=\"https:\/\/www.hsu-hh.de\/politiktheorie\/prof-dr-gary-s-schaal\/journal-boards\/\">Journal Boards<\/a><\/p>\n\n\n\n<p><a href=\"https:\/\/www.hsu-hh.de\/politiktheorie\/prof-dr-gary-s-schaal\/vortraege\">Vortr\u00e4ge<\/a><\/p>\n<\/div>\n\n\n\n<div class=\"wp-block-column is-layout-flow wp-block-column-is-layout-flow\">\n<h2 class=\"wp-block-heading\"><a href=\"https:\/\/www.hsu-hh.de\/politiktheorie\/forschungsschwerpunkte-projekte\/\">Forschungsinteresse<\/a><\/h2>\n\n\n\n<p>Zeitgen\u00f6ssische Politische Theorie<\/p>\n\n\n\n<p>(Deliberative) Demokratietheorie<\/p>\n\n\n\n<p>Verfassungsrecht und Verfassungstheorie<\/p>\n\n\n\n<p>Institutionentheorie<\/p>\n\n\n\n<p>Emotionsforschung<\/p>\n\n\n\n<p>Politische Kulturforschung<\/p>\n\n\n\n<p>Empirische Demokratie- und Deliberationsforschung<\/p>\n<\/div>\n<\/div>\n<\/div>\n<\/div>\n\n\n\n<hr class=\"wp-block-separator is-style-wide\" \/>\n\n\n\n<h2 class=\"wp-block-heading\"><a href=\"https:\/\/www.hsu-hh.de\/politiktheorie\/team\/\">Das Team <\/a><\/h2>\n\n\n\n<hr class=\"wp-block-separator is-style-wide\" \/>\n\n\n\n<div class=\"wp-block-columns is-layout-flex wp-container-core-columns-is-layout-9d6595d7 wp-block-columns-is-layout-flex\">\n<div class=\"wp-block-column is-layout-flow wp-block-column-is-layout-flow\">\n<p id=\"block-adbcba3c-3083-4bb0-ab69-4b11c07b98b4\"><a href=\"https:\/\/www.hsu-hh.de\/politiktheorie\/team\/christoph-deppe-m-a\/\"><br>Christoph Deppe, M.A.<\/a><\/p>\n\n\n\n<p id=\"block-59b0f1d2-8f33-444d-9b6b-3af566caf0a7\"><a href=\"https:\/\/www.hsu-hh.de\/politiktheorie\/team\/dr-sebastian-dumm\/\"><abbr title=\"Doktor\">Dr.<\/abbr> Sebastian Dumm<\/a><\/p>\n\n\n\n<p id=\"block-5a78212a-0a1b-4bbc-83e7-8bf897eab429\"><a href=\"https:\/\/www.hsu-hh.de\/politiktheorie\/team\/dannica-fleuss\"><abbr title=\"Doktor\">Dr.<\/abbr> Dannica Fleu\u00df<\/a><\/p>\n\n\n\n<p id=\"block-5036de20-413f-4bc2-bd22-80084ab4fcaf\"><a href=\"https:\/\/www.hsu-hh.de\/politiktheorie\/alexandra-m-friede-m-a-2\">Alexandra M. Friede, M.A.<\/a><\/p>\n\n\n\n<p id=\"block-94990922-a627-4c1b-a9ca-498f67bac0b4\"><a href=\"https:\/\/www.hsu-hh.de\/politiktheorie\/team\/anne-hoss-m-a\">Anne Hoss, M.A.<\/a><\/p>\n\n\n\n<p id=\"block-0f5651d3-7429-4231-a7a2-c996906bebb6\"><a href=\"https:\/\/www.hsu-hh.de\/politiktheorie\/team\/susanne-kirst\/\">Susanne Kirst<\/a><\/p>\n\n\n\n<p id=\"block-49f5cb93-76c6-4e42-8745-89df694f156b\"><a href=\"https:\/\/www.hsu-hh.de\/politiktheorie\/deniz-kocak\"><abbr title=\"Doktor\">Dr.<\/abbr> Deniz Kocak<\/a><\/p>\n\n\n\n<p id=\"block-922a8b00-9d96-481c-b9a1-af28600b8401\"><a href=\"https:\/\/www.hsu-hh.de\/politiktheorie\/julian-pawlak\">Julian Pawlak<\/a><\/p>\n<\/div>\n\n\n\n<div class=\"wp-block-column is-layout-flow wp-block-column-is-layout-flow\">\n<p><a href=\"https:\/\/www.hsu-hh.de\/politiktheorie\/severin-pleyer\">Severin Pleyer<\/a><\/p>\n\n\n\n<p><a href=\"https:\/\/www.hsu-hh.de\/politiktheorie\/wissenschaftlicher-mitarbeiter-am-lehrstuhl-fuer-politikwissenschaft-insbesondere-politische-theorie\">Torben Sch\u00fctz<\/a><\/p>\n\n\n\n<p><a href=\"https:\/\/www.hsu-hh.de\/politiktheorie\/team\/dr-alexander-stulpe\/\"><abbr title=\"Doktor\">Dr.<\/abbr> Alexander Stulpe<\/a><\/p>\n\n\n\n<p><a href=\"https:\/\/www.hsu-hh.de\/politiktheorie\/joseph-verbovszky\">Joseph Verbovszky<\/a><\/p>\n\n\n\n<p><a href=\"https:\/\/www.hsu-hh.de\/politiktheorie\/philipp-weinmann\"><abbr title=\"Doktor\">Dr.<\/abbr> Philipp Weinmann<\/a><\/p>\n\n\n\n<p><a href=\"https:\/\/www.hsu-hh.de\/politiktheorie\/team\/soldatische-hilfskraefte\">Soldatische Hilfskr\u00e4fte<\/a><\/p>\n\n\n\n<p><a href=\"https:\/\/www.hsu-hh.de\/politiktheorie\/team\/ehemalige-mitarbeiter\">Ehemalige Mitarbeiter<\/a><\/p>\n<\/div>\n<\/div>\n\n\n\n<hr class=\"wp-block-separator is-style-wide\" \/>\n\n\n\n<h2 class=\"wp-block-heading\"><a href=\"https:\/\/www.hsu-hh.de\/politiktheorie\/lehre\/\">Die Lehre <\/a><\/h2>\n\n\n\n<hr class=\"wp-block-separator is-style-wide\" \/>\n\n\n\n<div class=\"wp-block-media-text alignwide has-media-on-the-right is-stacked-on-mobile\"><figure class=\"wp-block-media-text__media\"><img loading=\"lazy\" decoding=\"async\" width=\"1024\" height=\"682\" src=\"https:\/\/www.hsu-hh.de\/politiktheorie\/wp-content\/uploads\/sites\/726\/2017\/11\/hoersaal_9443-1024x682.jpg\" data-credit=\"ddd\" alt=\"H\u00f6rsaal\" class=\"wp-image-294 size-full\" srcset=\"https:\/\/www.hsu-hh.de\/politiktheorie\/wp-content\/uploads\/sites\/726\/2017\/11\/hoersaal_9443-1024x682.jpg 1024w, https:\/\/www.hsu-hh.de\/politiktheorie\/wp-content\/uploads\/sites\/726\/2017\/11\/hoersaal_9443-300x200.jpg 300w, https:\/\/www.hsu-hh.de\/politiktheorie\/wp-content\/uploads\/sites\/726\/2017\/11\/hoersaal_9443-768x511.jpg 768w\" sizes=\"auto, (max-width: 1024px) 100vw, 1024px\" \/><\/figure><div class=\"wp-block-media-text__content\">\n<p>Die Professur f\u00fcr Politikwissenschaft, insbesondere Politische Theorie bietet mehrere Lehrveranstaltungen im Bachelorstudiengang Politikwissenschaft sowie im Masterstudiengang Vergleichende Demokratieforschung an.<\/p>\n\n\n\n<p>Unter folgendem Link sind n\u00e4here Informationen zur Lehre zu finden: https:\/\/www.hsu-hh.de\/politiktheorie\/lehre\/<\/p>\n<\/div><\/div>\n\n\n\n<hr class=\"wp-block-separator is-style-wide\" \/>\n","protected":false},"excerpt":{"rendered":"<p>Herzlich Willkommen auf den Seiten des Lehrstuhls f\u00fcr Politikwissenschaft, insbesondere Politische Theorie. Aktuelles Prof. Dr. Gary S. Schaal Wichtigstes auf einen Blick Publikationen Lebenslauf Journal Boards Vortr\u00e4ge Forschungsinteresse Zeitgen\u00f6ssische Politische [&hellip;]<\/p>\n","protected":false},"author":2953,"featured_media":0,"parent":0,"menu_order":0,"comment_status":"closed","ping_status":"closed","template":"","meta":{"footnotes":""},"categories":[35],"tags":[],"class_list":["post-1764","page","type-page","status-publish","hentry","category-startseite"],"_links":{"self":[{"href":"https:\/\/www.hsu-hh.de\/politiktheorie\/wp-json\/wp\/v2\/pages\/1764","targetHints":{"allow":["GET"]}}],"collection":[{"href":"https:\/\/www.hsu-hh.de\/politiktheorie\/wp-json\/wp\/v2\/pages"}],"about":[{"href":"https:\/\/www.hsu-hh.de\/politiktheorie\/wp-json\/wp\/v2\/types\/page"}],"author":[{"embeddable":true,"href":"https:\/\/www.hsu-hh.de\/politiktheorie\/wp-json\/wp\/v2\/users\/2953"}],"replies":[{"embeddable":true,"href":"https:\/\/www.hsu-hh.de\/politiktheorie\/wp-json\/wp\/v2\/comments?post=1764"}],"version-history":[{"count":12,"href":"https:\/\/www.hsu-hh.de\/politiktheorie\/wp-json\/wp\/v2\/pages\/1764\/revisions"}],"predecessor-version":[{"id":1930,"href":"https:\/\/www.hsu-hh.de\/politiktheorie\/wp-json\/wp\/v2\/pages\/1764\/revisions\/1930"}],"wp:attachment":[{"href":"https:\/\/www.hsu-hh.de\/politiktheorie\/wp-json\/wp\/v2\/media?parent=1764"}],"wp:term":[{"taxonomy":"category","embeddable":true,"href":"https:\/\/www.hsu-hh.de\/politiktheorie\/wp-json\/wp\/v2\/categories?post=1764"},{"taxonomy":"post_tag","embeddable":true,"href":"https:\/\/www.hsu-hh.de\/politiktheorie\/wp-json\/wp\/v2\/tags?post=1764"}],"curies":[{"name":"wp","href":"https:\/\/api.w.org\/{rel}","templated":true}]}}