{"id":1700,"date":"2021-10-28T11:55:49","date_gmt":"2021-10-28T09:55:49","guid":{"rendered":"https:\/\/www.hsu-hh.de\/politiktheorie\/?page_id=1700"},"modified":"2021-10-28T11:57:32","modified_gmt":"2021-10-28T09:57:32","slug":"projektleiter-smarte-systeme","status":"publish","type":"page","link":"https:\/\/www.hsu-hh.de\/politiktheorie\/projektleiter-smarte-systeme","title":{"rendered":"Projektleiter Smarte Systeme"},"content":{"rendered":"\n<hr class=\"wp-block-separator is-style-wide\" \/>\n\n\n\n<h2 class=\"wp-block-heading\">Inhaltliche Beschreibung des Projektes <\/h2>\n\n\n\n<p>Das \u00fcbergeordnete Ziel des Projektes ist es, die Nutzungsqualit\u00e4t und -intensit\u00e4t von E-Government auf lokaler Ebene zu erh\u00f6hen und so einen wichtigen Beitrag zur Steigerung der digitalen Souver\u00e4nit\u00e4t Deutschlands auf kommunaler Ebene zu leisten. Erreicht werden soll dies mit der Entwicklung einer Smarten Systemarchitektur f\u00fcr kommunales E-Government durch drei distinkte Outputs, 1) der Entwicklung eines Demonstrators zur Digitalisierung des kommunalen Bauwesens zusammen mit der Stadt Ludwigsburg (\u201eDigitales Bauamt\u201c), 2) der Entwicklung eines Fortbildungsprogramms f\u00fcr Kommunen zur systematischen, interaktiven und didaktisch spezifischen Vermittlung des im Projekt neu erarbeiteten Wissens (\u201eHybride Weiterbildungskonzepte\u201c) und 3) der Entwicklung einer Blaupause f\u00fcr E-Government auf kommunaler Ebene (\u201eBlaupause\u201c). Eine enge konzeptionelle und inhaltliche Verzahnung von Theorie und Praxis wird durch iterative und rekursive Ausgestaltung des Forschungsprozesses sichergestellt.<\/p>\n\n\n\n<p><strong>Projektstart\/-laufzeit:\u00a0<\/strong>01.04.2021 bis 31.03.2023<\/p>\n\n\n\n<p>F\u00fcr n\u00e4here Informationen:  Siehe insb. <a href=\"https:\/\/dtecbw.de\/home\/forschung\/hsu\/projekt-smart-systeme\/projekt-smarte-systeme\" data-type=\"URL\" data-id=\"https:\/\/dtecbw.de\/home\/forschung\/hsu\/projekt-smart-systeme\/projekt-smarte-systeme\" rel='nofollow'>Smarte Systeme <\/a><\/p>\n","protected":false},"excerpt":{"rendered":"<p>Inhaltliche Beschreibung des Projektes Das \u00fcbergeordnete Ziel des Projektes ist es, die Nutzungsqualit\u00e4t und -intensit\u00e4t von E-Government auf lokaler Ebene zu erh\u00f6hen und so einen wichtigen Beitrag zur Steigerung der [&hellip;]<\/p>\n","protected":false},"author":2953,"featured_media":0,"parent":0,"menu_order":0,"comment_status":"closed","ping_status":"closed","template":"","meta":{"footnotes":""},"categories":[4],"tags":[],"class_list":["post-1700","page","type-page","status-publish","hentry","category-forschung"],"_links":{"self":[{"href":"https:\/\/www.hsu-hh.de\/politiktheorie\/wp-json\/wp\/v2\/pages\/1700","targetHints":{"allow":["GET"]}}],"collection":[{"href":"https:\/\/www.hsu-hh.de\/politiktheorie\/wp-json\/wp\/v2\/pages"}],"about":[{"href":"https:\/\/www.hsu-hh.de\/politiktheorie\/wp-json\/wp\/v2\/types\/page"}],"author":[{"embeddable":true,"href":"https:\/\/www.hsu-hh.de\/politiktheorie\/wp-json\/wp\/v2\/users\/2953"}],"replies":[{"embeddable":true,"href":"https:\/\/www.hsu-hh.de\/politiktheorie\/wp-json\/wp\/v2\/comments?post=1700"}],"version-history":[{"count":2,"href":"https:\/\/www.hsu-hh.de\/politiktheorie\/wp-json\/wp\/v2\/pages\/1700\/revisions"}],"predecessor-version":[{"id":1703,"href":"https:\/\/www.hsu-hh.de\/politiktheorie\/wp-json\/wp\/v2\/pages\/1700\/revisions\/1703"}],"wp:attachment":[{"href":"https:\/\/www.hsu-hh.de\/politiktheorie\/wp-json\/wp\/v2\/media?parent=1700"}],"wp:term":[{"taxonomy":"category","embeddable":true,"href":"https:\/\/www.hsu-hh.de\/politiktheorie\/wp-json\/wp\/v2\/categories?post=1700"},{"taxonomy":"post_tag","embeddable":true,"href":"https:\/\/www.hsu-hh.de\/politiktheorie\/wp-json\/wp\/v2\/tags?post=1700"}],"curies":[{"name":"wp","href":"https:\/\/api.w.org\/{rel}","templated":true}]}}