{"id":1688,"date":"2021-10-28T11:32:23","date_gmt":"2021-10-28T09:32:23","guid":{"rendered":"https:\/\/www.hsu-hh.de\/politiktheorie\/?page_id=1688"},"modified":"2021-10-28T11:32:24","modified_gmt":"2021-10-28T09:32:24","slug":"ko-leitung-runder-tisch-der-bundesregierung-maritime-sicherheit-ko-autor-der-empfehlungen-des-rundes-tisches","status":"publish","type":"page","link":"https:\/\/www.hsu-hh.de\/politiktheorie\/ko-leitung-runder-tisch-der-bundesregierung-maritime-sicherheit-ko-autor-der-empfehlungen-des-rundes-tisches","title":{"rendered":"Ko-Leitung: Runder Tisch der Bundesregierung, Maritime Sicherheit. Ko-Autor der Empfehlungen des Rundes Tisches"},"content":{"rendered":"\n<hr class=\"wp-block-separator is-style-wide\" \/>\n\n\n\n<h2 class=\"wp-block-heading\"><strong>Inhaltliche Beschreibung des Projektes<\/strong><\/h2>\n\n\n\n<p>Im Kontext des iFMS wurde Prof. Dr. Gary S. Schaal als Mitglied des Runden Tisches der Bundesregierung &#8222;Maritime Sicherheit&#8220; bestellt. Dort war er Ko-Vorsitzenden und Ko-Leiter der Gruppe, die die Empfehlungen f\u00fcr die ressort\u00fcbergreifende Kooperation im Bereich Maritime Sicherheit f\u00fcr die Staatssekret\u00e4re der beteiligten Ministerien verfasst hat. Die Empfehlungen befinden sich aktuell in der ministerialen Bearbeitung.<\/p>\n","protected":false},"excerpt":{"rendered":"<p>Inhaltliche Beschreibung des Projektes Im Kontext des iFMS wurde Prof. Dr. Gary S. Schaal als Mitglied des Runden Tisches der Bundesregierung &#8222;Maritime Sicherheit&#8220; bestellt. Dort war er Ko-Vorsitzenden und Ko-Leiter [&hellip;]<\/p>\n","protected":false},"author":2953,"featured_media":0,"parent":0,"menu_order":0,"comment_status":"closed","ping_status":"closed","template":"","meta":{"footnotes":""},"categories":[4],"tags":[],"class_list":["post-1688","page","type-page","status-publish","hentry","category-forschung"],"_links":{"self":[{"href":"https:\/\/www.hsu-hh.de\/politiktheorie\/wp-json\/wp\/v2\/pages\/1688","targetHints":{"allow":["GET"]}}],"collection":[{"href":"https:\/\/www.hsu-hh.de\/politiktheorie\/wp-json\/wp\/v2\/pages"}],"about":[{"href":"https:\/\/www.hsu-hh.de\/politiktheorie\/wp-json\/wp\/v2\/types\/page"}],"author":[{"embeddable":true,"href":"https:\/\/www.hsu-hh.de\/politiktheorie\/wp-json\/wp\/v2\/users\/2953"}],"replies":[{"embeddable":true,"href":"https:\/\/www.hsu-hh.de\/politiktheorie\/wp-json\/wp\/v2\/comments?post=1688"}],"version-history":[{"count":2,"href":"https:\/\/www.hsu-hh.de\/politiktheorie\/wp-json\/wp\/v2\/pages\/1688\/revisions"}],"predecessor-version":[{"id":1691,"href":"https:\/\/www.hsu-hh.de\/politiktheorie\/wp-json\/wp\/v2\/pages\/1688\/revisions\/1691"}],"wp:attachment":[{"href":"https:\/\/www.hsu-hh.de\/politiktheorie\/wp-json\/wp\/v2\/media?parent=1688"}],"wp:term":[{"taxonomy":"category","embeddable":true,"href":"https:\/\/www.hsu-hh.de\/politiktheorie\/wp-json\/wp\/v2\/categories?post=1688"},{"taxonomy":"post_tag","embeddable":true,"href":"https:\/\/www.hsu-hh.de\/politiktheorie\/wp-json\/wp\/v2\/tags?post=1688"}],"curies":[{"name":"wp","href":"https:\/\/api.w.org\/{rel}","templated":true}]}}