{"id":1661,"date":"2021-10-20T14:39:39","date_gmt":"2021-10-20T12:39:39","guid":{"rendered":"https:\/\/www.hsu-hh.de\/politiktheorie\/?page_id=1661"},"modified":"2021-11-23T16:11:10","modified_gmt":"2021-11-23T15:11:10","slug":"beitraege-in-sammelbaenden","status":"publish","type":"page","link":"https:\/\/www.hsu-hh.de\/politiktheorie\/beitraege-in-sammelbaenden","title":{"rendered":"Beitr\u00e4ge in Sammelb\u00e4nden"},"content":{"rendered":"\n<hr class=\"wp-block-separator is-style-wide\" \/>\n\n\n\n<p>2020<\/p>\n\n\n\n<p><strong>Welche Zukunft hat die Demokratie im Zeitalter der Digitalisierung?<\/strong>, in: Bildung und innere Bilder \/ Jahrestagung f\u00fcr individualpsychologie. G\u00f6ttingen: Vandenhoeck &amp; Ruprecht, S. 367-372.<\/p>\n\n\n\n<p><strong>Angriffe auf die demokratische \u00d6ffentlichkeit durch <\/strong><em><strong>hybrid influencing<\/strong><\/em>, in: Stephan Russ-Mohl (Hrsg.): Streitlust und Streitkunst. Diskurs als Essenz der Demokratie<\/p>\n\n\n\n<p>K\u00f6ln: Herbert von Halem Verlag, i.E.<\/p>\n\n\n\n<p><strong>Die Fata Morgana des Diskurses. Ein Rejoinder zu Gemma P\u00f6rzgen, <\/strong>in: Stephan Russ-Mohl (Hrsg.): Streitlust und Streitkunst. Diskurs als Essenz der Demokratie<\/p>\n\n\n\n<p>K\u00f6ln: Herbert von Halem Verlag, i.E.<\/p>\n\n\n\n<p>2019<\/p>\n\n\n\n<p><strong>Herausforderungen f\u00fcr demokratische \u00d6ffentlichkeit im Prozess der Digitalisierung<\/strong>, in: Bedford-Strohm, Jonas \/ H\u00f6hne, Florian &amp; Zeyher-Quattlender, Julian (Hrsg.):&nbsp; Digitaler Strukturwandel der \u00d6ffentlichkeit. Ethik und politische Partizipation in interdisziplin\u00e4rer Perspektive (Reihe Kommunikations- und Medienethik). Baden-Baden: Nomos, 121-134.<\/p>\n\n\n\n<p><strong>Quotierung von deliberativen Beteiligungsformaten auf lokaler Ebene. Legitimatorische Friktionen und demokratietheoretische Ambivalenzen<\/strong>, in: Schuler-Harms, Magarete (Hrsg.): Gleichberechtigung und Demokratie &#8211; Gleichberechtigung in der Demokratie: (Rechts-)Wissenschaftliche Ann\u00e4herungen. Baden-Baden: Nomos, 41-56.<\/p>\n\n\n\n<p>2018<\/p>\n\n\n\n<p><strong>Deliberative Minipublics. Zur Notwendigkeit<\/strong> <strong>einer Theorie der politischen Legitimation von eingebetteten deliberativen Systemen<\/strong>, in: Thaa, Winfired \/ Volk, Christian (Hrsg.): Transformation der Demokratie. Baden-Baden: Nomos, 199-222 (zusammen mit Fr\u00e4nze Wilhelm).<\/p>\n\n\n\n<p><strong>Die Energiewende in Deutschland. Versuch einer demokratietheoretischen Systematisierung<\/strong>, in: Holstenkamp, Lars \/ Radtke, J\u00f6rg (Hrsg.): Handbuch Energiewende und Partizipation. Wiesbaden: Springer, 143-155 (zusammen mit J\u00f6rg Radtke).<\/p>\n\n\n\n<p><strong>\u201eCarole Pateman, Participation and Democratic Theory\u201c<\/strong>, in: Brocker, Manfred (Hrsg.): Geschichte des politischen Denkens. Das 20. Jahrhundert. Berlin: Suhrkamp, 501-516.<\/p>\n\n\n\n<p><strong>Politikwissenschaft und Big Data. Eine epistemologische Reflexion \u00fcber Herausforderungen, Chancen und Risiken<\/strong>, in: Joachim Behnke, Kai-Uwe Schnapp, Claudius Wagemann, Andreas Bl\u00e4tte (Hrsg.): Big Data: Gro\u00dfe M\u00f6glichkeiten oder gro\u00dfe Probleme? Baden-Baden: Nomos, 53-80&nbsp; (zusammen mit Sebastian Dumm und Kelly Lancaster)<\/p>\n\n\n\n<p>2017<\/p>\n\n\n\n<p><strong>Die Herausforderungen der Digitalit\u00e4t f\u00fcr demokratische Staatlichkeit<\/strong>, in: Buhr, Lorina \/ Hammer, Stefanie &amp; Sch\u00f6lzel, Hagen (Hrsg.) 2017: Staat, Internet und digitale Gouvernementalit\u00e4t. Wiebaden: Springer, 105-140 (zusammen mit Kelly Lancaster, Bj\u00f6rn Ewert und Alexander Stulpe)<\/p>\n\n\n\n<p><strong>\u00d6konomische und politische Theorie- und Ideengeschichte<\/strong>, in: Mause, Karsten\/M\u00fcller, Christian\/Schubert, Klaus (Hrsg.): Politik und Wirtschaft: ein integriertes Kompendium. Wiesbaden: Springer, 5-88 (zusammen mit Fritz S\u00f6llner und Alexander Stulpe).<\/p>\n\n\n\n<p><strong>Perspektiven zeitgen\u00f6ssischer Demokratietheorie<\/strong>, in: Ludger Helms David M. Wineroither (Hrsg.): Die \u00f6sterreichische Demokratie im Vergleich. 2. Auflage. Baden-Baden: Nomos, 2017, 101-127 (zusammen mit Oliver W. Lembcke).<\/p>\n\n\n\n<p><strong>Demokratische Politik zwischen Emotionen und Fakten<\/strong>, in: N\u00d6 Forschungs- und Bildungsgesellschaft (NFB) und Donau-Universit\u00e4t Krems (Hg.): Gesellschaft, Staat, Gewalt. Was uns zusammenh\u00e4lt. Tagungsband 2017 zum 6. Symposium D\u00fcrnstein. Krems: Donau-Universit\u00e4t Krems, 61-72.<\/p>\n\n\n\n<p>2016<\/p>\n\n\n\n<p><strong>Eintrag \u201ePolitik\u201c<\/strong>, in: Eurich, Johannes et al. (Hrsg.): Evangelisches Soziallexikon. Stuttgart: Kohlhammer, S. 1226-1229.<\/p>\n\n\n\n<p><strong>Eintrag \u201eZivilcourage\u201c<\/strong>, in: Eurich, Johannes et al. (Hrsg.): Evangelisches Soziallexi-kon. Stuttgart: Kohlhammer, S. 1770-1772.<\/p>\n\n\n\n<p><strong>Die Theorie der e-democracy<\/strong>, in: Lembcke, Oliver\/Ritzi, Claudia\/Schaal, Gary S. (Hrsg.) Demokratietheorie. Band 2: Normative Demokratietheorien, Wiesbaden: Springer, 279-307.<\/p>\n\n\n\n<p><strong>\u00d6konomische Theorien der Demokratie<\/strong>, in: Lembcke, Oliver\/Ritzi, Claudia\/Schaal, Gary S. (Hrsg.) Demokratietheorie. Band 2: Empirische Demokratietheorien, Wiesbaden: Springer, 227-250 (zusammen mit Vanessa Kaufmann).<\/p>\n\n\n\n<p><strong>Die politische Theorie der Deliberation: J\u00fcrgen Habermas<\/strong>, in: Brodocz, Andr\u00e9\/ Schaal, Gary S. (Hrsg.): <strong>Politische Theorien der Gegenwart, Band II<\/strong>, 4. erweiterte und aktualisierte Auflage. Opladen: UTB, 103-162 (zusammen mit David Strecker).<\/p>\n\n\n\n<p><strong>Die politische Theorie der liberal-prozeduralistischen Demokratie: Robert A. Dahl<\/strong>, in: Brodocz, Andr\u00e9\/ Schaal, Gary S. (Hrsg.): <strong>Politische Theorien der Gegenwart, Band I<\/strong>, 4. erweiterte und aktualisierte Auflage. Opladen: UTB, 255-286.<\/p>\n\n\n\n<p><strong>Entwicklungspfade der Politischen Theorie nach 1945<\/strong>, in: Brodocz, Andr\u00e9\/ Schaal, Gary S. (Hrsg.): <strong>Politische Theorien der Gegenwart, Band I<\/strong>, 4. erweiterte und aktualisierte Auflage. Opladen: UTB, 511-558.<\/p>\n\n\n\n<p><strong>Einleitung<\/strong>, in: Brodocz, Andr\u00e9\/ Schaal, Gary S. (Hrsg.): <strong>Politische Theorien der Gegenwart, Band I<\/strong>, 4. erweiterte und aktualisierte Auflage. Opladen: UTB, 13-32.<\/p>\n\n\n\n<p><strong>Einleitung<\/strong>, in: Brodocz, Andr\u00e9\/ Schaal, Gary S. (Hrsg.): <strong>Politische Theorien der Gegenwart, Band II<\/strong>, 4. erweiterte und aktualisierte Auflage. Opladen: UTB, 11-24.<\/p>\n\n\n\n<p><strong>Einleitung<\/strong>, in: Brodocz, Andr\u00e9\/ Schaal, Gary S. (Hrsg.): <strong>Politische Theorien der Gegenwart, Band III<\/strong>, Opladen: UTB, 13-26.<\/p>\n\n\n\n<p>2015<\/p>\n\n\n\n<p><strong>Crisis? What Crisis? Der \u201eKruzifix-<\/strong>Beschluss<strong>\u201c und seine seine Folgen<\/strong>, in: van Ooyen, Robert Chr.\/ M\u00f6llers, Martin H.W. (Hrsg.): Handbuch Bundesverfassungsgericht im politischen System, 2. Aufl., Wiesbaden: VS-Verlag, S. 261-281.<\/p>\n\n\n\n<p><strong>Politik der Gef\u00fchle<\/strong>, in: Korte, Karl-Rudolf (Hrsg.): Emotionen und Politik, Baden- Baden, 67-90 (zusammen mit Rebekka Fleiner).<\/p>\n\n\n\n<p><strong>Eintrag \u201eNeoliberalismus\u201c<\/strong>, in: Nohlen, Dieter \/ Grotz, Florian (Hrsg.): Lexikon der Politikwissenschaft, Band 1. M\u00fcnchen: Ch. Beck. 2010.<\/p>\n\n\n\n<p><strong>Eintrag \u201eModernisierungstheorien<\/strong>\u201d, in: Nohlen, Dieter \/ Schultze, Rainer-Olaf (Hrsg.): Lexikon der Politikwissenschaft Band 1. M\u00fcnchen: Ch. Beck. 2010.<\/p>\n\n\n\n<p>2014<\/p>\n\n\n\n<p><strong>Die Zukunft der Demokratie. Ein pessimistischer Ausblick<\/strong>, in: Michael Reder, Mara-Daria Cojocaru (Hrsg.): Zukunft der Demokratie: Ende einer Illusion oder Aufbruch zu neuen Formen? Stuttgart, 25-46.<\/p>\n\n\n\n<p><strong>Die Dystopie des homo oeconomicus<\/strong>. <strong>Wie die Erfindung des Wirtschaftssubjekts unsere Welt ver\u00e4ndert hat<\/strong>, in: \u00d6zmen, Elif\/Cojocaru, Maria-Daria (Hrsg.): \u00dcber Menschliches. Anthropologie zwischen Natur und Utopie, M\u00fcnster: Mentis Verlag.<\/p>\n\n\n\n<p><strong>Vertrauen und Kontrolle im Prozess der Verfassungsgenese<\/strong>, in: Bos, Ellen\/P\u00f3cza, K\u00e1lm\u00e1n (Hrsg.): Verfassungsgebung in konsolidierten Demokratien. Neubeginn oder Verfall eines politischen Systems? Baden-Baden: Nomos, 59-77.<\/p>\n\n\n\n<p><strong>Legitimit\u00e4tsgenerierung im deliberativen und repr\u00e4sentativen Paradigma<\/strong>: Komplement\u00e4r oder kompetitiv? in: Landwehr, Claudia\/Schmalz-Bruns, Rainer (Hrsg): Deliberative Demokratie in der Diskussion. Herausforderungen, Bew\u00e4hrungsproben, Kritik., Baden-Baden: Nomos, 239-270 (zusammen mit Claudia Ritzi).<\/p>\n\n\n\n<p><strong>Zeit f\u00fcr einen Paradigmenwechsel in der Politischen Theorie? Der Ansatz der neuen visuellen Hermeneutik<\/strong>, in: Brodocz, Andr\u00e9\/Schulz, Daniel\/Schulze-Wessel, Julia (Hrsg.) Die Verfassung des Politischen. Wiesbaden: VS-Verlag, 331-350 (zusammen mit Roxana Kath).<\/p>\n\n\n\n<p><strong>Stand und Perspektiven der \u00d6konomisierungsforschung<\/strong>, in: Schaal, Gary S. \/ Ritzi, Claudia \/ Lemke, Matthias (Hrsg.): Die \u00d6konomisierung der Politik in Deutschland, Wiesbaden: Springer, 261-270 (zusammen mit Claudia Ritzi und Matthias Lemke).<\/p>\n\n\n\n<p><strong>\u00d6konomisierung und Politikfeldanalyse<\/strong>n, in: Schaal, Gary S. \/ Ritzi, Claudia \/ Lemke, Matthias (Hrsg.): Die \u00d6konomisierung der Politik in Deutschland, Wiesbaden: Springer, 3-19 (zusammen mit Matthias Lemke).<\/p>\n\n\n\n<p>2013<\/p>\n\n\n\n<p><strong>Paradigmenpluralit\u00e4t in der Politikwissenschaft. Eine Bestandsaufnahme des Faches in Deutschland<\/strong>, in: Schurz, Gerhard \/ Kornmesser, Stephan (Hg.): Die multiparadigmatische Struktur der Wissenschaften. Koexistenz, Komplementarit\u00e4t und (In)Kommensurabilit\u00e4t. Wiesbaden: VS-Verlag, 63\u2013101 (zusammen mit Matthias Lemke).<\/p>\n\n\n\n<p><strong>Deutungsmacht und Konfliktdynamiken \u2013 Eine Analyse der Akzeptanz von Entscheidungen des Bundesverfassungsgerichts<\/strong>, in: Wrase, Michael\/Boulanger, Christian (Hg.): Die Politik des Verfassungsrechts, Baden-Baden: Nomos, 187-215 (zusammen mit Kelly Lancaster und Alexander Struwe).<\/p>\n\n\n\n<p><strong>Schumpeters \u00f6konomische Analyse der Politik in der Kritik, <\/strong>in: Pies, Ingo\/Leschke, Martin (Hrsg.): Joseph Schumpeters Theorie gesellschaftlicher Entwicklung, T\u00fcbingen: Mohr.<\/p>\n\n\n\n<p><strong>Iris Marin Youngs Communicative Democracy &#8211; Normative Theorie im Spiegel empirischer Deliberationsforschung,<\/strong> in: Niesen, Peter (Hrsg.): Zwischen Demokratie und globaler Verantwortung. Iris Marion Youngs Theorie politischer Normativit\u00e4t, Baden-Baden: Nomos, 167-186 (zusammen mit Claudia Ritzi).<\/p>\n\n\n\n<p>2012<\/p>\n\n\n\n<p><strong>Perspektiven zeitgen\u00f6ssischer Demokratietheorie<\/strong>, in: Ludger Helms David M. Wineroither (Hrsg.): Die \u00f6sterreichische Demokratie im Vergleich. Baden-Baden: Nomos, 101-124 (zusammen mit Oliver W. Lembcke).<\/p>\n\n\n\n<p><strong>Deliberative Partizipation &#8211; Eine kritische Analyse des Verh\u00e4ltnisses von Deliberation, demokratischer \u00d6ffentlichkeit und staatlicher Entscheidung<\/strong>, in: Riescher, Gisela\/Rosenzweig, Beate (Hrsg.): Partizipation und Staatlichkeit., Stuttgart: Franz Steiner Verlag, 131-154 (zusammen mit Claudia Ritzi).<\/p>\n\n\n\n<p><strong>Wissensvorsprung durch Erfolgsmessung. Bausteine und Methoden der Evaluierung des St\u00e4dtenetzwerkes<\/strong>, in: vhw &#8211; Forum Wohnen und Stadtentwicklung 2\/2012, 90-94 (zusammen mit Claudia Ritzi).<\/p>\n\n\n\n<p><strong>Auf den Spuren der Deutungsmacht. Ein konzeptioneller Vorschlag zur empirischen Analyse mit Text-Mining, <\/strong>in: Brodocz, Andr\u00e9 \/ Hammer, Stephanie (Hrsg.): Macht. Baden-Baden: Nomos.<\/p>\n\n\n\n<p><strong>Gegr\u00fcndet auf Furcht und Angst. Demokratietheoretische \u00dcberlegungen zur Angstpolitik der Gegenwart<\/strong>, in: Schaal, Gary \/ Heidenreich, Felix (Hrsg.): Emotionen in der Politischen Theorie, Baden-Baden: Nomos (zusammen mit Rebekka Fleiner).<\/p>\n\n\n\n<p><strong>Die Relevanz von \u201eInclusion\u201c bei Edmund S. Phelps \u2012 eine demokratietheoretische Perspektive<\/strong>, in: Pies, Ingo \/ Leschke, Martin (Hrsg.): Edmund S. Phelps\u2019 strukturalistische \u00d6konomik. T\u00fcbingen: Mohr Siebeck.<\/p>\n\n\n\n<p><strong>Zwischen Konkurrenz und Konvergenz. Eine Einf\u00fchrung in die normative Demokratietheorie<\/strong>, in: Lembcke, Oliver W. \/ Ritzi, Claudia \/ Schaal, Gary S. (Hrsg): Zeitgen\u00f6ssische Demokratietheorie. Band 1: Normative Demokratietheorien. Wiesbaden: VS Verlag, 9-32 (zusammen mit Oliver W. Lembcke und Claudia Ritzi).<\/p>\n\n\n\n<p><strong>Oligarchie als bessere Demokratie. Theorien der Elitendemokratie<\/strong>, in: Lembcke, Oliver W. \/ Ritzi, Claudia \/ Schaal, Gary S. (Hrsg): Zeitgen\u00f6ssische Demokratietheorie. Band 1: Normative Demokratietheorien, Wiesbaden: VS Verlag, 445-472.<\/p>\n\n\n\n<p>2011<\/p>\n\n\n\n<p><strong>Eintrag \u201eVertrauen\u201c<\/strong>, in: Offe, Claus \/ Hartmann, Marton (Hrsg.): Lexikon Politische Theorie und Politische Philosophie, M\u00fcnchen: Piper.<\/p>\n\n\n\n<p>2010<\/p>\n\n\n\n<p><strong>Eintrag \u201eNeoliberalismus\u201c<\/strong>, in: Nohlen, Dieter \/ Schultze, Rainer-Olaf (Hrsg.): Lexikon der Politikwissenschaft, Band 1. M\u00fcnchen: Ch. Beck.<\/p>\n\n\n\n<p><strong>Eintrag \u201eNeokonservatismus\u201c<\/strong>, in: Nohlen, Dieter \/ Schultze, Rainer-Olaf (Hrsg.): Lexikon der Politikwissenschaft. Band 1. M\u00fcnchen: Ch. Beck.<\/p>\n\n\n\n<p>2009<\/p>\n\n\n\n<p><strong>Narrationen in der Politikwissenschaft<\/strong>, in: Klein, Christian \/ Mart\u00ednez, Mat\u00edas (Hrsg.): Wirklichkeitserz\u00e4hlungen: Formen und Funktionen nicht-literarischen Erz\u00e4hlens. Stuttgart: Metzler.<\/p>\n\n\n\n<p><strong>J\u00fcrgen Habermas und die Frage nach der Rationalit\u00e4t des Staates<\/strong>, in: Schaal, Gary S. (Hrsg.): Das Staatsverst\u00e4ndnis von J\u00fcrgen Habermas. Baden-Baden: Nomos-Verlag (zusammen mit Felix Heidenreich).<\/p>\n\n\n\n<p><strong>Die politische Theorie der Deliberation: J\u00fcrgen Habermas<\/strong>, in: Brodocz, Andr\u00e9 \/ Schaal, Gary S. (Hrsg.): Politische Theorien der Gegenwart, Band II, 3. erweiterte und \u00fcberarbeitete Auflage. Opladen. UTB (zusammen mit David Strecker).<\/p>\n\n\n\n<p><strong>Die Politische Theorie der liberalen Demokratie: Robert A. Dahl<\/strong>, in:&nbsp; Brodocz, Andr\u00e9 \/Schaal, Gary S. (Hrsg.): Politische Theorien der Gegenwart, Band I, 3. erweiterte und \u00fcberarbeitete Auflage. Opladen: UTB.<\/p>\n\n\n\n<p><strong>Entwicklungspfade der Politischen Theorie nach 1945<\/strong>, in: Brodocz, Andr\u00e9 \/ Schaal, Gary S. (Hrsg.): Politische Theorien der Gegenwart, Band I, 3. erweiterte und \u00fcberarbeitete Auflage. Opladen: UTB.<\/p>\n\n\n\n<p>2008<\/p>\n\n\n\n<p><strong>Aggregative Responsivit\u00e4t. Selbstzerst\u00f6rerisches Ideal liberaler Demokratie<\/strong>?, in: Brodocz, Andr\u00e9 \/ Llanque, Marcus \/ Schaal, Gary S. (Hrsg.): Bedrohungen der Demokratie, Wiesbaden: VS-Verlag.<\/p>\n\n\n\n<p><strong>Die bedrohte Demokratie<\/strong>, in: Brodocz, Andr\u00e9 \/ Llanque, Marcus \/Schaal, Gary S. (Hrsg.): Bedrohungen der Demokratie. Wiesbaden: VS-Verlag (zusammen mit Andr\u00e9 Brodocz und Marcus Llanque).<\/p>\n\n\n\n<p><strong>Jenseits von Utopie und Distopie: Technik im Star Wars Universum<\/strong>, in: Fuhse, Jan (Hrsg.): Gegenw\u00e4rtige Zuk\u00fcnfte: Technik und Gesellschaft in der Science Fiction. M\u00fcnster: Lit-Verlag (zusammen mit Roxana Kath)<\/p>\n\n\n\n<p><strong>Techniken rationaler Selbstbindung. Eine \u00dcbersicht<\/strong>, in: Schaal, Gary S. (Hrsg.): Techniken rationaler Selbstbindung. Strategien f\u00fcr Good (Self-)Governance. M\u00fcnster: Lit-Verlag. (zusammen mit Claudia Ritzi).<\/p>\n\n\n\n<p><strong>Rationale Selbstbindung und die Qualit\u00e4t politischer Entscheidungen &#8211; liberale und deliberative Perspektiven<\/strong>, in: Schaal, Gary S. (Hrsg.): Techniken rationaler Selbstbindung. Strategien f\u00fcr Good (Self-)Governance. M\u00fcnster: Lit-Verlag (zusammen mit Claudia Ritzi)<\/p>\n\n\n\n<p>2007<\/p>\n\n\n\n<p><strong>Eintrag zu \u201eFaktizit\u00e4t und Geltung\u201c<\/strong> , in: Riescher, Gisela et al. (Hrsg.): Hauptwerke der Politischen Theorie. Kr\u00f6ner: Stuttgart.<\/p>\n\n\n\n<p><strong>Artikel \u201eKonstitutionalismus\u201d<\/strong>, in: Fuchs, Dieter \/ Roller, Edeltraud (Hrsg.): Lexikon Politik. Hundert Grundbegriffe. Reclam: Stuttgart.<\/p>\n\n\n\n<p><strong>Artikel \u201ePolitisches Vertrauen\u201d<\/strong>, in: Fuchs, Dieter \/ Roller, Edeltraud (Hrsg.): Lexikon Politik. Hundert Grundbegriffe. Reclam: Stuttgart.<\/p>\n\n\n\n<p>2006<\/p>\n\n\n\n<p><strong>Selbstbindung und Deutungsmacht<\/strong>, in: Vorl\u00e4nder, Hans (Hrsg.): Deutungsmacht. Wiesbaden:&nbsp; VS-Verlag.<\/p>\n\n\n\n<p><strong>Vertrauen und Erfahrung \u2013 konzeptionelle Perspektiven<\/strong>, in: Brodocz, Andr\u00e9 (Hrsg.): Erfahrung als Argument. Baden-Baden: Nomos Verlag.<\/p>\n\n\n\n<p><strong>Verfassungsgerichtliche Deutungsmacht und rationale Selbstbindung<\/strong>, in:: Vorl\u00e4nder, Hans (Hrsg.): Die Deutungsmacht der Verfassungsgerichtsbarkeit. Wiesbaden: VS Verlag, 121-137.<\/p>\n\n\n\n<p>2005<\/p>\n\n\n\n<p><strong>Voraussetzungen der Generalisierung von Vertrauen in modernen Demokratien<\/strong>, in: Geis, Anna \/ Strecker, David (Hrsg.): Blockaden staatlicher Politik: Sozialwissenschaftliche Analyse im Anschluss an Claus Offe. Frankfurt am Main: Campus (zusammen mit Jan Fuhse).<\/p>\n\n\n\n<p>2003<\/p>\n\n\n\n<p><strong>Zwischen fiktionaler Deutungsschlie\u00dfung und faktischer Deutungs\u00f6ffnung. Das Bundesverfassungsgericht im Spannungsfeld zwischen Legitimation und Integration<\/strong>, in: Noetzel, Thomas \/ Bonacker, Thorsten \/ Brodocz, Andr\u00e9 (Hrsg.): Die Ironie der Politik. Zur Konstruktion politischer Wirklichkeiten. Frankfurt am Main: Campus.<\/p>\n\n\n\n<p><strong>Bundesdeutscher Verfassungspatriotismus und Integration. Anmerkungen aus empirischer Perspektive<\/strong>, in: G\u00f6hler, Gerhard et al. (Hrsg.): Verfassungspatriotismus und nationale Identit\u00e4t. Universit\u00e4t Miskolc, Publicationes Universitatis. 2003.<\/p>\n\n\n\n<p><strong>Vier Missverst\u00e4ndnisse. Konzeptionelle Anmerkungen zur Renaissance des Vertrauens in der Politikwissenschaft<\/strong>, in: Schweer, Martin (Hrsg.): Vertrauen im Spannungsfeld politischen Handelns. Frankfurt am Main: Peter Lang.<\/p>\n\n\n\n<p>2002<\/p>\n\n\n\n<p><strong>Einleitung<\/strong>, in: Brodocz, Andr\u00e9 \/ Schaal, Gary S. (Hrsg.): Politische Theorien der Gegenwart, Band I. Opladen: UTB (mit Andr\u00e9 Brodocz).<\/p>\n\n\n\n<p><strong>Die politische Theorie der liberal-prozeduralen Demokratie: R. Dahl<\/strong>, in: Brodocz, Andr\u00e9 \/ Schaal, Gary S. (Hrsg.): Politische Theorien der Gegenwart, Band I, Opladen: UTB.<\/p>\n\n\n\n<p><strong>Totgesagte leben l\u00e4nger. Die Entwicklung der politischen Theorien und politischen Philosophie in den USA nach 1945<\/strong>, in: Brodocz, Andr\u00e9 \/ Schaal, Gary S. (Hrsg.): Politische Theorien der Gegenwart, Band I Opladen: UTB. 2002.<\/p>\n\n\n\n<p><strong>Verfassungsrechtliche nested games<\/strong>, in: M\u00fcller, Stephan \/ Schaal, Gary S. \/ Tiersch, Claudia (Hrsg.): Dauer durch Wandel. Probleme der Verstetigung sozio-kultureller Orientierungsmuster. Wien: B\u00f6hlau.<\/p>\n\n\n\n<p><strong>Dauer durch Wandel als kulturwissenschaftliches Thema.<\/strong> Eine Einleitung, in: M\u00fcller, Stephan \/ Schaal, Gary S. \/ Tiersch, Claudia (Hrsg.): Dauer durch Wandel. Probleme der Verstetigung sozio-kultureller Orientierungsmuster. Wien: B\u00f6hlau.<\/p>\n\n\n\n<p><strong>Vier normative Konzeptionen von Integration qua Verfassung<\/strong>, in: Vorl\u00e4nder, Hans (Hrsg.): Integration durch Verfassung? Opladen: Westdeutscher Verlag.<\/p>\n\n\n\n<p><strong>Integration durch Verfassungsrechtsprechung? Das Bundesverfassungsgericht und die Akzeptanz seiner Rechtsprechung<\/strong>, in: Vorl\u00e4nder, Hans (Hrsg.): Integration durch Verfassung? Opladen: Westdeutscher Verlag (zusammen mit Hans Vorl\u00e4nder).<\/p>\n\n\n\n<p><strong>Einleitung<\/strong>, in: Brodocz, Andr\u00e9 \/ Schaal, Gary S. (Hrsg.): Politische Theorien der Gegenwart, Band II, Opladen: UTB, 9-23 (mit Andr\u00e9 Brodocz)<\/p>\n\n\n\n<p>2000<\/p>\n\n\n\n<p><strong>Welche M\u00f6glichkeiten kann die Verfassung f\u00fcr B\u00fcrgerbeteiligung bieten?<\/strong>, in: Aktion Gemeinsinn (Hrsg.): Grundgesetz und Zivilgesellschaft. Was kann die Verfassung f\u00fcr B\u00fcrgerbeteiligung und Gemeinsinn leisten? Bonn: Verlag Aktion Gemeinsinn e. V.<\/p>\n\n\n\n<p>1999<\/p>\n\n\n\n<p><strong>Demokratisch und unzensiert? Das Internet in Osteuropa<\/strong>, in: Kovats, Stephen (Hrsg.): Ostranenie, MEDIA * REVOLUTION, Band 6. Frankfurt am Main: Campus.<\/p>\n\n\n\n<p><strong>Verfassung und Cyber-Lebenswelt<\/strong>, in: Dressou, Olga et al. (Hrsg.): Machtfragen der Informationsgesellschaft. Marburg: BdWi-Verlag (zusammen mit Andr\u00e9 Brodocz).<\/p>\n\n\n\n<p>1998<\/p>\n\n\n\n<p><strong>Vom B\u00fcrger zu den Institutionen und wieder zur\u00fcck: Politische und soziale Gleichg\u00fcltigkeit in der Bundesrepublik<\/strong>, in: Schwelling, Birgit\/ Krause, Peter (Hrsg.): Das gesellschaftliche Ph\u00e4nomen der Gleichg\u00fcltigkeit. Berlin: Berlin Verlag Arno Spitz (zusammen mit Sabine Friedel).<\/p>\n\n\n\n<p>1997<\/p>\n\n\n\n<p><strong>Modernisierung, Integration und Geschichte. Zur Konzeptionalisierung einer Forschungsperspektive<\/strong>, in: Schaal, Gary S. \/ W\u00f6ll, Andreas (Hrsg.): Vergangenheitsbew\u00e4ltigung. Baden-Baden: Nomos.<\/p>\n","protected":false},"excerpt":{"rendered":"<p>2020 Welche Zukunft hat die Demokratie im Zeitalter der Digitalisierung?, in: Bildung und innere Bilder \/ Jahrestagung f\u00fcr individualpsychologie. G\u00f6ttingen: Vandenhoeck &amp; Ruprecht, S. 367-372. Angriffe auf die demokratische \u00d6ffentlichkeit [&hellip;]<\/p>\n","protected":false},"author":2953,"featured_media":0,"parent":0,"menu_order":0,"comment_status":"closed","ping_status":"closed","template":"","meta":{"footnotes":""},"categories":[4],"tags":[],"class_list":["post-1661","page","type-page","status-publish","hentry","category-forschung"],"_links":{"self":[{"href":"https:\/\/www.hsu-hh.de\/politiktheorie\/wp-json\/wp\/v2\/pages\/1661","targetHints":{"allow":["GET"]}}],"collection":[{"href":"https:\/\/www.hsu-hh.de\/politiktheorie\/wp-json\/wp\/v2\/pages"}],"about":[{"href":"https:\/\/www.hsu-hh.de\/politiktheorie\/wp-json\/wp\/v2\/types\/page"}],"author":[{"embeddable":true,"href":"https:\/\/www.hsu-hh.de\/politiktheorie\/wp-json\/wp\/v2\/users\/2953"}],"replies":[{"embeddable":true,"href":"https:\/\/www.hsu-hh.de\/politiktheorie\/wp-json\/wp\/v2\/comments?post=1661"}],"version-history":[{"count":3,"href":"https:\/\/www.hsu-hh.de\/politiktheorie\/wp-json\/wp\/v2\/pages\/1661\/revisions"}],"predecessor-version":[{"id":1755,"href":"https:\/\/www.hsu-hh.de\/politiktheorie\/wp-json\/wp\/v2\/pages\/1661\/revisions\/1755"}],"wp:attachment":[{"href":"https:\/\/www.hsu-hh.de\/politiktheorie\/wp-json\/wp\/v2\/media?parent=1661"}],"wp:term":[{"taxonomy":"category","embeddable":true,"href":"https:\/\/www.hsu-hh.de\/politiktheorie\/wp-json\/wp\/v2\/categories?post=1661"},{"taxonomy":"post_tag","embeddable":true,"href":"https:\/\/www.hsu-hh.de\/politiktheorie\/wp-json\/wp\/v2\/tags?post=1661"}],"curies":[{"name":"wp","href":"https:\/\/api.w.org\/{rel}","templated":true}]}}