{"id":1656,"date":"2021-10-20T14:38:12","date_gmt":"2021-10-20T12:38:12","guid":{"rendered":"https:\/\/www.hsu-hh.de\/politiktheorie\/?page_id=1656"},"modified":"2021-11-23T16:13:53","modified_gmt":"2021-11-23T15:13:53","slug":"peer-reviewed-journals","status":"publish","type":"page","link":"https:\/\/www.hsu-hh.de\/politiktheorie\/peer-reviewed-journals","title":{"rendered":"Peer Reviewed Journals"},"content":{"rendered":"\n<hr class=\"wp-block-separator is-style-wide\" \/>\n\n\n\n<p>2021<\/p>\n\n\n\n<p><strong>Politik begr\u00fcnden.: Moderne Theorien in der Schule. Praxis Politik &amp; Wirtschaft.<\/strong> Braunschweig: Westermann, Vol. 17 (5), 4-7<\/p>\n\n\n\n<p><strong>Eine demokratische Emotionspolitik ist anzustreben: Zur Rolle von Emotionen in der Politik und der Demokratie.<\/strong> Perspektiefe \/ Zentrum Gesellschaftliche Verantwortung. Mainz: Zentrum f\u00fcr Gesellschaftliche Verantwortung der EKHN, Vol. 54, 2-3<\/p>\n\n\n\n<p>2019<\/p>\n\n\n\n<p><strong>What Are We Doing When We Are Doing Democratic Theory?, <\/strong>Democratic Theory, 6(2), 12-26 (zusammen mit Dannica Fleu\u00df)<\/p>\n\n\n\n<p><strong>Die Wahrheit \u00fcber Postfaktizit\u00e4t? Eine methodologische Reflexion \u00fcber Text Mining in den Politikwissenschaften<\/strong>, Zeitschrift f\u00fcr Politikwissenschaft, Vol 29, Nr. 2, 141-360 (zusammen mit Sebastian Dumm und Dannica Fleu\u00df)<\/p>\n\n\n\n<p><strong>Empirische Messung digitalisierter Demokratien: Erkenntnistheoretische Herausforderungen und eine wissenschaftstheoretische Antwort, <\/strong>Politische Vierteljahresschrift, Vol 60, Nr. 4 (zusammen mit Dannica Fleu\u00df \/ Karoline Helbig)<\/p>\n\n\n\n<p><strong>K\u00fcnstliche Intelligenz als sicherheitspolitische Herausforderung. <\/strong>In: &nbsp;Daniel Jacobi &amp; Gunther Hellman: Das Wei\u00dfbuch 2016 und die Herausforderungen von Strategiebildung, Editon Zeitschrift f\u00fcr Au\u00dfen- und Sicherheitspolitik. Wiesbaden: Springer, 249-267 (zusammen mit Alexander Stulpe)<\/p>\n\n\n\n<p>2018<\/p>\n\n\n\n<p><strong>Measuring democratic deliberation: theoretical challenges and methodological pitfalls, <\/strong>Politics and Governance, Vol. 6, Nr. 1, 11-21 (zusammen mit Karoline Helbig und Dannica Fleu\u00df). DOI: 10.17645\/pag.v6i1.1199<\/p>\n\n\n\n<p><strong>Chancen und Herausforderungen von Konzepttransfers aus den Neurowissenschaften f\u00fcr die geistes- und sozialwissenschaftliche Emotionsforschung, <\/strong>Zeitschrift f\u00fcr Politik. Vol 65, No. 1, 60-80 (zusammen mit Antonia Schmid). DOI:&nbsp;&nbsp;<a href=\"https:\/\/doi.org\/10.5771\/0044-3360-2018-1\" rel='nofollow'>10.5771\/0044-3360-2018-1<\/a><\/p>\n\n\n\n<p>2016<\/p>\n\n\n\n<p><strong>New Visual Hermeneutics, <\/strong>Cybernetics and Human Knowing. Vol. 23 (2016), no. 2, (zusammen mit Roxana Kath und Sebastian Dumm).<\/p>\n\n\n\n<p><strong>Ein Bild sagt mehr als Worte. Visualisierung in den Digital Humanities,<\/strong> Digital Classics Online, 2016, 2(3) (zusammen mit Kelly Lancaster). <a href=\"http:\/\/nbn-resolving.de\/urn:nbn:de:bsz:16-dco-308751\" rel='nofollow'>http:\/\/nbn-resolving.de\/urn:nbn:de:bsz:16-dco-308751<\/a><\/p>\n\n\n\n<p><strong>Liberale Gesellschaftsordnungen.<\/strong> INDES 2\/2016, 77-83.<\/p>\n\n\n\n<p>2015<\/p>\n\n\n\n<p><strong>Content Analysis between Quality and Quantity. Fulfilling Blended-Reading Requirements for the Social Sciences with a Scalable Text Mining Infrastructure. <\/strong>Datenbank-Spektrum. Zeitschrift f\u00fcr Datenbanktechnologien und Information-Retrieval, Januar 2015, 7-14 (zusammen mit Matthias Lemke, Andreas Niekler und Gregor Wiedemann).<\/p>\n\n\n\n<p><strong>New Visual Hermeneutics, <\/strong>Sonderheft der Zeitschrift f\u00fcr Germanistische Linguistik \u201eAutomatisierte Textanalyse\u201c, 2015, Band 43, Heft 1, 27-51 (zusammen mit Roxana Kath und Sebastian Dumm). <strong><abbr title=\"Digital Object Identifier\">DOI<\/abbr>:&nbsp;<\/strong><a href=\"https:\/\/doi.org\/10.1515\/zgl-2015-0002\" rel='nofollow'>https:\/\/doi.org\/10.1515\/zgl-2015-0002<\/a><\/p>\n\n\n\n<p>2014<\/p>\n\n\n\n<p><strong>Zwischen Wettbewerb und Expertise. Politische Ethik in der Postdemokratie, <\/strong>Ethik und Politikmanagement. Sonderheft der Zeitschrift f\u00fcr Politikwissenschaft, 2014, 15-38 (zusammen mit Claudia Ritzi). DOI:&nbsp;<a href=\"https:\/\/doi.org\/10.5771\/9783845248042_15\" rel='nofollow'>10.5771\/9783845248042_15<\/a><\/p>\n\n\n\n<p><strong>\u00d6konomischer und ideologischer Neoliberalismus,<\/strong> Gesellschaft*Wirtschaft*Politik. No. 4, 529-539 (zusammen mit Matthias Lemke und Claudia Ritzi).<\/p>\n\n\n\n<p>2013<\/p>\n\n\n\n<p><strong>The Quality of Deliberation in Two Committees of the European Parliament: The Neglected Influence of the Situational Context and the Policymaking Stage, <\/strong>Politics and Governance, 2013 Volume 1, Issue 2, 151-169 (zusammen mit L\u00e9a Roger). DOI: 10.12924\/pag2013.01020151<\/p>\n\n\n\n<p>2012<\/p>\n\n\n\n<p><strong>Neoliberalismus und Postdemokratie: Bausteine einer kritischen Gesellschaftstheorie, <\/strong>Ethik und Gesellschaft 2\/2012 (zusammen mit Claudia Ritzi) <a href=\"http:\/\/dx.doi.org\/10.18156\/eug-2-2012-art-1\" rel='nofollow'>http:\/\/dx.doi.org\/10.18156\/eug-2-2012-art-1<\/a><\/p>\n\n\n\n<p>2010<\/p>\n\n\n\n<p><strong>Das Grundgesetz als umk\u00e4mpfte Ordnung, <\/strong>&nbsp;Behemoth. A Journal on Civilization, Vol. 3, No. 1 (zusammen mit Claudia Ritzi) <a href=\"https:\/\/doi.org\/10.6094\/behemoth.2010.3.1.700\" rel='nofollow'>https:\/\/doi.org\/10.6094\/behemoth.2010.3.1.700<\/a><\/p>\n\n\n\n<p><strong>Zwischen Liebe und Vernunft. Drei Modelle von Patriotismus in Theorie und Praxis, <\/strong>\u00d6sterreichische Zeitschrift f\u00fcr Politikwissenschaft, No. 2, 187-204 (zusammen mit Rebekka Fleiner und Claudia Ritzi)<\/p>\n\n\n\n<p>2007<\/p>\n\n\n\n<p><strong>Quality versus Equality. Liberale und deliberative Ideale politischer Freiheit<\/strong>, \u00d6sterreichische Zeitschrift f\u00fcr Politikwissenschaft, 36 (1), 23-37. (zusammen mit Felix Heidenreich)<\/p>\n\n\n\n<p>2004<\/p>\n\n\n\n<p><strong>B\u00fcrgerliche Freiheitsrechte und die Sicherheit im <abbr title=\"Informationstechnologie\">IT<\/abbr>-Zeitalter<\/strong>, \u00d6sterreichische Zeitschrift f\u00fcr Politikwissenschaft, No. 4, 367-378 (zusammen mit Markus M\u00fcller).<\/p>\n\n\n\n<p>2001<\/p>\n\n\n\n<p><strong>Integration durch Verfassung und Verfassungsrechtsrechung<\/strong>, \u00d6sterreichische Zeitschrift f\u00fcr Politikwissenschaft, No. 2, 221-232.<\/p>\n\n\n\n<p>2000<\/p>\n\n\n\n<p><strong>Vertrauen in das Bundesverfassungsgericht und die Akzeptanz seiner Entscheidungen als Indikatoren der Geltung und Akzeptanz konstitutioneller Ordnungsvorstellungen<\/strong>, Zeitschrift f\u00fcr Rechtssoziologie, No 2, 419-446<\/p>\n\n\n\n<p>1999<\/p>\n\n\n\n<p><strong>Was ist Gleichg\u00fcltigkeit<\/strong>?, \u00d6sterreichische Zeitschrift f\u00fcr Politikwissenschaft, No. 2, 173-186.<\/p>\n","protected":false},"excerpt":{"rendered":"<p>2021 Politik begr\u00fcnden.: Moderne Theorien in der Schule. Praxis Politik &amp; Wirtschaft. Braunschweig: Westermann, Vol. 17 (5), 4-7 Eine demokratische Emotionspolitik ist anzustreben: Zur Rolle von Emotionen in der Politik [&hellip;]<\/p>\n","protected":false},"author":2953,"featured_media":0,"parent":0,"menu_order":0,"comment_status":"closed","ping_status":"closed","template":"","meta":{"footnotes":""},"categories":[4],"tags":[],"class_list":["post-1656","page","type-page","status-publish","hentry","category-forschung"],"_links":{"self":[{"href":"https:\/\/www.hsu-hh.de\/politiktheorie\/wp-json\/wp\/v2\/pages\/1656","targetHints":{"allow":["GET"]}}],"collection":[{"href":"https:\/\/www.hsu-hh.de\/politiktheorie\/wp-json\/wp\/v2\/pages"}],"about":[{"href":"https:\/\/www.hsu-hh.de\/politiktheorie\/wp-json\/wp\/v2\/types\/page"}],"author":[{"embeddable":true,"href":"https:\/\/www.hsu-hh.de\/politiktheorie\/wp-json\/wp\/v2\/users\/2953"}],"replies":[{"embeddable":true,"href":"https:\/\/www.hsu-hh.de\/politiktheorie\/wp-json\/wp\/v2\/comments?post=1656"}],"version-history":[{"count":4,"href":"https:\/\/www.hsu-hh.de\/politiktheorie\/wp-json\/wp\/v2\/pages\/1656\/revisions"}],"predecessor-version":[{"id":3521,"href":"https:\/\/www.hsu-hh.de\/politiktheorie\/wp-json\/wp\/v2\/pages\/1656\/revisions\/3521"}],"wp:attachment":[{"href":"https:\/\/www.hsu-hh.de\/politiktheorie\/wp-json\/wp\/v2\/media?parent=1656"}],"wp:term":[{"taxonomy":"category","embeddable":true,"href":"https:\/\/www.hsu-hh.de\/politiktheorie\/wp-json\/wp\/v2\/categories?post=1656"},{"taxonomy":"post_tag","embeddable":true,"href":"https:\/\/www.hsu-hh.de\/politiktheorie\/wp-json\/wp\/v2\/tags?post=1656"}],"curies":[{"name":"wp","href":"https:\/\/api.w.org\/{rel}","templated":true}]}}