{"id":1652,"date":"2021-10-20T14:35:30","date_gmt":"2021-10-20T12:35:30","guid":{"rendered":"https:\/\/www.hsu-hh.de\/politiktheorie\/?page_id=1652"},"modified":"2021-10-20T14:35:31","modified_gmt":"2021-10-20T12:35:31","slug":"monographien","status":"publish","type":"page","link":"https:\/\/www.hsu-hh.de\/politiktheorie\/monographien","title":{"rendered":"Monographien"},"content":{"rendered":"\n<hr class=\"wp-block-separator is-style-wide\" \/>\n\n\n\n<p>2019<\/p>\n\n\n\n<p><strong>Leitfaden: Integration vor Ort. BENN \u2013 Berlin Entwickelt Neue Nachbarschaften. <\/strong>Berlin: vhw (zusammen mit Thomas Kuder), ISBN: 978-3-87941-997-5<\/p>\n\n\n\n<p>2016<\/p>\n\n\n\n<p><strong>Einf\u00fchrung in die Politischen Theorien der Moderne<\/strong>, 3. erweiterte und aktualisierte Auflage. Opladen: UTB (zusammen mit Felix Heidenreich)<\/p>\n\n\n\n<p>Sonderausgabe:<\/p>\n\n\n\n<p><strong>Einf\u00fchrung in die Politischen Theorien der Moderne.<\/strong> Sonderausgabe der 3. Auflage f\u00fcr die Bundeszentrale f\u00fcr politische Bildung, Herbst 2017.<\/p>\n\n\n\n<p>\u00dcbersetzungen:<\/p>\n\n\n\n<p><strong>Introduction \u00e0 la philosophie politique: des Temps Modernes<\/strong>. Paris: CNRS Editions. 2013<\/p>\n\n\n\n<p><strong>Introducci\u00f3n a las teor\u00edas pol\u00edticas de la modernidad<\/strong>. Editorial Tirant lo Blanch; Edici\u00f3n, 2016<\/p>\n\n\n\n<p><strong>Introduction to Modern Political Theory. <\/strong>Farmington Hills: Budrich Publishers 2020, i.E.<\/p>\n\n\n\n<p>2004<\/p>\n\n\n\n<p><strong>Vertrauen, Verfassung, Demokratie. <\/strong>Wiesbaden: Springer.<\/p>\n\n\n\n<p>2000<\/p>\n\n\n\n<p><strong>Integration durch Verfassung und Verfassungsrechtsprechung. <\/strong>Berlin: Duncker und Humblot<strong>.<\/strong><\/p>\n\n\n\n<p><strong>Die Karlsruher Republik. <\/strong>Bonn: Stiftung Mitarbeit (zusammen mit Sabine Friedel und Andreas Endler).<\/p>\n","protected":false},"excerpt":{"rendered":"<p>2019 Leitfaden: Integration vor Ort. BENN \u2013 Berlin Entwickelt Neue Nachbarschaften. Berlin: vhw (zusammen mit Thomas Kuder), ISBN: 978-3-87941-997-5 2016 Einf\u00fchrung in die Politischen Theorien der Moderne, 3. erweiterte und [&hellip;]<\/p>\n","protected":false},"author":2953,"featured_media":0,"parent":0,"menu_order":0,"comment_status":"closed","ping_status":"closed","template":"","meta":{"footnotes":""},"categories":[4],"tags":[],"class_list":["post-1652","page","type-page","status-publish","hentry","category-forschung"],"_links":{"self":[{"href":"https:\/\/www.hsu-hh.de\/politiktheorie\/wp-json\/wp\/v2\/pages\/1652","targetHints":{"allow":["GET"]}}],"collection":[{"href":"https:\/\/www.hsu-hh.de\/politiktheorie\/wp-json\/wp\/v2\/pages"}],"about":[{"href":"https:\/\/www.hsu-hh.de\/politiktheorie\/wp-json\/wp\/v2\/types\/page"}],"author":[{"embeddable":true,"href":"https:\/\/www.hsu-hh.de\/politiktheorie\/wp-json\/wp\/v2\/users\/2953"}],"replies":[{"embeddable":true,"href":"https:\/\/www.hsu-hh.de\/politiktheorie\/wp-json\/wp\/v2\/comments?post=1652"}],"version-history":[{"count":1,"href":"https:\/\/www.hsu-hh.de\/politiktheorie\/wp-json\/wp\/v2\/pages\/1652\/revisions"}],"predecessor-version":[{"id":1653,"href":"https:\/\/www.hsu-hh.de\/politiktheorie\/wp-json\/wp\/v2\/pages\/1652\/revisions\/1653"}],"wp:attachment":[{"href":"https:\/\/www.hsu-hh.de\/politiktheorie\/wp-json\/wp\/v2\/media?parent=1652"}],"wp:term":[{"taxonomy":"category","embeddable":true,"href":"https:\/\/www.hsu-hh.de\/politiktheorie\/wp-json\/wp\/v2\/categories?post=1652"},{"taxonomy":"post_tag","embeddable":true,"href":"https:\/\/www.hsu-hh.de\/politiktheorie\/wp-json\/wp\/v2\/tags?post=1652"}],"curies":[{"name":"wp","href":"https:\/\/api.w.org\/{rel}","templated":true}]}}