{"id":164,"date":"2017-11-09T15:23:23","date_gmt":"2017-11-09T14:23:23","guid":{"rendered":"https:\/\/www.hsu-hh.de\/politiktheorie\/?page_id=164"},"modified":"2017-11-10T15:52:17","modified_gmt":"2017-11-10T14:52:17","slug":"postdemokratie-und-neoliberalismus","status":"publish","type":"page","link":"https:\/\/www.hsu-hh.de\/politiktheorie\/forschungsschwerpunkte-projekte\/postdemokratie-und-neoliberalismus","title":{"rendered":"Postdemokratie und Neoliberalismus"},"content":{"rendered":"<p><img loading=\"lazy\" decoding=\"async\" class=\"alignnone size-medium wp-image-167\" src=\"https:\/\/www.hsu-hh.de\/politiktheorie\/wp-content\/uploads\/sites\/726\/2017\/11\/LogoEpol3-300x49.jpg\" alt=\"Projektlogo\" width=\"300\" height=\"49\" srcset=\"https:\/\/www.hsu-hh.de\/politiktheorie\/wp-content\/uploads\/sites\/726\/2017\/11\/LogoEpol3-300x49.jpg 300w, https:\/\/www.hsu-hh.de\/politiktheorie\/wp-content\/uploads\/sites\/726\/2017\/11\/LogoEpol3-768x126.jpg 768w, https:\/\/www.hsu-hh.de\/politiktheorie\/wp-content\/uploads\/sites\/726\/2017\/11\/LogoEpol3.jpg 1000w\" sizes=\"auto, (max-width: 300px) 100vw, 300px\" \/><\/p>\n<p><img loading=\"lazy\" decoding=\"async\" class=\"alignnone size-full wp-image-178\" src=\"https:\/\/www.hsu-hh.de\/politiktheorie\/wp-content\/uploads\/sites\/726\/2017\/11\/Bmbf2.jpg\" alt=\"Logo F\u00f6rderer BMBF\" width=\"260\" height=\"161\" \/><\/p>\n<p>Zur Nutzung neoliberaler Argumentation in der bundesdeutschen Poilitik 1949-2011.<\/p>\n<p>Entwicklungsvorhaben aus dem Bereich der eHumanities.<\/p>\n<p>Laufzeit: Mai 2012 bis August 2015<\/p>\n<h3>Projektbeschreibung<\/h3>\n<p>Die zeitgen\u00f6ssischen liberalen Demokratien pr\u00e4gen seit einigen Jahren zwei zun\u00e4chst scheinbar gegens\u00e4tzliche Entwicklungstendenzen. So sich l\u00e4sst einerseits eine Zunahme politischer Apathie beobachten, doch kommt es andererseits gleichzeitig zu versch\u00e4rften Sozialprotesten und dem Aufstieg populistischer Parteien. In diesem Zusammenhang diagnostizieren Kritiker eine Zersetzung zentraler demokratischer Werte und Prozesse, die geeignet scheint, die Legitimit\u00e4t und Stabilit\u00e4t der politischen Systeme insgesamt zu unterminieren. In der Politischen Theorie werden diese Entwicklungen unter dem Stichwort \u201ePostdemokratie\u201c intensiv diskutiert.<\/p>\n<p>Das an der Helmut-Schmidt-Universit\u00e4t Hamburg angesiedelte Forschungsprojekt hat es sich zum Ziel gesetzt, diese Diagnosen der Postdemokratiedebatte f\u00fcr die Bundesrepublik Deutschland erstmals umfassend empirisch zu analysieren. Hierzu greifen wir auf die zentrale These dieses Diskurses zur\u00fcck, wonach der Prozess der Postdemokratisierung durch die zunehmende Bedeutung und Akzeptanz der Leitideen des Neoliberalismus in der politischen wie medialen \u00d6ffentlichkeit forciert und sichtbar wird.<\/p>\n<p>Die empirische Analyse dieser These wird, in Kooperation mit dem Lehrstuhl f\u00fcr Automatische Sprachverarbeitung an der Universit\u00e4t Leipzig, anhand von Zeitungsmaterial f\u00fcr den Zeitraum von 1949 bis 2011 durchgef\u00fchrt. Das hierf\u00fcr erforderliche computergest\u00fctzte Forschungsdesign zur Aufarbeitung des umfangreichen Quellenmaterials wird neben etablierten qualitativen und quantitativen Methoden auch die Ver\u00e4nderungen politischer Argumentationsmuster in der medialen \u00d6ffentlichkeit identifizierbar machen.<\/p>\n<p>Durch die Kooperation von Politischer Theorie und Automatischer Sprachverarbeitung innerhalb eines empirischen Forschungsverbundes kann dieses durch das <abbr title=\"Bundesministerium f\u00fcr Bildung und Forschung\">BMBF<\/abbr> gef\u00f6rderte Projekt einen bedeutenden Beitrag zur Entwicklung der computergest\u00fctzten qualitativen Forschung und somit der Etablierung der eHumanities im deutschsprachigen Raum ebenso leisten, wie einen anspruchsvollen Beitrag zur normativen Politischen Theorie.<\/p>\n<h3>Projektverantwortliche<\/h3>\n<p><abbr title=\"Universit\u00e4tsprofessor\">Univ.-Prof.<\/abbr> <abbr title=\"Doktor\">Dr.<\/abbr> Gary S. Schaal<\/p>\n<p><a href=\"http:\/\/asv.informatik.uni-leipzig.de\/staff\/Gerhard_Heyer\" rel='nofollow'><abbr title=\"Universit\u00e4tsprofessor\">Univ.-Prof.<\/abbr> Dr Gerhard Heyer<\/a><\/p>\n<h3>Projektmitarbeiter<\/h3>\n<p><abbr title=\"Doktor\">Dr.<\/abbr> Matthias Lemke<\/p>\n<p><a href=\"https:\/\/www.hsu-hh.de\/politiktheorie\/team\/dr-sebastian-dumm\/\"><abbr title=\"Doktor\">Dr.<\/abbr> Sebastian Dumm<\/a><\/p>\n<p><a href=\"https:\/\/www.hsu-hh.de\/politiktheorie\/team\/ehemalige-mitarbeiter\/m-a-kelly-lancaster\/\">Kelly Lancaster, M.A.<\/a><\/p>\n","protected":false},"excerpt":{"rendered":"<p>Zur Nutzung neoliberaler Argumentation in der bundesdeutschen Poilitik 1949-2011. Entwicklungsvorhaben aus dem Bereich der eHumanities. Laufzeit: Mai 2012 bis August 2015 Projektbeschreibung Die zeitgen\u00f6ssischen liberalen Demokratien pr\u00e4gen seit einigen Jahren [&hellip;]<\/p>\n","protected":false},"author":181,"featured_media":0,"parent":128,"menu_order":0,"comment_status":"closed","ping_status":"closed","template":"","meta":{"footnotes":""},"categories":[4],"tags":[],"class_list":["post-164","page","type-page","status-publish","hentry","category-forschung"],"_links":{"self":[{"href":"https:\/\/www.hsu-hh.de\/politiktheorie\/wp-json\/wp\/v2\/pages\/164","targetHints":{"allow":["GET"]}}],"collection":[{"href":"https:\/\/www.hsu-hh.de\/politiktheorie\/wp-json\/wp\/v2\/pages"}],"about":[{"href":"https:\/\/www.hsu-hh.de\/politiktheorie\/wp-json\/wp\/v2\/types\/page"}],"author":[{"embeddable":true,"href":"https:\/\/www.hsu-hh.de\/politiktheorie\/wp-json\/wp\/v2\/users\/181"}],"replies":[{"embeddable":true,"href":"https:\/\/www.hsu-hh.de\/politiktheorie\/wp-json\/wp\/v2\/comments?post=164"}],"version-history":[{"count":8,"href":"https:\/\/www.hsu-hh.de\/politiktheorie\/wp-json\/wp\/v2\/pages\/164\/revisions"}],"predecessor-version":[{"id":307,"href":"https:\/\/www.hsu-hh.de\/politiktheorie\/wp-json\/wp\/v2\/pages\/164\/revisions\/307"}],"up":[{"embeddable":true,"href":"https:\/\/www.hsu-hh.de\/politiktheorie\/wp-json\/wp\/v2\/pages\/128"}],"wp:attachment":[{"href":"https:\/\/www.hsu-hh.de\/politiktheorie\/wp-json\/wp\/v2\/media?parent=164"}],"wp:term":[{"taxonomy":"category","embeddable":true,"href":"https:\/\/www.hsu-hh.de\/politiktheorie\/wp-json\/wp\/v2\/categories?post=164"},{"taxonomy":"post_tag","embeddable":true,"href":"https:\/\/www.hsu-hh.de\/politiktheorie\/wp-json\/wp\/v2\/tags?post=164"}],"curies":[{"name":"wp","href":"https:\/\/api.w.org\/{rel}","templated":true}]}}