{"id":1611,"date":"2021-07-20T15:42:22","date_gmt":"2021-07-20T13:42:22","guid":{"rendered":"https:\/\/www.hsu-hh.de\/politiktheorie\/?page_id=1611"},"modified":"2023-10-18T15:53:36","modified_gmt":"2023-10-18T13:53:36","slug":"erik-ensminger","status":"publish","type":"page","link":"https:\/\/www.hsu-hh.de\/politiktheorie\/team\/soldatische-hilfskraefte\/erik-ensminger","title":{"rendered":"Erik Ensminger"},"content":{"rendered":"\n<h2 class=\"wp-block-heading\">Soldatische Hilfskraft am Lehrstuhle f\u00fcr politische Theorie <\/h2>\n\n\n\n<hr class=\"wp-block-separator has-css-opacity is-style-wide\" \/>\n\n\n\n<div class=\"wp-block-media-text alignwide has-media-on-the-right is-stacked-on-mobile\" style=\"grid-template-columns:auto 22%\"><div class=\"wp-block-media-text__content\">\n<p>Helmut-Schmidt-Universit\u00e4t<br>Geb\u00e4ude H1<br>Holstenhofweg 85<br>22043 Hamburg<\/p>\n\n\n\n<p>E-Mail: Erik.Ensminger@hsu-hh.de<\/p>\n<\/div><figure class=\"wp-block-media-text__media\"><img loading=\"lazy\" decoding=\"async\" width=\"210\" height=\"271\" src=\"https:\/\/www.hsu-hh.de\/politiktheorie\/wp-content\/uploads\/sites\/726\/2021\/07\/Bild_Ensminger_SHK-1.png\" data-credit=\"Erik Ensminger\" alt=\"Erik Ensminger\" class=\"wp-image-1612 size-full\" \/><\/figure><\/div>\n\n\n\n<hr class=\"wp-block-separator has-css-opacity is-style-wide\" \/>\n\n\n\n<h2 class=\"wp-block-heading\">Lebenslauf <\/h2>\n\n\n\n<hr class=\"wp-block-separator has-css-opacity is-style-wide\" \/>\n\n\n\n<p><strong>2012&nbsp;&#8211;&nbsp;2019&nbsp;<br><\/strong>Vitzthum&nbsp;Gymnasium&nbsp;Dresden<\/p>\n\n\n\n<p><strong>01.07.2019&nbsp;<br><\/strong>Eintritt&nbsp;in&nbsp;die&nbsp;Bundeswehr&nbsp;(Laufbahn&nbsp;Offiziere)<\/p>\n\n\n\n<p><strong>2020 &#8211; 2023<br><\/strong>Studium&nbsp;der&nbsp;Politikwissenschaften&nbsp;(B.A.)<\/p>\n\n\n\n<p><strong>seit 2023<\/strong><br>Studium der Internationalen Beziehungen (M.A.)<\/p>\n\n\n\n<p><strong>seit&nbsp;01.07.2021&nbsp;<br><\/strong>Stud.&nbsp;Hilfskraft&nbsp;am&nbsp;Lehrstuhl&nbsp;f\u00fcr&nbsp;Politische&nbsp;Theorie<\/p>\n","protected":false},"excerpt":{"rendered":"<p>Soldatische Hilfskraft am Lehrstuhle f\u00fcr politische Theorie Helmut-Schmidt-Universit\u00e4tGeb\u00e4ude H1Holstenhofweg 8522043 Hamburg E-Mail: Erik.Ensminger@hsu-hh.de Lebenslauf 2012&nbsp;&#8211;&nbsp;2019&nbsp;Vitzthum&nbsp;Gymnasium&nbsp;Dresden 01.07.2019&nbsp;Eintritt&nbsp;in&nbsp;die&nbsp;Bundeswehr&nbsp;(Laufbahn&nbsp;Offiziere) 2020 &#8211; 2023Studium&nbsp;der&nbsp;Politikwissenschaften&nbsp;(B.A.) seit 2023Studium der Internationalen Beziehungen (M.A.) seit&nbsp;01.07.2021&nbsp;Stud.&nbsp;Hilfskraft&nbsp;am&nbsp;Lehrstuhl&nbsp;f\u00fcr&nbsp;Politische&nbsp;Theorie<\/p>\n","protected":false},"author":2953,"featured_media":0,"parent":609,"menu_order":0,"comment_status":"closed","ping_status":"closed","template":"","meta":{"footnotes":""},"categories":[8],"tags":[],"class_list":["post-1611","page","type-page","status-publish","hentry","category-team"],"_links":{"self":[{"href":"https:\/\/www.hsu-hh.de\/politiktheorie\/wp-json\/wp\/v2\/pages\/1611","targetHints":{"allow":["GET"]}}],"collection":[{"href":"https:\/\/www.hsu-hh.de\/politiktheorie\/wp-json\/wp\/v2\/pages"}],"about":[{"href":"https:\/\/www.hsu-hh.de\/politiktheorie\/wp-json\/wp\/v2\/types\/page"}],"author":[{"embeddable":true,"href":"https:\/\/www.hsu-hh.de\/politiktheorie\/wp-json\/wp\/v2\/users\/2953"}],"replies":[{"embeddable":true,"href":"https:\/\/www.hsu-hh.de\/politiktheorie\/wp-json\/wp\/v2\/comments?post=1611"}],"version-history":[{"count":4,"href":"https:\/\/www.hsu-hh.de\/politiktheorie\/wp-json\/wp\/v2\/pages\/1611\/revisions"}],"predecessor-version":[{"id":2676,"href":"https:\/\/www.hsu-hh.de\/politiktheorie\/wp-json\/wp\/v2\/pages\/1611\/revisions\/2676"}],"up":[{"embeddable":true,"href":"https:\/\/www.hsu-hh.de\/politiktheorie\/wp-json\/wp\/v2\/pages\/609"}],"wp:attachment":[{"href":"https:\/\/www.hsu-hh.de\/politiktheorie\/wp-json\/wp\/v2\/media?parent=1611"}],"wp:term":[{"taxonomy":"category","embeddable":true,"href":"https:\/\/www.hsu-hh.de\/politiktheorie\/wp-json\/wp\/v2\/categories?post=1611"},{"taxonomy":"post_tag","embeddable":true,"href":"https:\/\/www.hsu-hh.de\/politiktheorie\/wp-json\/wp\/v2\/tags?post=1611"}],"curies":[{"name":"wp","href":"https:\/\/api.w.org\/{rel}","templated":true}]}}