{"id":161,"date":"2017-11-09T14:59:42","date_gmt":"2017-11-09T13:59:42","guid":{"rendered":"https:\/\/www.hsu-hh.de\/politiktheorie\/?page_id=161"},"modified":"2017-12-18T13:28:20","modified_gmt":"2017-12-18T12:28:20","slug":"der-wandel-liberaler-demokratie-im-zeitalter-der-digitalitaet","status":"publish","type":"page","link":"https:\/\/www.hsu-hh.de\/politiktheorie\/forschungsschwerpunkte-projekte\/der-wandel-liberaler-demokratie-im-zeitalter-der-digitalitaet","title":{"rendered":"Der Wandel liberaler Demokratie im Zeitalter der Digitalit\u00e4t"},"content":{"rendered":"<p>Das Internet und der digitale Wandel stellen die Gesellschaft in immer gr\u00f6\u00dferem Umfang vor Herausforderungen. F\u00fcr die Politikwissenschaft er\u00f6ffnet sich damit ein zunehmend relevanteres Forschungsfeld an der Schnittstelle des analogen und digitalen Wandels.<\/p>\n<p>Nachdem das Internet als Kommunikationsplattform in den letzten Dekaden zumeist pauschal entweder als Medium einer neuen und basisdemokratischen Wende gefeiert oder als \u201eTeufelswerk\u201c des Populismus verdammt wurde, wird im Forschungsprojekt \u201eDer Wandel liberaler Demokratie im Zeitalter der Digitalit\u00e4t\u201c ein differenzierterer Blick auf den Themenkomplex geworfen. Besondere Aufmerksamkeit gilt der interdisziplin\u00e4ren und vernetzten Betrachtung der Herausforderungen, die sich durch die Digitalisierung f\u00fcr die Demokratie ergeben. Die Demokratie und deren Analyse wird dabei einerseits von der methodischen als auch andererseits von der theoretischen Seite herausgefordert.<\/p>\n<p>Aus methodischer Sicht kann in Anbetracht der zunehmenden Digitalisierung aller Lebensbereiche auf die gestiegenen Herausforderungen ad\u00e4quat nur noch durch die Anwendung digitaler sozialwissenschaftlicher Analysemethoden reagiert werden. Die durch Big Data systemimmanente Komplexit\u00e4tssteigerung bedarf einer digitalen Methode, wie dem Text Mining, um dieser Komplexit\u00e4tssteigerung zu begegnen. Neben digitalen Methoden bildet Digitalisierung den inhaltlichen Schwerpunkt des Projekts. Deshalb ist Digitalit\u00e4t sowohl methodischen als auch auf der Inhaltlichen Ebene verortet. In Anschluss an <abbr title=\"unter anderem\">u.a.<\/abbr> kulturwissenschaftliche Debatten um den Begriff der \u201eDigitalit\u00e4t\u201c, geht es um eine integrative Perspektive, die Digitalisierung als breitgef\u00e4cherten gesellschaftlichen Prozess versteht. Im Rahmen eines solchen Prozesses sind Ver\u00e4nderungen nicht nur f\u00fcr Teilbereiche der Demokratie, sondern auch f\u00fcr die demokratietheoretischen Grundlagen zu erwarten. Denn die Demokratietheorie ger\u00e4t in Erkl\u00e4rungsnot, wenn ihre Grundannahmen dem Gegenstandsbereich der digital transformierten Demokratie nicht mehr ausreichend entsprechen.<\/p>\n<p>Um dies zu zeigen, muss eine gleichzeitige Ann\u00e4herung sowohl von empirischer als auch von theoretischer Seite erfolgen. Im Projekt wird dies <abbr title=\"unter anderem\">u.a.<\/abbr> f\u00fcr den Teilbereich \u201epolitische \u00d6ffentlichkeit\u201c geleistet, indem die Fragmentierungstendenzen in Online-Foren aus theoretischer und empirischer Perspektive untersucht werden.<\/p>\n<p>Projektmitarbeiter\/in: <a href=\"https:\/\/www.hsu-hh.de\/politiktheorie\/team\/dr-sebastian-dumm\/\">Sebastian Dumm<\/a>, <a href=\"https:\/\/www.hsu-hh.de\/politiktheorie\/team\/karoline-helbig-m-a\/\">Karoline Helbig<\/a>, <a href=\"https:\/\/www.hsu-hh.de\/politiktheorie\/team\/dr-alexander-weiss\/\">Alexander Wei\u00df<\/a><\/p>\n<hr \/>\n<h3>Publikationen<\/h3>\n<p>Politikwissenschaft und Big Data. Eine epistemologische Reflexion \u00fcber Herausforderungen, Chancen und Risiken, in: Joachim Behnke, Kai-Uwe Schnapp, Claudius Wagemann, Andreas Bl\u00e4tte (<abbr title=\"Herausgeber\">Hrsg.<\/abbr>): Big Data: Gro\u00dfe M\u00f6glichkeiten oder gro\u00dfe Probleme? Wiesbaden: Springer, 2017, (Gary S. Schaal\/Sebastian Dumm\/Kelly Lancaster)<\/p>\n<p>Die Herausforderungen der Digitalit\u00e4t f\u00fcr demokratische Staatlichkeit, in: Stefanie Hammer et al. (<abbr title=\"Herausgeber\">Hrsg.<\/abbr>) 2017: Staat, Internet und digitale Gouvernementalit\u00e4t, Wiebaden: Springer, 2017, (Gary S. Schaal\/Kelly Lancaster\/Bj\u00f6rn Ewert\/Alexander Stulpe)<\/p>\n<p>Der aktuelle Diskurs \u00fcber die Krise der Demokratie. Zeitschrift f\u00fcr Vergleichende Politikwissenschaft, 10\/3-4, 371-390, 2016 (Gary S. Schaal)<\/p>\n<p>Die Theorie der e-democracy. In: Lembcke, Oliver\/Ritzi, Claudia\/Schaal, Gary S. (<abbr title=\"Herausgeber\">Hrsg.<\/abbr>) Demokratietheorie. Band 2: Normative Demokratietheorien, Wiesbaden: Springer, 2016 (Gary S. Schaal).<\/p>\n<hr \/>\n<h3>Tagungspapiere<\/h3>\n<p>Democratic Theory and the Digital Challenge, vorgestellt bei den MANCEPT Workshops 2017 (Alexander Wei\u00df)<\/p>\n<p>Algorithms and Deliberative Democracy: The Algorithmic Influence on Knowledge Structures and Deliberation and the Implications for Deliberative Democratic Theory, vorgestellt bei den MANCEPT Workshops 2017 (Karoline Helbig)<\/p>\n<p>Measuring Democracy in the Age of Digitalization. Theoretical Issues, Methodological Concerns, and Exemplary Solutions, 2017, available online:\u00a0https:\/\/ecpr.eu\/Events\/PaperDetails.aspx?PaperID=37051&amp;EventID=96) (Gary S. Schaal\/Karoline Helbig\/Dannica Fleu\u00df).<\/p>\n","protected":false},"excerpt":{"rendered":"<p>Das Internet und der digitale Wandel stellen die Gesellschaft in immer gr\u00f6\u00dferem Umfang vor Herausforderungen. F\u00fcr die Politikwissenschaft er\u00f6ffnet sich damit ein zunehmend relevanteres Forschungsfeld an der Schnittstelle des analogen [&hellip;]<\/p>\n","protected":false},"author":181,"featured_media":0,"parent":128,"menu_order":0,"comment_status":"closed","ping_status":"closed","template":"","meta":{"footnotes":""},"categories":[4],"tags":[],"class_list":["post-161","page","type-page","status-publish","hentry","category-forschung"],"_links":{"self":[{"href":"https:\/\/www.hsu-hh.de\/politiktheorie\/wp-json\/wp\/v2\/pages\/161","targetHints":{"allow":["GET"]}}],"collection":[{"href":"https:\/\/www.hsu-hh.de\/politiktheorie\/wp-json\/wp\/v2\/pages"}],"about":[{"href":"https:\/\/www.hsu-hh.de\/politiktheorie\/wp-json\/wp\/v2\/types\/page"}],"author":[{"embeddable":true,"href":"https:\/\/www.hsu-hh.de\/politiktheorie\/wp-json\/wp\/v2\/users\/181"}],"replies":[{"embeddable":true,"href":"https:\/\/www.hsu-hh.de\/politiktheorie\/wp-json\/wp\/v2\/comments?post=161"}],"version-history":[{"count":5,"href":"https:\/\/www.hsu-hh.de\/politiktheorie\/wp-json\/wp\/v2\/pages\/161\/revisions"}],"predecessor-version":[{"id":584,"href":"https:\/\/www.hsu-hh.de\/politiktheorie\/wp-json\/wp\/v2\/pages\/161\/revisions\/584"}],"up":[{"embeddable":true,"href":"https:\/\/www.hsu-hh.de\/politiktheorie\/wp-json\/wp\/v2\/pages\/128"}],"wp:attachment":[{"href":"https:\/\/www.hsu-hh.de\/politiktheorie\/wp-json\/wp\/v2\/media?parent=161"}],"wp:term":[{"taxonomy":"category","embeddable":true,"href":"https:\/\/www.hsu-hh.de\/politiktheorie\/wp-json\/wp\/v2\/categories?post=161"},{"taxonomy":"post_tag","embeddable":true,"href":"https:\/\/www.hsu-hh.de\/politiktheorie\/wp-json\/wp\/v2\/tags?post=161"}],"curies":[{"name":"wp","href":"https:\/\/api.w.org\/{rel}","templated":true}]}}