{"id":159,"date":"2017-11-09T14:58:07","date_gmt":"2017-11-09T13:58:07","guid":{"rendered":"https:\/\/www.hsu-hh.de\/politiktheorie\/?page_id=159"},"modified":"2019-01-17T10:39:02","modified_gmt":"2019-01-17T09:39:02","slug":"mehr-demokratie-duch-demokratische-innovation","status":"publish","type":"page","link":"https:\/\/www.hsu-hh.de\/politiktheorie\/forschungsschwerpunkte-projekte\/mehr-demokratie-duch-demokratische-innovation","title":{"rendered":"Mehr Demokratie durch demokratische Innovationen?"},"content":{"rendered":"<h2>Die Ver\u00e4nderung politischer Gleichheit durch neue Beteiligungsformate<\/h2>\n<p>Das Forschungsprojekt \u201eMehr Demokratie durch demokratische Innovationen? Die Ver\u00e4nderung politischer Gleichheit durch neue Beteiligungsformate\u201c ist an der Schnittstelle zwischen Demokratie-, Diskurs- und Legitimationsforschung angesiedelt. Das Projekt fragt nach den Konsequenzen demokratischer Innovationen f\u00fcr die Akzeptanz und Stabilit\u00e4t repr\u00e4sentativ-demokratischer Institutionen, Verfahren und Leitideen auf L\u00e4nder- und kommunaler Ebene. Im Zentrum der Untersuchung stehen dabei die Auswirkungen neuer demokratischer Beteiligungsverfahren, <abbr title=\"das hei\u00dft\">d.h.<\/abbr> direkter und deliberativer B\u00fcrgerbeteiligung, auf die diskursive Konstruktion des Ideals politischer Gleichheit und die Generierung legitimer politischer Entscheidungen.<\/p>\n<p>&nbsp;<\/p>\n<p>Das Projekt wird in Kooperation mit dem Lehrstuhl f\u00fcr Vergleichende Regierungslehre (<a href=\"https:\/\/www.hsu-hh.de\/verglreg\/\">Prof. <abbr title=\"Doktor\">Dr.<\/abbr> Florian Grotz<\/a> ) an der Helmut-Schmidt-Universit\u00e4t\/Universit\u00e4t der Bundeswehr in Hamburg durchgef\u00fchrt.<\/p>\n<p>Projektmitarbeiter: <a href=\"https:\/\/www.hsu-hh.de\/politiktheorie\/team\/christoph-deppe-m-a\/\">Christoph Deppe<\/a><\/p>\n<hr \/>\n<h3>Publikationen<\/h3>\n<p>Deliberative Minipublics. Zur Notwendigkeit einer Theorie der politischen Legitimation von eingebetteten deliberativen Systemen, in: Winfried Thaa et al. Hrsgg.: Formwandel der Demokratie, Nomos, 2018 (Gary S. Schaal\/Fraenze Wilhelm)<\/p>\n<p>F\u00fchrt mehr Demokratie zu weniger Demokratie? Gary S. Schaal zusammen mit Florian Grotz. Berliner Republik: <a href=\"http:\/\/www.b-republik.de\/aktuelle-ausgabe\/fuehrt-mehr-demokratie-zu-weniger-demokratie\" rel='nofollow'>http:\/\/www.b-republik.de\/aktuelle-ausgabe\/fuehrt-mehr-demokratie-zu-weniger-demokratie, 2017<\/a><\/p>\n","protected":false},"excerpt":{"rendered":"<p>Die Ver\u00e4nderung politischer Gleichheit durch neue Beteiligungsformate Das Forschungsprojekt \u201eMehr Demokratie durch demokratische Innovationen? Die Ver\u00e4nderung politischer Gleichheit durch neue Beteiligungsformate\u201c ist an der Schnittstelle zwischen Demokratie-, Diskurs- und Legitimationsforschung [&hellip;]<\/p>\n","protected":false},"author":181,"featured_media":0,"parent":128,"menu_order":0,"comment_status":"closed","ping_status":"closed","template":"","meta":{"footnotes":""},"categories":[4],"tags":[],"class_list":["post-159","page","type-page","status-publish","hentry","category-forschung"],"_links":{"self":[{"href":"https:\/\/www.hsu-hh.de\/politiktheorie\/wp-json\/wp\/v2\/pages\/159","targetHints":{"allow":["GET"]}}],"collection":[{"href":"https:\/\/www.hsu-hh.de\/politiktheorie\/wp-json\/wp\/v2\/pages"}],"about":[{"href":"https:\/\/www.hsu-hh.de\/politiktheorie\/wp-json\/wp\/v2\/types\/page"}],"author":[{"embeddable":true,"href":"https:\/\/www.hsu-hh.de\/politiktheorie\/wp-json\/wp\/v2\/users\/181"}],"replies":[{"embeddable":true,"href":"https:\/\/www.hsu-hh.de\/politiktheorie\/wp-json\/wp\/v2\/comments?post=159"}],"version-history":[{"count":6,"href":"https:\/\/www.hsu-hh.de\/politiktheorie\/wp-json\/wp\/v2\/pages\/159\/revisions"}],"predecessor-version":[{"id":1030,"href":"https:\/\/www.hsu-hh.de\/politiktheorie\/wp-json\/wp\/v2\/pages\/159\/revisions\/1030"}],"up":[{"embeddable":true,"href":"https:\/\/www.hsu-hh.de\/politiktheorie\/wp-json\/wp\/v2\/pages\/128"}],"wp:attachment":[{"href":"https:\/\/www.hsu-hh.de\/politiktheorie\/wp-json\/wp\/v2\/media?parent=159"}],"wp:term":[{"taxonomy":"category","embeddable":true,"href":"https:\/\/www.hsu-hh.de\/politiktheorie\/wp-json\/wp\/v2\/categories?post=159"},{"taxonomy":"post_tag","embeddable":true,"href":"https:\/\/www.hsu-hh.de\/politiktheorie\/wp-json\/wp\/v2\/tags?post=159"}],"curies":[{"name":"wp","href":"https:\/\/api.w.org\/{rel}","templated":true}]}}