{"id":156,"date":"2017-11-09T14:55:56","date_gmt":"2017-11-09T13:55:56","guid":{"rendered":"https:\/\/www.hsu-hh.de\/politiktheorie\/?page_id=156"},"modified":"2017-11-09T15:00:25","modified_gmt":"2017-11-09T14:00:25","slug":"clarin-d","status":"publish","type":"page","link":"https:\/\/www.hsu-hh.de\/politiktheorie\/forschungsschwerpunkte-projekte\/clarin-d","title":{"rendered":"Clarin-D"},"content":{"rendered":"<h2>Prof. <abbr title=\"Doktor\">Dr.<\/abbr> Gary S. Schaal ist Mitglied des Lenkungskreises von <a href=\"http:\/\/clarin-d.de\/de\/\" rel='nofollow'>Clarin-D<\/a>.<\/h2>\n<p>\u201eIn den Geistes- und Sozialwissenschaften werden Quellen verwendet, die entweder in Forschungsprojekten selbst hergestellt, gesammelt oder aus Archivbest\u00e4nden \u00fcbernommen werden. <a href=\"http:\/\/clarin-d.de\/de\/\" rel='nofollow'>CLARIN-D<\/a> stellt eine Forschungsinfrastruktur f\u00fcr die Geistes- und Sozialwissenschaften dar, die Forschende beim Auffinden, Aufbewahren und Auswerten von Forschungsdaten unterst\u00fctzt. Darum herum bietet die Infrastruktur Informationen, Lehrmaterial, Hinweise zu Datenmanagementpl\u00e4nen und fachbezogene Unterst\u00fctzung.\u201c<\/p>\n<h2>Prof. <abbr title=\"Doktor\">Dr.<\/abbr> Gary S. Schaal ist Ko-Sprecher der <a href=\"https:\/\/www.clarin-d.de\/de\/fachwissenschaften\/f-ag8-inhaltsanalytische-methoden-in-den-sozialwissenschaften\" rel='nofollow'>F-AG 7 <\/a>von Clarin D.<\/h2>\n<p>\u201eCLARIN-D unterst\u00fctzt die Arbeit mit inhaltsanalytischen Methoden f\u00fcr sozialwissenschaftliche Forschung durch die Bereitstellung von Services zum Auffinden von Sprachdaten, zur Analyse von gro\u00dfen Mengen geschriebener Texte und zur langfristigen Verf\u00fcgbarmachung und Bereitstellung von Korpora und Forschungsergebnissen. Zur Unterst\u00fctzung der Sozialwissenschaften durch die digitale Forschungsinfrastruktur vernetzen sich Forschende in der Sozial- und Politikwissenschaft in der <a href=\"https:\/\/www.clarin-d.de\/de\/fachwissenschaften\/f-ag8-inhaltsanalytische-methoden-in-den-sozialwissenschaften\" rel='nofollow'>F7 <\/a>\u00bbInhaltsanalytische Methoden in den Sozialwissenschaften\u00ab des CLARIN-D Projekts.\u201c<\/p>\n","protected":false},"excerpt":{"rendered":"<p>Prof. Dr. Gary S. Schaal ist Mitglied des Lenkungskreises von Clarin-D. \u201eIn den Geistes- und Sozialwissenschaften werden Quellen verwendet, die entweder in Forschungsprojekten selbst hergestellt, gesammelt oder aus Archivbest\u00e4nden \u00fcbernommen [&hellip;]<\/p>\n","protected":false},"author":181,"featured_media":0,"parent":128,"menu_order":0,"comment_status":"closed","ping_status":"closed","template":"","meta":{"footnotes":""},"categories":[4],"tags":[],"class_list":["post-156","page","type-page","status-publish","hentry","category-forschung"],"_links":{"self":[{"href":"https:\/\/www.hsu-hh.de\/politiktheorie\/wp-json\/wp\/v2\/pages\/156","targetHints":{"allow":["GET"]}}],"collection":[{"href":"https:\/\/www.hsu-hh.de\/politiktheorie\/wp-json\/wp\/v2\/pages"}],"about":[{"href":"https:\/\/www.hsu-hh.de\/politiktheorie\/wp-json\/wp\/v2\/types\/page"}],"author":[{"embeddable":true,"href":"https:\/\/www.hsu-hh.de\/politiktheorie\/wp-json\/wp\/v2\/users\/181"}],"replies":[{"embeddable":true,"href":"https:\/\/www.hsu-hh.de\/politiktheorie\/wp-json\/wp\/v2\/comments?post=156"}],"version-history":[{"count":2,"href":"https:\/\/www.hsu-hh.de\/politiktheorie\/wp-json\/wp\/v2\/pages\/156\/revisions"}],"predecessor-version":[{"id":158,"href":"https:\/\/www.hsu-hh.de\/politiktheorie\/wp-json\/wp\/v2\/pages\/156\/revisions\/158"}],"up":[{"embeddable":true,"href":"https:\/\/www.hsu-hh.de\/politiktheorie\/wp-json\/wp\/v2\/pages\/128"}],"wp:attachment":[{"href":"https:\/\/www.hsu-hh.de\/politiktheorie\/wp-json\/wp\/v2\/media?parent=156"}],"wp:term":[{"taxonomy":"category","embeddable":true,"href":"https:\/\/www.hsu-hh.de\/politiktheorie\/wp-json\/wp\/v2\/categories?post=156"},{"taxonomy":"post_tag","embeddable":true,"href":"https:\/\/www.hsu-hh.de\/politiktheorie\/wp-json\/wp\/v2\/tags?post=156"}],"curies":[{"name":"wp","href":"https:\/\/api.w.org\/{rel}","templated":true}]}}