{"id":1479,"date":"2021-06-02T21:43:17","date_gmt":"2021-06-02T19:43:17","guid":{"rendered":"https:\/\/www.hsu-hh.de\/politiktheorie\/?page_id=1479"},"modified":"2025-02-04T15:40:32","modified_gmt":"2025-02-04T14:40:32","slug":"joseph-verbovszky","status":"publish","type":"page","link":"https:\/\/www.hsu-hh.de\/politiktheorie\/team\/joseph-verbovszky","title":{"rendered":"Dr. Joseph Verbovszky"},"content":{"rendered":"\n<h2 class=\"wp-block-heading\">Wissenschaftlicher Mitarbeiter am Lehrstuhl f\u00fcr Politikwissenschaft, insbesondere Politische Theorie<\/h2>\n\n\n\n<hr class=\"wp-block-separator has-css-opacity is-style-wide\" \/>\n\n\n\n<div class=\"wp-block-media-text alignwide has-media-on-the-right is-stacked-on-mobile\" style=\"grid-template-columns:auto 20%\"><div class=\"wp-block-media-text__content\">\n<p>Helmut-Schmidt-Universit\u00e4t<br>Geb\u00e4ude H1 <br>Holstenhofweg 85<br>22043 Hamburg<\/p>\n\n\n\n<p>E-Mail: <a href=\"mailto:joseph.verbovszky@hsu-hh.de\" rel='nofollow'>joseph.verbovszky<\/a>@hsu-hh.de<\/p>\n<\/div><figure class=\"wp-block-media-text__media\"><img loading=\"lazy\" decoding=\"async\" width=\"383\" height=\"494\" src=\"https:\/\/www.hsu-hh.de\/politiktheorie\/wp-content\/uploads\/sites\/726\/2021\/07\/Board_JV.jpg\" data-credit=\"Joseph Verbovszky\" alt=\"Joseph Verbovszky\" class=\"wp-image-1551 size-full\" srcset=\"https:\/\/www.hsu-hh.de\/politiktheorie\/wp-content\/uploads\/sites\/726\/2021\/07\/Board_JV.jpg 383w, https:\/\/www.hsu-hh.de\/politiktheorie\/wp-content\/uploads\/sites\/726\/2021\/07\/Board_JV-233x300.jpg 233w\" sizes=\"auto, (max-width: 383px) 100vw, 383px\" \/><\/figure><\/div>\n\n\n\n<hr class=\"wp-block-separator has-css-opacity is-style-wide\" \/>\n\n\n\n<h2 class=\"wp-block-heading\">\u00dcber Joseph Verbovszky<\/h2>\n\n\n\n<hr class=\"wp-block-separator has-css-opacity is-style-wide\" \/>\n\n\n\n<p>Joseph Verbovszky&nbsp;ist Doktorand an der&nbsp;Universit\u00e4t der Bundeswehr M\u00fcnchen&nbsp;und wissenschaftlicher Mitarbeiter am DAIO mit dem Schwerpunkt r\u00fcstungsindustriell-technische \u00d6kosysteme. Davor war er f\u00fcr R\u00fcstungsunternehmen in den Bereichen internationale Zusammenarbeit und strategische Analyse t\u00e4tig. Sein Masterstudium hat er an der Johns Hopkins School of Advanced International Studies (SAIS) in internationalen Beziehungen und Volkswirtschaft absolviert.<\/p>\n\n\n\n<hr class=\"wp-block-separator has-css-opacity is-style-wide\" \/>\n\n\n\n<h2 class=\"wp-block-heading\">Publikationen <\/h2>\n\n\n\n<hr class=\"wp-block-separator has-css-opacity is-style-wide\" \/>\n\n\n\n<p>Borchert, Heiko; Sch\u00fctz, Torben; Verbovszky, Joseph (2021): &#8222;Beware the Hype: What Military Conflicts in Ukraine, Syria, Libya, and N\u00adagorno-Karabakh (Don\u2019t) Tell Us About the Future of War&#8220;, Hamburg: Defense AI Observatory.<\/p>\n\n\n\n<p>Lehmhaus, Lorenz; Verbovszky, Joseph: &#8222;Technik und Verantwortung: Die Bundeswehr und das Ringen um den Weltraum\u201d, Wehrtechnik V-VI\/2020, S. 23-25.<br><\/p>\n","protected":false},"excerpt":{"rendered":"<p>Wissenschaftlicher Mitarbeiter am Lehrstuhl f\u00fcr Politikwissenschaft, insbesondere Politische Theorie Helmut-Schmidt-Universit\u00e4tGeb\u00e4ude H1 Holstenhofweg 8522043 Hamburg E-Mail: joseph.verbovszky@hsu-hh.de \u00dcber Joseph Verbovszky Joseph Verbovszky&nbsp;ist Doktorand an der&nbsp;Universit\u00e4t der Bundeswehr M\u00fcnchen&nbsp;und wissenschaftlicher Mitarbeiter am [&hellip;]<\/p>\n","protected":false},"author":2953,"featured_media":0,"parent":124,"menu_order":0,"comment_status":"closed","ping_status":"closed","template":"","meta":{"footnotes":""},"categories":[8],"tags":[],"class_list":["post-1479","page","type-page","status-publish","hentry","category-team"],"_links":{"self":[{"href":"https:\/\/www.hsu-hh.de\/politiktheorie\/wp-json\/wp\/v2\/pages\/1479","targetHints":{"allow":["GET"]}}],"collection":[{"href":"https:\/\/www.hsu-hh.de\/politiktheorie\/wp-json\/wp\/v2\/pages"}],"about":[{"href":"https:\/\/www.hsu-hh.de\/politiktheorie\/wp-json\/wp\/v2\/types\/page"}],"author":[{"embeddable":true,"href":"https:\/\/www.hsu-hh.de\/politiktheorie\/wp-json\/wp\/v2\/users\/2953"}],"replies":[{"embeddable":true,"href":"https:\/\/www.hsu-hh.de\/politiktheorie\/wp-json\/wp\/v2\/comments?post=1479"}],"version-history":[{"count":5,"href":"https:\/\/www.hsu-hh.de\/politiktheorie\/wp-json\/wp\/v2\/pages\/1479\/revisions"}],"predecessor-version":[{"id":3350,"href":"https:\/\/www.hsu-hh.de\/politiktheorie\/wp-json\/wp\/v2\/pages\/1479\/revisions\/3350"}],"up":[{"embeddable":true,"href":"https:\/\/www.hsu-hh.de\/politiktheorie\/wp-json\/wp\/v2\/pages\/124"}],"wp:attachment":[{"href":"https:\/\/www.hsu-hh.de\/politiktheorie\/wp-json\/wp\/v2\/media?parent=1479"}],"wp:term":[{"taxonomy":"category","embeddable":true,"href":"https:\/\/www.hsu-hh.de\/politiktheorie\/wp-json\/wp\/v2\/categories?post=1479"},{"taxonomy":"post_tag","embeddable":true,"href":"https:\/\/www.hsu-hh.de\/politiktheorie\/wp-json\/wp\/v2\/tags?post=1479"}],"curies":[{"name":"wp","href":"https:\/\/api.w.org\/{rel}","templated":true}]}}