{"id":146,"date":"2017-11-09T14:33:03","date_gmt":"2017-11-09T13:33:03","guid":{"rendered":"https:\/\/www.hsu-hh.de\/politiktheorie\/?page_id=146"},"modified":"2017-12-18T13:45:48","modified_gmt":"2017-12-18T12:45:48","slug":"kompetenzzentrum-fuer-digital-humanities","status":"publish","type":"page","link":"https:\/\/www.hsu-hh.de\/politiktheorie\/forschungsschwerpunkte-projekte\/kompetenzzentrum-fuer-digital-humanities","title":{"rendered":"Kompetenzzentrum f\u00fcr digital humanities"},"content":{"rendered":"<p>Das Kompetenzzentrum f\u00fcr digital humanities an der Helmut-Schmidt-Universit\u00e4t \/ Universit\u00e4t der Bundeswehr Hamburg ist auf der Organisationsebene der Fakult\u00e4t f\u00fcr Wirtschafts- und Sozialwissenschaften angesiedelt und wird von Prof. <abbr title=\"Doktor\">Dr.<\/abbr> Gary S. Schaal geleitet.<\/p>\n<p>N\u00e4here Information finden Sie auf der Fakult\u00e4ts-Homepage unter folgendem Link:<\/p>\n<p><a href=\"http:\/\/www.hsu-hh.de\/kdh\/\">Kompetenzzentrum f\u00fcr digital humanities <\/a><\/p>\n","protected":false},"excerpt":{"rendered":"<p>Das Kompetenzzentrum f\u00fcr digital humanities an der Helmut-Schmidt-Universit\u00e4t \/ Universit\u00e4t der Bundeswehr Hamburg ist auf der Organisationsebene der Fakult\u00e4t f\u00fcr Wirtschafts- und Sozialwissenschaften angesiedelt und wird von Prof. Dr. Gary [&hellip;]<\/p>\n","protected":false},"author":181,"featured_media":0,"parent":128,"menu_order":0,"comment_status":"closed","ping_status":"closed","template":"","meta":{"footnotes":""},"categories":[4],"tags":[],"class_list":["post-146","page","type-page","status-publish","hentry","category-forschung"],"_links":{"self":[{"href":"https:\/\/www.hsu-hh.de\/politiktheorie\/wp-json\/wp\/v2\/pages\/146","targetHints":{"allow":["GET"]}}],"collection":[{"href":"https:\/\/www.hsu-hh.de\/politiktheorie\/wp-json\/wp\/v2\/pages"}],"about":[{"href":"https:\/\/www.hsu-hh.de\/politiktheorie\/wp-json\/wp\/v2\/types\/page"}],"author":[{"embeddable":true,"href":"https:\/\/www.hsu-hh.de\/politiktheorie\/wp-json\/wp\/v2\/users\/181"}],"replies":[{"embeddable":true,"href":"https:\/\/www.hsu-hh.de\/politiktheorie\/wp-json\/wp\/v2\/comments?post=146"}],"version-history":[{"count":4,"href":"https:\/\/www.hsu-hh.de\/politiktheorie\/wp-json\/wp\/v2\/pages\/146\/revisions"}],"predecessor-version":[{"id":599,"href":"https:\/\/www.hsu-hh.de\/politiktheorie\/wp-json\/wp\/v2\/pages\/146\/revisions\/599"}],"up":[{"embeddable":true,"href":"https:\/\/www.hsu-hh.de\/politiktheorie\/wp-json\/wp\/v2\/pages\/128"}],"wp:attachment":[{"href":"https:\/\/www.hsu-hh.de\/politiktheorie\/wp-json\/wp\/v2\/media?parent=146"}],"wp:term":[{"taxonomy":"category","embeddable":true,"href":"https:\/\/www.hsu-hh.de\/politiktheorie\/wp-json\/wp\/v2\/categories?post=146"},{"taxonomy":"post_tag","embeddable":true,"href":"https:\/\/www.hsu-hh.de\/politiktheorie\/wp-json\/wp\/v2\/tags?post=146"}],"curies":[{"name":"wp","href":"https:\/\/api.w.org\/{rel}","templated":true}]}}