{"id":1341,"date":"2021-04-27T21:23:10","date_gmt":"2021-04-27T19:23:10","guid":{"rendered":"https:\/\/www.hsu-hh.de\/politiktheorie\/?page_id=1341"},"modified":"2024-09-06T08:36:02","modified_gmt":"2024-09-06T06:36:02","slug":"wissenschaftlicher-mitarbeiter-am-lehrstuhl-fuer-politikwissenschaft-insbesondere-politische-theorie","status":"publish","type":"page","link":"https:\/\/www.hsu-hh.de\/politiktheorie\/team\/ehemalige-mitarbeiter\/wissenschaftlicher-mitarbeiter-am-lehrstuhl-fuer-politikwissenschaft-insbesondere-politische-theorie","title":{"rendered":"Torben Sch\u00fctz"},"content":{"rendered":"\n<h2 class=\"wp-block-heading\">Ehemaliger Mitarbeiter am Lehrstuhl f\u00fcr Politikwissenschaft, insbesondere Politische Theorie<\/h2>\n\n\n\n<hr class=\"wp-block-separator has-css-opacity is-style-wide\" \/>\n\n\n\n<div class=\"wp-block-media-text alignwide has-media-on-the-right is-stacked-on-mobile\" style=\"grid-template-columns:auto 28%\"><div class=\"wp-block-media-text__content\">\n<p>Helmut-Schmidt-Universit\u00e4t<br>Geb\u00e4ude H1<br>Holstenhofweg 85<br>22043 Hamburg<\/p>\n\n\n\n<p>E-Mail: schuetzt@hsu-hh.de<\/p>\n<\/div><figure class=\"wp-block-media-text__media\"><img loading=\"lazy\" decoding=\"async\" width=\"1004\" height=\"720\" src=\"https:\/\/www.hsu-hh.de\/politiktheorie\/wp-content\/uploads\/sites\/726\/2021\/04\/Torben-Schuetz.jpg\" data-credit=\"Torben Sch\u00fctz\" alt=\"Torben Sch\u00fctz\" class=\"wp-image-1342 size-full\" srcset=\"https:\/\/www.hsu-hh.de\/politiktheorie\/wp-content\/uploads\/sites\/726\/2021\/04\/Torben-Schuetz.jpg 1004w, https:\/\/www.hsu-hh.de\/politiktheorie\/wp-content\/uploads\/sites\/726\/2021\/04\/Torben-Schuetz-300x215.jpg 300w, https:\/\/www.hsu-hh.de\/politiktheorie\/wp-content\/uploads\/sites\/726\/2021\/04\/Torben-Schuetz-768x551.jpg 768w\" sizes=\"auto, (max-width: 1004px) 100vw, 1004px\" \/><\/figure><\/div>\n\n\n\n<hr class=\"wp-block-separator has-css-opacity is-style-wide\" \/>\n\n\n\n\n\n\n\n\n\n\n\n<h2 class=\"wp-block-heading\">Lebenslauf<\/h2>\n\n\n\n<hr class=\"wp-block-separator has-css-opacity is-style-wide\" \/>\n\n\n\n<p><strong>seit Februar 2021<\/strong> <\/p>\n\n\n\n<p>Wissenschaftlicher Mitarbeiter am Lehrstuhl f\u00fcr Politikwissenschaft, insbesondere Politische Theorie an der Helmut Schmidt Universit\u00e4t\/Universit\u00e4t der Bundeswehr Hamburg<\/p>\n\n\n\n<p><strong>Februar 2020 \u2013 Januar 2021<\/strong><\/p>\n\n\n\n<p>Research Fellow f\u00fcr R\u00fcstungspolitik im Programm Sicherheit und Verteidigung der Deutschen Gesellschaft f\u00fcr Ausw\u00e4rtige Politik<\/p>\n\n\n\n<p><strong>2016 \u2013 Januar 2020<\/strong><\/p>\n\n\n\n<p>Selbstst\u00e4ndiger Politikberater f\u00fcr Sicherheits- und Verteidigungspolitik, Associate Fellow im Programm Sicherheit und Verteidigung der Deutschen Gesellschaft f\u00fcr Ausw\u00e4rtige Politik<\/p>\n\n\n\n<p><strong>2013 \u2013 2016<\/strong><\/p>\n\n\n\n<p>Projektassistent in der Forschungsgruppe Sicherheitspolitik der Stiftung Wissenschaft und Politik\/Deutsches Institut f\u00fcr Internationale Politik und Sicherheit<\/p>\n\n\n\n<p>Projekte \u201eEuropean Defence Monitoring\u201c &amp; \u201ePermanent Monitoring and Analysis of Military Capabilities and Defence Sector Trends\u201d<\/p>\n\n\n\n<p><strong>2010 &#8211; 2013<\/strong><\/p>\n\n\n\n<p>M.A. Politikwissenschaft, Leibniz Universit\u00e4t Hannover<\/p>\n\n\n\n<p><strong>2007 &#8211; 2010<\/strong><\/p>\n\n\n\n<p>B.A. Politikwissenschaft, Leibniz Universit\u00e4t Hannover<\/p>\n\n\n\n<hr class=\"wp-block-separator has-css-opacity is-style-wide\" \/>\n\n\n\n<h2 class=\"wp-block-heading\">Forschungsinteressen <\/h2>\n\n\n\n<hr class=\"wp-block-separator has-css-opacity is-style-wide\" \/>\n\n\n\n<p>Europ\u00e4ische Sicherheits- und Verteidigungspolitik<\/p>\n\n\n\n<p>Milit\u00e4rische Innovation<\/p>\n\n\n\n<p>Zukunft der Kriegsf\u00fchrung<\/p>\n\n\n\n<hr class=\"wp-block-separator has-css-opacity is-style-wide\" \/>\n\n\n\n<h2 class=\"wp-block-heading\">Publikationen <\/h2>\n\n\n\n<hr class=\"wp-block-separator has-css-opacity is-style-wide\" \/>\n\n\n\n<p>Heiko Borchert und Torben Sch\u00fctz, \u201e<a rel=\"noreferrer noopener\" href=\"https:\/\/www.tagesspiegel.de\/politik\/bundeswehr-und-ruestungsindustrie-koennen-aus-ukrainekrieg-viel-lernen-die-neue-waehrung-heisst-einsatzerfahrung\/28455250.html\" target=\"_blank\">Die neue W\u00e4hrung hei\u00dft Einsatzerfahrung\u201c<\/a>, Tagesspiegel, 27. Juni 2022<\/p>\n\n\n\n<p>Heiko Borchert, Torben Sch\u00fctz und Joseph Verzbovsky, <a rel=\"noreferrer noopener\" href=\"https:\/\/defenseai.eu\/adaptive_portfolio_globsec2022\" target=\"_blank\">Adaptive Portfolio. Catalysing NATO\u2019s Peformance Through Innovation<\/a> (Bratislava: GLOBSEC, 2022)<\/p>\n\n\n\n<p>Becker, Sophia und Torben Sch\u00fctz, <a rel=\"noreferrer noopener\" href=\"https:\/\/internationalepolitik.de\/system\/files\/article_pdfs\/IP_01-2022_Becker_Schuetz_oB.pdf\" target=\"_blank\">\u201eReform oder Irrelevanz,\u201c<\/a> Internationale Politik, 77:1 (Januar 2022), S. 42-46<\/p>\n\n\n\n<p>Sch\u00fctz, Torben, Joseph Verzbovsky und Heiko Borchert, <a rel=\"noreferrer noopener\" href=\"https:\/\/warontherocks.com\/2022\/04\/beware-of-potemkin-germanys-defense-rethink-risks-reinforcing-old-habits\/\" target=\"_blank\">\u201eBeware of Potemkin: Germany&#8217;s Defense Rethink Risks Reinforcing Old Habits\u201c<\/a>, War on the Rocks, 11. April 2022<\/p>\n\n\n\n<p>Borchert, Heiko, Torben Sch\u00fctz und Joseph Verbovszky,&nbsp;<a rel=\"noreferrer noopener\" href=\"https:\/\/www.rsis.edu.sg\/rsis-publication\/rsis\/war-as-a-service-stop-overhyping-technology\/\" target=\"_blank\">\u201eWar as a Service: Stop Overhyping Technology\u201d<\/a>, RSIS Commentary, 13. August 2021.<\/p>\n\n\n\n<p>M\u00f6lling, Christian, Florence Schimmel und Torben Sch\u00fctz, <a rel=\"noreferrer noopener\" href=\"https:\/\/dgap.org\/en\/research\/publications\/role-space-global-common-good-critical-infrastructure-and-industry\" target=\"_blank\">The Role of Space as a Global Common Good for Critical Infrastructure and Industry. A Workshop Report<\/a> (Berlin: DGAP, 2021).<\/p>\n\n\n\n<p>Verbovszky, Joseph und Torben Sch\u00fctz, \u201eDeutschlands globales verteidigungspolitisches Wertsch\u00f6pfungsnetzwerk\u201c, Wehrtechnik II\/2021 (Juni 2021), S. 12-14.<\/p>\n\n\n\n<p>Christian M\u00f6lling und Torben Sch\u00fctz, <em>\u201eGermany\u201c,<\/em> in: \u201e<a href=\"https:\/\/www.iai.it\/en\/pubblicazioni\/europes-missile-defence-and-italy-capabilities-and-cooperation\" rel='nofollow'>Europe\u2019s Missile Defence and Italy: Capabilities and Cooperatio<\/a>n\u201d, Istituto Affari Internazionali, Rom (Mai 2021).<\/p>\n\n\n\n<p>Sch\u00fctz, T.: Revolutionary by Design: The US National Security State and Commercialization in the US Space Sector, French Institute of International Relations, Paris, December 2020, https:\/\/dgap.org\/sites\/default\/files\/article_pdfs\/revolutionary_by_design_.pdf<\/p>\n\n\n\n<p>Becker, S.; M\u00f6lling, C.; Sch\u00fctz, T.: Learning together: UK-Germany cooperation on military innovation and the future of warfare, King\u2019s College London, London, November 2020, https:\/\/dgap.org\/sites\/default\/files\/article_pdfs\/uk-germany_military_innovation_.pdf<\/p>\n\n\n\n<p>M\u00f6lling, C.; Sch\u00fctz, T.: Vorschl\u00e4ge f\u00fcr eine neue deutsche R\u00fcstungspolitik, Deutsche Gesellschaft f\u00fcr Ausw\u00e4rtige Politik, Berlin, September 2020, https:\/\/dgap.org\/sites\/default\/files\/article_pdfs\/dgap-policy%20brief-2020-23-de_0.pdf<\/p>\n\n\n\n<p>Sch\u00fctz, T.: Der vernetzte Krieg: Warum moderne Streitkr\u00e4fte von elektronischer Kampff\u00fchrung abh\u00e4ngen, Deutsche Gesellschaft f\u00fcr Ausw\u00e4rtige Politik, Berlin, Oktober 2019, https:\/\/dgap.org\/system\/files\/article_pdfs\/2019-17-DGAPkompakt.pdf<\/p>\n\n\n\n<p>M\u00f6lling, C.; Sch\u00fctz, T.; Stanley-Lockman, Z.: A New Dimension of Air-Based Threats: Germany, the EU, and NATO Need New Political Initiatives and Military Defence Systems, Deutsche Gesellschaft f\u00fcr Ausw\u00e4rtige Politik, Berlin, Juni 2019, https:\/\/dgap.org\/system\/files\/article_pdfs\/2019-09-dgapkompakt.pdf<\/p>\n\n\n\n<p>Sch\u00fctz, T.; Stanley-Lockman, Z.: Smart logistics for future armed forces, European Union Institute for Security Studies, Paris, November 2017, https:\/\/www.iss.europa.eu\/sites\/default\/files\/EUISSFiles\/Brief%2030%20Smart%20logistics.pdf<\/p>\n\n\n\n<p>Sch\u00fctz, T.: New technologies for defence: the role of the European Defence Agency, in: \u201cLa cittadianza europea\u201d, Jahrgang 13, Ausgabe 2\/2016, FranceAngeli, Mailand 2017, Seiten 211-226.<\/p>\n","protected":false},"excerpt":{"rendered":"<p>Ehemaliger Mitarbeiter am Lehrstuhl f\u00fcr Politikwissenschaft, insbesondere Politische Theorie Helmut-Schmidt-Universit\u00e4tGeb\u00e4ude H1Holstenhofweg 8522043 Hamburg E-Mail: schuetzt@hsu-hh.de Lebenslauf seit Februar 2021 Wissenschaftlicher Mitarbeiter am Lehrstuhl f\u00fcr Politikwissenschaft, insbesondere Politische Theorie an der [&hellip;]<\/p>\n","protected":false},"author":3735,"featured_media":0,"parent":268,"menu_order":4,"comment_status":"closed","ping_status":"closed","template":"","meta":{"footnotes":""},"categories":[155],"tags":[217],"class_list":["post-1341","page","type-page","status-publish","hentry","category-team-inaktive","tag-torben-schuetz-de"],"_links":{"self":[{"href":"https:\/\/www.hsu-hh.de\/politiktheorie\/wp-json\/wp\/v2\/pages\/1341","targetHints":{"allow":["GET"]}}],"collection":[{"href":"https:\/\/www.hsu-hh.de\/politiktheorie\/wp-json\/wp\/v2\/pages"}],"about":[{"href":"https:\/\/www.hsu-hh.de\/politiktheorie\/wp-json\/wp\/v2\/types\/page"}],"author":[{"embeddable":true,"href":"https:\/\/www.hsu-hh.de\/politiktheorie\/wp-json\/wp\/v2\/users\/3735"}],"replies":[{"embeddable":true,"href":"https:\/\/www.hsu-hh.de\/politiktheorie\/wp-json\/wp\/v2\/comments?post=1341"}],"version-history":[{"count":12,"href":"https:\/\/www.hsu-hh.de\/politiktheorie\/wp-json\/wp\/v2\/pages\/1341\/revisions"}],"predecessor-version":[{"id":3100,"href":"https:\/\/www.hsu-hh.de\/politiktheorie\/wp-json\/wp\/v2\/pages\/1341\/revisions\/3100"}],"up":[{"embeddable":true,"href":"https:\/\/www.hsu-hh.de\/politiktheorie\/wp-json\/wp\/v2\/pages\/268"}],"wp:attachment":[{"href":"https:\/\/www.hsu-hh.de\/politiktheorie\/wp-json\/wp\/v2\/media?parent=1341"}],"wp:term":[{"taxonomy":"category","embeddable":true,"href":"https:\/\/www.hsu-hh.de\/politiktheorie\/wp-json\/wp\/v2\/categories?post=1341"},{"taxonomy":"post_tag","embeddable":true,"href":"https:\/\/www.hsu-hh.de\/politiktheorie\/wp-json\/wp\/v2\/tags?post=1341"}],"curies":[{"name":"wp","href":"https:\/\/api.w.org\/{rel}","templated":true}]}}