{"id":1218,"date":"2020-11-04T11:33:21","date_gmt":"2020-11-04T10:33:21","guid":{"rendered":"https:\/\/www.hsu-hh.de\/politiktheorie\/?page_id=1218"},"modified":"2025-03-20T14:17:56","modified_gmt":"2025-03-20T13:17:56","slug":"severin-pleyer-2","status":"publish","type":"page","link":"https:\/\/www.hsu-hh.de\/politiktheorie\/en\/severin-pleyer-2","title":{"rendered":"Severin Pleyer"},"content":{"rendered":"\n<h2 class=\"wp-block-heading\">Doctoral Research Associate at the Chair of Political Science, in particular Political Theory<\/h2>\n\n\n\n<div class=\"wp-block-media-text alignwide has-media-on-the-right is-stacked-on-mobile\" style=\"grid-template-columns:auto 29%\"><div class=\"wp-block-media-text__content\">\n<p>Helmut-Schmidt-Universit\u00e4t<br>Geb\u00e4ude H1,<br>Holstenhofweg 85<br>22043 Hamburg<\/p>\n\n\n\n<p>Email: pleyers [at] hsu-hh.de<\/p>\n<\/div><figure class=\"wp-block-media-text__media\"><img loading=\"lazy\" decoding=\"async\" width=\"444\" height=\"342\" src=\"https:\/\/www.hsu-hh.de\/politiktheorie\/wp-content\/uploads\/sites\/726\/2020\/11\/Bild1.png\" data-credit=\"Severin Pleyer\" alt=\"bild\" class=\"wp-image-1215 size-full\" srcset=\"https:\/\/www.hsu-hh.de\/politiktheorie\/wp-content\/uploads\/sites\/726\/2020\/11\/Bild1.png 444w, https:\/\/www.hsu-hh.de\/politiktheorie\/wp-content\/uploads\/sites\/726\/2020\/11\/Bild1-300x231.png 300w\" sizes=\"auto, (max-width: 444px) 100vw, 444px\" \/><\/figure><\/div>\n\n\n\n<hr class=\"wp-block-separator has-css-opacity is-style-wide\" \/>\n\n\n\n<h2 class=\"wp-block-heading\">CV<\/h2>\n\n\n\n<hr class=\"wp-block-separator has-css-opacity is-style-wide\" \/>\n\n\n\n<p><strong>Since September 2020<\/strong><\/p>\n\n\n\n<p>Doctoral Research Associate at the Chair of Political Science, in particular Political Theory at Helmut-Schmidt-University \/ University of the Federal Armed Forces Hamburg<\/p>\n\n\n\n<p><strong>2018- 2020<\/strong><\/p>\n\n\n\n<p>Youth Information Officer Cottbus<\/p>\n\n\n\n<p><strong>2013- 2017<\/strong><\/p>\n\n\n\n<p>PSYOPS Officer, Analyst for the republic of South Sudan; Intercultural Advisor, German Contingent, EUNAVFOR MED \u201eSophia\u201c April- August 2016<\/p>\n\n\n\n<p><strong>2011- 2012<\/strong><\/p>\n\n\n\n<p>Master Pro, BAC+5 D\u00e9fense, s\u00e9curit\u00e9 et gestion de crise, Thesis&nbsp;: \u201eAn EU Strategy for the rare earth supplies for the EU Defence Industries\u201c, Institute des Relations Internationales et Strat\u00e9giques (IRIS), Paris<\/p>\n\n\n\n<p><strong>2007- 2011<\/strong><\/p>\n\n\n\n<p>BscEcon Internationale Politics and Strategic Studies, Thesis: \u201eFrench military African strategy in the 21st century. \u201c, Aberystwyth Universit\u00e4t, Wales, United Kingdom<\/p>\n\n\n\n<hr class=\"wp-block-separator has-css-opacity is-style-wide\" \/>\n\n\n\n<h2 class=\"wp-block-heading\">Research Interests<\/h2>\n\n\n\n<hr class=\"wp-block-separator has-css-opacity is-style-wide\" \/>\n\n\n\n<p>Strategic Theory<\/p>\n\n\n\n<p>Nuclear Deterrence<\/p>\n\n\n\n<p>Escalation Dominance Theory<\/p>\n\n\n\n<p>Security Issues in Sub-Saharan Africa<\/p>\n\n\n\n<hr class=\"wp-block-separator has-alpha-channel-opacity is-style-wide\" \/>\n\n\n\n<h2 class=\"wp-block-heading\">Publications and media appearances<\/h2>\n\n\n\n<hr class=\"wp-block-separator has-alpha-channel-opacity is-style-wide\" \/>\n\n\n\n<p>So m\u00e4chtig sind die Wagner-S\u00f6ldner, ZDF Heute Live, 03.05.2023,<a href=\"https:\/\/www.zdf.de\/nachrichten\/zdfheute-live\/wagner-gruppe-soeldner-weltweit-video-100.html\" rel='nofollow'>https:\/\/www.zdf.de\/nachrichten\/zdfheute-live\/wagner-gruppe-soeldner-weltweit-video-100.html<\/a><\/p>\n\n\n\n<p>&#8222;Die Wagner-Gruppe ist der Prellbock&#8220;, um die russischen Truppen in Bachmut zu schonen, Ntv, 10. M\u00e4rz 2023, <a href=\"https:\/\/www.rtl.de\/cms\/ukraine-talk-mit-severin-pleyer-wagner-gruppe-ist-prellbock-der-russischen-truppen-5033731.html\" rel='nofollow'>https:\/\/www.rtl.de\/cms\/ukraine-talk-mit-severin-pleyer-wagner-gruppe-ist-prellbock-der-russischen-truppen-5033731.html<\/a><\/p>\n\n\n\n<p>\u201eOptionen erweitern\u201c, LOYAL, <a href=\"https:\/\/www.reservistenverband.de\/magazin-loyal\/optionen-erweitern\/\" rel='nofollow'>https:\/\/www.reservistenverband.de\/magazin-loyal\/optionen-erweitern\/<\/a> Experte zu Atomwaffen: \u201eWir brauchen Langstreckenraketen in Deutschland\u201c, 27.01.2023, <a href=\"https:\/\/www.noz.de\/deutschland-welt\/politik\/artikel\/nukleare-teilhabe-braucht-deutschland-langstreckenraketen-44024620\" rel='nofollow'>https:\/\/www.noz.de\/deutschland-welt\/politik\/artikel\/nukleare-teilhabe-braucht-deutschland-langstreckenraketen-44024620<\/a><\/p>\n\n\n\n<p>Pleyer, Severin (2023): Die nukleare Teilhabe und nukleare Bedrohung Deutschlands. In Malte Riemann, Georg L\u00f6fflmann (Eds.): DEUTSCHLANDS VERTEIDIGUNGSPOLITIK: Nationale Sicherheit nach der. [S.l.]: KOHLHAMMER VERLAG, pp. 59\u201370.<\/p>\n\n\n\n<p>Pleyer, Severin (2023): Technological Hype Of New Nuclear Delivery Systems \u2013 The Neglect Of The Concept Of Deterrence, <em>Defence Horizon Journal<\/em>, <a href=\"https:\/\/www.thedefencehorizon.org\/post\/technological-hype-of-new-nuclear-delivery-systems-the-neglect-of-the-concept-of-deterrence-1?lang=de\" rel='nofollow'>https:\/\/www.thedefencehorizon.org\/post\/technological-hype-of-new-nuclear-delivery-systems-the-neglect-of-the-concept-of-deterrence-1?lang=de<\/a><\/p>\n\n\n\n<p>Meissner, Burkhardt; Pleyer, Severin (2020): Zur Nuklearstrategie Russlands. Edited by <em>German Institute for Defence and Strategic Studies<\/em>. Available online at <a href=\"https:\/\/gids-hamburg.de\/zur-nuklearstrategie-russlands\/\" rel='nofollow'>https:\/\/gids-hamburg.de\/zur-nuklearstrategie-russlands\/<\/a>.<\/p>\n\n\n\n<p><\/p>\n","protected":false},"excerpt":{"rendered":"<p>Doctoral Research Associate at the Chair of Political Science, in particular Political Theory Helmut-Schmidt-Universit\u00e4tGeb\u00e4ude H1,Holstenhofweg 8522043 Hamburg Email: pleyers [at] hsu-hh.de CV Since September 2020 Doctoral Research Associate at the [&hellip;]<\/p>\n","protected":false},"author":181,"featured_media":0,"parent":0,"menu_order":0,"comment_status":"closed","ping_status":"closed","template":"","meta":{"footnotes":""},"categories":[9],"tags":[],"class_list":["post-1218","page","type-page","status-publish","hentry","category-team-en"],"_links":{"self":[{"href":"https:\/\/www.hsu-hh.de\/politiktheorie\/wp-json\/wp\/v2\/pages\/1218","targetHints":{"allow":["GET"]}}],"collection":[{"href":"https:\/\/www.hsu-hh.de\/politiktheorie\/wp-json\/wp\/v2\/pages"}],"about":[{"href":"https:\/\/www.hsu-hh.de\/politiktheorie\/wp-json\/wp\/v2\/types\/page"}],"author":[{"embeddable":true,"href":"https:\/\/www.hsu-hh.de\/politiktheorie\/wp-json\/wp\/v2\/users\/181"}],"replies":[{"embeddable":true,"href":"https:\/\/www.hsu-hh.de\/politiktheorie\/wp-json\/wp\/v2\/comments?post=1218"}],"version-history":[{"count":9,"href":"https:\/\/www.hsu-hh.de\/politiktheorie\/wp-json\/wp\/v2\/pages\/1218\/revisions"}],"predecessor-version":[{"id":3391,"href":"https:\/\/www.hsu-hh.de\/politiktheorie\/wp-json\/wp\/v2\/pages\/1218\/revisions\/3391"}],"wp:attachment":[{"href":"https:\/\/www.hsu-hh.de\/politiktheorie\/wp-json\/wp\/v2\/media?parent=1218"}],"wp:term":[{"taxonomy":"category","embeddable":true,"href":"https:\/\/www.hsu-hh.de\/politiktheorie\/wp-json\/wp\/v2\/categories?post=1218"},{"taxonomy":"post_tag","embeddable":true,"href":"https:\/\/www.hsu-hh.de\/politiktheorie\/wp-json\/wp\/v2\/tags?post=1218"}],"curies":[{"name":"wp","href":"https:\/\/api.w.org\/{rel}","templated":true}]}}