{"id":1213,"date":"2020-11-04T11:25:11","date_gmt":"2020-11-04T10:25:11","guid":{"rendered":"https:\/\/www.hsu-hh.de\/politiktheorie\/?page_id=1213"},"modified":"2025-12-03T16:07:23","modified_gmt":"2025-12-03T15:07:23","slug":"severin-pleyer","status":"publish","type":"page","link":"https:\/\/www.hsu-hh.de\/politiktheorie\/team\/severin-pleyer","title":{"rendered":"Severin Pleyer \u2020"},"content":{"rendered":"\n<h2 class=\"wp-block-heading\">Wissenschaftlicher Mitarbeiter am Lehrstuhl f\u00fcr Politikwissenschaft, insbesondere Politische Theorie<\/h2>\n\n\n\n<div class=\"wp-block-media-text alignwide has-media-on-the-right is-stacked-on-mobile\" style=\"grid-template-columns:auto 34%\"><div class=\"wp-block-media-text__content\">\n<p>Helmut-Schmidt-Universit\u00e4t<br>Geb\u00e4ude H1,<br>Holstenhofweg 85<br>22043 Hamburg<\/p>\n\n\n\n<p>Email: pleyers [at] hsu-hh.de<\/p>\n<\/div><figure class=\"wp-block-media-text__media\"><img loading=\"lazy\" decoding=\"async\" width=\"444\" height=\"342\" src=\"https:\/\/www.hsu-hh.de\/politiktheorie\/wp-content\/uploads\/sites\/726\/2021\/07\/Pleyers.png\" data-credit=\"Pleyers\" alt=\"Pleyers\" class=\"wp-image-1545 size-full\" srcset=\"https:\/\/www.hsu-hh.de\/politiktheorie\/wp-content\/uploads\/sites\/726\/2021\/07\/Pleyers.png 444w, https:\/\/www.hsu-hh.de\/politiktheorie\/wp-content\/uploads\/sites\/726\/2021\/07\/Pleyers-300x231.png 300w\" sizes=\"auto, (max-width: 444px) 100vw, 444px\" \/><\/figure><\/div>\n\n\n\n<hr class=\"wp-block-separator has-css-opacity is-style-wide\" \/>\n\n\n\n<h2 class=\"wp-block-heading\">Lebenslauf<\/h2>\n\n\n\n<hr class=\"wp-block-separator has-css-opacity is-style-wide\" \/>\n\n\n\n<p><strong>Seit September 2020<\/strong><\/p>\n\n\n\n<p>Wissenschaftlicher Mitarbeiter am Lehrstuhl f\u00fcr Politikwissenschaft, insbesondere Politische Theorie an der Helmut-Schmidt-Universit\u00e4t\/Universit\u00e4t der Bundeswehr Hamburg<\/p>\n\n\n\n<p><strong>2018- 2020<\/strong><\/p>\n\n\n\n<p>Jugendoffizier Cottbus<\/p>\n\n\n\n<p><strong>2013- 2017<\/strong><\/p>\n\n\n\n<p>Offizier der Operativen Kommunikation, Analyst f\u00fcr die Republik S\u00fcdsudan; Interkultureller Einsatzberater, Deutsches Kontingent EU-Einsatz, EUNAVFOR MED \u201eSophia\u201c April- August 2016<\/p>\n\n\n\n<p><strong>2011- 2012<\/strong><\/p>\n\n\n\n<p>Master Pro, BAC+5 D\u00e9fense, s\u00e9curit\u00e9 et gestion de crise, Abschlussarbeit: \u201eStrategie f\u00fcr die Sicherung von Raren Erden f\u00fcr die europ\u00e4ische R\u00fcstungsindustrie\u201c, Institute des Relations Internationales et Strat\u00e9giques (IRIS), Paris<\/p>\n\n\n\n<p><strong>2007- 2011<\/strong><\/p>\n\n\n\n<p>BscEcon Internationale Politik und Strategische Studien, Abschlussarbeit: \u201eFrankreichs milit\u00e4rische Strategie in Afrika im 21. Jhd.\u201c, Aberystwyth Universit\u00e4t, Wales, Vereinigtes K\u00f6nigreich<\/p>\n\n\n\n<hr class=\"wp-block-separator has-css-opacity is-style-wide\" \/>\n\n\n\n<h2 class=\"wp-block-heading\">Forschungsinteressen<\/h2>\n\n\n\n<hr class=\"wp-block-separator has-css-opacity is-style-wide\" \/>\n\n\n\n<p>Strategische Theorie<\/p>\n\n\n\n<p>Nukleare Abschreckung<\/p>\n\n\n\n<p>Konflikttheorien<\/p>\n\n\n\n<p>Sicherheitspolitik in Subsahara-Afrika<\/p>\n\n\n\n<hr class=\"wp-block-separator has-alpha-channel-opacity is-style-wide\" \/>\n\n\n\n<h2 class=\"wp-block-heading\">Publikationen u. medienwirksame Auftritte <\/h2>\n\n\n\n<hr class=\"wp-block-separator has-alpha-channel-opacity is-style-wide\" \/>\n\n\n\n<p>So m\u00e4chtig sind die Wagner-S\u00f6ldner, ZDF Heute Live, 03.05.2023,<a href=\"https:\/\/www.zdf.de\/nachrichten\/zdfheute-live\/wagner-gruppe-soeldner-weltweit-video-100.html\" rel='nofollow'>https:\/\/www.zdf.de\/nachrichten\/zdfheute-live\/wagner-gruppe-soeldner-weltweit-video-100.html<\/a><\/p>\n\n\n\n<p>&#8222;Die Wagner-Gruppe ist der Prellbock&#8220;, um die russischen Truppen in Bachmut zu schonen, Ntv, 10. M\u00e4rz 2023, <a href=\"https:\/\/www.rtl.de\/cms\/ukraine-talk-mit-severin-pleyer-wagner-gruppe-ist-prellbock-der-russischen-truppen-5033731.html\" rel='nofollow'>https:\/\/www.rtl.de\/cms\/ukraine-talk-mit-severin-pleyer-wagner-gruppe-ist-prellbock-der-russischen-truppen-5033731.html<\/a><\/p>\n\n\n\n<p>Pleyer, Severin (2023): Die nukleare Teilhabe und nukleare Bedrohung Deutschlands. In Malte Riemann, Georg L\u00f6fflmann (Eds.): DEUTSCHLANDS VERTEIDIGUNGSPOLITIK: Nationale Sicherheit nach der. [S.l.]: KOHLHAMMER VERLAG, pp. 59\u201370.<\/p>\n\n\n\n<p>\u201eOptionen erweitern\u201c, LOYAL, <a href=\"https:\/\/www.reservistenverband.de\/magazin-loyal\/optionen-erweitern\/\" rel='nofollow'>https:\/\/www.reservistenverband.de\/magazin-loyal\/optionen-erweitern\/<\/a><\/p>\n\n\n\n<p>Experte zu Atomwaffen: \u201eWir brauchen Langstreckenraketen in Deutschland\u201c, 27.01.2023, <a href=\"https:\/\/www.noz.de\/deutschland-welt\/politik\/artikel\/nukleare-teilhabe-braucht-deutschland-langstreckenraketen-44024620\" rel='nofollow'>https:\/\/www.noz.de\/deutschland-welt\/politik\/artikel\/nukleare-teilhabe-braucht-deutschland-langstreckenraketen-44024620<\/a><\/p>\n\n\n\n<p>Pleyer, Severin (2023): Technological Hype Of New Nuclear Delivery Systems \u2013 The Neglect Of The Concept Of Deterrence, <em>Defence Horizon Journal<\/em>, <a href=\"https:\/\/www.thedefencehorizon.org\/post\/technological-hype-of-new-nuclear-delivery-systems-the-neglect-of-the-concept-of-deterrence-1?lang=de\" rel='nofollow'>https:\/\/www.thedefencehorizon.org\/post\/technological-hype-of-new-nuclear-delivery-systems-the-neglect-of-the-concept-of-deterrence-1?lang=de<\/a><\/p>\n\n\n\n<p>Meissner, Burkhardt; Pleyer, Severin (2020): Zur Nuklearstrategie Russlands. Edited by <em>German Institute for Defence and Strategic Studies<\/em>. Available online at <a href=\"https:\/\/gids-hamburg.de\/zur-nuklearstrategie-russlands\/\" rel='nofollow'>https:\/\/gids-hamburg.de\/zur-nuklearstrategie-russlands\/<\/a>.<\/p>\n","protected":false},"excerpt":{"rendered":"<p>Wissenschaftlicher Mitarbeiter am Lehrstuhl f\u00fcr Politikwissenschaft, insbesondere Politische Theorie Helmut-Schmidt-Universit\u00e4tGeb\u00e4ude H1,Holstenhofweg 8522043 Hamburg Email: pleyers [at] hsu-hh.de Lebenslauf Seit September 2020 Wissenschaftlicher Mitarbeiter am Lehrstuhl f\u00fcr Politikwissenschaft, insbesondere Politische Theorie [&hellip;]<\/p>\n","protected":false},"author":181,"featured_media":0,"parent":124,"menu_order":0,"comment_status":"closed","ping_status":"closed","template":"","meta":{"footnotes":""},"categories":[8],"tags":[],"class_list":["post-1213","page","type-page","status-publish","hentry","category-team"],"_links":{"self":[{"href":"https:\/\/www.hsu-hh.de\/politiktheorie\/wp-json\/wp\/v2\/pages\/1213","targetHints":{"allow":["GET"]}}],"collection":[{"href":"https:\/\/www.hsu-hh.de\/politiktheorie\/wp-json\/wp\/v2\/pages"}],"about":[{"href":"https:\/\/www.hsu-hh.de\/politiktheorie\/wp-json\/wp\/v2\/types\/page"}],"author":[{"embeddable":true,"href":"https:\/\/www.hsu-hh.de\/politiktheorie\/wp-json\/wp\/v2\/users\/181"}],"replies":[{"embeddable":true,"href":"https:\/\/www.hsu-hh.de\/politiktheorie\/wp-json\/wp\/v2\/comments?post=1213"}],"version-history":[{"count":9,"href":"https:\/\/www.hsu-hh.de\/politiktheorie\/wp-json\/wp\/v2\/pages\/1213\/revisions"}],"predecessor-version":[{"id":3605,"href":"https:\/\/www.hsu-hh.de\/politiktheorie\/wp-json\/wp\/v2\/pages\/1213\/revisions\/3605"}],"up":[{"embeddable":true,"href":"https:\/\/www.hsu-hh.de\/politiktheorie\/wp-json\/wp\/v2\/pages\/124"}],"wp:attachment":[{"href":"https:\/\/www.hsu-hh.de\/politiktheorie\/wp-json\/wp\/v2\/media?parent=1213"}],"wp:term":[{"taxonomy":"category","embeddable":true,"href":"https:\/\/www.hsu-hh.de\/politiktheorie\/wp-json\/wp\/v2\/categories?post=1213"},{"taxonomy":"post_tag","embeddable":true,"href":"https:\/\/www.hsu-hh.de\/politiktheorie\/wp-json\/wp\/v2\/tags?post=1213"}],"curies":[{"name":"wp","href":"https:\/\/api.w.org\/{rel}","templated":true}]}}