{"id":73,"date":"2017-07-03T15:52:08","date_gmt":"2017-07-03T13:52:08","guid":{"rendered":"https:\/\/www.hsu-hh.de\/vorlage\/?page_id=73"},"modified":"2026-02-04T13:33:16","modified_gmt":"2026-02-04T12:33:16","slug":"startseite","status":"publish","type":"page","link":"https:\/\/www.hsu-hh.de\/polipo\/","title":{"rendered":"Professur f\u00fcr Politikwissenschaften, insbesondere Internationale Politische \u00d6konomie"},"content":{"rendered":"\n<figure class=\"wp-block-image size-large is-style-default\"><img loading=\"lazy\" decoding=\"async\" width=\"1024\" height=\"683\" src=\"https:\/\/www.hsu-hh.de\/polipo\/wp-content\/uploads\/sites\/865\/2025\/05\/023_4036-Kopie-1-1024x683.jpg\" data-credit=\"HSU\/Gelhausen\" alt=\"\" class=\"wp-image-262\" style=\"aspect-ratio:16\/9;object-fit:cover\" srcset=\"https:\/\/www.hsu-hh.de\/polipo\/wp-content\/uploads\/sites\/865\/2025\/05\/023_4036-Kopie-1-1024x683.jpg 1024w, https:\/\/www.hsu-hh.de\/polipo\/wp-content\/uploads\/sites\/865\/2025\/05\/023_4036-Kopie-1-300x200.jpg 300w, https:\/\/www.hsu-hh.de\/polipo\/wp-content\/uploads\/sites\/865\/2025\/05\/023_4036-Kopie-1-768x512.jpg 768w, https:\/\/www.hsu-hh.de\/polipo\/wp-content\/uploads\/sites\/865\/2025\/05\/023_4036-Kopie-1-1536x1024.jpg 1536w, https:\/\/www.hsu-hh.de\/polipo\/wp-content\/uploads\/sites\/865\/2025\/05\/023_4036-Kopie-1-2048x1365.jpg 2048w, https:\/\/www.hsu-hh.de\/polipo\/wp-content\/uploads\/sites\/865\/2025\/05\/023_4036-Kopie-1-1100x733.jpg 1100w\" sizes=\"auto, (max-width: 1024px) 100vw, 1024px\" \/><\/figure>\n\n\n\n<h2 class=\"wp-block-heading\">Herzlich willkommen auf der Homepage des Lehrstuhls f\u00fcr Internationale Politische \u00d6konomie!<\/h2>\n\n\n\n<p>Die gegenw\u00e4rtige globale politische Ordnung ist in Bewegung: Die internationale Macht hat sich verschoben, die \u00c4ra der liberalen Globalisierung scheint zu schwinden, und die Institutionen der Global Governance stehen unter einem noch nie dagewesenen Druck. Dieser Druck ist sowohl global als auch in verschiedenen Regionen der Welt zu sp\u00fcren. Der Lehrstuhl f\u00fcr Internationale Politische \u00d6konomie untersucht diese Prozesse mit besonderem Augenmerk auf den Aufstieg Chinas und die umstrittene und sich ver\u00e4ndernde Rolle internationaler Institutionen und Normen.<\/p>\n\n\n\n<p>Unser aktuelles Forschungsprogramm konzentriert sich auf Themen wie:<\/p>\n\n\n\n<ul class=\"wp-block-list\">\n<li>Die globalen Folgen von Chinas Aufstieg<\/li>\n\n\n\n<li>Sich entwickelnde Formen und Strukturen von Global Governance<\/li>\n\n\n\n<li>Die Rolle von Ideen und Narrativen bei der Gestaltung der globalen Ordnung<\/li>\n<\/ul>\n\n\n\n<p>Bitte werfen Sie einen Blick auf unsere Forschungen und Ver\u00f6ffentlichungen unter den Profilen der Teammitglieder und nehmen Sie per E-Mail Kontakt mit uns auf.<\/p>\n\n\n\n<hr class=\"wp-block-separator has-alpha-channel-opacity\" \/>\n\n\n\n<h2 class=\"wp-block-heading\">Aktuelles<\/h2>\n\n\n\n<p><strong>Social Purpose Workshop:<\/strong><\/p>\n\n\n\n<div class=\"wp-block-media-text has-media-on-the-right is-stacked-on-mobile\" style=\"grid-template-columns:auto 45%\"><div class=\"wp-block-media-text__content\">\n<p>Der Lehrstuhl f\u00fcr Internationale Politische \u00d6konomie richtete am 11. und 12. Dezember 2025 die zweite Runde des Social Purpose Workshops aus. Organisiert wurde der Workshop von <abbr title=\"Professor\">Prof.<\/abbr> <abbr title=\"Doktor\">Dr.<\/abbr> Matthew Stephen (Helmut-Schmidt-Universit\u00e4t, Hamburg) und <abbr title=\"Professor\">Prof.<\/abbr> <abbr title=\"Doktor\">Dr.<\/abbr> Daniel C. Thomas (Universit\u00e4t Leiden, Den Haag). Im Mittelpunkt stand das Konzept des <em>Social Purpose<\/em>, das 1982 von John Ruggie gepr\u00e4gt wurde. Der Workshop brachte Wissenschaftlerinnen und Wissenschaftler zusammen, um die Bedeutung und Anwendung eines geteilten sozialen Zwecks unter den Gro\u00dfm\u00e4chten zu diskutieren, insbesondere im Hinblick auf globale Machtverschiebungen, internationale Kooperation und globale Governance.<\/p>\n<\/div><figure class=\"wp-block-media-text__media\"><img loading=\"lazy\" decoding=\"async\" width=\"982\" height=\"641\" src=\"https:\/\/www.hsu-hh.de\/polipo\/wp-content\/uploads\/sites\/865\/2026\/01\/SP-workshop-photo-sm-1.jpg\" data-credit=\"M.Stephen\" alt=\"\" class=\"wp-image-495 size-full\" srcset=\"https:\/\/www.hsu-hh.de\/polipo\/wp-content\/uploads\/sites\/865\/2026\/01\/SP-workshop-photo-sm-1.jpg 982w, https:\/\/www.hsu-hh.de\/polipo\/wp-content\/uploads\/sites\/865\/2026\/01\/SP-workshop-photo-sm-1-300x196.jpg 300w, https:\/\/www.hsu-hh.de\/polipo\/wp-content\/uploads\/sites\/865\/2026\/01\/SP-workshop-photo-sm-1-768x501.jpg 768w\" sizes=\"auto, (max-width: 982px) 100vw, 982px\" \/><\/figure><\/div>\n\n\n\n<hr class=\"wp-block-separator has-alpha-channel-opacity\" \/>\n\n\n\n<h2 class=\"wp-block-heading\">Neue Publikationen<\/h2>\n\n\n\n<p>Matthew D. Stephen (2025)<br><strong><a href=\"https:\/\/doi.org\/10.1080\/09512748.2025.2590512\" data-type=\"link\" data-id=\"https:\/\/doi.org\/10.1080\/09512748.2025.2590512\" rel='nofollow'>Beyond multilateralism: China\u2019s international order building through transnational policy forums<\/a><\/strong><br><em>The Pacific Review<\/em>, 1\u201326.<\/p>\n\n\n\n<p>Matthew D. Stephen (2025)<br><strong><a href=\"https:\/\/doi.org\/10.1017\/S0892679425100129\" data-type=\"link\" data-id=\"https:\/\/doi.org\/10.1017\/S0892679425100129\" rel='nofollow'>The Diffusion of Global Power and the Decline of&nbsp;<em>Global<\/em>&nbsp;Governance<\/a><\/strong><br><em>Ethics &amp; International Affairs<\/em>: 1\u201314<\/p>\n\n\n\n<p>Stephanie C Hofmann, Yuqian Cai, Laura G\u00f3mez-Mera, Tamar Gutner, Matias Margulis, Diana Panke, Berthold Rittberger, S\u00f6ren Stapel, Matthew Stephen, Moritz Weiss (2025)<br><strong><a href=\"https:\/\/doi.org\/10.1093\/isr\/viaf002\" data-type=\"link\" data-id=\"https:\/\/doi.org\/10.1093\/isr\/viaf002\" rel='nofollow'>Introducing Organizational (Dis)Entanglements: How Scholarship on Regime Complexity and Power Dynamics Helps Make Sense of International Order-Making,<\/a>&nbsp;<\/strong><br><em>International Studies Review<\/em>, 27(1): 1-29<\/p>\n\n\n\n<p>Biedermann, Steve\/Tantow, Philip M. (2025)<br><strong><a href=\"https:\/\/doi.org\/10.5771\/0946-7165-2025-1-118\" data-type=\"link\" data-id=\"https:\/\/doi.org\/10.5771\/0946-7165-2025-1-118\" rel='nofollow'>Informelle Intergouvernementale Organisationen in grenz\u00fcberschreitenden Krisen <\/a><\/strong><br><em>Zeitschrift f\u00fcr Internationale Beziehungen<\/em>, 32(2): 118-136<\/p>\n\n\n\n<p>Biedermann, Steve; Kreuder-Sonnen, Christian und Tantow, Philip M. (2025)<br><strong><a href=\"https:\/\/doi.org\/10.4337\/9781035302116.00030\" data-type=\"link\" data-id=\"https:\/\/doi.org\/10.5771\/0946-7165-2025-1-118\" rel='nofollow'>21:&nbsp;The G7 and transboundary crises: on the rise and fall of a global crisis manager<\/a><\/strong><br>In Freytag, Andreas and Draper, Peter (Ed.), <em>The Elgar Companion to the G7<\/em>, Cheltenham, UK: Edward Elgar Publishing: 352-264<\/p>\n\n\n\n<p>Langendonk, Steven and Edith Drieskens (2024)<br><strong><a href=\"https:\/\/doi.org\/10.1111\/1758-5899.13318\" data-type=\"link\" data-id=\"https:\/\/doi.org\/10.1111\/1758-5899.13318\" rel='nofollow'>Chinese Power in the World Heritage Committee: From Learning the Game to Shaping the Rules<\/a>. <\/strong><br><em>Global Policy<\/em>, 15(2).<\/p>\n\n\n\n<p>Langendonk, Steven (2025)<br><strong>Introduction: The Narrative Approach to Europe-China Relations.<\/strong><br>In Agota Revesz, Duncan Freeman, Magnus Feldmann and Steven Langendonk (eds.) <em>Narrating China and Europe in Uncertain Times<\/em> (Bristol: Bristol University Press).<\/p>\n\n\n\n<p>Langendonk, Steven (2025)<br><strong>The Unicorn, the Dragon, and the Storytellers: Comparing Praxes of Narrating China in EU Foreign Policy. <\/strong><br>In Agota Revesz, Duncan Freeman, Magnus Feldmann and Steven Langendonk (eds.) <em>Narrating China and Europe in Uncertain Times<\/em> (Bristol: Bristol University Press).<\/p>\n\n\n\n<hr class=\"wp-block-separator has-alpha-channel-opacity\" \/>\n\n\n\n<p><strong>Sprechzeiten<\/strong><\/p>\n\n\n\n<p><abbr title=\"Professor\">Prof.<\/abbr> <abbr title=\"Doktor\">Dr.<\/abbr> Matthew D. Stephen<br>Bitte vereinbaren Sie f\u00fcr eine Sprechstunde einen Termin per E-Mail<\/p>\n\n\n\n<p><abbr title=\"Doktor\">Dr.<\/abbr> Steven Langendonk<br>Bitte vereinbaren Sie f\u00fcr eine Sprechstunde einen Termin per E-Mail<\/p>\n\n\n\n<p>Steve Biedermann<br>Bitte vereinbaren Sie f\u00fcr eine Sprechstunde einen Termin per E-Mail<br><br><\/p>\n\n\n\n<hr class=\"wp-block-separator has-alpha-channel-opacity\" \/>\n\n\n\n<h2 class=\"wp-block-heading\"><abbr title=\"Universit\u00e4tsprofessor\">Univ.-Prof.<\/abbr> <abbr title=\"Doktor\">Dr.<\/abbr> Matthew D. Stephen<\/h2>\n\n\n\n<p><strong>Postanschrift<\/strong><br>Helmut-Schmidt-Universit\u00e4t<br>Postfach 700822<br>22008 Hamburg<\/p>\n\n\n\n<p><strong>Besucheranschrift<\/strong><br>Helmut-Schmidt-Universit\u00e4t<br>Professur f\u00fcr Politikwissenschaften, <abbr title=\"insbesondere\">insb.<\/abbr> Internationale Politische \u00d6konomie<br>Holstenhofweg 85<br>22043 Hamburg<\/p>\n\n\n\n<p>Geb\u00e4ude H1, Raum 1377<br>Telefon: +49 (0)40 \u2013 6541 &#8211; 3399<br>E-Mail: <a href=\"mailto:stephenm@hsu-hh.de\" rel='nofollow'>stephenm@hsu-hh.de<\/a><\/p>\n\n\n\n<h3 class=\"wp-block-heading\">Sekretariat<\/h3>\n\n\n\n<p>Geb\u00e4ude H1, Raum 2164<br>Telefon: 049 (0)40 6541 3315<br>E-Mail: <a href=\"mailto:emily.freyher@hsu.hamburg\" rel='nofollow'>emily.freyher@hsu.hamburg<\/a><\/p>\n\n\n\n<p><\/p>\n","protected":false},"excerpt":{"rendered":"<p>Herzlich willkommen auf der Homepage des Lehrstuhls f\u00fcr Internationale Politische \u00d6konomie! Die gegenw\u00e4rtige globale politische Ordnung ist in Bewegung: Die internationale Macht hat sich verschoben, die \u00c4ra der liberalen Globalisierung [&hellip;]<\/p>\n","protected":false},"author":26,"featured_media":0,"parent":0,"menu_order":0,"comment_status":"closed","ping_status":"closed","template":"","meta":{"footnotes":""},"categories":[35],"tags":[],"class_list":["post-73","page","type-page","status-publish","hentry","category-startseite"],"_links":{"self":[{"href":"https:\/\/www.hsu-hh.de\/polipo\/wp-json\/wp\/v2\/pages\/73","targetHints":{"allow":["GET"]}}],"collection":[{"href":"https:\/\/www.hsu-hh.de\/polipo\/wp-json\/wp\/v2\/pages"}],"about":[{"href":"https:\/\/www.hsu-hh.de\/polipo\/wp-json\/wp\/v2\/types\/page"}],"author":[{"embeddable":true,"href":"https:\/\/www.hsu-hh.de\/polipo\/wp-json\/wp\/v2\/users\/26"}],"replies":[{"embeddable":true,"href":"https:\/\/www.hsu-hh.de\/polipo\/wp-json\/wp\/v2\/comments?post=73"}],"version-history":[{"count":14,"href":"https:\/\/www.hsu-hh.de\/polipo\/wp-json\/wp\/v2\/pages\/73\/revisions"}],"predecessor-version":[{"id":512,"href":"https:\/\/www.hsu-hh.de\/polipo\/wp-json\/wp\/v2\/pages\/73\/revisions\/512"}],"wp:attachment":[{"href":"https:\/\/www.hsu-hh.de\/polipo\/wp-json\/wp\/v2\/media?parent=73"}],"wp:term":[{"taxonomy":"category","embeddable":true,"href":"https:\/\/www.hsu-hh.de\/polipo\/wp-json\/wp\/v2\/categories?post=73"},{"taxonomy":"post_tag","embeddable":true,"href":"https:\/\/www.hsu-hh.de\/polipo\/wp-json\/wp\/v2\/tags?post=73"}],"curies":[{"name":"wp","href":"https:\/\/api.w.org\/{rel}","templated":true}]}}