{"id":384,"date":"2025-05-28T10:33:10","date_gmt":"2025-05-28T08:33:10","guid":{"rendered":"https:\/\/www.hsu-hh.de\/polipo\/?page_id=384"},"modified":"2026-01-22T12:48:31","modified_gmt":"2026-01-22T11:48:31","slug":"publikationen-steve-biedermann","status":"publish","type":"page","link":"https:\/\/www.hsu-hh.de\/polipo\/publikationen-steve-biedermann\/","title":{"rendered":"Publikationen: Steve Biedermann"},"content":{"rendered":"\n<hr class=\"wp-block-separator has-alpha-channel-opacity\" \/>\n\n\n\n<h2 class=\"wp-block-heading\">Artikel in Fachzeitschriften<\/h2>\n\n\n\n<p>Biedermann, Steve\/Tantow, Philip M. (2025)<br><strong><a href=\"https:\/\/doi.org\/10.5771\/0946-7165-2025-1-118\" data-type=\"link\" data-id=\"https:\/\/doi.org\/10.5771\/0946-7165-2025-1-118\" rel='nofollow'>Informelle Intergouvernementale Organisationen in grenz\u00fcberschreitenden Krisen<\/a> <\/strong><br><em>Zeitschrift f\u00fcr Internationale Beziehungen<\/em>, 32(2): 118-136<\/p>\n\n\n\n<hr class=\"wp-block-separator has-alpha-channel-opacity\" \/>\n\n\n\n<h2 class=\"wp-block-heading\">Beitr\u00e4ge in Sammelb\u00e4nden<\/h2>\n\n\n\n<p>Biedermann, Steve; Kreuder-Sonnen, Christian und Tantow, Philip M. (2025)<br><strong><a href=\"https:\/\/doi.org\/10.4337\/9781035302116.00030\" data-type=\"link\" data-id=\"https:\/\/doi.org\/10.5771\/0946-7165-2025-1-118\" rel='nofollow'>The G7 and transboundary crises: on the rise and fall of a global crisis manager<\/a><\/strong><br>In Freytag, Andreas and Draper, Peter (Ed.), <em>The Elgar Companion to the G7<\/em>, Cheltenham, UK: Edward Elgar Publishing: 352-264<\/p>\n\n\n\n<hr class=\"wp-block-separator has-alpha-channel-opacity\" \/>\n\n\n\n<h2 class=\"wp-block-heading\">Andere Publikationen<\/h2>\n\n\n\n<p>Biedermann, Steve and Stephen, Matthew D. (2025)<br><strong><a href=\"https:\/\/theloop.ecpr.eu\/why-the-resurgence-of-power-politics-favours-informal-governance\/\" data-type=\"link\" data-id=\"https:\/\/doi.org\/10.5771\/0946-7165-2025-1-118\" rel='nofollow'>Why the resurgence of power politics favours informal governance<\/a><\/strong><br><em>The Loop, <\/em>07 Oktober 2025<\/p>\n\n\n\n<p>Biedermann, Steve and Stephen, Matthew D. (2025)<br><a href=\"https:\/\/wzb.eu\/de\/publikationen\/wzb-mitteilungen\/nr-189-weltordnung\" data-type=\"link\" data-id=\"https:\/\/wzb.eu\/de\/publikationen\/wzb-mitteilungen\/nr-189-weltordnung\" rel='nofollow'>Macht ohne Rahmen Die Rolle informeller Organisationen in der Weltpolitik<\/a><br><em>WZB Mitteilungen, <\/em>189: 45-49<\/p>\n","protected":false},"excerpt":{"rendered":"<p>Artikel in Fachzeitschriften Biedermann, Steve\/Tantow, Philip M. (2025)Informelle Intergouvernementale Organisationen in grenz\u00fcberschreitenden Krisen Zeitschrift f\u00fcr Internationale Beziehungen, 32(2): 118-136 Beitr\u00e4ge in Sammelb\u00e4nden Biedermann, Steve; Kreuder-Sonnen, Christian und Tantow, Philip M. [&hellip;]<\/p>\n","protected":false},"author":4103,"featured_media":0,"parent":0,"menu_order":0,"comment_status":"closed","ping_status":"closed","template":"","meta":{"footnotes":""},"categories":[4],"tags":[],"class_list":["post-384","page","type-page","status-publish","hentry","category-forschung"],"_links":{"self":[{"href":"https:\/\/www.hsu-hh.de\/polipo\/wp-json\/wp\/v2\/pages\/384","targetHints":{"allow":["GET"]}}],"collection":[{"href":"https:\/\/www.hsu-hh.de\/polipo\/wp-json\/wp\/v2\/pages"}],"about":[{"href":"https:\/\/www.hsu-hh.de\/polipo\/wp-json\/wp\/v2\/types\/page"}],"author":[{"embeddable":true,"href":"https:\/\/www.hsu-hh.de\/polipo\/wp-json\/wp\/v2\/users\/4103"}],"replies":[{"embeddable":true,"href":"https:\/\/www.hsu-hh.de\/polipo\/wp-json\/wp\/v2\/comments?post=384"}],"version-history":[{"count":8,"href":"https:\/\/www.hsu-hh.de\/polipo\/wp-json\/wp\/v2\/pages\/384\/revisions"}],"predecessor-version":[{"id":508,"href":"https:\/\/www.hsu-hh.de\/polipo\/wp-json\/wp\/v2\/pages\/384\/revisions\/508"}],"wp:attachment":[{"href":"https:\/\/www.hsu-hh.de\/polipo\/wp-json\/wp\/v2\/media?parent=384"}],"wp:term":[{"taxonomy":"category","embeddable":true,"href":"https:\/\/www.hsu-hh.de\/polipo\/wp-json\/wp\/v2\/categories?post=384"},{"taxonomy":"post_tag","embeddable":true,"href":"https:\/\/www.hsu-hh.de\/polipo\/wp-json\/wp\/v2\/tags?post=384"}],"curies":[{"name":"wp","href":"https:\/\/api.w.org\/{rel}","templated":true}]}}